{"id":353,"date":"2016-05-22T20:42:36","date_gmt":"2016-05-22T20:42:36","guid":{"rendered":"http:\/\/moverdb.com\/?page_id=353"},"modified":"2026-01-08T15:20:35","modified_gmt":"2026-01-08T15:20:35","slug":"obrocnik","status":"publish","type":"page","link":"https:\/\/moverdb.com\/sl\/rim-promover\/","title":{"rendered":"Razlo\u017eeno certificiranje RIM International ProMover"},"content":{"rendered":"<p>Certifikat International ProMover je del programa Registered International Mover (RIM), ki ga je vzpostavila organizacija <a href=\"https:\/\/moverdb.com\/sl\/amsa\/\">Ameri\u0161ko zdru\u017eenje za selitve in skladi\u0161\u010denje<\/a> (<a href=\"https:\/\/moverdb.com\/sl\/amsa\/\" data-internallinksmanager029f6b8e52c=\"5\" title=\"Pojasnila o ameri\u0161kem zdru\u017eenju za selitve in skladi\u0161\u010denje (AMSA)\">AMSA<\/a>). <\/p>\n<p>Njen namen je pomagati strankam, ki uporabljajo storitve mednarodne selitve gospodinjskega blaga, in olaj\u0161ati izbiro, da bi la\u017eje razlikovali med mo\u017enostmi in na\u0161li pravega prevoznika.<\/p>\n<p><strong>Klju\u010dna dejstva o organizaciji:<\/strong><\/p>\n<ol>\n<li> Ve\u010d kot 200 podjetij in ve\u010d kot 1000 posameznikov ima trenutno certifikat RIM za podjetja ali posameznike.<\/li>\n<li> Certifikat Registered International Mover je eden od \u0161tevilnih strokovnih certifikatov za strokovnjake, ki jih podeljuje zdru\u017eenje AMSA.<\/li>\n<li> AMSA je nacionalno trgovinsko zdru\u017eenje ameri\u0161ke industrije selitev in skladi\u0161\u010denja. Vendar ima certifikat globalni doseg in zanj lahko zaprosijo podjetja po vsem svetu.<\/li>\n<li> Program Registrirani mednarodni selitveni delavec je zasnovan tako, da dolo\u010da univerzalne standarde za <a href=\"https:\/\/moverdb.com\/sl\/moving-companies\/\" data-internallinksmanager029f6b8e52c=\"79\" title=\"Top 25 Mednarodne selitve podjetja Online\">mednarodna selitvena podjetja<\/a> in njihovo osebje.<\/li>\n<li> Podjetja s certifikatom RIM, ki izpolnjujejo zahteve ProMover, postanejo \"International ProMovers\".<\/li>\n<li> Dru\u017eba RIM je precej edinstvena, saj so jo leta 1994 ustanovili predstavniki <a href=\"https:\/\/moverdb.com\/sl\/hgfaa\/\">HHGFAA<\/a>, NMSA (AMSA), <a href=\"https:\/\/moverdb.com\/sl\/employee-relocation-council\/\" data-internallinksmanager029f6b8e52c=\"83\" title=\"Svet za premestitev zaposlenih (ERC) po svetu\">ERC<\/a>, OMNI, <a href=\"https:\/\/moverdb.com\/sl\/fidi-faim\/\">FIDI<\/a> in 10 najve\u010djih dostavnih dru\u017eb, ki so me\u0161anica kupcev in konkuren\u010dnih prodajalcev.<\/li>\n<p><strong>Profil organizacije RIM<\/strong><\/p>\n<p>Postopek za \u010dlanstvo v RIM vklju\u010duje strogo usposabljanje, preverjanje in testiranje, pri \u010demer se osredoto\u010da na to, ali so vzpostavljeni standardi ravnanja z opremo in ali ima podjetje dovolj sredstev za visokokakovostno upravljanje mednarodne selitve. <\/p>\n<p>Certifikat ProMover je podeljen le tistim podjetjem, ki lahko doka\u017eejo, da izpolnjujejo najvi\u0161ja eti\u010dna na\u010dela in prakse v industriji selitev in skladi\u0161\u010denja. <\/p>\n<p>Certifikat ProMover je druga\u010den zato, ker strankam zagotavlja standardiziran in neodvisen na\u010din za razlikovanje med mo\u017enostmi in izbiro usposobljenega podjetja za mednarodno selitev, ne glede na to, kje se podjetje nahaja.<\/p>\n<p><strong>Merila za \u010dlanstvo <\/strong><\/p>\n<ul>\n<li> Vsaj eno leto izku\u0161enj na podro\u010dju storitev mednarodne selitve gospodinjskega blaga<\/li>\n<li> Brezhibno \u010dlanstvo v zdru\u017eenju AMSA vsaj 18 mesecev.<\/li>\n<li> imajo poslovna pooblastila, potrebna za zakonito opravljanje dejavnosti, bodisi v <a href=\"https:\/\/moverdb.com\/sl\/moving-to-the-united-states\/\" data-internallinksmanager029f6b8e52c=\"94\" title=\"Selitev v Zdru\u017eene dr\u017eave Amerike? 2022 \u017divljenjski stro\u0161ki in nasveti za selitev\">ZDA<\/a> ali drugje.<\/li>\n<li> Opraviti pisni izpit (posameznik v imenu podjetja)<\/li>\n<li> izpolnjevanje standardov RIM za opremo, prostore in varnostno dokumentacijo - ti se preverijo z nenapovedanimi obiski na kraju samem.<\/li>\n<li> Naro\u010dite se na Mednarodni eti\u010dni kodeks ProMover<\/li>\n<li> Za ponovno certificiranje morajo biti certificirani vsaj trije zaposleni (pisarni\u0161ko osebje, pakirci ali \u010dlani posadke).<\/li>\n<li> Bonitetna ocena BBB \"C\" ali bolj\u0161a za podjetja, ki jih ocenjuje BBB, v dr\u017eavah, kjer so bonitetne ocene BBB na voljo<\/li>\n<li> Pregled morebitnih prito\u017eb s strani osebja AMSA<\/li>\n<li> Reference poslovnih partnerjev so bistvene.<\/li>\n<\/ul>\n<p><strong>10 najbolj\u0161ih podjetij \u010dlanic<\/strong> (po velikosti)<\/p>\n<ol>\n<li> <a href=\"https:\/\/moverdb.com\/sl\/united-van-lines\/\">United Van Lines<\/a><\/li>\n<li> <a href=\"https:\/\/moverdb.com\/sl\/atlas-van-lines-international\/\">Atlas Van Lines International<\/a><\/li>\n<li> <a href=\"https:\/\/moverdb.com\/sl\/mayflower-transit\/\">Mayflower Transit<\/a><\/li>\n<li> <a href=\"https:\/\/moverdb.com\/sl\/north-american-van-lines\/\">North American Van Lines<\/a><\/li>\n<li> <a href=\"https:\/\/moverdb.com\/sl\/wheaton\/\">Wheaton World Wide Moving<\/a><\/li>\n<li> <a href=\"https:\/\/moverdb.com\/sl\/bekins-van-lines\/\">Bekins Van Lines<\/a><\/li>\n<li> <a href=\"https:\/\/moverdb.com\/sl\/graebel-van-lines\/\">Graebel Van Lines<\/a><\/li>\n<li> <a href=\"https:\/\/moverdb.com\/sl\/arpin-van-lines\/\">Arpin Van Lines<\/a><\/li>\n<li> <a href=\"https:\/\/moverdb.com\/sl\/stevens-worldwide-van-lines\/\">Stevens Worldwide Van Lines<\/a><\/li>\n<li> <a href=\"https:\/\/moverdb.com\/sl\/suddath\/\">Suddath<\/a><\/li>\n<li> <a href=\"https:\/\/moverdb.com\/sl\/vip-transport\/\">VIP prevozi<\/a><\/li>\n<li> <a href=\"https:\/\/moverdb.com\/sl\/royal-hawaiian-movers\/\">Royal Hawaiian Movers<\/a><\/li>\n<\/ol>\n<p><strong>Mnenja o organizaciji<\/strong><\/p>\n<p>\u0160tevilni selitveni ponudniki na svojih spletnih straneh objavljajo certifikat RIM, ve\u010d svetovalnih spletnih strani pa ga navaja kot znak strokovne selitvene organizacije. Na vseh spletnih straneh, kjer je ta certifikat naveden, je navedeno strogo usposabljanje in preverjanje, ki sta potrebna za pridobitev in ohranitev certifikata. <\/p>\n<p>Finan\u010dna trdnost in ugled zaradi zagotavljanja visokokakovostnih storitev sta dve od drugih lastnosti, ki jih izvajalci selitev, ki na svojih spletnih straneh omenjajo certifikat RIM, pripisujejo temu certifikatu. Ve\u010dina poudarja, da je za pridobitev certifikata potrebno stalno ukrepanje - nenehno usposabljanje in izobra\u017eevanje ter sposobnost opravljanja naklju\u010dnih obiskov na terenu. <\/p>\n<p>Omenjeno je tudi dejstvo, da se zahteva spo\u0161tovanje strogega kodeksa ravnanja.<\/p>\n<p>Ve\u010d selitvenih podjetij navaja tudi kvalifikacijo ProMover - ta je pomembna, ker \"Ta dose\u017eek bo na\u0161im strankam dal zagotovilo, da imajo opravka z legitimnim, profesionalnim selitvenim podjetjem in ne z muho enodnevnim prevarantom, ki jih \u017eeli ogoljufati. Pridobitev naziva ProMover je v skladu z dolgoletno zgodovino na\u0161ega podjetja, ki stranke obravnava po\u0161teno in odkrito.\" <\/p>\n<p>Poudarjeno je, da kvalifikacija omogo\u010da selitvenemu podjetju, da v svojem ogla\u0161evalskem in tr\u017eenjskem gradivu ter na svoji spletni strani prika\u017ee logotip s krepko \u010drko \"M\", ki je znak podjetja ProMover.<\/p>\n<p>Kako ga prikazujejo izvajalci selitev:<\/p>\n<blockquote><p>Certifikat agencije potrjuje, da ima agencija dovolj opreme, prostorov in osebja s certifikatom RIM\u00ae za izpolnjevanje minimalnih standardov RIM\u00ae. Poleg tega zahteva, da glavni ali vodilni direktor opravi izpit na podlagi priro\u010dnika RIM\u00ae in da ima znanje, potrebno za vodenje mednarodnega poslovanja. Poleg tega mora zastopnik s certifikatom RIM\u00ae v obdobju treh let po prvem certificiranju zaposliti in\u0161pektorja s certifikatom RIM\u00ae, koordinatorja in vsaj tri certificirane mednarodne pakirce.<\/p><\/blockquote>\n<p> - <a href=\"http:\/\/www.castinemovers.com\/category\/RIM\/c70\" target=\"_blank\" rel=\"noopener\">Castine Movers<\/a><\/p>\n<blockquote><p>Certificiranje Registriranega mednarodnega prevoznika (RIM) je prostovoljno. Za pridobitev certifikata mora selitveno podjetje opraviti strogo usposabljanje in testiranje. Certifikat zagotavlja, da je imetnik seznanjen z vsemi vidiki mednarodne selitve.<\/p><\/blockquote>\n<p> - <a href=\"http:\/\/www.newworldvanlines.com\/international.html\" target=\"_blank\" rel=\"noopener\">New World Van Lines<\/a><\/p>\n<blockquote><p>Da bi ostali certificirani, morajo vodstvo in osebje v treh letih opraviti najmanj 15 ur stalnega izobra\u017eevanja in usposabljanja, odobrenega s strani RIM, naprave in oprema podjetja pa morajo biti vsake tri leta ponovno pregledane. Do zdaj je za\u010detno fazo programa RIM zaklju\u010dilo ve\u010d kot 142 podjetij za selitve in skladi\u0161\u010denje.<\/p><\/blockquote>\n<p> - <a href=\"http:\/\/www.movingscam.com\/articles\/planning-an-international-move\" target=\"_blank\" rel=\"noopener\">Premikanje Scam<\/a><\/p>\n<blockquote><p>Za pridobitev certifikata v okviru programa RIM (Registered International Mover) mora biti prevoznik finan\u010dno stabilen, imeti sloves kakovostne storitve in se strinjati s strogim kodeksom ravnanja, ki zagotavlja va\u0161e popolno zadovoljstvo.<\/p><\/blockquote>\n<p> - <a href=\"http:\/\/taylorinternational.ca\/international-moving-relocation\" target=\"_blank\" rel=\"noopener\">Taylor International Movers<\/a><\/p>","protected":false},"excerpt":{"rendered":"<p>The International ProMover certification is part of the Registered International Mover (RIM) program created by the American Moving &#038; Storage Association (AMSA). It is aimed to assist customers using international household goods relocation services and is intended to facilitate easier choices, making it simpler to differentiate between the options and find the right mover. Key [&hellip;]<\/p>\n","protected":false},"author":1,"featured_media":0,"parent":0,"menu_order":0,"comment_status":"closed","ping_status":"closed","template":"","meta":{"_genesis_hide_title":false,"_genesis_hide_breadcrumbs":false,"_genesis_hide_singular_image":false,"_genesis_hide_footer_widgets":false,"_genesis_custom_body_class":"","_genesis_custom_post_class":"","_genesis_layout":"","footnotes":""},"class_list":{"0":"post-353","1":"page","2":"type-page","3":"status-publish","5":"entry"},"_links":{"self":[{"href":"https:\/\/moverdb.com\/sl\/wp-json\/wp\/v2\/pages\/353","targetHints":{"allow":["GET"]}}],"collection":[{"href":"https:\/\/moverdb.com\/sl\/wp-json\/wp\/v2\/pages"}],"about":[{"href":"https:\/\/moverdb.com\/sl\/wp-json\/wp\/v2\/types\/page"}],"author":[{"embeddable":true,"href":"https:\/\/moverdb.com\/sl\/wp-json\/wp\/v2\/users\/1"}],"replies":[{"embeddable":true,"href":"https:\/\/moverdb.com\/sl\/wp-json\/wp\/v2\/comments?post=353"}],"version-history":[{"count":22,"href":"https:\/\/moverdb.com\/sl\/wp-json\/wp\/v2\/pages\/353\/revisions"}],"predecessor-version":[{"id":6232,"href":"https:\/\/moverdb.com\/sl\/wp-json\/wp\/v2\/pages\/353\/revisions\/6232"}],"wp:attachment":[{"href":"https:\/\/moverdb.com\/sl\/wp-json\/wp\/v2\/media?parent=353"}],"curies":[{"name":"wp","href":"https:\/\/api.w.org\/{rel}","templated":true}]}}