{"id":351,"date":"2016-05-22T21:04:36","date_gmt":"2016-05-22T21:04:36","guid":{"rendered":"http:\/\/moverdb.com\/?page_id=351"},"modified":"2026-01-08T14:40:12","modified_gmt":"2026-01-08T14:40:12","slug":"mcgimpsey-brothers-removals","status":"publish","type":"page","link":"https:\/\/moverdb.com\/sl\/mcgimpsey-brothers-removals\/","title":{"rendered":"McGimpsey Brothers Removals: International Moving Mnenja o mednarodnih selitvah"},"content":{"rendered":"<p>Podjetje McGimpsey Brothers Removals ponuja naslednje storitve pri selitvah v tujino in na lokalni ravni, tako za posameznike kot za podjetja. Profil podjetja in pregledi sledijo oddelku s storitvami.<\/p>\n<p><strong>Selitev v tujino<\/strong><\/p>\n<ul>\n<li> Dnevni letalski in pomorski tovor<\/li>\n<li> Specializirano pakiranje, ozna\u010devanje in natovarjanje za izvoz<\/li>\n<li> Dostava in carinjenje<\/li>\n<li> Dostava, razpakiranje in postavitev, odvoz smeti<\/li>\n<li> Zavarovalno kritje<\/li>\n<li> Osebni svetovalec<\/li>\n<\/ul>\n<p><strong>Premikanje znotraj Evrope<\/strong><\/p>\n<ul>\n<li> Od vrat do vrat<\/li>\n<li> Vrhunska, posebej izdelana vozila za selitev<\/li>\n<li> Visokozavarovani sledilniki in satelitski navigacijski sistemi<\/li>\n<li> Pakiranje in razpakiranje<\/li>\n<li> Zavarovalno kritje<\/li>\n<li> Osebni svetovalec<\/li>\n<\/ul>\n<p><strong>Premikanje podjetij in poslovnih prostorov<\/strong><\/p>\n<ul>\n<li> Selitev podjetij po vsem svetu<\/li>\n<li> Premestitev zaposlenih po vsem svetu<\/li>\n<li> Osebni svetovalec<\/li>\n<\/ul>\n<p><strong>Premikanje znotraj <a href=\"https:\/\/moverdb.com\/sl\/moving-to-ireland\/\" data-internallinksmanager029f6b8e52c=\"320\" title=\"Selitev na Irsko? 2023 \u017divljenjski stro\u0161ki in nasveti za selitev\">Irska<\/a><\/strong><\/p>\n<ul>\n<li> Od vrat do vrat<\/li>\n<li> Pakiranje in razpakiranje<\/li>\n<li> Zavarovanje<\/li>\n<li> Osebni svetovalec<\/li>\n<\/ul>\n<p><strong>Premikanje <a href=\"https:\/\/moverdb.com\/sl\/moving-to-isle-of-man\/\" data-internallinksmanager029f6b8e52c=\"339\" title=\"Selitev na otok Man? 2023 \u017divljenjski stro\u0161ki in nasveti za selitev\">Otok Man<\/a> in Kanalski otoki<\/strong><\/p>\n<ul>\n<li> Od vrat do vrat<\/li>\n<li> Pakiranje in razpakiranje<\/li>\n<li> Carinjenje<\/li>\n<li> Zavarovanje<\/li>\n<li> Osebni svetovalec<\/li>\n<\/ul>\n<p><strong>Shranjevanje<\/strong><\/p>\n<ul>\n<li> Hramba dokumentov in arhivov<\/li>\n<li> Samostojno skladi\u0161\u010denje<\/li>\n<li> Poslovno skladi\u0161\u010denje<\/li>\n<li> Skladi\u0161\u010denje v skladi\u0161\u010du<\/li>\n<\/ul>\n<h2>McGimpsey Removals Profil podjetja<\/h2>\n<p>McGimpsey Removals se opisujejo kot butik s petimi zvezdicami <a href=\"https:\/\/moverdb.com\/sl\/moving-companies\/\" data-internallinksmanager029f6b8e52c=\"79\" title=\"Top 25 Mednarodne selitve podjetja Online\">selitev podjetja<\/a> ki svojim strankam zagotavlja vrhunske storitve. Delujejo \u017ee 30 let in verjamejo v uporabo vrhunskega prevoza, pakiranja in dobro usposobljenega, skrbnega osebja.<\/p>\n<p>Podjetje McGimpsey Removals pravi, da si ne prizadeva le za zagotavljanje najbolj\u0161ih mo\u017enih storitev posameznikom in podjetjem, ki se selijo v tujino in na lokalni ravni, temve\u010d tudi skrbno spremlja svoj oglji\u010dni odtis.<\/p>\n<p>McGimpsey Removals pripadnosti in akreditacije:<\/p>\n<ul>\n<li> <a href=\"https:\/\/moverdb.com\/sl\/britansko-zdruzenje-odstranjevalcev\/\">Britansko zdru\u017eenje odstranjevalcev<\/a> (<a href=\"https:\/\/moverdb.com\/sl\/british-association-of-removers\/\" data-internallinksmanager029f6b8e52c=\"9\" title=\"Pojasnila o Britanskem zdru\u017eenju izvajalcev selitev (BAR)\">BAR<\/a>)<\/li>\n<li> <a href=\"https:\/\/moverdb.com\/sl\/fidi-faim\/\">FIDI<\/a><\/li>\n<li> <a href=\"https:\/\/moverdb.com\/sl\/iam\/\">Mednarodno zdru\u017eenje prevoznikov (IAM)<\/a><\/li>\n<li> <a href=\"https:\/\/moverdb.com\/sl\/mtc\/\">Movers Trading Club<\/a> (<a href=\"https:\/\/moverdb.com\/sl\/mtc\/\" data-internallinksmanager029f6b8e52c=\"30\" title=\"Movers Trading Club (MTC) pojasnjeno\">MTC<\/a>)<\/li>\n<li> Zdru\u017eenje za mobilnost delovne sile <\/li>\n<\/ul>\n<h2>McGimpsey Brothers Removals Mnenja<\/h2>\n<p><strong>Pozitivna<\/strong><\/p>\n<p><em>\"To podjetje je bilo odli\u010dno od za\u010detka do konca. Svetovalka za selitev je bila koristna, dobro obve\u0161\u010dena in je vedno hitro odgovarjala in me obve\u0161\u010dala, tudi ko je bilo vse dostavljeno, je poslala elektronsko sporo\u010dilo, da bi preverila, ali sem zadovoljen.\"<\/em> - Elizabeth Heib prek <a href=\"https:\/\/plus.google.com\/111359327014801398449\/reviews\" target=\"_blank\" rel=\"noopener\">Googlove ocene<\/a><\/p>\n<p><strong>Negativni<\/strong><\/p>\n<p><em>\"S tem podjetjem sem imel grozno izku\u0161njo! So zelo koristni, ko \u017eelijo va\u0161o rezervacijo in obljubljajo visoko, vendar \u017eal dostavijo nizko. Uporabil sem jih za prevoz te\u017eke komercialne vadbene opreme z Irske na <a href=\"https:\/\/moverdb.com\/sl\/moving-to-the-uk\/\" data-internallinksmanager029f6b8e52c=\"93\" title=\"Selitev v Zdru\u017eeno kraljestvo? 2022 \u017divljenjski stro\u0161ki in nasveti za selitev\">ZDRU\u017dENO KRALJESTVO<\/a> in ...\"<\/em> - Chantelle Smith prek <a href=\"https:\/\/plus.google.com\/100947701157660629611\/reviews\" target=\"_blank\" rel=\"noopener\">Googlove ocene<\/a><\/p>\n<div itemprop=\"review\" itemscope itemtype=\"http:\/\/schema.org\/Review\">\n<span itemprop=\"author\" itemscope=\"\" itemtype=\"http:\/\/schema.org\/Organization\"><span itemprop=\"name\">MoverDB.com<\/span><\/span> Spletni pregled spletnega mesta za <span itemprop=\"itemreviewed\" itemscope=\"\" itemtype=\"http:\/\/schema.org\/Brand\"><span itemprop=\"name\">Premiki bratov McGimpsey<\/span><\/span>:<\/p>\n<ol>\n<li> Jasni kontaktni podatki na spletnem mestu (vklju\u010dno s telefonsko \u0161tevilko): <strong>Da<\/strong><\/li>\n<li> Enostavno pridobivanje <a href=\"https:\/\/moverdb.com\/sl\/citati\/\">mednarodne selitve<\/a>? (Spletni obrazec za zahtevek za oceno): <strong>Da<\/strong><\/li>\n<li> Jasne informacije na spletnem mestu: <strong>Delno<\/strong>. Informacije so pomanjkljive, vendar jih bomo na zahtevo posredovali.<\/li>\n<li> \u010clanstvo v mednarodno priznanih organizacijah, ki se ukvarjajo z gibanjem: <strong>Da<\/strong>, glej zgoraj.<\/li>\n<li> Seznam strank in\/ali pri\u010devanja prej\u0161njih strank: <strong>Da<\/strong> Ni seznama strank, vendar so na voljo pri\u010devanja prej\u0161njih strank.<\/li>\n<\/ol>\n<div itemprop=\"reviewRating\" itemscope itemtype=\"http:\/\/schema.org\/Rating\"><meta itemprop=\"worstRating\" content = \"0\" \/><meta itemprop=\"bestRating\" content=\"5\" \/><meta itemprop=\"ratingValue\" content=\"4\"><\/div>\n<p><strong>Skupna ocena: 4\/5<\/strong><br \/>\n<strong>Datum pregleda:<\/strong> <span itemprop=\"datePublished\" content=\"2016-05-22\">22\/05\/2016<\/span><\/p>\n<\/div>\n<p>Ve\u010d o <a href=\"https:\/\/moverdb.com\/sl\/mednarodne-selitve\/\">podjetja za selitve v Zdru\u017eenem kraljestvu<\/a> in na\u0161e <a href=\"https:\/\/moverdb.com\/sl\/pregledi\/\">pojasnilo o postopku pregleda<\/a>.<\/p>\n<p><strong>Spletna stran:<\/strong> <a href=\"https:\/\/www.mcgimpseys.com\/\" target=\"_blank\" rel=\"noopener\">https:\/\/www.mcgimpseys.com\/<\/a><\/p>","protected":false},"excerpt":{"rendered":"<p>McGimpsey Brothers Removals offers clients the following services when relocating abroad and locally, for both individuals and businesses. A company profile and reviews follow the services section. Moving Overseas Daily air and sea freight Specialist export packing, labelling and loading Shipping and customs clearance Delivery, unpacking and setting up, removal of rubbish Insurance cover Personal [&hellip;]<\/p>\n","protected":false},"author":1,"featured_media":0,"parent":0,"menu_order":0,"comment_status":"closed","ping_status":"closed","template":"","meta":{"_genesis_hide_title":false,"_genesis_hide_breadcrumbs":false,"_genesis_hide_singular_image":false,"_genesis_hide_footer_widgets":false,"_genesis_custom_body_class":"","_genesis_custom_post_class":"","_genesis_layout":"","footnotes":""},"class_list":{"0":"post-351","1":"page","2":"type-page","3":"status-publish","5":"entry"},"_links":{"self":[{"href":"https:\/\/moverdb.com\/sl\/wp-json\/wp\/v2\/pages\/351","targetHints":{"allow":["GET"]}}],"collection":[{"href":"https:\/\/moverdb.com\/sl\/wp-json\/wp\/v2\/pages"}],"about":[{"href":"https:\/\/moverdb.com\/sl\/wp-json\/wp\/v2\/types\/page"}],"author":[{"embeddable":true,"href":"https:\/\/moverdb.com\/sl\/wp-json\/wp\/v2\/users\/1"}],"replies":[{"embeddable":true,"href":"https:\/\/moverdb.com\/sl\/wp-json\/wp\/v2\/comments?post=351"}],"version-history":[{"count":10,"href":"https:\/\/moverdb.com\/sl\/wp-json\/wp\/v2\/pages\/351\/revisions"}],"predecessor-version":[{"id":13176,"href":"https:\/\/moverdb.com\/sl\/wp-json\/wp\/v2\/pages\/351\/revisions\/13176"}],"wp:attachment":[{"href":"https:\/\/moverdb.com\/sl\/wp-json\/wp\/v2\/media?parent=351"}],"curies":[{"name":"wp","href":"https:\/\/api.w.org\/{rel}","templated":true}]}}