{"id":350,"date":"2016-05-22T20:57:46","date_gmt":"2016-05-22T20:57:46","guid":{"rendered":"http:\/\/moverdb.com\/?page_id=350"},"modified":"2026-01-08T15:20:55","modified_gmt":"2026-01-08T15:20:55","slug":"drustvo-shore-porters-society","status":"publish","type":"page","link":"https:\/\/moverdb.com\/sl\/shore-porters-society\/","title":{"rendered":"The Shore Porters Society International Moving &amp; Removals Mnenja"},"content":{"rendered":"<p>Dru\u0161tvo Shore Porters ponuja naslednje storitve za ljudi, ki se selijo v tujino, na regionalni in lokalni ravni. Na voljo so tudi profil podjetja in pregledi storitev.<\/p>\n<p><strong>Korporativne in osebne selitve v tujino<\/strong><\/p>\n<ul>\n<li> Raziskava pred selitvijo<\/li>\n<li> Storitev od vrat do vrat<\/li>\n<li> Pomorski ali zra\u010dni tovorni promet<\/li>\n<li> Razli\u010dne mo\u017enosti pakiranja<\/li>\n<li> Mo\u017enosti shranjevanja<\/li>\n<li> Pomo\u010d pri pripravi dokumentacije za namembno dr\u017eavo<\/li>\n<li> Poglobljeno poznavanje pravil in predpisov ciljne dr\u017eave<\/li>\n<li> Odklop in ponovni priklop IT opreme v namembnem kraju<\/li>\n<li> Zavarovanje<\/li>\n<\/ul>\n<p><strong>Likovna umetnost in starine<\/strong><\/p>\n<ul>\n<li> Strokovno znanje o pakiranju in po\u0161iljanju<\/li>\n<li> Spremljanje strank na nakupnih potovanjih za zagotovitev pravilnega pakiranja.<\/li>\n<li> Nasveti glede dokumentacije<\/li>\n<li> Carinjenje v namembni dr\u017eavi<\/li>\n<\/ul>\n<p><strong>Shranjevanje<\/strong><\/p>\n<ul>\n<li> Skladi\u0161\u010denje v zabojnikih<\/li>\n<li> Konvencionalno skladi\u0161\u010denje<\/li>\n<li> Komercialno skladi\u0161\u010denje<\/li>\n<li> Shranjevanje arhivov<\/li>\n<li> Zaklepanje in zapu\u0161\u010danje - brezpla\u010den dostop med delovnim \u010dasom<\/li>\n<li> Najem zaboj\u010dkov<\/li>\n<li> Skladi\u0161\u010denje palet<\/li>\n<\/ul>\n<p><strong>Lokalni premiki<\/strong><\/p>\n<ul>\n<li> Storitev od vrat do vrat<\/li>\n<li> Razli\u010dne mo\u017enosti pakiranja<\/li>\n<li> Urejeno zavarovanje<\/li>\n<\/ul>\n<h2>Profil podjetja The Shore Porters Society<\/h2>\n<p>Dru\u0161tvo obalnih nosa\u010dev je bilo ustanovljeno leta 1498, torej pred ve\u010d kot 500 leti. Ponosno se pona\u0161ajo s tem, da so najstarej\u0161e prevozno podjetje na svetu, saj so bili njihovi za\u010detki zadruga nosa\u010dev, ki so opravljali svoje delo v pristani\u0161\u010du v Aberdeenu. <\/p>\n<p>Podjetje je bilo do sredine 19. stoletja pod okriljem mestnega sveta Aberdeena. Zdaj je zasebno partnerstvo, ki med svojimi storitvami opravlja prevoz, selitve, nepremi\u010dnine in skladi\u0161\u010denje.<\/p>\n<p>Podjetje ima floto 30 tovornjakov in kombijev, ki vozijo iz Aberdeena in Richmonda na Temzi, ter 11 skladi\u0161\u010d po vsej dr\u017eavi. <a href=\"https:\/\/moverdb.com\/sl\/moving-to-the-uk\/\" data-internallinksmanager029f6b8e52c=\"93\" title=\"Selitev v Zdru\u017eeno kraljestvo? 2022 \u017divljenjski stro\u0161ki in nasveti za selitev\">ZDRU\u017dENO KRALJESTVO<\/a>. <\/p>\n<p>Podjetje ima dobre odnose z ve\u010djimi dra\u017ebenimi hi\u0161ami po vsem svetu in se pona\u0161a s svojim strokovnim znanjem na podro\u010dju po\u0161iljanja umetnin in starin.<\/p>\n<p>Spodaj je seznam akreditacij in povezav dru\u0161tva The Shore Porters Society:<\/p>\n<ul>\n<li> <a href=\"https:\/\/moverdb.com\/sl\/britansko-zdruzenje-odstranjevalcev\/\">Britansko zdru\u017eenje izvajalcev selitev (BAR)<\/a><\/li>\n<li> Finan\u010dno vezan na <a href=\"https:\/\/moverdb.com\/sl\/bar-overseas\/\">Skupina BAR Overseas<\/a><\/li>\n<li> <a href=\"https:\/\/moverdb.com\/sl\/fidi-faim\/\">FIDI<\/a><\/li>\n<li> <a href=\"https:\/\/moverdb.com\/sl\/iam\/\">Mednarodno zdru\u017eenje prevoznikov (IAM)<\/a><\/li>\n<li> Certificiranje sistema kakovosti ISO9001<\/li>\n<li> <a href=\"https:\/\/moverdb.com\/sl\/zdruzenje-za-prevoz-tovora\/\">\u010clan zdru\u017eenja FTA<\/a><\/li>\n<\/ul>\n<h2>Mnenja o dru\u0161tvu obalnih prevoznikov<\/h2>\n<p>Prosimo, upo\u0161tevajte, da v zadnjih 12 mesecih na spletu ni bilo objavljenih novih mnenj za The Shore Porters Society.<\/p>\n<div itemprop=\"review\" itemscope itemtype=\"http:\/\/schema.org\/Review\">\n<span itemprop=\"author\" itemscope=\"\" itemtype=\"http:\/\/schema.org\/Organization\"><span itemprop=\"name\">MoverDB.com<\/span><\/span> Spletni pregled spletnega mesta za <span itemprop=\"itemreviewed\" itemscope=\"\" itemtype=\"http:\/\/schema.org\/Brand\"><span itemprop=\"name\">Dru\u0161tvo obalnih nosa\u010dev<\/span><\/span>:<\/p>\n<ol>\n<li> Jasni kontaktni podatki na spletnem mestu (vklju\u010dno s telefonsko \u0161tevilko): <strong>Da<\/strong><\/li>\n<li> Enostavno pridobivanje <a href=\"https:\/\/moverdb.com\/sl\/citati\/\">mednarodne selitve<\/a>? (Spletni obrazec za zahtevek za oceno): <strong>Da<\/strong><\/li>\n<li> Jasne informacije na spletnem mestu: <strong>Delno<\/strong>. Spletna stran vsebuje nejasne informacije in zahtevo, da se za ve\u010d podrobnosti obrnete na podjetje.<\/li>\n<li> \u010clanstvo v mednarodno priznanih organizacijah, ki se ukvarjajo z gibanjem: <strong>Da<\/strong>, glej zgoraj.<\/li>\n<li> Seznam strank in\/ali pri\u010devanja prej\u0161njih strank: <strong>Ne.<\/strong><\/li>\n<\/ol>\n<div itemprop=\"reviewRating\" itemscope itemtype=\"http:\/\/schema.org\/Rating\"><meta itemprop=\"worstRating\" content = \"0\" \/><meta itemprop=\"bestRating\" content=\"5\" \/><meta itemprop=\"ratingValue\" content=\"4\"><\/div>\n<p><strong>Skupna ocena: 4\/5<\/strong><br \/>\n<strong>Datum pregleda:<\/strong> <span itemprop=\"datePublished\" content=\"2016-05-22\">22\/05\/2016<\/span><\/p>\n<\/div>\n<p>Ve\u010d o <a href=\"https:\/\/moverdb.com\/sl\/mednarodne-selitve\/\">podjetja za selitve v Zdru\u017eenem kraljestvu<\/a> in na\u0161e <a href=\"https:\/\/moverdb.com\/sl\/pregledi\/\">pojasnilo o postopku pregleda<\/a>.<\/p>\n<p><strong>Spletna stran:<\/strong> <a href=\"https:\/\/www.shoreporters.com\/\" target=\"_blank\" rel=\"noopener\">https:\/\/www.shoreporters.com<\/a><\/p>","protected":false},"excerpt":{"rendered":"<p>The Shore Porters Society offers the following services for people moving abroad, regionally and locally. There is also a company profile and service reviews to peruse. Corporate and Personal Moves Abroad Pre-Move survey Door to door service Ocean or Air Freight Various packing options Storage options Assistance with documentation for destination country In depth knowledge [&hellip;]<\/p>\n","protected":false},"author":1,"featured_media":0,"parent":0,"menu_order":0,"comment_status":"closed","ping_status":"closed","template":"","meta":{"_genesis_hide_title":false,"_genesis_hide_breadcrumbs":false,"_genesis_hide_singular_image":false,"_genesis_hide_footer_widgets":false,"_genesis_custom_body_class":"","_genesis_custom_post_class":"","_genesis_layout":"","footnotes":""},"class_list":{"0":"post-350","1":"page","2":"type-page","3":"status-publish","5":"entry"},"_links":{"self":[{"href":"https:\/\/moverdb.com\/sl\/wp-json\/wp\/v2\/pages\/350","targetHints":{"allow":["GET"]}}],"collection":[{"href":"https:\/\/moverdb.com\/sl\/wp-json\/wp\/v2\/pages"}],"about":[{"href":"https:\/\/moverdb.com\/sl\/wp-json\/wp\/v2\/types\/page"}],"author":[{"embeddable":true,"href":"https:\/\/moverdb.com\/sl\/wp-json\/wp\/v2\/users\/1"}],"replies":[{"embeddable":true,"href":"https:\/\/moverdb.com\/sl\/wp-json\/wp\/v2\/comments?post=350"}],"version-history":[{"count":12,"href":"https:\/\/moverdb.com\/sl\/wp-json\/wp\/v2\/pages\/350\/revisions"}],"predecessor-version":[{"id":6246,"href":"https:\/\/moverdb.com\/sl\/wp-json\/wp\/v2\/pages\/350\/revisions\/6246"}],"wp:attachment":[{"href":"https:\/\/moverdb.com\/sl\/wp-json\/wp\/v2\/media?parent=350"}],"curies":[{"name":"wp","href":"https:\/\/api.w.org\/{rel}","templated":true}]}}