{"id":349,"date":"2016-05-22T20:51:02","date_gmt":"2016-05-22T20:51:02","guid":{"rendered":"http:\/\/moverdb.com\/?page_id=349"},"modified":"2026-01-08T15:20:48","modified_gmt":"2026-01-08T15:20:48","slug":"team-relocations","status":"publish","type":"page","link":"https:\/\/moverdb.com\/sl\/team-relocations\/","title":{"rendered":"Team Relocations International Moving &amp; Removals Mnenja"},"content":{"rendered":"<p>Team Relocations ponuja naslednje selitvene storitve za posameznike in podjetja, ki se selijo z osebjem ali celotnimi pisarnami v tujino. Spodaj preberite profil podjetja Team Locations in njegove ocene.<\/p>\n<p><strong>Osebni in korporativni premiki<\/strong><\/p>\n<ul>\n<li> Svetovalna storitev, ki ponuja individualne re\u0161itve za selitev<\/li>\n<li> Strate\u0161ko upravljanje premestitev<\/li>\n<li> Napredna tehnologija webZone<\/li>\n<li> Pakiranje in po\u0161iljanje<\/li>\n<li> Urejeno zavarovanje<\/li>\n<\/ul>\n<p><strong>Storitve v zvezi z nepremi\u010dninami<\/strong><\/p>\n<ul>\n<li> Domov Iskanje<\/li>\n<li> Pogajanja o najemu in podalj\u0161anje najema<\/li>\n<li> Prijava\/odjava zalog<\/li>\n<li> Najem pohi\u0161tva in naprav<\/li>\n<li> Za\u010dasna nastanitev<\/li>\n<li> Programi odhoda<\/li>\n<li> Upravljanje prodaje doma<\/li>\n<li> Upravljanje nepremi\u010dnin <\/li>\n<li> Program zajam\u010dene prodaje stanovanj<\/li>\n<\/ul>\n<p><strong>Namestitev<\/strong><\/p>\n<ul>\n<li> Orientacija<\/li>\n<li> Informacije o destinaciji<\/li>\n<li> Kulturni briefingi<\/li>\n<li> Jezikovno usposabljanje<\/li>\n<li> Upravljanje premikanja<\/li>\n<li> Storitve pomo\u010dnika\/slu\u017ebenice<\/li>\n<\/ul>\n<p><strong>Dru\u017einski programi<\/strong><\/p>\n<ul>\n<li> Raziskave in registracija na podro\u010dju izobra\u017eevanja<\/li>\n<li> Premestitev hi\u0161nih ljubljen\u010dkov<\/li>\n<li> Podpora partnerjev<\/li>\n<\/ul>\n<p><strong>Storitve shranjevanja<\/strong><\/p>\n<ul>\n<li> Specializirano skladi\u0161\u010denje<\/li>\n<li> Arhiviranje in shranjevanje dokumentov<\/li>\n<li> Tradicionalno shranjevanje<\/li>\n<\/ul>\n<p><strong>Specializirane storitve<\/strong><\/p>\n<ul>\n<li> Globalne selitve za zasebne po\u0161iljatelje<\/li>\n<li> Poslovne in pisarni\u0161ke selitve ter preselitve<\/li>\n<li> Bolni\u0161nica se gibljejo<\/li>\n<li> Doma\u010de skladi\u0161\u010denje<\/li>\n<li> Hramba dokumentov in arhivov<\/li>\n<\/ul>\n<p><strong>Dodatne storitve<\/strong><\/p>\n<ul>\n<li> Dvigala z lestvijo za te\u017eaven dostop<\/li>\n<li> Pakiranje umetnin in starin<\/li>\n<li> Storitve elektri\u010darjev, vklju\u010dno z<\/li>\n<li> zamenjava vti\u010dev, da se prilagodijo lokalnim vti\u010dnicam<\/li>\n<li> Ponovno o\u017ei\u010denje svetilk in naprav<\/li>\n<li> Zagotavljanje transformatorjev<\/li>\n<li> Handyman<\/li>\n<li> Storitve hi\u0161ne pomo\u010dnice<\/li>\n<li> Ugla\u0161evanje klavirja<\/li>\n<li> Namestitev\/odstranitev satelitske antene<\/li>\n<li> Ekipe za \u010di\u0161\u010denje<\/li>\n<li> Prevzem v pisarni<\/li>\n<li> Dobrodelne \u0161katle<\/li>\n<li> <a href=\"https:\/\/moverdb.com\/sl\/avto-transport-spedicija\/\">Prevoz vozil<\/a> in shranjevanje<\/li>\n<\/ul>\n<h2>Profil podjetja Team Relocation<\/h2>\n<p>Podjetje Team Relocation je bilo ustanovljeno leta 1977 in je danes eno najve\u010djih podjetij za selitve in <a href=\"https:\/\/moverdb.com\/sl\/international-removals\/\" data-internallinksmanager029f6b8e52c=\"27\" title=\"36 najbolj\u0161ih podjetij za mednarodne selitve v Zdru\u017eenem kraljestvu\">podjetja za selitve<\/a> na svetu. Podjetje Team Location ima pisarne v 13 dr\u017eavah, \u0161tevilne ugledne osebe, mednarodna podjetja in vladne agencije pa ga uporabljajo za selitve osebja in podjetij v tujino in na regionalni ravni. <\/p>\n<p>Team Relocation sodeluje le s partnerji, ki imajo enake temeljne vrednote, kot so odli\u010dnost, integriteta, odgovornost in varnost. Podjetje se osredoto\u010da na selitve, selitvene in specialisti\u010dne storitve. <\/p>\n<p>Dru\u017eba mo\u010dno podpira tudi mednarodne \u010dlovekove pravice in podpira \u0161tevilne dobrodelne organizacije po vsem svetu.<\/p>\n<p>V nadaljevanju so navedene akreditacije in povezave ekipe Lokacije:<\/p>\n<ul>\n<li> <a href=\"https:\/\/moverdb.com\/sl\/britansko-zdruzenje-odstranjevalcev\/\">Britansko zdru\u017eenje izvajalcev selitev (BAR)<\/a><\/li>\n<li> DBA<\/li>\n<li> Spletna stran <a href=\"https:\/\/moverdb.com\/sl\/mtc\/\">Movers Trading Club<\/a> (<a href=\"https:\/\/moverdb.com\/sl\/mtc\/\" data-internallinksmanager029f6b8e52c=\"30\" title=\"Movers Trading Club (MTC) pojasnjeno\">MTC<\/a>)<\/li>\n<li> <a href=\"https:\/\/moverdb.com\/sl\/fidi-faim\/\">FAIM<\/a><\/li>\n<li> <a href=\"https:\/\/moverdb.com\/sl\/fidi-faim\/\">FIDI<\/a><\/li>\n<li> Svetovno zdru\u017eenje za mobilnost <\/li>\n<li> <a href=\"https:\/\/moverdb.com\/sl\/iam\/\">Mednarodno zdru\u017eenje prevoznikov (IAM)<\/a><\/li>\n<li> OMNI<\/li>\n<\/ul>\n<h2>Ekipne selitve Mnenja<\/h2>\n<p><em>V tem \u010dasu nismo na\u0161li nobenih pregledov za Team Relocations, objavljenih kjer koli drugje na spletu.<\/em><\/p>\n<div itemprop=\"review\" itemscope itemtype=\"http:\/\/schema.org\/Review\">\n<span itemprop=\"author\" itemscope=\"\" itemtype=\"http:\/\/schema.org\/Organization\"><span itemprop=\"name\">MoverDB.com<\/span><\/span> Spletni pregled spletnega mesta za <span itemprop=\"itemreviewed\" itemscope=\"\" itemtype=\"http:\/\/schema.org\/Brand\"><span itemprop=\"name\">Premestitve ekipe<\/span><\/span>:<\/p>\n<ol>\n<li> Jasni kontaktni podatki na spletnem mestu (vklju\u010dno s telefonsko \u0161tevilko): <strong>Da<\/strong><\/li>\n<li> Enostavno pridobivanje <a href=\"https:\/\/moverdb.com\/sl\/citati\/\">mednarodne selitve<\/a>? (Spletni obrazec za zahtevek za oceno): <strong>Da<\/strong><\/li>\n<li> Jasne informacije na spletnem mestu: <strong>Da<\/strong>. Informativna spletna stran, vendar je treba podrobne informacije pridobiti neposredno od podjetja.<\/li>\n<li> \u010clanstvo v mednarodno priznanih organizacijah, ki se ukvarjajo z gibanjem: <strong>Da<\/strong>, glej zgoraj.<\/li>\n<li> Seznam strank in\/ali pri\u010devanja prej\u0161njih strank: <strong>Ne.<\/strong><\/li>\n<\/ol>\n<div itemprop=\"reviewRating\" itemscope itemtype=\"http:\/\/schema.org\/Rating\"><meta itemprop=\"worstRating\" content = \"0\" \/><meta itemprop=\"bestRating\" content=\"5\" \/><meta itemprop=\"ratingValue\" content=\"4\"><\/div>\n<p><strong>Skupna ocena: 4\/5<\/strong><br \/>\n<strong>Datum pregleda:<\/strong> <span itemprop=\"datePublished\" content=\"2016-05-22\">22\/05\/2016<\/span><\/p>\n<\/div>\n<p>Ve\u010d o <a href=\"https:\/\/moverdb.com\/sl\/selitev-podjetja\/\">mednarodna selitvena podjetja<\/a> in na\u0161e <a href=\"https:\/\/moverdb.com\/sl\/pregledi\/\">pojasnilo o postopku pregleda<\/a>.<\/p>\n<p><strong>Spletna stran:<\/strong> <a href=\"http:\/\/www.teamrelocations.com\/\" target=\"_blank\" rel=\"noopener\">http:\/\/www.teamrelocations.com<\/a><\/p>","protected":false},"excerpt":{"rendered":"<p>Team Relocations offers the following moving services for individuals and corporates moving personnel or whole offices abroad. Read Team Locations&#8217; company profile and reviews below. Personal and Corporate Moves Consultancy service offering individual solutions to moving Strategic relocation management Advanced webZone technology Packing and shipping Insurance arranged Property Services Home Search Tenancy Negotiations &#038; Renewals [&hellip;]<\/p>\n","protected":false},"author":1,"featured_media":0,"parent":0,"menu_order":0,"comment_status":"closed","ping_status":"closed","template":"","meta":{"_genesis_hide_title":false,"_genesis_hide_breadcrumbs":false,"_genesis_hide_singular_image":false,"_genesis_hide_footer_widgets":false,"_genesis_custom_body_class":"","_genesis_custom_post_class":"","_genesis_layout":"","footnotes":""},"class_list":{"0":"post-349","1":"page","2":"type-page","3":"status-publish","5":"entry"},"_links":{"self":[{"href":"https:\/\/moverdb.com\/sl\/wp-json\/wp\/v2\/pages\/349","targetHints":{"allow":["GET"]}}],"collection":[{"href":"https:\/\/moverdb.com\/sl\/wp-json\/wp\/v2\/pages"}],"about":[{"href":"https:\/\/moverdb.com\/sl\/wp-json\/wp\/v2\/types\/page"}],"author":[{"embeddable":true,"href":"https:\/\/moverdb.com\/sl\/wp-json\/wp\/v2\/users\/1"}],"replies":[{"embeddable":true,"href":"https:\/\/moverdb.com\/sl\/wp-json\/wp\/v2\/comments?post=349"}],"version-history":[{"count":12,"href":"https:\/\/moverdb.com\/sl\/wp-json\/wp\/v2\/pages\/349\/revisions"}],"predecessor-version":[{"id":6243,"href":"https:\/\/moverdb.com\/sl\/wp-json\/wp\/v2\/pages\/349\/revisions\/6243"}],"wp:attachment":[{"href":"https:\/\/moverdb.com\/sl\/wp-json\/wp\/v2\/media?parent=349"}],"curies":[{"name":"wp","href":"https:\/\/api.w.org\/{rel}","templated":true}]}}