{"id":348,"date":"2016-05-22T19:54:24","date_gmt":"2016-05-22T19:54:24","guid":{"rendered":"http:\/\/moverdb.com\/?page_id=348"},"modified":"2026-01-08T15:20:45","modified_gmt":"2026-01-08T15:20:45","slug":"sterling-relokacija","status":"publish","type":"page","link":"https:\/\/moverdb.com\/sl\/sterling-relocation\/","title":{"rendered":"Sterling Relocation International Moving &amp; Removals Mnenja"},"content":{"rendered":"<p>Sterling mednarodnim delodajalcem ponuja enostaven na\u010din za premestitev osebja po vsem svetu. Njihove storitve so navedene spodaj, skupaj s pregledi strank in profilom podjetja.<\/p>\n<p><strong>Storitve premestitve<\/strong><\/p>\n<ul>\n<li> Upravljanje nalog<\/li>\n<li> Usposabljanje za razli\u010dne kulture<\/li>\n<li> Storitve ob odhodu<\/li>\n<li> Pomo\u010d pri izobra\u017eevanju<\/li>\n<li> Upravljanje izdatkov<\/li>\n<li> Najem pohi\u0161tva<\/li>\n<li> Zagotovljena prodaja doma<\/li>\n<li> Storitev iskanja domov<\/li>\n<li> Imigracija, vizumi in delovna dovoljenja<\/li>\n<li> Jezikovno usposabljanje<\/li>\n<li> Upravljanje premikanja<\/li>\n<li> Storitve selitve<\/li>\n<li> Orientacija<\/li>\n<li> Pomo\u010d partnerjem<\/li>\n<li> Posvetovanje o politiki<\/li>\n<li> Upravljanje nepremi\u010dnin<\/li>\n<li> Storitve za vselitev<\/li>\n<li> Kratkotrajna nastanitev<\/li>\n<li> Shranjevanje<\/li>\n<li> Upravljanje najemnih razmerij<\/li>\n<li> Prehodni pokrov<\/li>\n<\/ul>\n<h2>Sterling Relocation Profil podjetja<\/h2>\n<p>Podjetje Sterling Relocation je bilo ustanovljeno leta 1991, da bi postalo najbolj\u0161i ponudnik globalnih selitvenih storitev za podjetja. Je v lasti skupine UniGroup, $1,7 milijarde evrov vrednega podjetja, ki se s selitvami ukvarja \u017ee ve\u010d kot 80 let. <\/p>\n<p>Mre\u017ea UniGroup Relocation Network deluje v ve\u010d kot 180 dr\u017eavah prek 1200 storitvenih centrov.<\/p>\n<p>Veliko zaposlenih v podjetju Sterling Relocation je \u017eivelo v tujini, zato razumejo izzive, s katerimi se soo\u010dajo zaposleni in njihove dru\u017eine pri selitvi v tujino. Vsaka stranka ima neposredno opravka z enim zaposlenim, ki poskrbi, da vsi vidiki selitve potekajo nemoteno. <\/p>\n<p>Leta 2015 je bilo 99,63% strank dru\u017ebe Sterling Relocation zadovoljnih s svojo selitvijo.<\/p>\n<p>Sterling Relocation pravi, da njihove vrednote, poslanstvo in vizija vklju\u010dujejo strast do svoje panoge, po\u0161tenost na vseh podro\u010djih, skrb za stranke in osebje ter zagotavljanje najbolj\u0161ih mo\u017enih storitev.<\/p>\n<p>Seznam akreditacij in povezav dru\u017ebe Sterling Relocation:<\/p>\n<ul>\n<li> <a href=\"https:\/\/moverdb.com\/sl\/fidi-faim\/\">Federacija mednarodnih prevoznikov<\/a> (<a href=\"https:\/\/moverdb.com\/sl\/fidi-faim\/\" data-internallinksmanager029f6b8e52c=\"16\" title=\"Pojasnila o FIDI in FAIM (FIDI Accredited International Mover)\">FIDI<\/a>)<\/li>\n<li> <a href=\"https:\/\/moverdb.com\/sl\/association-relocation-professionals\/\">Zdru\u017eenje strokovnjakov za selitve<\/a> (<a href=\"https:\/\/moverdb.com\/sl\/association-relocation-professionals\/\" data-internallinksmanager029f6b8e52c=\"6\" title=\"Pojasnila o Zdru\u017eenju strokovnjakov za preseljevanje (ARP)\">ARP<\/a>)<\/li>\n<li> <a href=\"https:\/\/moverdb.com\/sl\/svet-za-premestitev-zaposlenih\/\">Svet za premestitev zaposlenih - ERC po vsem svetu<\/a><\/li>\n<li> <a href=\"https:\/\/moverdb.com\/sl\/eura\/\">Evropsko zdru\u017eenje za preseljevanje<\/a> (<a href=\"https:\/\/moverdb.com\/sl\/eura\/\" data-internallinksmanager029f6b8e52c=\"13\" title=\"Pojasnila o Evropskem zdru\u017eenju za preseljevanje (EuRA)\">EuRA<\/a>)<\/li>\n<li> Mednarodna mre\u017ea za selitve v tujini (OMNI)<\/li>\n<li> <a href=\"https:\/\/moverdb.com\/sl\/iam\/\">Mednarodno zdru\u017eenje prevoznikov (IAM)<\/a><\/li>\n<li> <a href=\"https:\/\/moverdb.com\/sl\/lacma\/\">Latinska Amerika &amp; Karibi Movers Association<\/a> (<a href=\"https:\/\/moverdb.com\/sl\/lacma\/\" data-internallinksmanager029f6b8e52c=\"28\" title=\"Zdru\u017eenje mednarodnih prevoznikov iz Latinske Amerike in Karibov (LACMA)\">LACMA<\/a>)<\/li>\n<li> <a href=\"https:\/\/moverdb.com\/sl\/britansko-zdruzenje-odstranjevalcev\/\">Britansko zdru\u017eenje izvajalcev selitev (BAR)<\/a><\/li>\n<\/ul>\n<h2>Sterling Relocation Mnenja<\/h2>\n<p><strong>Pozitivna<\/strong><\/p>\n<p><em>\"Sterlin me je premaknil od <a href=\"https:\/\/moverdb.com\/sl\/moving-to-london\/\">London<\/a> na . <a href=\"https:\/\/moverdb.com\/sl\/moving-to-switzerland\/\" data-internallinksmanager029f6b8e52c=\"327\" title=\"Selitev v \u0160vico? 2023 \u017divljenjski stro\u0161ki in nasveti za selitev\">\u0160vica<\/a> pred nekaj leti pri selitvi podjetja. Ker sem po tem do\u017eivel \u0161e nekaj selitev, se zdaj po\u010dutim v polo\u017eaju, da jih lahko ocenim. In moram re\u010di, da so mi pripravili preprosto najbolj\u0161o selitev, kar sem jih imel.\"<\/em> - pregled <a href=\"http:\/\/www.yelp.co.uk\/biz\/sterling-corporate-relocation-london\" target=\"_blank\" rel=\"noopener\">prek storitve Yelp<\/a><\/p>\n<p><strong>Negativni<\/strong><\/p>\n<p><em>Na spletu nismo na\u0161li nobenih negativnih ocen za Sterling Relocation<\/em><\/p>\n<div itemprop=\"review\" itemscope itemtype=\"http:\/\/schema.org\/Review\">\n<span itemprop=\"author\" itemscope=\"\" itemtype=\"http:\/\/schema.org\/Organization\"><span itemprop=\"name\">MoverDB.com<\/span><\/span> Spletni pregled spletnega mesta za <span itemprop=\"itemreviewed\" itemscope=\"\" itemtype=\"http:\/\/schema.org\/Brand\"><span itemprop=\"name\">Premestitev podjetja Sterling<\/span><\/span>:<\/p>\n<ol>\n<li> Jasni kontaktni podatki na spletnem mestu (vklju\u010dno s telefonsko \u0161tevilko): <strong>Da<\/strong><\/li>\n<li> Enostavno pridobivanje <a href=\"https:\/\/moverdb.com\/sl\/citati\/\">mednarodne selitve<\/a>? (Spletni obrazec za zahtevek za oceno): <strong>Da<\/strong><\/li>\n<li> Jasne informacije na spletnem mestu: <strong>Da<\/strong> Spletna stran podjetja Sterling Relocation vsebuje iz\u010drpne informacije o vseh vidikih njegovega poslovanja. Vsebuje tudi koristen razdelek \"Novice\", v katerem so na voljo najnovej\u0161e informacije o vizumih in \u017eivljenju v razli\u010dnih dr\u017eavah po svetu.<\/li>\n<li> \u010clanstvo v mednarodno priznanih organizacijah, ki se ukvarjajo z gibanjem: <strong>Da<\/strong>, glej zgoraj.<\/li>\n<li> Seznam strank in\/ali pri\u010devanja prej\u0161njih strank: <strong>Delno<\/strong> \u010ceprav ni seznama strank, so na spletni strani objavljena razli\u010dna pri\u010devanja strank.<\/li>\n<\/ol>\n<div itemprop=\"reviewRating\" itemscope itemtype=\"http:\/\/schema.org\/Rating\"><meta itemprop=\"worstRating\" content = \"0\" \/><meta itemprop=\"bestRating\" content=\"5\" \/><meta itemprop=\"ratingValue\" content=\"4.5\"><\/div>\n<p><strong>Skupna ocena: 4,5\/5<\/strong><br \/>\n<strong>Datum pregleda:<\/strong> <span itemprop=\"datePublished\" content=\"2016-05-22\">22\/05\/2016<\/span>\n<\/div>\n<p>Ve\u010d o <a href=\"https:\/\/moverdb.com\/sl\/mednarodne-selitve\/\">podjetja za selitve v Zdru\u017eenem kraljestvu<\/a> in na\u0161e <a href=\"https:\/\/moverdb.com\/sl\/pregledi\/\">pojasnilo o postopku pregleda<\/a>.<\/p>\n<p><strong>Spletna stran:<\/strong> <a href=\"http:\/\/www.sterling.com\/\" target=\"_blank\" rel=\"noopener\">http:\/\/www.sterling.com\/<\/a><\/p>","protected":false},"excerpt":{"rendered":"<p>Sterling offers international employers an easy way to relocate their staff worldwide. Their services are listed below, together with customer reviews and a company profile. Relocation Services Assignment Management Cross Culture Training Departure Services Education Assistance Expense Management Furniture Rental Guaranteed Home Sale Home Finding Service Immigration, Visa and Work Permits Language Training Move Management [&hellip;]<\/p>\n","protected":false},"author":1,"featured_media":0,"parent":0,"menu_order":0,"comment_status":"closed","ping_status":"closed","template":"","meta":{"_genesis_hide_title":false,"_genesis_hide_breadcrumbs":false,"_genesis_hide_singular_image":false,"_genesis_hide_footer_widgets":false,"_genesis_custom_body_class":"","_genesis_custom_post_class":"","_genesis_layout":"","footnotes":""},"class_list":{"0":"post-348","1":"page","2":"type-page","3":"status-publish","5":"entry"},"_links":{"self":[{"href":"https:\/\/moverdb.com\/sl\/wp-json\/wp\/v2\/pages\/348","targetHints":{"allow":["GET"]}}],"collection":[{"href":"https:\/\/moverdb.com\/sl\/wp-json\/wp\/v2\/pages"}],"about":[{"href":"https:\/\/moverdb.com\/sl\/wp-json\/wp\/v2\/types\/page"}],"author":[{"embeddable":true,"href":"https:\/\/moverdb.com\/sl\/wp-json\/wp\/v2\/users\/1"}],"replies":[{"embeddable":true,"href":"https:\/\/moverdb.com\/sl\/wp-json\/wp\/v2\/comments?post=348"}],"version-history":[{"count":15,"href":"https:\/\/moverdb.com\/sl\/wp-json\/wp\/v2\/pages\/348\/revisions"}],"predecessor-version":[{"id":6240,"href":"https:\/\/moverdb.com\/sl\/wp-json\/wp\/v2\/pages\/348\/revisions\/6240"}],"wp:attachment":[{"href":"https:\/\/moverdb.com\/sl\/wp-json\/wp\/v2\/media?parent=348"}],"curies":[{"name":"wp","href":"https:\/\/api.w.org\/{rel}","templated":true}]}}