{"id":347,"date":"2016-05-22T19:43:53","date_gmt":"2016-05-22T19:43:53","guid":{"rendered":"http:\/\/moverdb.com\/?page_id=347"},"modified":"2026-01-08T15:20:38","modified_gmt":"2026-01-08T15:20:38","slug":"santa-fe-relokacija","status":"publish","type":"page","link":"https:\/\/moverdb.com\/sl\/santa-fe-relocation\/","title":{"rendered":"Santa Fe Relocation Services International Moving &amp; Removals Mnenja"},"content":{"rendered":"<p>Santa Fe Relocation Services je vrhunsko podjetje za selitve. Njegove \u0161tevilne selitvene storitve so navedene spodaj, skupaj s profilom podjetja in mnenji strank.<\/p>\n<p><strong>Storitve globalne mobilnosti<\/strong><\/p>\n<ul>\n<li> Globalna selitev in upravljanje DSP po vsem svetu<\/li>\n<li> Upravljanje vizumov in priseljevanja<\/li>\n<li> Upravljanje selitev za posameznike in zaposlene v podjetjih<\/li>\n<\/ul>\n<p><strong>Storitve selitev in skladi\u0161\u010denja<\/strong><\/p>\n<ul>\n<li> Mednarodni selitveni<\/li>\n<li> Doma\u010de in lokalno selitev<\/li>\n<li> Shranjevanje<\/li>\n<li> Premestitev hi\u0161nih ljubljen\u010dkov<\/li>\n<li> <a href=\"https:\/\/moverdb.com\/sl\/avto-transport-spedicija\/\">Dostava vozil<\/a><\/li>\n<li> Povezave do za\u0161\u010ditnega kritja<\/li>\n<li> Storitve rokodelcev in valete<\/li>\n<li> Najem pohi\u0161tva<\/li>\n<li> Odli\u010dnost storitev selitev in skladi\u0161\u010denja<\/li>\n<\/ul>\n<p><strong>Storitve premestitve<\/strong><\/p>\n<ul>\n<li> Dodelitev pav\u0161alnega zneska<\/li>\n<li> Kratkoro\u010dne naloge<\/li>\n<li> Iskanje na domu<\/li>\n<li> Iskanje \u0161ole<\/li>\n<li> Storitve namestitve<\/li>\n<li> Pregled kontrolnega seznama in premestitve<\/li>\n<li> Vizumi in priseljevanje<\/li>\n<li> Vodi\u010di po destinacijah<\/li>\n<\/ul>\n<p><strong>Komercialne storitve<\/strong><\/p>\n<ul>\n<li> Selitev pisarne<\/li>\n<li> Hotelske namestitve<\/li>\n<li> Razstave po vsem svetu<\/li>\n<li> Selitve umetnin in starin<\/li>\n<li> Posebni projekti, kot so selitve bolni\u0161nic, voja\u0161kih objektov, izobra\u017eevalnih ustanov.<\/li>\n<\/ul>\n<h2>Santa Fe Relocation Services Profil podjetja<\/h2>\n<p>Santa Fe zagotavlja storitve globalne mobilnosti za zaposlene v podjetjih, ki se izselijo. Podjetje se pona\u0161a z odpravljanjem stresa pri selitvah zaposlenih in se pona\u0161a s svojimi strankami s seznama Fortune 500. Letno opravi pribli\u017eno 60 000 mednarodnih selitev in 15 000 doma\u010dih selitev. <\/p>\n<p>Podjetje Santa Fe je za\u010delo delovati v <a href=\"https:\/\/moverdb.com\/sl\/moving-to-hong-kong\/\" data-internallinksmanager029f6b8e52c=\"350\" title=\"Selitev v Hongkong? 2023 \u017divljenjski stro\u0161ki in nasveti za selitev\">Hongkong<\/a> leta 1980. Skupina Santa Fe je prevzela podjetja po vsem svetu, najstarej\u0161e je podjetje Wridgways of <a href=\"https:\/\/moverdb.com\/sl\/moving-to-australia\/living-in-australia\/\" data-internallinksmanager029f6b8e52c=\"240\" title=\"21 skrivnosti o \u017eivljenju v Avstraliji, ki jih morate poznati, preden se preselite\">Avstralija<\/a> ki je bila ustanovljena leta 1892. Santa Fe ima pisarne na \u0161estih celinah, njen sede\u017e pa je v <a href=\"https:\/\/moverdb.com\/sl\/moving-to-london\/\">London<\/a> in svojim strankam ponuja globalne, regionalne in lokalne selitve. <\/p>\n<p>Santa Fe Relocation Services Zdru\u017eenja in akreditacije:<\/p>\n<ul>\n<li> <a href=\"https:\/\/moverdb.com\/sl\/svet-za-premestitev-zaposlenih\/\">Svetovni ERC<\/a><\/li>\n<li> <a href=\"https:\/\/moverdb.com\/sl\/eura\/\">Evropsko zdru\u017eenje za preseljevanje<\/a> (<a href=\"https:\/\/moverdb.com\/sl\/eura\/\" data-internallinksmanager029f6b8e52c=\"13\" title=\"Pojasnila o Evropskem zdru\u017eenju za preseljevanje (EuRA)\">EuRA<\/a>)<\/li>\n<li> <a href=\"https:\/\/moverdb.com\/sl\/fidi-faim\/\">Globalna federacija mednarodnih selitvenih podjetij<\/a> (<a href=\"https:\/\/moverdb.com\/sl\/fidi-faim\/\" data-internallinksmanager029f6b8e52c=\"16\" title=\"Pojasnila o FIDI in FAIM (FIDI Accredited International Mover)\">FIDI<\/a>)<\/li>\n<li> <a href=\"https:\/\/moverdb.com\/sl\/fidi-faim\/\">FIDI-FAIM in FAIM Plus<\/a><\/li>\n<li> <a href=\"https:\/\/moverdb.com\/sl\/iam\/\">Mednarodno zdru\u017eenje prevoznikov (IAM)<\/a><\/li>\n<li> <a href=\"https:\/\/moverdb.com\/sl\/lacma\/\">LACMA<\/a><\/li>\n<li> Upravljanje kakovosti ISO9001<\/li>\n<li> ISO14001 Upravljanje okolja<\/li>\n<li> OHSAS18001 Upravljanje zdravja in varnosti<\/li>\n<li> ISO27001 Varnost podatkov<\/li>\n<\/ul>\n<h2>Santa Fe Relocation Services Mnenja<\/h2>\n<p><strong>Pozitivna<\/strong><\/p>\n<p><em>\"Santa Fe ima berlinsko ekipo (<a href=\"https:\/\/moverdb.com\/sl\/moving-to-germany\/\" data-internallinksmanager029f6b8e52c=\"321\" title=\"Selitev v Nem\u010dijo? 2023 \u017divljenjski stro\u0161ki in nasveti za selitev\">Nem\u010dija<\/a>) in res so me navdu\u0161ili s storitvijo, ki so jo opravili. Gospod H. Schulz in gospa A. Hoenow sta mojo selitev izvedla gladko, u\u010dinkovito in vedno prijazno.\"<\/em> Dot Stein prek <a href=\"http:\/\/www.mymovingreviews.com\/movingreviews\/simply-the-best-51520\" target=\"_blank\" rel=\"noopener\">MyMovingReviews<\/a><\/p>\n<p><em>\"Od za\u010detka do konca postopka so bile storitve strokovne, koristne in ekipa se je potrudila, da je bila selitev opravljena kakovostno.\"<\/em> Linda, Melbourne via <a href=\"http:\/\/www.productreview.com.au\/p\/santa-fe-wridgways.html\" target=\"_blank\" rel=\"noopener\">Pregled izdelka<\/a><\/p>\n<p><strong>Negativni<\/strong><\/p>\n<p><em>\"NE UPORABLJAJTE. Podjetje, s katerim so sklenili pogodbo (Roy Trevor Removals), je popolnoma uni\u010dilo moja popolnoma nova lesena tla in dejansko posku\u0161alo kriviti <a href=\"https:\/\/moverdb.com\/sl\/moving-to-the-united-states\/\" data-internallinksmanager029f6b8e52c=\"94\" title=\"Selitev v Zdru\u017eene dr\u017eave Amerike? 2022 \u017divljenjski stro\u0161ki in nasveti za selitev\">nas<\/a> za \u0161kodo.\"<\/em> Pamela Rollins prek <a href=\"http:\/\/www.mymovingreviews.com\/movingreviews\/horrible-damage-to-floors-51782\" target=\"_blank\" rel=\"noopener\">MyMovingReviews<\/a><\/p>\n<p><em>\"To je bila mednarodna selitev iz PNG v Perth. Do oktobra 2015 smo bili spakirani, po ve\u010d kot petih mesecih \u0161e vedno nimamo vseh stvari.\" <\/em>Liz prek <a href=\"http:\/\/www.productreview.com.au\/p\/santa-fe-wridgways.html\" target=\"_blank\" rel=\"noopener\">Pregled izdelka<\/a><\/p>\n<div itemprop=\"review\" itemscope itemtype=\"http:\/\/schema.org\/Review\">\n<span itemprop=\"author\" itemscope=\"\" itemtype=\"http:\/\/schema.org\/Organization\"><span itemprop=\"name\">MoverDB.com<\/span><\/span> Spletni pregled spletnega mesta za <span itemprop=\"itemreviewed\" itemscope=\"\" itemtype=\"http:\/\/schema.org\/Brand\"><span itemprop=\"name\">Santa Fe selitvene storitve<\/span><\/span>:<\/p>\n<ol>\n<li> Jasni kontaktni podatki na spletnem mestu (vklju\u010dno s telefonsko \u0161tevilko): <strong>Da<\/strong><\/li>\n<li> Enostavno pridobivanje <a href=\"https:\/\/moverdb.com\/sl\/citati\/\">mednarodne selitve<\/a>? (Spletni obrazec za zahtevek za oceno): <strong>Da<\/strong><\/li>\n<li> Jasne informacije na spletnem mestu: <strong>Da<\/strong>. Izjemno informativna spletna stran.<\/li>\n<li> \u010clanstvo v mednarodno priznanih organizacijah, ki se ukvarjajo z gibanjem: <strong>Da<\/strong>, glej zgoraj.<\/li>\n<li> Seznam strank in\/ali pri\u010devanja prej\u0161njih strank: <strong>Da<\/strong>\u010ceprav ni seznama strank, je na voljo veliko pozitivnih pri\u010devanj strank.<\/li>\n<\/ol>\n<div itemprop=\"reviewRating\" itemscope itemtype=\"http:\/\/schema.org\/Rating\"><meta itemprop=\"worstRating\" content = \"0\" \/><meta itemprop=\"bestRating\" content=\"5\" \/><meta itemprop=\"ratingValue\" content=\"5\"><\/div>\n<p><strong>Skupna ocena: 5\/5<\/strong><br \/>\n<strong>Datum pregleda:<\/strong> <span itemprop=\"datePublished\" content=\"2016-05-22\">22\/05\/2016<\/span>\n<\/div>\n<p>Ve\u010d o <a href=\"https:\/\/moverdb.com\/sl\/mednarodne-selitve\/\">podjetja za selitve v Zdru\u017eenem kraljestvu<\/a> in na\u0161e <a href=\"https:\/\/moverdb.com\/sl\/pregledi\/\">pojasnilo o postopku pregleda<\/a>.<\/p>\n<p><strong>Spletna stran:<\/strong> <a href=\"http:\/\/www.santaferelo.com\/\" target=\"_blank\" rel=\"noopener\">http:\/\/www.santaferelo.com\/<\/a><\/p>","protected":false},"excerpt":{"rendered":"<p>Santa Fe Relocation Services is a high-end relocation company. It&#8217;s many removal services are listed below, together with a company profile and customer reviews. Global Mobility Services Global relocation and DSP management worldwide Visa and immigration management Move management for individuals and corporate employees Moving and Storage Services International Moving Domestic and Local Moving Storage [&hellip;]<\/p>\n","protected":false},"author":1,"featured_media":0,"parent":0,"menu_order":0,"comment_status":"closed","ping_status":"closed","template":"","meta":{"_genesis_hide_title":false,"_genesis_hide_breadcrumbs":false,"_genesis_hide_singular_image":false,"_genesis_hide_footer_widgets":false,"_genesis_custom_body_class":"","_genesis_custom_post_class":"","_genesis_layout":"","footnotes":""},"class_list":{"0":"post-347","1":"page","2":"type-page","3":"status-publish","5":"entry"},"_links":{"self":[{"href":"https:\/\/moverdb.com\/sl\/wp-json\/wp\/v2\/pages\/347","targetHints":{"allow":["GET"]}}],"collection":[{"href":"https:\/\/moverdb.com\/sl\/wp-json\/wp\/v2\/pages"}],"about":[{"href":"https:\/\/moverdb.com\/sl\/wp-json\/wp\/v2\/types\/page"}],"author":[{"embeddable":true,"href":"https:\/\/moverdb.com\/sl\/wp-json\/wp\/v2\/users\/1"}],"replies":[{"embeddable":true,"href":"https:\/\/moverdb.com\/sl\/wp-json\/wp\/v2\/comments?post=347"}],"version-history":[{"count":14,"href":"https:\/\/moverdb.com\/sl\/wp-json\/wp\/v2\/pages\/347\/revisions"}],"predecessor-version":[{"id":6235,"href":"https:\/\/moverdb.com\/sl\/wp-json\/wp\/v2\/pages\/347\/revisions\/6235"}],"wp:attachment":[{"href":"https:\/\/moverdb.com\/sl\/wp-json\/wp\/v2\/media?parent=347"}],"curies":[{"name":"wp","href":"https:\/\/api.w.org\/{rel}","templated":true}]}}