{"id":3392,"date":"2019-09-20T11:37:54","date_gmt":"2019-09-20T11:37:54","guid":{"rendered":"https:\/\/moverdb.com\/?page_id=3392"},"modified":"2026-01-08T14:39:59","modified_gmt":"2026-01-08T14:39:59","slug":"international-van-lines","status":"publish","type":"page","link":"https:\/\/moverdb.com\/sl\/international-van-lines\/","title":{"rendered":"International Van Lines (IVL): Mnenja o selitvi in selitvah"},"content":{"rendered":"<p><img loading=\"lazy\" decoding=\"async\" width=\"700\" height=\"158\" src=\"https:\/\/moverdb.com\/wp-content\/uploads\/International-Van-Lines-Logo.png\" alt=\"Logotip dru\u017ebe International Van Lines\" class=\"aligncenter size-full wp-image-3389\" data-wp-pid=\"3389\" srcset=\"https:\/\/moverdb.com\/wp-content\/uploads\/International-Van-Lines-Logo.png 700w, https:\/\/moverdb.com\/wp-content\/uploads\/International-Van-Lines-Logo-300x68.png 300w, https:\/\/moverdb.com\/wp-content\/uploads\/International-Van-Lines-Logo-600x135.png 600w\" sizes=\"auto, (max-width: 700px) 100vw, 700px\" \/><\/p>\n<p>International Van Lines je ameri\u0161ka selitvena dru\u017eba, ustanovljena leta 2000, ki je danes ena najve\u010djih <a href=\"https:\/\/moverdb.com\/sl\/moving-companies\/\" data-internallinksmanager029f6b8e52c=\"79\" title=\"Top 25 Mednarodne selitve podjetja Online\">mednarodna selitvena podjetja<\/a> na svetu. V letih 2017, 2018 in 2019 jih je organizacija Consumer Advocate ocenila kot najbolj\u0161e selitveno podjetje.<\/p>\n<p>Tukaj je nekaj storitev, ki jih opravljajo:<\/p>\n<p><a href=\"https:\/\/moverdb.com\/sl\/kontejnersko-posiljanje\/\"><strong>Prevoz polnih kontejnerjev (FCL)<\/strong><\/a><\/p>\n<ul>\n<li> Suhi zabojniki<\/li>\n<li> Na voljo sta mo\u017enosti 20\u2032 in 40\u2032<\/li>\n<li> Storitev od vrat do vrat ali tovor v \u017eivo (naredi sam)<\/li>\n<li> Zvezna pomorska komisija je izdala licenco za <a href=\"https:\/\/moverdb.com\/sl\/freight-forwarder\/\" data-internallinksmanager029f6b8e52c=\"17\" title=\"\u0160pediter in NVOCC Mednarodni vodnik po stro\u0161kih in podjetjih\">\u0161pediter<\/a>.<\/li>\n<\/ul>\n<p><strong>Pomorski tovorni promet<\/strong><\/p>\n<ul>\n<li> Od vrat do vrat<\/li>\n<li> Vrata do <a href=\"https:\/\/moverdb.com\/sl\/top-49-container-ports\/\" data-internallinksmanager029f6b8e52c=\"80\" title=\"Top 49 najve\u010djih in najbolj obremenjenih pristani\u0161\u010d za kontejnerje v letu 2025\">Pristani\u0161\u010de<\/a><\/li>\n<li> Od pristani\u0161\u010da do vrat<\/li>\n<li> Od pristani\u0161\u010da do pristani\u0161\u010da<\/li>\n<\/ul>\n<p><strong>Storitve zra\u010dnega prevoza tovora<\/strong><\/p>\n<ul>\n<li> Obravnava letalskega in hitrega tovora.<\/li>\n<li> Lahko nekaj zabojev za po\u0161iljke ali celotno gospodinjstvo<\/li>\n<li> Ponudba storitev od vrat do vrat, od vrat do terminala, od terminala do vrat ali od terminala do terminala<\/li>\n<li> Vse gospodinjsko blago bo pred natovarjanjem zavito v kr\u010dljivo embala\u017eo in polo\u017eeno na palete.<\/li>\n<li> poskrbite za vso potrebno dokumentacijo za carinjenje.<\/li>\n<\/ul>\n<p><a href=\"https:\/\/moverdb.com\/sl\/avto-transport-spedicija\/\"><strong>Avtoprevozni\u0161tvo<\/strong><\/a><\/p>\n<ul>\n<li> <a href=\"https:\/\/moverdb.com\/sl\/container-shipping\/\" data-internallinksmanager029f6b8e52c=\"3\" title=\"Mednarodni cenik prevozov zabojnikov: april 2026\">Prevoz zabojnikov<\/a><\/li>\n<li> Storitev konsolidacije<\/li>\n<li> Odvijanje in praznjenje (RO\/RO)<\/li>\n<li> Dokumentacija za carinjenje<\/li>\n<li> Mo\u017enosti zavarovanja<\/li>\n<\/ul>\n<p><strong>Storitve selitev na dolge razdalje<\/strong><\/p>\n<ul>\n<li> Za premike znotraj <a href=\"https:\/\/moverdb.com\/sl\/moving-to-the-united-states\/\" data-internallinksmanager029f6b8e52c=\"94\" title=\"Selitev v Zdru\u017eene dr\u017eave Amerike? 2022 \u017divljenjski stro\u0161ki in nasveti za selitev\">Zdru\u017eene dr\u017eave Amerike<\/a><\/li>\n<li> Pakiranje<\/li>\n<li> Shranjevanje<\/li>\n<li> Ume\u0161\u010danje v kletke<\/li>\n<li> Posebne storitve<\/li>\n<\/ul>\n<p><strong>Druge storitve<\/strong><\/p>\n<ul>\n<li> premestitev podjetja<\/li>\n<li> Selitve pisarn<\/li>\n<li> Vlada &amp; Voja\u0161ki premiki<\/li>\n<li> Storitve prevoznikov in posrednikov<\/li>\n<\/ul>\n<h2>Profil podjetja International Van Lines<\/h2>\n<p>Dru\u017eba International Van Lines trdi, da opravi ve\u010d kot 10.000 premikov na leto in ima manj kot 1% prito\u017eb. Pokrivajo celotne Zdru\u017eene dr\u017eave in ve\u010d kot 180 dr\u017eav. Od leta 2000 se ukvarjajo z mednarodnimi selitvami, leta 2004 pa so se raz\u0161irili na ponudbo doma\u010dih selitev na dolge razdalje. Trenutno zaposlujejo ve\u010d kot 200 ljudi in so bili leta 2012 na seznamu najhitreje rasto\u010dih podjetij v ZDA INC 5000. <\/p>\n<p>Dru\u017eba International Van Lines ima tudi odli\u010dne ocene od <a href=\"https:\/\/uk.trustpilot.com\/review\/www.internationalvanlines.com\" rel=\"noopener noreferrer\" target=\"_blank\">Trustpilot<\/a> (4,3 od 5), <a href=\"https:\/\/www.move.org\/international-van-lines-review\/\" rel=\"noopener noreferrer\" target=\"_blank\">Move.org<\/a> (4,7 od 5) in <a href=\"https:\/\/www.consumeraffairs.com\/homeowners\/international-van-lines.html\" rel=\"noopener noreferrer\" target=\"_blank\">Potro\u0161ni\u0161ke zadeve<\/a> (4 od 5). \u010ce se selite v ZDA ali iz njih, je to nekdo, pri katerem se spla\u010da pridobiti ponudbo.<\/p>\n<p>Imajo akreditacijo kot:<\/p>\n<ul>\n<li> Licenciran <a href=\"https:\/\/safer.fmcsa.dot.gov\/query.asp?searchtype=ANY&#038;query_type=queryCarrierSnapshot&#038;query_param=USDOT&#038;query_string=2293832\" rel=\"noopener noreferrer\" target=\"_blank\">Prevoznik DOT<\/a><\/li>\n<li> <a href=\"https:\/\/moverdb.com\/sl\/spediter\/\">NVOCC<\/a> (skupni prevoznik, ki ne opravlja dejavnosti na plovilu)<\/li>\n<li> FMC (Zvezna pomorska komisija) <\/li>\n<li> <a href=\"https:\/\/moverdb.com\/sl\/obrocnik\/\">ProMover<\/a><\/li>\n<\/ul>\n<h2>International Van Lines Mnenja<\/h2>\n<p><strong>Pozitivno:<\/strong><\/p>\n<ul>\n<li> <em>\"IVL je odli\u010dno opravil mojo selitev na dolge razdalje. Ekipa je pri\u0161la pravo\u010dasno, dobro pakirala in naredila, kar je rekla. Po potrebi bi jih ponovno uporabil.\"<\/em> - Martha B. prek spletne strani podjetja<\/li>\n<li> <em>\"Podjetje International Van Lines je pred kratkim dostavilo moje stvari. Po pregledu nisem imel nobene \u0161kode ali izgube, kar je odli\u010dno.\"<\/em> - IVY Powers prek Move.org <\/li>\n<li> <em>\"Z izku\u0161njo z dru\u017ebo IVL sem bil zadovoljen in bi jih upo\u0161teval, \u010de bi moral poslati ali se preseliti v tujino.\"<\/em> - Jeff prek potro\u0161ni\u0161kih zadev<\/li>\n<li> <em>\"V celoti gledano je bila moja izku\u0161nja odli\u010dna! Po potrebi bi z njimi ponovno sodeloval.\"<\/em> - Sade prek Trustpliot<\/li>\n<\/ul>\n<p><strong>Negativno:<\/strong><\/p>\n<ul>\n<li> <em>\"Sem nadvse razo\u010daran in nikomur ne bi priporo\u010dil podjetja International Van Lines.\"<\/em> - Ezeibe prek Trustpilot<\/li>\n<li> <em>\"Izgubili so preprogo in druge stvari.\"<\/em> - Maritini pes prek Move.org<\/li>\n<li> <em>\"Slabo nesporazum na sprednji strani o tem, kdaj bodo dejansko premaknili na\u0161e stvari v na\u0161o novo hi\u0161o\"<\/em> - Erin prek Consumer Affairs<\/li>\n<\/ul>\n<div itemprop=\"review\" itemscope itemtype=\"http:\/\/schema.org\/Review\">\n<span itemprop=\"author\" itemscope=\"\" itemtype=\"http:\/\/schema.org\/Organization\"><span itemprop=\"name\">MoverDB.com<\/span><\/span> Spletni pregled spletnega mesta za <span itemprop=\"itemreviewed\" itemscope=\"\" itemtype=\"http:\/\/schema.org\/Brand\"><span itemprop=\"name\">International Van Lines<\/span><\/span>:<\/p>\n<ol>\n<li> Jasni kontaktni podatki na spletnem mestu (vklju\u010dno s telefonsko \u0161tevilko): <strong>Da<\/strong><\/li>\n<li> Enostavno pridobivanje <a href=\"https:\/\/moverdb.com\/sl\/citati\/\">mednarodne selitvene ponudbe<\/a>? (Spletni obrazec za zahtevek za oceno): <strong>Da<\/strong><\/li>\n<li> Jasne informacije na spletnem mestu: <strong>Da.<\/strong> Na spletni strani so bile jasno predstavljene vse storitve, ki jih podjetje ponuja.<\/li>\n<li> \u010clanstvo v mednarodno priznanih organizacijah, ki se ukvarjajo z gibanjem: <strong>Da<\/strong>, (glej zgoraj)<\/li>\n<li> Seznam strank in\/ali pri\u010devanja prej\u0161njih strank. <strong>Da,<\/strong> Imajo spletne preglede na svojem spletnem mestu in tudi veliko pozitivnih pregledov na spletu.<\/li>\n<\/ol>\n<div itemprop=\"reviewRating\" itemscope itemtype=\"http:\/\/schema.org\/Rating\"><meta itemprop=\"worstRating\" content = \"0\" \/><meta itemprop=\"bestRating\" content=\"5\" \/><meta itemprop=\"ratingValue\" content=\"5\"><\/div>\n<p><strong>Skupna ocena: 5\/5<\/strong><br \/>\n<strong>Datum pregleda:<\/strong> <span itemprop=\"datePublished\" content=\"2019-09-20\">20\/09\/2019<\/span>\n<\/div>\n<p>Preberite ve\u010d o <a href=\"https:\/\/moverdb.com\/sl\/selitev-podjetja\/\">mednarodna selitvena podjetja<\/a>, <a href=\"https:\/\/moverdb.com\/sl\/nas-kanada-premikovalci\/\">doma\u010da podjetja, ki se gibljejo<\/a> in na\u0161e <a href=\"https:\/\/moverdb.com\/sl\/pregledi\/\">pojasnilo o postopku pregleda<\/a>.<\/p>\n<p><strong>Spletna stran:<\/strong> <a href=\"https:\/\/internationalvanlines.com\/\" target=\"_blank\" rel=\"noopener noreferrer\">https:\/\/internationalvanlines.com\/<\/a><\/p>","protected":false},"excerpt":{"rendered":"<p>International Van Lines is an American based mover founded in 2000 and is now one the largest international moving companies in the world. They have been rated as The Best Moving Company by Consumer Advocate in 2017, 2018 and 2019. Here are some of the services they provide: Full Container Load (FCL) Shipping Dry Containers [&hellip;]<\/p>\n","protected":false},"author":1,"featured_media":0,"parent":0,"menu_order":0,"comment_status":"closed","ping_status":"closed","template":"","meta":{"_genesis_hide_title":false,"_genesis_hide_breadcrumbs":false,"_genesis_hide_singular_image":false,"_genesis_hide_footer_widgets":false,"_genesis_custom_body_class":"","_genesis_custom_post_class":"","_genesis_layout":"","footnotes":""},"class_list":{"0":"post-3392","1":"page","2":"type-page","3":"status-publish","5":"entry","6":"has-post-thumbnail"},"_links":{"self":[{"href":"https:\/\/moverdb.com\/sl\/wp-json\/wp\/v2\/pages\/3392","targetHints":{"allow":["GET"]}}],"collection":[{"href":"https:\/\/moverdb.com\/sl\/wp-json\/wp\/v2\/pages"}],"about":[{"href":"https:\/\/moverdb.com\/sl\/wp-json\/wp\/v2\/types\/page"}],"author":[{"embeddable":true,"href":"https:\/\/moverdb.com\/sl\/wp-json\/wp\/v2\/users\/1"}],"replies":[{"embeddable":true,"href":"https:\/\/moverdb.com\/sl\/wp-json\/wp\/v2\/comments?post=3392"}],"version-history":[{"count":3,"href":"https:\/\/moverdb.com\/sl\/wp-json\/wp\/v2\/pages\/3392\/revisions"}],"predecessor-version":[{"id":3396,"href":"https:\/\/moverdb.com\/sl\/wp-json\/wp\/v2\/pages\/3392\/revisions\/3396"}],"wp:attachment":[{"href":"https:\/\/moverdb.com\/sl\/wp-json\/wp\/v2\/media?parent=3392"}],"curies":[{"name":"wp","href":"https:\/\/api.w.org\/{rel}","templated":true}]}}