{"id":320,"date":"2016-05-17T21:20:57","date_gmt":"2016-05-17T21:20:57","guid":{"rendered":"http:\/\/moverdb.com\/?page_id=320"},"modified":"2026-01-08T14:40:08","modified_gmt":"2026-01-08T14:40:08","slug":"matthew-james","status":"publish","type":"page","link":"https:\/\/moverdb.com\/sl\/matthew-james\/","title":{"rendered":"Matthew James Global Relocations"},"content":{"rendered":"<p>Matthew James Global Relocations je podjetje v zasebni lasti, ki ponuja \u0161tevilne storitve za posameznike in podjetja, ki se selijo v tujino in lokalno. Njegove storitve so navedene spodaj, skupaj s profilom podjetja in pregledi.<\/p>\n<p><strong>Mednarodne selitve<\/strong><\/p>\n<ul>\n<li> Celovita storitev od vrat do vrat<\/li>\n<li> Izvozne storitve pakiranja in ovijanja<\/li>\n<li> Storitve razpakiranja in ponovne monta\u017ee<\/li>\n<li> <a href=\"https:\/\/moverdb.com\/sl\/container-shipping\/\" data-internallinksmanager029f6b8e52c=\"3\" title=\"Mednarodni cenik prevozov zabojnikov: april 2026\">Mednarodno po\u0161iljanje<\/a> popis<\/li>\n<li> namenske in zbirne po\u0161iljke<\/li>\n<li> Pomo\u010d pri carinjenju<\/li>\n<li> Po meri izdelani zaboji za krhke in ob\u010dutljive predmete<\/li>\n<li> Mednarodno globokomorsko zavarovalno kritje<\/li>\n<li> Splo\u0161no zavarovalno kritje<\/li>\n<\/ul>\n<p><strong>Evropske selitve<\/strong><\/p>\n<ul>\n<li> Celovita storitev od vrat do vrat<\/li>\n<li> Pakiranje, zavijanje in razpakiranje<\/li>\n<li> <a href=\"https:\/\/moverdb.com\/sl\/avto-transport-spedicija\/\">Vozilo<\/a>, prevoz z ladjo in kolesom<\/li>\n<li> Urejeno zavarovanje<\/li>\n<\/ul>\n<p><strong>Doma\u010di selitve<\/strong><\/p>\n<ul>\n<li> Celovita storitev od vrat do vrat<\/li>\n<li> Pakiranje, zavijanje in razpakiranje<\/li>\n<li> Samodejno zavarovanje do 50.000 \u00a3<\/li>\n<\/ul>\n<p><strong>Skladi\u0161\u010denje v Londonu in <a href=\"https:\/\/moverdb.com\/sl\/moving-to-spain\/\" data-internallinksmanager029f6b8e52c=\"266\" title=\"Selitev v \u0160panijo? 2023 \u017divljenjski stro\u0161ki in nasveti za selitev\">\u0160panija<\/a><\/strong><\/p>\n<ul>\n<li> Skladi\u0161\u010denje v zabojnikih<\/li>\n<li> Samostojno skladi\u0161\u010denje<\/li>\n<li> Shranjevanje arhivov<\/li>\n<\/ul>\n<h2>Matthew James Profil podjetja<\/h2>\n<p>Podjetje Matthew James Global Relocations \u017ee tri generacije preme\u0161\u010da ljudi po vsem svetu. Z zanesljivimi globalnimi partnerstvi pokriva ve\u010d kot 25 000 destinacij v ve\u010d kot 300 dr\u017eavah. Podjetje je specializirano za selitve v \u0160panijo in ima v tej dr\u017eavi tri pisarne.<\/p>\n<p>Dana\u0161nji direktor Matthew De-Machen je \u017ee od malih nog navdu\u0161en nad tovornjaki, kar se je preneslo tudi v podjetje. <\/p>\n<p>Podjetje je postalo znano po svojih visokokakovostnih prilagojenih vozilih, na voljo pa so celo modeli vozil, ki jih je mogo\u010de kupiti. Strast Matthewa De-Machena do popolnosti pri tovornjakih se je prenesla v podjetje Matthew James, kjer trdijo, da je dovolj le popolnost.<\/p>\n<p>Matthew James Relocation Services pripadnosti in akreditacije:<\/p>\n<ul>\n<li> <a href=\"https:\/\/moverdb.com\/sl\/britansko-zdruzenje-odstranjevalcev\/\">Britansko zdru\u017eenje izvajalcev selitev (BAR)<\/a><\/li>\n<li> <a href=\"https:\/\/moverdb.com\/sl\/iam\/\">Mednarodno zdru\u017eenje prevoznikov (IAM)<\/a><\/li>\n<li> <a href=\"https:\/\/moverdb.com\/sl\/bar-overseas\/\">Britansko zdru\u017eenje Removers - mednarodni sodelavec<\/a><\/li>\n<li> QAS International<\/li>\n<li> <a href=\"https:\/\/moverdb.com\/sl\/fedemac\/\">Fedemac European Movers<\/a><\/li>\n<li> Sistem priznavanja upravljavcev voznega parka (FORS) - zlato<\/li>\n<li> Standard zagotovljene kakovosti storitev - dejavnosti selitve pohi\u0161tva in selitvene storitve v tujini<\/li>\n<li> In\u0161titut za trgovinske standarde (TSI)<\/li>\n<\/ul>\n<h2>Matthew James Relocation Mnenja<\/h2>\n<p><strong>Pozitivna<\/strong><\/p>\n<ul>\n<li> <em>\"Zelo vljuden na obeh koncih selitve. Zdi se, da so vse na\u0161e stvari pre\u017eivele potovanje.\"<\/em> - prek <a href=\"http:\/\/www.referenceline.com\/removers_removals-in-dartford-matthewjamesremovalsstorageltd-14758\" target=\"_blank\" rel=\"noopener\">Referen\u010dna linija<\/a>.<\/li>\n<li> <em>\"profesionalen, vljuden, u\u010dinkovit, vesel\"<\/em> - prek <a href=\"https:\/\/www.trustedmover.org\/questionnaire\/7167\" target=\"_blank\" rel=\"noopener\">Trusted Mover<\/a><\/li>\n<li> <em>\"Lahko samo pohvalim \u010dudovit na\u010din, kako je osebje podjetja Mathew James opravilo mojo selitev, od za\u010detnega posvetovanja, ponudbe in pakiranja do dostave.\"<\/em> - prek <a href=\"http:\/\/www.reviews.co.uk\/company-reviews\/store\/matthew-james-removals\" target=\"_blank\" rel=\"noopener\">Reviews.co.uk<\/a><\/li>\n<\/ul>\n<p><strong>Negativni<\/strong><\/p>\n<ul>\n<li> <em>\"Popolno neupo\u0161tevanje strank in popolna brezbri\u017enost.\"<\/em> - prek <a href=\"https:\/\/www.yell.com\/biz\/matthew-james-removals-and-storage-dartford-8459632\/\" target=\"_blank\" rel=\"noopener\">Jok<\/a><\/li>\n<\/ul>\n<div itemprop=\"review\" itemscope itemtype=\"http:\/\/schema.org\/Review\">\n<span itemprop=\"author\" itemscope=\"\" itemtype=\"http:\/\/schema.org\/Organization\"><span itemprop=\"name\">MoverDB.com<\/span><\/span> Spletni pregled spletnega mesta za <span itemprop=\"itemreviewed\" itemscope=\"\" itemtype=\"http:\/\/schema.org\/Brand\"><span itemprop=\"name\">Matthew James Removals<\/span><\/span>:<\/p>\n<ol>\n<li> Jasni kontaktni podatki na spletnem mestu (vklju\u010dno s telefonsko \u0161tevilko): <strong>Da<\/strong><\/li>\n<li> Enostavno pridobivanje <a href=\"https:\/\/moverdb.com\/sl\/citati\/\">mednarodne selitve<\/a>? (Spletni obrazec za zahtevek za oceno): <strong>Da<\/strong><\/li>\n<li> Jasne informacije na spletnem mestu: <strong>Delno.<\/strong> Spletna stran ne vsebuje veliko koristnih informacij in predlaga, da se za podrobnosti obrnete na podjetje.<\/li>\n<li> \u010clanstvo v mednarodno priznanih organizacijah, ki se ukvarjajo z gibanjem: <strong>Da<\/strong>, glej zgoraj.<\/li>\n<li> Seznam strank in\/ali pri\u010devanja prej\u0161njih strank: <strong>Delno.<\/strong> Na spletnem mestu ni seznama strank, vendar ste za ogled pri\u010devanj napoteni na ReferenceLine.<\/li>\n<\/ol>\n<div itemprop=\"reviewRating\" itemscope itemtype=\"http:\/\/schema.org\/Rating\"><meta itemprop=\"worstRating\" content = \"0\" \/><meta itemprop=\"bestRating\" content=\"5\" \/><meta itemprop=\"ratingValue\" content=\"4.5\"><\/div>\n<p><strong>Skupna ocena: 4,5\/5<\/strong><br \/>\n<strong>Datum pregleda:<\/strong> <span itemprop=\"datePublished\" content=\"2016-05-017\">17\/05\/2016<\/span><\/p>\n<\/div>\n<p>Ve\u010d o <a href=\"https:\/\/moverdb.com\/sl\/mednarodne-selitve\/\">podjetja za selitve v Zdru\u017eenem kraljestvu<\/a> in na\u0161e <a href=\"https:\/\/moverdb.com\/sl\/pregledi\/\">pojasnilo o postopku pregleda<\/a>.<\/p>\n<p><strong>Spletna stran:<\/strong> <a href=\"http:\/\/www.matthewjamesremovals.com\/\" target=\"_blank\" rel=\"noopener\">http:\/\/www.matthewjamesremovals.com\/<\/a><\/p>","protected":false},"excerpt":{"rendered":"<p>Matthew James Global Relocations is a privately owned company which offers many services for individuals and companies moving abroad and locally. Its services are listed below, together with a company profile and reviews. International Relocations Complete door to door service Export packing and wrapping services Unpacking and reassembly services International shipping inventory Dedicated and Groupage [&hellip;]<\/p>\n","protected":false},"author":1,"featured_media":0,"parent":0,"menu_order":0,"comment_status":"closed","ping_status":"closed","template":"","meta":{"_genesis_hide_title":false,"_genesis_hide_breadcrumbs":false,"_genesis_hide_singular_image":false,"_genesis_hide_footer_widgets":false,"_genesis_custom_body_class":"","_genesis_custom_post_class":"","_genesis_layout":"","footnotes":""},"class_list":{"0":"post-320","1":"page","2":"type-page","3":"status-publish","5":"entry"},"_links":{"self":[{"href":"https:\/\/moverdb.com\/sl\/wp-json\/wp\/v2\/pages\/320","targetHints":{"allow":["GET"]}}],"collection":[{"href":"https:\/\/moverdb.com\/sl\/wp-json\/wp\/v2\/pages"}],"about":[{"href":"https:\/\/moverdb.com\/sl\/wp-json\/wp\/v2\/types\/page"}],"author":[{"embeddable":true,"href":"https:\/\/moverdb.com\/sl\/wp-json\/wp\/v2\/users\/1"}],"replies":[{"embeddable":true,"href":"https:\/\/moverdb.com\/sl\/wp-json\/wp\/v2\/comments?post=320"}],"version-history":[{"count":12,"href":"https:\/\/moverdb.com\/sl\/wp-json\/wp\/v2\/pages\/320\/revisions"}],"predecessor-version":[{"id":13173,"href":"https:\/\/moverdb.com\/sl\/wp-json\/wp\/v2\/pages\/320\/revisions\/13173"}],"wp:attachment":[{"href":"https:\/\/moverdb.com\/sl\/wp-json\/wp\/v2\/media?parent=320"}],"curies":[{"name":"wp","href":"https:\/\/api.w.org\/{rel}","templated":true}]}}