{"id":303,"date":"2016-05-03T20:16:23","date_gmt":"2016-05-03T20:16:23","guid":{"rendered":"http:\/\/moverdb.com\/?page_id=303"},"modified":"2026-01-08T13:18:30","modified_gmt":"2026-01-08T13:18:30","slug":"harrow-green","status":"publish","type":"page","link":"https:\/\/moverdb.com\/sl\/harrow-green\/","title":{"rendered":"Harrow Green International Moving &amp; Removals Mnenja"},"content":{"rendered":"<p>Podjetje Harrow Green je specializirano predvsem za selitve podjetij, tako doma\u010de kot mednarodne. Spodaj so navedene njihove glavne storitve in mnenja o podjetju.<\/p>\n<h2>Storitve selitev Harrow Green<\/h2>\n<p><strong>Mednarodni selitev<\/strong><\/p>\n<ul>\n<li> Storitve pakiranja<\/li>\n<li> Prevoz<\/li>\n<li> Storitve shranjevanja<\/li>\n<li> Destinacijski paket<\/li>\n<li> Zavarovanje<\/li>\n<li> Storitve na destinaciji, kot so rokodelci, iskanje stanovanja in premestitev hi\u0161nih ljubljen\u010dkov.<\/li>\n<\/ul>\n<p><strong>Poslovne selitve<\/strong><\/p>\n<ul>\n<li> Na\u010drtovanje prostora<\/li>\n<li> Dobava novega pohi\u0161tva<\/li>\n<li> Demonta\u017ea in ponovna monta\u017ea obstoje\u010dega pohi\u0161tva<\/li>\n<li> okolju prijazno odstranjevanje ne\u017eelene opreme<\/li>\n<li> Programi recikliranja in ponovne uporabe<\/li>\n<li> Re\u0161itve za shranjevanje zunaj lokacije<\/li>\n<li> Najem zaboj\u010dkov<\/li>\n<\/ul>\n<p><strong>Preselitev tehnologije<\/strong><\/p>\n<ul>\n<li> Osnovna storitev vklju\u010duje osebne ra\u010dunalnike, delovne postaje in vse periferne naprave (kot so tiskalniki in opti\u010dni bralniki) ter namizno glasovno in podatkovno opremo.<\/li>\n<li> Podrobna revizija pred selitvijo<\/li>\n<li> Nadgradnje sistema<\/li>\n<\/ul>\n<p><strong>Recikliranje in ponovna uporaba<\/strong><\/p>\n<ul>\n<li> Dobrodelna donacija<\/li>\n<li> Ponovna prodaja<\/li>\n<li> Prenova<\/li>\n<li> Recikliranje<\/li>\n<li> Izbris pisarne<\/li>\n<\/ul>\n<p><strong>Storitve shranjevanja<\/strong><\/p>\n<ul>\n<li> Shranjevanje pohi\u0161tva<\/li>\n<li> Nadzor in upravljanje zalog<\/li>\n<li> Hramba dedi\u0161\u010dine in specializirano skladi\u0161\u010denje<\/li>\n<\/ul>\n<p><strong>Upravljanje dokumentacije<\/strong><\/p>\n<ul>\n<li> Shranjevanje dokumentov<\/li>\n<li> Spletno sledenje dokumentom<\/li>\n<li> Skeniranje na zahtevo<\/li>\n<li> Varnost shranjevanja dokumentov<\/li>\n<li> Varnost dedi\u0161\u010dine<\/li>\n<li> Shranjevanje v oblaku<\/li>\n<li> Shranjevanje na traku<\/li>\n<li> Doma\u010da in osebna pisarna<\/li>\n<\/ul>\n<h2>Harrow Green Profil podjetja<\/h2>\n<p>Podjetje Harrow Green ima tri desetletja izku\u0161enj na podro\u010dju selitev podjetij in je z leti raz\u0161irilo svoje storitve, da bi zadovoljilo potrebe strank in njihovih rasto\u010dih organizacij. <\/p>\n<p>Opisujejo se kot \u0161tevilka ena na podro\u010dju komercialnih selitev. Harrow Green je \u017ee 20 let v celoti integriran partner UBS pri izvajanju storitev.<\/p>\n<p>Podjetje je v osemdesetih letih prej\u0161njega stoletja za\u010delo z upravljanjem selitev informacijske tehnologije, v devetdesetih letih pa je dodalo oddelek za upravljanje dokumentacije in mednarodne selitve. Podjetje Harrow Green se osredoto\u010da predvsem na selitve podjetij, predvsem podjetij, javnih organizacij in MSP. <\/p>\n<p>Vendar pa ponuja omejene osebne storitve. <\/p>\n<p>Harrow Green je od februarja 2012 del podjetja Restore plc, ki si prizadeva postati vodilno podjetje na trgu. <a href=\"https:\/\/moverdb.com\/sl\/moving-to-the-uk\/\" data-internallinksmanager029f6b8e52c=\"93\" title=\"Selitev v Zdru\u017eeno kraljestvo? 2022 \u017divljenjski stro\u0161ki in nasveti za selitev\">ZDRU\u017dENO KRALJESTVO<\/a> skupina za pisarni\u0161ke storitve. Restore plc je podjetje za podporne storitve, ki kotira na borzi AIM in je bilo ustanovljeno leta 2004.<\/p>\n<p><strong>Nagrade<\/strong><\/p>\n<ul>\n<li> Finalist nagrade za partnerstvo PFM<\/li>\n<li> Komercialni prevoznik leta 2014<\/li>\n<li> Nagrada za najbolj\u0161o inovacijo na podro\u010dju storitev FM<\/li>\n<li> Nagrada BIFM za najbolj\u0161ega korporativnega podpornika<\/li>\n<li> Poimenovan kot \"one to watch\" s strani Best Companies<\/li>\n<li> V o\u017ejem izboru za nagrado EMMA v kategoriji <a href=\"https:\/\/moverdb.com\/sl\/moving-companies\/\" data-internallinksmanager029f6b8e52c=\"79\" title=\"Top 25 Mednarodne selitve podjetja Online\">Mednarodna selitev podjetja<\/a> kategorije leta<\/li>\n<li> Finalist v kategoriji U\u010denje in karierni razvoj za nagrade BIFM 2015<\/li>\n<li> Finalist East London Chamber of Commerce\/Docklands Business Awards<\/li>\n<li> Prodajalec leta UBS<\/li>\n<li> Finalisti za odli\u010dnost na podro\u010dju storitev za stranke na <a href=\"\" data-internallinksmanager029f6b8e52c=\"34\" title=\"Birmingham\">Birmingham<\/a> Poslovne nagrade gospodarske zbornice.<\/li>\n<\/ul>\n<p><strong>\u010clanstvo in potrdila<\/strong> <\/p>\n<ul>\n<li> Standard odli\u010dnosti storitev za stranke SGS<\/li>\n<li> Certifikat BS 8522<\/li>\n<li> ISO 9001 Sistemi vodenja kakovosti - Cert FS 34113<\/li>\n<li> <a href=\"https:\/\/moverdb.com\/sl\/fidi-faim\/\">Certifikat FIDI FAIMPlus<\/a><\/li>\n<li> JAUPT je odobril izvajanje usposabljanja<\/li>\n<li> Certifikat Achilles\/UVDB (kategorija B2)<\/li>\n<li> Potrjeno kot skladen s shemo skladnosti v sektorju varnega izvajalca<\/li>\n<li> Potrjeno kot skladen s shemo skladnosti sektorja CHAS<\/li>\n<li> Potrjeno kot skladen s shemo skladnosti sektorja Construction line<\/li>\n<li> Korporativni \u010dlan Britanskega in\u0161tituta za upravljanje objektov<\/li>\n<li> Strate\u0161ki partner dru\u017ebe O'Neil za sisteme za upravljanje evidenc<\/li>\n<li> \u010clan <a href=\"https:\/\/moverdb.com\/sl\/britansko-zdruzenje-odstranjevalcev\/\">BAR, Britansko zdru\u017eenje izvajalcev selitev<\/a><\/li>\n<li> <a href=\"https:\/\/moverdb.com\/sl\/bar-overseas\/\">Skupina BAR Overseas<\/a><\/li>\n<li> <a href=\"https:\/\/moverdb.com\/sl\/fidi-faim\/\">\u010clanica FIDI<\/a>, organizacija, ki zastopa svetovne gibalce<\/li>\n<li> \u010clan RoSPA - Kraljevega zdru\u017eenja za prepre\u010devanje nesre\u010d<\/li>\n<li> <a href=\"https:\/\/moverdb.com\/sl\/iam\/\">\u010clan IAM - Mednarodnega zdru\u017eenja selitvenih podjetij<\/a><\/li>\n<li> Poobla\u0161\u010deni \u010dlan in zastopnik dru\u017ebe The <a href=\"https:\/\/moverdb.com\/sl\/british-association-of-removers\/\" data-internallinksmanager029f6b8e52c=\"9\" title=\"Pojasnila o Britanskem zdru\u017eenju izvajalcev selitev (BAR)\">Britansko zdru\u017eenje odstranjevalcev<\/a> DBA <a href=\"https:\/\/moverdb.com\/sl\/mtc\/\">Movers Trading Club<\/a> (<a href=\"https:\/\/moverdb.com\/sl\/mtc\/\" data-internallinksmanager029f6b8e52c=\"30\" title=\"Movers Trading Club (MTC) pojasnjeno\">MTC<\/a>)<\/li>\n<\/ul>\n<h2>Harrow Green Removals Mnenja<\/h2>\n<div itemprop=\"review\" itemscope itemtype=\"http:\/\/schema.org\/Review\">\n<span itemprop=\"author\" itemscope=\"\" itemtype=\"http:\/\/schema.org\/Organization\"><span itemprop=\"name\">MoverDB.com<\/span><\/span> Spletni pregled spletnega mesta za <span itemprop=\"itemreviewed\" itemscope=\"\" itemtype=\"http:\/\/schema.org\/Brand\"><span itemprop=\"name\">Harrow Green<\/span><\/span>:<\/p>\n<ol>\n<li> Jasni kontaktni podatki na spletni strani (vklju\u010dno s telefonsko \u0161tevilko)? <strong>Da<\/strong><\/li>\n<li> Enostavno pridobivanje <a href=\"https:\/\/moverdb.com\/sl\/citati\/\">mednarodne selitve<\/a>? (Spletni obrazec za zahtevek za oceno): <strong>Delno<\/strong>, je na voljo obrazec za elektronsko po\u0161to, vendar ne ustrezen obrazec za ponudbo.<\/li>\n<li> Jasne informacije na spletnem mestu: <strong>Da<\/strong>, Spletno mesto je dobro urejeno ter enostavno za razumevanje in uporabo. Manjka le \u0161e obrazec za dolo\u010danje cen\/cenovne ponudbe.<\/li>\n<li> \u010clanstvo v mednarodno priznanih organizacijah, ki se ukvarjajo z gibanjem: <strong>Da<\/strong><\/li>\n<li> Seznam strank in\/ali pri\u010devanja prej\u0161njih strank: <strong>Da<\/strong><\/li>\n<\/ol>\n<div itemprop=\"reviewRating\" itemscope itemtype=\"http:\/\/schema.org\/Rating\"><meta itemprop=\"worstRating\" content = \"0\" \/><meta itemprop=\"bestRating\" content=\"5\" \/><meta itemprop=\"ratingValue\" content=\"4.5\"><\/div>\n<p><strong>Skupna ocena: 4,5\/5<\/strong><br \/>\n<strong>Datum pregleda:<\/strong> <span itemprop=\"datePublished\" content=\"2018-01-15\">15\/01\/2018<\/span>\n<\/div>\n<p>Ve\u010d o <a href=\"https:\/\/moverdb.com\/sl\/mednarodne-selitve\/\">podjetja za selitve v Zdru\u017eenem kraljestvu<\/a> in na\u0161e <a href=\"https:\/\/moverdb.com\/sl\/pregledi\/\">pojasnilo o postopku pregleda<\/a>.<\/p>\n<p><strong>Spletna stran:<\/strong> <a href=\"https:\/\/www.harrowgreeninternational.com\/\" target=\"_blank\" rel=\"noopener noreferrer\">https:\/\/www.harrowgreeninternational.com\/<\/a><\/p>","protected":false},"excerpt":{"rendered":"<p>Harrow Green specialise primarily in business removals, both domestic and international. Below are their core services along with reviews about the company. Harrow Green Removals Services International moving Packing services Transportation Storage services Destination package Insurance Destination services, such as handyman, home search and pet relocation Business removals Space planning New furniture supply Dismantling and [&hellip;]<\/p>\n","protected":false},"author":1,"featured_media":0,"parent":0,"menu_order":0,"comment_status":"closed","ping_status":"closed","template":"","meta":{"_genesis_hide_title":false,"_genesis_hide_breadcrumbs":false,"_genesis_hide_singular_image":false,"_genesis_hide_footer_widgets":false,"_genesis_custom_body_class":"","_genesis_custom_post_class":"","_genesis_layout":"","footnotes":""},"class_list":{"0":"post-303","1":"page","2":"type-page","3":"status-publish","5":"entry"},"_links":{"self":[{"href":"https:\/\/moverdb.com\/sl\/wp-json\/wp\/v2\/pages\/303","targetHints":{"allow":["GET"]}}],"collection":[{"href":"https:\/\/moverdb.com\/sl\/wp-json\/wp\/v2\/pages"}],"about":[{"href":"https:\/\/moverdb.com\/sl\/wp-json\/wp\/v2\/types\/page"}],"author":[{"embeddable":true,"href":"https:\/\/moverdb.com\/sl\/wp-json\/wp\/v2\/users\/1"}],"replies":[{"embeddable":true,"href":"https:\/\/moverdb.com\/sl\/wp-json\/wp\/v2\/comments?post=303"}],"version-history":[{"count":13,"href":"https:\/\/moverdb.com\/sl\/wp-json\/wp\/v2\/pages\/303\/revisions"}],"predecessor-version":[{"id":3300,"href":"https:\/\/moverdb.com\/sl\/wp-json\/wp\/v2\/pages\/303\/revisions\/3300"}],"wp:attachment":[{"href":"https:\/\/moverdb.com\/sl\/wp-json\/wp\/v2\/media?parent=303"}],"curies":[{"name":"wp","href":"https:\/\/api.w.org\/{rel}","templated":true}]}}