{"id":2752,"date":"2017-05-09T16:25:21","date_gmt":"2017-05-09T16:25:21","guid":{"rendered":"https:\/\/moverdb.com\/?page_id=2752"},"modified":"2026-01-08T14:47:12","modified_gmt":"2026-01-08T14:47:12","slug":"avto-transport-spedicija","status":"publish","type":"page","link":"https:\/\/moverdb.com\/sl\/car-transport-shipping\/","title":{"rendered":"2026 Kvote za mednarodni prevoz avtomobilov in prevoz vozil"},"content":{"rendered":"<p>I\u0161\u010dete mednarodni prevoz avtomobilov ali prevoz vozil, vendar ne veste, kje za\u010deti? Pomagamo vam pri vsem, od podjetij do stro\u0161kov in ponudb. <\/p>\n<p>Zgoraj lahko takoj za\u010dnete z uporabo na\u0161ega obrazca za ponudbo ali pa si preberite spodnji vodnik za ve\u010d informacij.<\/p>\n<p><img loading=\"lazy\" decoding=\"async\" width=\"720\" height=\"480\" src=\"https:\/\/moverdb.com\/wp-content\/uploads\/car-transport-shipping.jpg\" alt=\"2019 Mednarodni prevoz avtomobilov in prevoz vozil\" class=\"aligncenter size-full wp-image-2753\" srcset=\"https:\/\/moverdb.com\/wp-content\/uploads\/car-transport-shipping.jpg 720w, https:\/\/moverdb.com\/wp-content\/uploads\/car-transport-shipping-300x200.jpg 300w, https:\/\/moverdb.com\/wp-content\/uploads\/car-transport-shipping-600x400.jpg 600w\" sizes=\"auto, (max-width: 720px) 100vw, 720px\" \/><\/p>\n<div id=\"ez-toc-container\" class=\"ez-toc-v2_0_82_2 ez-toc-wrap-left counter-hierarchy ez-toc-counter ez-toc-transparent ez-toc-container-direction\">\n<div class=\"ez-toc-title-container\">\n<p class=\"ez-toc-title\" style=\"cursor:inherit\">Oddelki<\/p>\n<span class=\"ez-toc-title-toggle\"><a href=\"#\" class=\"ez-toc-pull-right ez-toc-btn ez-toc-btn-xs ez-toc-btn-default ez-toc-toggle\" aria-label=\"Toggle Tabela vsebine\"><span class=\"ez-toc-js-icon-con\"><span class=\"\"><span class=\"eztoc-hide\" style=\"display:none;\">Toggle<\/span><span class=\"ez-toc-icon-toggle-span\"><svg style=\"fill: #999;color:#999\" xmlns=\"http:\/\/www.w3.org\/2000\/svg\" class=\"list-377408\" width=\"20px\" height=\"20px\" viewbox=\"0 0 24 24\" fill=\"none\"><path d=\"M6 6H4v2h2V6zm14 0H8v2h12V6zM4 11h2v2H4v-2zm16 0H8v2h12v-2zM4 16h2v2H4v-2zm16 0H8v2h12v-2z\" fill=\"currentColor\"><\/path><\/svg><svg style=\"fill: #999;color:#999\" class=\"arrow-unsorted-368013\" xmlns=\"http:\/\/www.w3.org\/2000\/svg\" width=\"10px\" height=\"10px\" viewbox=\"0 0 24 24\" version=\"1.2\" baseprofile=\"tiny\"><path d=\"M18.2 9.3l-6.2-6.3-6.2 6.3c-.2.2-.3.4-.3.7s.1.5.3.7c.2.2.4.3.7.3h11c.3 0 .5-.1.7-.3.2-.2.3-.5.3-.7s-.1-.5-.3-.7zM5.8 14.7l6.2 6.3 6.2-6.3c.2-.2.3-.5.3-.7s-.1-.5-.3-.7c-.2-.2-.4-.3-.7-.3h-11c-.3 0-.5.1-.7.3-.2.2-.3.5-.3.7s.1.5.3.7z\"\/><\/svg><\/span><\/span><\/span><\/a><\/span><\/div>\n<nav><ul class='ez-toc-list ez-toc-list-level-1 eztoc-toggle-hide-by-default' ><li class='ez-toc-page-1 ez-toc-heading-level-2'><a class=\"ez-toc-link ez-toc-heading-1\" href=\"https:\/\/moverdb.com\/sl\/car-transport-shipping\/#Auto_Transport_Companies\" >Podjetja za prevoz avtomobilov<\/a><ul class='ez-toc-list-level-3' ><li class='ez-toc-heading-level-3'><a class=\"ez-toc-link ez-toc-heading-2\" href=\"https:\/\/moverdb.com\/sl\/car-transport-shipping\/#US_Canadian_Auto_Transport_Companies\" >Podjetja za prevoz avtomobilov v ZDA in Kanadi<\/a><\/li><li class='ez-toc-page-1 ez-toc-heading-level-3'><a class=\"ez-toc-link ez-toc-heading-3\" href=\"https:\/\/moverdb.com\/sl\/car-transport-shipping\/#UK_Car_Transport_Companies\" >Podjetja za prevoz avtomobilov v Zdru\u017eenem kraljestvu<\/a><\/li><li class='ez-toc-page-1 ez-toc-heading-level-3'><a class=\"ez-toc-link ez-toc-heading-4\" href=\"https:\/\/moverdb.com\/sl\/car-transport-shipping\/#Australian_Car_Transport_Companies\" >Avstralska podjetja za prevoz avtomobilov<\/a><\/li><\/ul><\/li><li class='ez-toc-page-1 ez-toc-heading-level-2'><a class=\"ez-toc-link ez-toc-heading-5\" href=\"https:\/\/moverdb.com\/sl\/car-transport-shipping\/#International_Car_Transport_Costs\" >Stro\u0161ki mednarodnega prevoza avtomobilov<\/a><ul class='ez-toc-list-level-3' ><li class='ez-toc-heading-level-3'><a class=\"ez-toc-link ez-toc-heading-6\" href=\"https:\/\/moverdb.com\/sl\/car-transport-shipping\/#Car_Transport_Taxes\" >Davki za prevoz avtomobilov<\/a><\/li><\/ul><\/li><li class='ez-toc-page-1 ez-toc-heading-level-2'><a class=\"ez-toc-link ez-toc-heading-7\" href=\"https:\/\/moverdb.com\/sl\/car-transport-shipping\/#International_Vehicle_Shipping_Documentation\" >Dokumentacija za mednarodni prevoz vozil<\/a><\/li><li class='ez-toc-page-1 ez-toc-heading-level-2'><a class=\"ez-toc-link ez-toc-heading-8\" href=\"https:\/\/moverdb.com\/sl\/car-transport-shipping\/#Other_Car_Transport_Tips\" >Drugi nasveti za prevoz avtomobilov<\/a><\/li><li class='ez-toc-page-1 ez-toc-heading-level-2'><a class=\"ez-toc-link ez-toc-heading-9\" href=\"https:\/\/moverdb.com\/sl\/car-transport-shipping\/#Car_Transport_Quotes\" >Citati za prevoz avtomobilov<\/a><\/li><\/ul><\/nav><\/div>\n<h2><span class=\"ez-toc-section\" id=\"Auto_Transport_Companies\"><\/span>Podjetja za prevoz avtomobilov<span class=\"ez-toc-section-end\"><\/span><\/h2>\n<p>Trg mednarodnega prevoza avtomobilov in vozil je zelo razdrobljen, saj na njem po vsem svetu deluje ve\u010d sto ali morda ve\u010d tiso\u010d majhnih podjetij. V nadaljevanju navajamo nekaj najbolj priljubljenih podjetij, specializiranih za prevoz avtomobilov. <\/p>\n<p>Vendar pa se morate prepri\u010dati, da ste pridobili tudi ponudbe <a href=\"https:\/\/moverdb.com\/sl\/selitev-podjetja\/\">top mednarodna selitvena podjetja<\/a> in . <a href=\"https:\/\/moverdb.com\/sl\/spediter\/\">\u0161pediterji<\/a> da se prepri\u010date, da ste dobili po\u0161teno ponudbo.<\/p>\n<p>Lahko pa obi\u0161\u010dete zgornji del strani in izpolnite na\u0161 obrazec za ponudbo ter hitro poi\u0161\u010dete podjetja. <\/p>\n<h3><span class=\"ez-toc-section\" id=\"US_Canadian_Auto_Transport_Companies\"><\/span>Podjetja za prevoz avtomobilov v ZDA in Kanadi<span class=\"ez-toc-section-end\"><\/span><\/h3>\n<ul>\n<li> A-1 Auto Transport<\/li>\n<li> Ameri\u0161ki avtoprevozni\u0161tvo<\/li>\n<li> AmeriFreight<\/li>\n<li> C.A.R. Transport<\/li>\n<li> Zanesljivi avtoprevozniki (DAS)<\/li>\n<li> eShip<\/li>\n<li> Executive Auto Shippers<\/li>\n<li> Fisher Shipping<\/li>\n<li> Kralj cestnega prometa<\/li>\n<li> Montway Auto Transport<\/li>\n<li> Prostar Automotive Transport<\/li>\n<li> Neposredno po\u0161iljanje avtomobila<\/li>\n<li> Po\u0161ljite svoj avtomobil zdaj<\/li>\n<li> Stateway Auto Transport<\/li>\n<li> Var\u010dno po\u0161iljanje avtomobilov<\/li>\n<li> Prevozili ga bomo<\/li>\n<\/ul>\n<h3><span class=\"ez-toc-section\" id=\"UK_Car_Transport_Companies\"><\/span>Podjetja za prevoz avtomobilov v Zdru\u017eenem kraljestvu<span class=\"ez-toc-section-end\"><\/span><\/h3>\n<ul>\n<li> Acumen Automotive Logistics<\/li>\n<li> AutoShippers<\/li>\n<li> Prevoz avtomobilov Quoter<\/li>\n<li> Storitve selitve klasi\u010dnih avtomobilov<\/li>\n<li> Quinns Car Transport<\/li>\n<li> Premikanje avtomobila<\/li>\n<li> Prevoz vozil White's Vehicle Transport<\/li>\n<li> Woodside Motorfreight<\/li>\n<\/ul>\n<p>Oglejte si tudi na\u0161e <a href=\"https:\/\/moverdb.com\/sl\/mednarodne-selitve\/\">mednarodne selitve<\/a> stran.<\/p>\n<h3><span class=\"ez-toc-section\" id=\"Australian_Car_Transport_Companies\"><\/span>Avstralska podjetja za prevoz avtomobilov<span class=\"ez-toc-section-end\"><\/span><\/h3>\n<ul>\n<li> ACR <a href=\"https:\/\/moverdb.com\/sl\/moving-to-australia\/living-in-australia\/\" data-internallinksmanager029f6b8e52c=\"240\" title=\"21 skrivnosti o \u017eivljenju v Avstraliji, ki jih morate poznati, preden se preselite\">Avstralija<\/a><\/li>\n<li> Avstralski prevoz avtomobilov<\/li>\n<li> Avto-logistika<\/li>\n<li> Prevoz avtomobilov Express<\/li>\n<li> Prena\u0161anje od vrat do vrat<\/li>\n<li> CEVA Prena\u0161anje vozil<\/li>\n<li> Premikanje avtomobilov<\/li>\n<li> PrixCar Transport<\/li>\n<li> SMB Avstralija Prevoz avtomobilov<\/li>\n<li> Cestnina<\/li>\n<\/ul>\n<h2><span class=\"ez-toc-section\" id=\"International_Car_Transport_Costs\"><\/span>Stro\u0161ki mednarodnega prevoza avtomobilov<span class=\"ez-toc-section-end\"><\/span><\/h2>\n<p>Stro\u0161ki prevoza in po\u0161iljanja avtomobilov se zelo razlikujejo, odvisno od tega, kako hitro potrebujete vozilo, in od na\u010dina po\u0161iljanja. Pri prevozu po morju s kontejnerjem so lahko stro\u0161ki le nekaj sto dolarjev, vendar lahko trajajo tudi ve\u010d kot en mesec. <\/p>\n<p>\u0160e ve\u010d denarja lahko prihranite, \u010de ne potrebujete storitve od vrat do vrat, temve\u010d se odlo\u010dite za prevzem avtomobila v najbli\u017ejem <a href=\"https:\/\/moverdb.com\/sl\/top-49-container-ports\/\" data-internallinksmanager029f6b8e52c=\"80\" title=\"Top 49 najve\u010djih in najbolj obremenjenih pristani\u0161\u010d za kontejnerje v letu 2025\">pristani\u0161\u010de<\/a> \u010de po\u0161iljate po morju s po\u0161iljko RoRo (Roll on Roll off).<\/p>\n<p>Ve\u010d informacij najdete v na\u0161em vodniku: <a href=\"https:\/\/moverdb.com\/sl\/kontejnersko-posiljanje\/\">Cene in stro\u0161ki mednarodnega po\u0161iljanja zabojnikov<\/a><\/p>\n<p>Za premike znotraj celine (npr. <a href=\"https:\/\/moverdb.com\/sl\/moving-to-the-united-states\/\" data-internallinksmanager029f6b8e52c=\"94\" title=\"Selitev v Zdru\u017eene dr\u017eave Amerike? 2022 \u017divljenjski stro\u0161ki in nasveti za selitev\">ZDA<\/a> na . <a href=\"https:\/\/moverdb.com\/sl\/moving-to-canada\/\" data-internallinksmanager029f6b8e52c=\"265\" title=\"Selitev v Kanado? 2023 \u017divljenjski stro\u0161ki in nasveti za selitev\">Kanada<\/a>, <a href=\"https:\/\/moverdb.com\/sl\/moving-to-the-uk\/\" data-internallinksmanager029f6b8e52c=\"93\" title=\"Selitev v Zdru\u017eeno kraljestvo? 2022 \u017divljenjski stro\u0161ki in nasveti za selitev\">ZDRU\u017dENO KRALJESTVO<\/a> na . <a href=\"https:\/\/moverdb.com\/sl\/moving-to-spain\/\" data-internallinksmanager029f6b8e52c=\"266\" title=\"Selitev v \u0160panijo? 2023 \u017divljenjski stro\u0161ki in nasveti za selitev\">\u0160panija<\/a>), lahko najamete prevoznika, ki bo za vas odpeljal va\u0161 avtomobil, \u010de je ta v dobrem stanju. To pogosto stane precej ve\u010d (do nekaj tiso\u010d dolarjev, funtov ali evrov), vendar to pomeni, da lahko avto dobite v nekaj dneh in ne tednih. <\/p>\n<p>\u010ce avtomobil ni v delujo\u010dem stanju, ga boste morali poslati s prikolico ali drugim specializiranim tovornjakom. <\/p>\n<p>Najdra\u017eja mo\u017enost je po\u0161iljanje po zraku, vendar se to na splo\u0161no ne priporo\u010da, saj so stro\u0161ki previsoki.<\/p>\n<p><strong>Druge stvari, ki vplivajo na stro\u0161ke:<\/strong><\/p>\n<ul>\n<li> <strong>Oddaljenost:<\/strong> Bolj kot je oddaljena po\u0161iljka, dra\u017eja bo celotna cena, \u010deprav bi morali pla\u010dati precej manj na miljo.<\/li>\n<li> <strong>Letni \u010das:<\/strong> Dolo\u010deni letni \u010dasi so za dolo\u010dene poti dra\u017eji od drugih.<\/li>\n<li> <strong>\u010cas izvedbe:<\/strong> \u010cim prej lahko za\u010dnete pridobivati ponudbe, tem bolje, saj se cene za hitrej\u0161e obrate znatno zvi\u0161ajo.<\/li>\n<li> <strong>Odprt in zaprt tovornjak:<\/strong> Odprti tovornjaki so cenej\u0161i, vendar je v primerjavi z zaprtimi tovornjaki pri njih na splo\u0161no ve\u010dja nevarnost po\u0161kodb. <\/li>\n<\/ul>\n<h3><span class=\"ez-toc-section\" id=\"Car_Transport_Taxes\"><\/span>Davki za prevoz avtomobilov<span class=\"ez-toc-section-end\"><\/span><\/h3>\n<p>Glede na to, kam po\u0161iljate avtomobil, boste morda morali pla\u010dati visoke davke. Na primer, avtomobili <a href=\"https:\/\/moverdb.com\/sl\/posiljanje-v-singapur\/\">poslano v Singapur<\/a> bo na carinsko vrednost avtomobila obra\u010dunan uvozni davek 20%. <\/p>\n<p>\u0160tevilne evropske dr\u017eave zara\u010dunavajo uvozne dajatve v vi\u0161ini pribli\u017eno 10%, poleg tega pa lahko zara\u010dunajo tudi DDV, ki lahko doda dodatnih 20%, odvisno od na\u010dina uporabe avtomobila. <\/p>\n<p>Zato pri pridobivanju ponudb in pred dejanskim po\u0161iljanjem avtomobila poskrbite, da boste to upo\u0161tevali v prora\u010dunu. V nekaterih primerih je lahko ceneje in la\u017eje preprosto kupiti nov avtomobil, kot pa poslati starega.  <\/p>\n<h2><span class=\"ez-toc-section\" id=\"International_Vehicle_Shipping_Documentation\"><\/span>Dokumentacija za mednarodni prevoz vozil<span class=\"ez-toc-section-end\"><\/span><\/h2>\n<p>Za mednarodno po\u0161iljanje avtomobila ali drugih vozil morate imeti ustrezno dokumentacijo. Zahteve se razlikujejo glede na dr\u017eavo, zato jih pred po\u0161iljanjem vedno preverite. Obi\u010dajni zahtevani dokumenti vklju\u010dujejo:<\/p>\n<ul>\n<li> Originalni naslov vozila<\/li>\n<li> Potrdilo o poreklu<\/li>\n<li> tovorni list<\/li>\n<li> Zavarovalni dokumenti<\/li>\n<\/ul>\n<h2><span class=\"ez-toc-section\" id=\"Other_Car_Transport_Tips\"><\/span>Drugi nasveti za prevoz avtomobilov<span class=\"ez-toc-section-end\"><\/span><\/h2>\n<ul>\n<li> <strong>Fotografirajte:<\/strong> Poskrbite, da boste pred po\u0161iljanjem vozila naredili fotografije s \u010dasovnim \u017eigom, \u010de bi bilo vozilo po\u0161kodovano. \u010ce je kak\u0161na po\u0161kodba, jo takoj fotografirajte, da bi zmanj\u0161ali \u0161tevilo sporov.<\/li>\n<li> <strong>Zavarovanje:<\/strong> Prepri\u010dajte se, da va\u0161e zavarovanje krije celotno potovanje va\u0161ega avtomobila in vseh, ki ga morda vozijo.<\/li>\n<li> <strong>Odstranite osebne stvari:<\/strong> Pred prevozom iz avtomobila odstranite vse osebne stvari, da se ne bi izgubile (ali bile ukradene!)<\/li>\n<li> <strong>Poi\u0161\u010dite strokovnjake:<\/strong> \u010ce \u017eelite poslati klasi\u010den ali nekoliko nenavaden avtomobil, se prepri\u010dajte, da ima podjetje, ki ga izberete, izku\u0161nje s prevozom in\/ali po\u0161iljanjem teh avtomobilov.<\/li>\n<li> <strong>\u010casovni razporedi:<\/strong> Prepri\u010dajte se, da veste, koliko \u010dasa boste potrebovali za prevoz avtomobila od to\u010dke A do B.<\/li>\n<li> <strong>Stanje delovanja:<\/strong> Pred za\u010detkom prevoza se pri prevozniku pozanimajte o stvareh, kot so raven plina, teko\u010dine, tlak v pnevmatikah, akumulator itd. \u010ce na primer po\u0161iljate v mednarodni prevoz s kontejnerjem, boste morda morali v celoti izprazniti rezervoar za plin. Po drugi strani pa, \u010de boste za vo\u017enjo svojega avtomobila najeli nekoga, boste \u017eeleli poskrbeti za poln rezervoar goriva.<\/li>\n<\/ul>\n<h2><span class=\"ez-toc-section\" id=\"Car_Transport_Quotes\"><\/span>Citati za prevoz avtomobilov<span class=\"ez-toc-section-end\"><\/span><\/h2>\n<p>Za pridobitev ponudb za mednarodni prevoz avtomobilov lahko uporabite na\u0161 obrazec za ponudbo na vrhu strani. Preden sprejmete ponudbo, se prepri\u010dajte, da v celoti razumete, kdo bo vozil ali po\u0161iljal va\u0161 avtomobil (na vsakem koraku potovanja), kako bo va\u0161e vozilo zavarovano, in preberite mnenja o podjetju. <\/p>","protected":false},"excerpt":{"rendered":"<p>Looking for international car transport or vehicle shipping, but don&#8217;t know where to start? We can help you with everything from companies to costs to quotes. You can get started right away using our quote form above, or keep reading our guide below for more information. Auto Transport Companies The international car and auto transport [&hellip;]<\/p>\n","protected":false},"author":1,"featured_media":2753,"parent":0,"menu_order":0,"comment_status":"closed","ping_status":"closed","template":"","meta":{"_genesis_hide_title":false,"_genesis_hide_breadcrumbs":false,"_genesis_hide_singular_image":false,"_genesis_hide_footer_widgets":false,"_genesis_custom_body_class":"","_genesis_custom_post_class":"","_genesis_layout":"","footnotes":""},"class_list":{"0":"post-2752","1":"page","2":"type-page","3":"status-publish","4":"has-post-thumbnail","6":"entry"},"_links":{"self":[{"href":"https:\/\/moverdb.com\/sl\/wp-json\/wp\/v2\/pages\/2752","targetHints":{"allow":["GET"]}}],"collection":[{"href":"https:\/\/moverdb.com\/sl\/wp-json\/wp\/v2\/pages"}],"about":[{"href":"https:\/\/moverdb.com\/sl\/wp-json\/wp\/v2\/types\/page"}],"author":[{"embeddable":true,"href":"https:\/\/moverdb.com\/sl\/wp-json\/wp\/v2\/users\/1"}],"replies":[{"embeddable":true,"href":"https:\/\/moverdb.com\/sl\/wp-json\/wp\/v2\/comments?post=2752"}],"version-history":[{"count":18,"href":"https:\/\/moverdb.com\/sl\/wp-json\/wp\/v2\/pages\/2752\/revisions"}],"predecessor-version":[{"id":18593,"href":"https:\/\/moverdb.com\/sl\/wp-json\/wp\/v2\/pages\/2752\/revisions\/18593"}],"wp:featuredmedia":[{"embeddable":true,"href":"https:\/\/moverdb.com\/sl\/wp-json\/wp\/v2\/media\/2753"}],"wp:attachment":[{"href":"https:\/\/moverdb.com\/sl\/wp-json\/wp\/v2\/media?parent=2752"}],"curies":[{"name":"wp","href":"https:\/\/api.w.org\/{rel}","templated":true}]}}