{"id":270,"date":"2016-05-01T17:06:39","date_gmt":"2016-05-01T17:06:39","guid":{"rendered":"http:\/\/moverdb.com\/?page_id=270"},"modified":"2026-01-08T14:47:32","modified_gmt":"2026-01-08T14:47:32","slug":"anglo-pacifiski","status":"publish","type":"page","link":"https:\/\/moverdb.com\/sl\/anglo-pacific\/","title":{"rendered":"Anglo Pacific: Mednarodni selitveni in selitveni pregledi"},"content":{"rendered":"<p>Podjetje Anglo Pacific ponuja razli\u010dne selitvene storitve za selitev v tujino. Tukaj so njihove glavne storitve, profil podjetja in pregledi.<\/p>\n<p><strong>Storitve<\/strong> <\/p>\n<p><strong>Storitve odstranjevanja<\/strong> <\/p>\n<ul>\n<li> Uvoz<\/li>\n<li> Mednarodna premestitev<\/li>\n<li> Zagotavljanje <a href=\"https:\/\/moverdb.com\/sl\/kontejnersko-posiljanje\/\">ladijski zabojniki<\/a><\/li>\n<li> Odstranitve gledali\u0161kih predstav<\/li>\n<li> <a href=\"https:\/\/moverdb.com\/sl\/uk-removals\/man-and-van-cost\/\" data-internallinksmanager029f6b8e52c=\"380\" title=\"Koliko v Zdru\u017eenem kraljestvu stane prevoz s kombijem? 2026 Vodnik\">Man in Van<\/a> najem v <a href=\"https:\/\/moverdb.com\/sl\/moving-to-london\/\">London<\/a><\/li>\n<\/ul>\n<p><strong>Storitve po\u0161iljanja<\/strong><\/p>\n<ul>\n<li> Prtljaga<\/li>\n<li> <a href=\"https:\/\/moverdb.com\/sl\/avto-transport-spedicija\/\">Avtomobili<\/a><\/li>\n<li> Likovna umetnost<\/li>\n<li> Tovorni promet<\/li>\n<li> Uvoz<\/li>\n<li> Motorno kolo<\/li>\n<li> Prtljaga<\/li>\n<li> Trgovina<\/li>\n<li> \u0160tudent<\/li>\n<\/ul>\n<h2>Profil podjetja Anglo Pacific<\/h2>\n<p>Podjetje Anglo Pacific, ki je bilo ustanovljeno pred ve\u010d kot 30 leti, je najve\u010dje prevozno in selitveno podjetje v <a href=\"https:\/\/moverdb.com\/sl\/moving-to-the-uk\/\" data-internallinksmanager029f6b8e52c=\"93\" title=\"Selitev v Zdru\u017eeno kraljestvo? 2022 \u017divljenjski stro\u0161ki in nasveti za selitev\">ZDRU\u017dENO KRALJESTVO<\/a>obdelavo ve\u010d kot 20.000 posameznih po\u0161iljk prtljage in ne\u0161teto <a href=\"https:\/\/moverdb.com\/sl\/international-removals\/\" data-internallinksmanager029f6b8e52c=\"27\" title=\"36 najbolj\u0161ih podjetij za mednarodne selitve v Zdru\u017eenem kraljestvu\">mednarodne selitve<\/a> vsako leto. <\/p>\n<p>Podjetje se pona\u0161a s prvovrstnimi, prijaznimi in strokovnimi storitvami selitve, ne glede na to, ali gre za vsebino celotne nepremi\u010dnine ali ob\u010dutljive predmete, kot so umetnine. <\/p>\n<p>Podjetje Anglo Pacific zelo skrbno izbira strokovnjake najvi\u0161jega kalibra, ki se pridru\u017eijo njihovi ekipi, in imenuje le osebje, ki se bo potrudilo za stranke, ter osebje, ki lahko strokovno upravlja varen in u\u010dinkovit prenos osebnih predmetov. <\/p>\n<p>Poleg tega lahko osebje s storitvijo sledenja vsem po\u0161iljkam natan\u010dno dolo\u010di to\u010dno lokacijo in stanje odstranitve, zato so stranke lahko prepri\u010dane, da so njihovi predmeti na poti na predvideno lokacijo.<\/p>\n<p>Anglo Pacific vzpostavlja in vzdr\u017euje izjemno visoke standarde in kot \u010dlani <a href=\"https:\/\/moverdb.com\/sl\/bar-overseas\/\">Skupina Overseas<\/a> o <a href=\"https:\/\/moverdb.com\/sl\/britansko-zdruzenje-odstranjevalcev\/\">Britansko zdru\u017eenje odstranjevalcev<\/a> (<a href=\"https:\/\/moverdb.com\/sl\/british-association-of-removers\/\" data-internallinksmanager029f6b8e52c=\"9\" title=\"Pojasnila o Britanskem zdru\u017eenju izvajalcev selitev (BAR)\">BAR<\/a>) si prizadevajo zagotoviti le najbolj\u0161e. <\/p>\n<p>Poleg tega se dr\u017eijo naprednega pla\u010dilnega jamstva dru\u017ebe International Movers Mutual Insurance Company Ltd, ki strankam zagotavlja ve\u010djo stopnjo zaupanja. <\/p>\n<h2>Anglo Pacific Mnenja<\/h2>\n<p><strong>Pozitivna<\/strong><\/p>\n<ul>\n<li> <em>\"Vsem v podjetjih Anglo Pacific in Keys Brothers se iskreno zahvaljujem. Na\u0161a selitev iz Londona v Perth je potekala tako gladko, da resni\u010dno cenimo vso va\u0161o pomo\u010d. Zelo profesionalno in u\u010dinkovito, vse pa je bilo opravljeno po odli\u010dni ceni!!!\"<\/em> - Preko <a href=\"http:\/\/www.reviewcentre.com\/reviews252735.html?ratingfilter=5#refineYourSearch\" target=\"_blank\" rel=\"noopener\">Center za pregledovanje<\/a><\/li>\n<li> <em>\"Moral sem poslati nekaj odve\u010dne prtljage v <a href=\"https:\/\/moverdb.com\/sl\/moving-to-australia\/living-in-australia\/\" data-internallinksmanager029f6b8e52c=\"240\" title=\"21 skrivnosti o \u017eivljenju v Avstraliji, ki jih morate poznati, preden se preselite\">Avstralija<\/a>. Na internetu sem se obrnil na veliko ljudi in na koncu naletel na podjetje Anglo Pacific. Moja prtljaga je bila prevzeta pravo\u010dasno, na poti pa so mi bile zagotovljene informacije.\"<\/em> - Preko <a href=\"http:\/\/www.reviewcentre.com\/Removal-Companies\/Anglo-Pacific-Removals-Company-www-anglopacific-co-uk-review_1596555\" target=\"_blank\" rel=\"noopener\">Center za pregledovanje<\/a><\/li>\n<li> <em>\"Podjetje Anglo Pacific priporo\u010dam vsem, ki \u017eelijo varno in u\u010dinkovito prepeljati svoje stvari.\"<\/em> - prek <a href=\"https:\/\/uk.trustpilot.com\/review\/anglopacific.co.uk\" target=\"_blank\" rel=\"noopener\">TrustPilot<\/a><\/li>\n<\/ul>\n<p><strong>Negativni<\/strong><\/p>\n<ul>\n<li> <em>\"Prosim vas, da ne razmi\u0161ljate ve\u010d o Anglo Pacifiku!! Moja po\u0161iljka je prispela s popolnoma razbito posodo, \u0161katla z elektri\u010dnimi predmeti pa je bila dostavljena obrnjena na glavo!\"<\/em> - prek <a href=\"http:\/\/www.reviewcentre.com\/Removal-Companies\/Anglo-Pacific-Removals-Company-www-anglopacific-co-uk-review_3741459\" target=\"_blank\" rel=\"noopener\">Center za pregledovanje<\/a><\/li>\n<li> <em>\"Te\u017eko izrazim svojo grozo, ko sem odprl zadnjo \u0161katlo v <a href=\"https:\/\/moverdb.com\/sl\/moving-to-nyc\/\" data-internallinksmanager029f6b8e52c=\"57\" title=\"Se selite v New York? 2026 Stro\u0161ki bivanja v New Yorku in nasveti za selitev\">NYC<\/a> le da sem ugotovil, da so izginili moji najdragocenej\u0161i predmeti in ve\u010dina drage kuhinjske posode.\"<\/em> - prek <a href=\"http:\/\/www.mymovingreviews.com\/movers\/anglo-pacific-international-1790\" target=\"_blank\" rel=\"noopener\">Moje selitvene ocene<\/a><\/li>\n<li> <em>\"Izogibajte se - grozne izku\u0161nje s popolnim pomanjkanjem oskrbe in najslab\u0161o po storitvi\"<\/em> - prek <a href=\"https:\/\/uk.trustpilot.com\/reviews\/56d595280000ff000940e229\" target=\"_blank\" rel=\"noopener\">Trustpilot<\/a><\/li>\n<\/ul>\n<div itemprop=\"review\" itemscope itemtype=\"http:\/\/schema.org\/Review\">\n<span itemprop=\"author\" itemscope=\"\" itemtype=\"http:\/\/schema.org\/Organization\"><span itemprop=\"name\">MoverDB.com<\/span><\/span> Spletni pregled spletnega mesta za <span itemprop=\"itemreviewed\" itemscope=\"\" itemtype=\"http:\/\/schema.org\/Brand\"><span itemprop=\"name\">Anglo Pacific<\/span><\/span>:<\/p>\n<ol>\n<li> Jasni kontaktni podatki na spletni strani (vklju\u010dno s telefonsko \u0161tevilko)? <strong>Da<\/strong><\/li>\n<li> Enostavno pridobivanje <a href=\"https:\/\/moverdb.com\/sl\/citati\/\">mednarodne selitve<\/a>? (Spletni obrazec za zahtevek za oceno): <strong>Da<\/strong><\/li>\n<li> Jasne informacije na spletnem mestu: <strong>Da<\/strong>, strani so enostavne za navigacijo in jasno je, katere storitve ponujajo.<\/li>\n<li> \u010clanstvo v mednarodno priznanih organizacijah, ki se ukvarjajo z gibanjem: <strong>Da<\/strong><\/li>\n<li> Seznam strank in\/ali pri\u010devanja prej\u0161njih strank: <strong>Da <\/strong><\/li>\n<\/ol>\n<div itemprop=\"reviewRating\" itemscope itemtype=\"http:\/\/schema.org\/Rating\"><meta itemprop=\"worstRating\" content = \"0\" \/><meta itemprop=\"bestRating\" content=\"5\" \/><meta itemprop=\"ratingValue\" content=\"5\"><\/div>\n<p><strong>Skupna ocena: 5\/5<\/strong><br \/>\n<strong>Datum pregleda:<\/strong> <span itemprop=\"datePublished\" content=\"2016-05-01\">01\/05\/2016<\/span>\n<\/div>\n<p>Ve\u010d o <a href=\"https:\/\/moverdb.com\/sl\/mednarodne-selitve\/\">podjetja za selitve v Zdru\u017eenem kraljestvu<\/a> in na\u0161e <a href=\"https:\/\/moverdb.com\/sl\/pregledi\/\">pojasnilo o postopku pregleda<\/a>.<\/p>\n<p><strong>Spletna stran:<\/strong> <a href=\"http:\/\/www.anglopacific.co.uk\" target=\"_blank\" rel=\"noopener\">http:\/\/www.anglopacific.co.uk<\/a><\/p>","protected":false},"excerpt":{"rendered":"<p>Anglo Pacific offers a variety of removal services to help people move overseas. Here are their core service offerings along with company profile and reviews. Services Removal Services Imports International Relocation Provision of shipping containers Theatrical removals Man and Van hire in London Shipping Services Baggage Cars Fine Art Freight Imports Motorbike Luggage Trade Student [&hellip;]<\/p>\n","protected":false},"author":1,"featured_media":0,"parent":0,"menu_order":0,"comment_status":"closed","ping_status":"closed","template":"","meta":{"_genesis_hide_title":false,"_genesis_hide_breadcrumbs":false,"_genesis_hide_singular_image":false,"_genesis_hide_footer_widgets":false,"_genesis_custom_body_class":"","_genesis_custom_post_class":"","_genesis_layout":"","footnotes":""},"class_list":{"0":"post-270","1":"page","2":"type-page","3":"status-publish","5":"entry"},"_links":{"self":[{"href":"https:\/\/moverdb.com\/sl\/wp-json\/wp\/v2\/pages\/270","targetHints":{"allow":["GET"]}}],"collection":[{"href":"https:\/\/moverdb.com\/sl\/wp-json\/wp\/v2\/pages"}],"about":[{"href":"https:\/\/moverdb.com\/sl\/wp-json\/wp\/v2\/types\/page"}],"author":[{"embeddable":true,"href":"https:\/\/moverdb.com\/sl\/wp-json\/wp\/v2\/users\/1"}],"replies":[{"embeddable":true,"href":"https:\/\/moverdb.com\/sl\/wp-json\/wp\/v2\/comments?post=270"}],"version-history":[{"count":12,"href":"https:\/\/moverdb.com\/sl\/wp-json\/wp\/v2\/pages\/270\/revisions"}],"predecessor-version":[{"id":6173,"href":"https:\/\/moverdb.com\/sl\/wp-json\/wp\/v2\/pages\/270\/revisions\/6173"}],"wp:attachment":[{"href":"https:\/\/moverdb.com\/sl\/wp-json\/wp\/v2\/media?parent=270"}],"curies":[{"name":"wp","href":"https:\/\/api.w.org\/{rel}","templated":true}]}}