{"id":2675,"date":"2017-05-03T15:16:49","date_gmt":"2017-05-03T15:16:49","guid":{"rendered":"https:\/\/moverdb.com\/?page_id=2675"},"modified":"2026-01-08T15:20:41","modified_gmt":"2026-01-08T15:20:41","slug":"posiljanje-v-singapur","status":"publish","type":"page","link":"https:\/\/moverdb.com\/sl\/shipping-to-singapore\/","title":{"rendered":"Dostava v Singapur: Kaj morate vedeti?"},"content":{"rendered":"<p><img loading=\"lazy\" decoding=\"async\" width=\"720\" height=\"313\" src=\"https:\/\/moverdb.com\/wp-content\/uploads\/shipping-to-singapore.png\" alt=\"Dostava v Singapur\" class=\"aligncenter size-full wp-image-2676\" srcset=\"https:\/\/moverdb.com\/wp-content\/uploads\/shipping-to-singapore.png 720w, https:\/\/moverdb.com\/wp-content\/uploads\/shipping-to-singapore-300x130.png 300w, https:\/\/moverdb.com\/wp-content\/uploads\/shipping-to-singapore-600x261.png 600w\" sizes=\"auto, (max-width: 720px) 100vw, 720px\" \/><\/p>\n<p>Ne glede na to, ali ste <a href=\"https:\/\/moverdb.com\/sl\/selitev-v-singapur\/\">selitev v Singapur<\/a> ali \u017eelite poslati le nekaj paketov, vam lahko pomagamo najti najbolj\u0161e ponudbe za po\u0161iljanje iz <a href=\"https:\/\/moverdb.com\/sl\/moving-to-the-united-states\/\" data-internallinksmanager029f6b8e52c=\"94\" title=\"Selitev v Zdru\u017eene dr\u017eave Amerike? 2022 \u017divljenjski stro\u0161ki in nasveti za selitev\">ZDA<\/a>, <a href=\"https:\/\/moverdb.com\/sl\/moving-to-the-uk\/\" data-internallinksmanager029f6b8e52c=\"93\" title=\"Selitev v Zdru\u017eeno kraljestvo? 2022 \u017divljenjski stro\u0161ki in nasveti za selitev\">ZDRU\u017dENO KRALJESTVO<\/a>, <a href=\"https:\/\/moverdb.com\/sl\/moving-to-australia\/living-in-australia\/\" data-internallinksmanager029f6b8e52c=\"240\" title=\"21 skrivnosti o \u017eivljenju v Avstraliji, ki jih morate poznati, preden se preselite\">Avstralija<\/a>, <a href=\"https:\/\/moverdb.com\/sl\/moving-to-canada\/\" data-internallinksmanager029f6b8e52c=\"265\" title=\"Selitev v Kanado? 2023 \u017divljenjski stro\u0161ki in nasveti za selitev\">Kanada<\/a>, <a href=\"https:\/\/moverdb.com\/sl\/moving-to-france\/\" data-internallinksmanager029f6b8e52c=\"315\" title=\"Selitev v Francijo? 2023 \u017divljenjski stro\u0161ki in nasveti za selitev\">Francija<\/a>, <a href=\"https:\/\/moverdb.com\/sl\/moving-to-hong-kong\/\" data-internallinksmanager029f6b8e52c=\"350\" title=\"Selitev v Hongkong? 2023 \u017divljenjski stro\u0161ki in nasveti za selitev\">Hongkong<\/a>, <a href=\"https:\/\/moverdb.com\/sl\/moving-to-new-zealand\/\" data-internallinksmanager029f6b8e52c=\"324\" title=\"Selitev na Novo Zelandijo? 2023 \u017divljenjski stro\u0161ki in nasveti za selitev\">Nova Zelandija<\/a>, <a href=\"https:\/\/moverdb.com\/sl\/moving-to-the-philippines\/\" data-internallinksmanager029f6b8e52c=\"376\" title=\"Selitev na Filipine? 2023 \u017divljenjski stro\u0161ki in nasveti za selitev\">Filipini<\/a> in ve\u010dini drugih dr\u017eav po svetu. <\/p>\n<p>Za\u010dnite z uporabo zgornjega obrazca za brezpla\u010dno ponudbo. <\/p>\n<div id=\"ez-toc-container\" class=\"ez-toc-v2_0_83 ez-toc-wrap-left counter-hierarchy ez-toc-counter ez-toc-transparent ez-toc-container-direction\">\n<div class=\"ez-toc-title-container\">\n<p class=\"ez-toc-title\" style=\"cursor:inherit\">Oddelki<\/p>\n<span class=\"ez-toc-title-toggle\"><a href=\"#\" class=\"ez-toc-pull-right ez-toc-btn ez-toc-btn-xs ez-toc-btn-default ez-toc-toggle\" aria-label=\"Toggle Tabela vsebine\"><span class=\"ez-toc-js-icon-con\"><span class=\"\"><span class=\"eztoc-hide\" style=\"display:none;\">Toggle<\/span><span class=\"ez-toc-icon-toggle-span\"><svg style=\"fill: #999;color:#999\" xmlns=\"http:\/\/www.w3.org\/2000\/svg\" class=\"list-377408\" width=\"20px\" height=\"20px\" viewbox=\"0 0 24 24\" fill=\"none\"><path d=\"M6 6H4v2h2V6zm14 0H8v2h12V6zM4 11h2v2H4v-2zm16 0H8v2h12v-2zM4 16h2v2H4v-2zm16 0H8v2h12v-2z\" fill=\"currentColor\"><\/path><\/svg><svg style=\"fill: #999;color:#999\" class=\"arrow-unsorted-368013\" xmlns=\"http:\/\/www.w3.org\/2000\/svg\" width=\"10px\" height=\"10px\" viewbox=\"0 0 24 24\" version=\"1.2\" baseprofile=\"tiny\"><path d=\"M18.2 9.3l-6.2-6.3-6.2 6.3c-.2.2-.3.4-.3.7s.1.5.3.7c.2.2.4.3.7.3h11c.3 0 .5-.1.7-.3.2-.2.3-.5.3-.7s-.1-.5-.3-.7zM5.8 14.7l6.2 6.3 6.2-6.3c.2-.2.3-.5.3-.7s-.1-.5-.3-.7c-.2-.2-.4-.3-.7-.3h-11c-.3 0-.5.1-.7.3-.2.2-.3.5-.3.7s.1.5.3.7z\"\/><\/svg><\/span><\/span><\/span><\/a><\/span><\/div>\n<nav><ul class='ez-toc-list ez-toc-list-level-1 eztoc-toggle-hide-by-default' ><li class='ez-toc-page-1 ez-toc-heading-level-2'><a class=\"ez-toc-link ez-toc-heading-1\" href=\"https:\/\/moverdb.com\/sl\/shipping-to-singapore\/#Shipping_to_Singapore_From_The_US\" >Dostava v Singapur iz ZDA<\/a><\/li><li class='ez-toc-page-1 ez-toc-heading-level-2'><a class=\"ez-toc-link ez-toc-heading-2\" href=\"https:\/\/moverdb.com\/sl\/shipping-to-singapore\/#Shipping_to_Singapore_From_The_UK\" >Dostava v Singapur iz Zdru\u017eenega kraljestva<\/a><\/li><li class='ez-toc-page-1 ez-toc-heading-level-2'><a class=\"ez-toc-link ez-toc-heading-3\" href=\"https:\/\/moverdb.com\/sl\/shipping-to-singapore\/#Shipping_to_Singapore_From_Australia\" >Dostava v Singapur iz Avstralije<\/a><\/li><li class='ez-toc-page-1 ez-toc-heading-level-2'><a class=\"ez-toc-link ez-toc-heading-4\" href=\"https:\/\/moverdb.com\/sl\/shipping-to-singapore\/#Shipping_to_Singapore_From_Canada\" >Dostava v Singapur iz Kanade<\/a><\/li><li class='ez-toc-page-1 ez-toc-heading-level-2'><a class=\"ez-toc-link ez-toc-heading-5\" href=\"https:\/\/moverdb.com\/sl\/shipping-to-singapore\/#Shipping_to_Singapore_From_France\" >Dostava v Singapur iz Francije<\/a><\/li><li class='ez-toc-page-1 ez-toc-heading-level-2'><a class=\"ez-toc-link ez-toc-heading-6\" href=\"https:\/\/moverdb.com\/sl\/shipping-to-singapore\/#Shipping_to_Singapore_From_Hong_Kong\" >Dostava v Singapur iz Hongkonga<\/a><\/li><li class='ez-toc-page-1 ez-toc-heading-level-2'><a class=\"ez-toc-link ez-toc-heading-7\" href=\"https:\/\/moverdb.com\/sl\/shipping-to-singapore\/#Shipping_to_Singapore_From_New_Zealand\" >Dostava v Singapur iz Nove Zelandije<\/a><\/li><li class='ez-toc-page-1 ez-toc-heading-level-2'><a class=\"ez-toc-link ez-toc-heading-8\" href=\"https:\/\/moverdb.com\/sl\/shipping-to-singapore\/#Shipping_to_Singapore_From_the_Philippines\" >Dostava v Singapur iz Filipinov<\/a><\/li><li class='ez-toc-page-1 ez-toc-heading-level-2'><a class=\"ez-toc-link ez-toc-heading-9\" href=\"https:\/\/moverdb.com\/sl\/shipping-to-singapore\/#Singapore_Import_Duties_Taxes\" >Uvozne dajatve in davki v Singapurju<\/a><\/li><li class='ez-toc-page-1 ez-toc-heading-level-2'><a class=\"ez-toc-link ez-toc-heading-10\" href=\"https:\/\/moverdb.com\/sl\/shipping-to-singapore\/#Restricted_Items_in_Singapore\" >Predmeti z omejitvami v Singapurju<\/a><\/li><li class='ez-toc-page-1 ez-toc-heading-level-2'><a class=\"ez-toc-link ez-toc-heading-11\" href=\"https:\/\/moverdb.com\/sl\/shipping-to-singapore\/#Other_Useful_Guides_to_Singapore\" >Drugi uporabni vodniki za Singapur<\/a><\/li><\/ul><\/nav><\/div>\n<h2><span class=\"ez-toc-section\" id=\"Shipping_to_Singapore_From_The_US\"><\/span>Dostava v Singapur iz ZDA<span class=\"ez-toc-section-end\"><\/span><\/h2>\n<p><strong><a href=\"https:\/\/moverdb.com\/sl\/container-shipping\/\" data-internallinksmanager029f6b8e52c=\"3\" title=\"Mednarodni cenik prevozov zabojnikov: maj 2026\">Stro\u0161ki po\u0161iljanja zabojnikov<\/a> S spletne strani <a href=\"https:\/\/moverdb.com\/sl\/selitev-v-los-angeles\/\">Los Angeles<\/a><\/strong><\/p>\n<ul>\n<li> Kontejner za 20 \u010devljev: $750 - $830<\/li>\n<li> 40 \u010devljev zabojnik: $1,120 - $1,235<\/li>\n<\/ul>\n<p><strong>Stro\u0161ki po\u0161iljanja zabojnikov od <a href=\"https:\/\/moverdb.com\/sl\/selitev-v-nc\/\">New York<\/a><\/strong><\/p>\n<ul>\n<li> 20 \u010devljev zabojnik: $975 - $1,080<\/li>\n<li> 40 \u010devljev zabojnik: $1,460 - $1,610<\/li>\n<\/ul>\n<p><strong>Stro\u0161ki po\u0161iljanja paketov<\/strong><\/p>\n<ul>\n<li> Prvih 0,5 kg: $11.80+<\/li>\n<li> Vsakih dodatnih 0,5 kg: $3,25+<\/li>\n<\/ul>\n<p><em>Vir:<\/em> <a href=\"http:\/\/comgateway.com\/ship-to-Singapore\/\" target=\"_blank\" rel=\"noopener noreferrer\">comGateway<\/a><\/p>\n<p><strong>\u010cas dostave<\/strong><\/p>\n<ul>\n<li> <strong>Zrak:<\/strong> 1-3 dni<\/li>\n<li> <strong>Morje:<\/strong> Pribli\u017eno 1 mesec<\/li>\n<\/ul>\n<h2><span class=\"ez-toc-section\" id=\"Shipping_to_Singapore_From_The_UK\"><\/span>Dostava v Singapur iz Zdru\u017eenega kraljestva<span class=\"ez-toc-section-end\"><\/span><\/h2>\n<p><strong>Stro\u0161ki po\u0161iljanja zabojnikov od <a href=\"https:\/\/moverdb.com\/sl\/moving-to-london\/\">London<\/a><\/strong><\/p>\n<ul>\n<li> 20ft zabojnik: \u00a3 895 - \u00a3 1,000<\/li>\n<li> 40ft zabojnik: 1,340 \u00a3 - 1,480 \u00a3<\/li>\n<\/ul>\n<p><strong>Stro\u0161ki po\u0161iljanja paketov<\/strong><\/p>\n<ul>\n<li> Do 1 kg: \u00a320,12+<\/li>\n<li> Do 20 kg: \u00a387,31+<\/li>\n<\/ul>\n<p><em>Vir:<\/em> <a href=\"https:\/\/www.transglobalexpress.co.uk\/parcel-to\/singapore\/\" target=\"_blank\" rel=\"noopener noreferrer\">Transglobal Express<\/a><\/p>\n<p><strong>\u010cas dostave<\/strong><\/p>\n<ul>\n<li> <strong>Zrak:<\/strong> 1-3 dni<\/li>\n<li> <strong>Morje:<\/strong> Pribli\u017eno 1 mesec<\/li>\n<\/ul>\n<h2><span class=\"ez-toc-section\" id=\"Shipping_to_Singapore_From_Australia\"><\/span>Dostava v Singapur iz Avstralije<span class=\"ez-toc-section-end\"><\/span><\/h2>\n<p><strong>Stro\u0161ki po\u0161iljanja zabojnikov od <a href=\"https:\/\/moverdb.com\/sl\/selitev-v-sydney\/\">Sydney<\/a><\/strong><\/p>\n<ul>\n<li> 20 \u010devljev zabojnik: $980 - $1,080 AUD<\/li>\n<li> 40 \u010devljev zabojnik: $1,470 - $1,620 AUD<\/li>\n<\/ul>\n<p><strong>Stro\u0161ki po\u0161iljanja paketov<\/strong><\/p>\n<ul>\n<li> Mala torbica (do 500 g): $22.26+<\/li>\n<li> \u0160katla (do 5 kg): $81.73+<\/li>\n<\/ul>\n<p><em>Vir:<\/em> <a href=\"https:\/\/auspost.com.au\/parcels-mail\/calculate-postage-delivery-times\/#\/\" target=\"_blank\" rel=\"noopener noreferrer\">Avstralska po\u0161ta<\/a><\/p>\n<p><strong>\u010cas dostave<\/strong><\/p>\n<ul>\n<li> <strong>Zrak:<\/strong> 1-3 dni<\/li>\n<li> <strong>Morje:<\/strong> Pribli\u017eno 20 dni<\/li>\n<\/ul>\n<h2><span class=\"ez-toc-section\" id=\"Shipping_to_Singapore_From_Canada\"><\/span>Dostava v Singapur iz Kanade<span class=\"ez-toc-section-end\"><\/span><\/h2>\n<p><strong>Stro\u0161ki po\u0161iljanja zabojnikov od <a href=\"https:\/\/moverdb.com\/sl\/moving-to-canada\/moving-to-montreal\/\" data-internallinksmanager029f6b8e52c=\"410\" title=\"Selitev v Montreal? 2023 \u017divljenjski stro\u0161ki in nasveti za selitev\">Montreal<\/a><\/strong><\/p>\n<ul>\n<li> 20 \u010devljev zabojnik: $1,640 - $1,800 CAD<\/li>\n<li> 40 \u010devljev zabojnik: $2,440 - $2,700 CAD<\/li>\n<\/ul>\n<p><strong>Stro\u0161ki po\u0161iljanja zabojnikov od <a href=\"https:\/\/moverdb.com\/sl\/moving-to-canada\/moving-to-vancouver\/\" data-internallinksmanager029f6b8e52c=\"438\" title=\"Selitev v Vancouver? 2023 \u017divljenjski stro\u0161ki in nasveti za selitev\">Vancouver<\/a><\/strong><\/p>\n<ul>\n<li> 20 \u010devljev zabojnik: $990 - $1,100 CAD<\/li>\n<li> 40 \u010devljev zabojnik: $1,480 - $1,630 CAD<\/li>\n<\/ul>\n<p><strong>Stro\u0161ki po\u0161iljanja paketov<\/strong><\/p>\n<ul>\n<li> 1 kg: $20.29 - $105.44+<\/li>\n<li> 10 kg: $139.85 - $412.93+<\/li>\n<\/ul>\n<p><em>Vir:<\/em> <a href=\"https:\/\/www.canadapost.ca\/cpotools\/apps\/far\/personal\/farInt\" target=\"_blank\" rel=\"noopener noreferrer\">Kanadska po\u0161ta<\/a><\/p>\n<p><strong>\u010cas dostave<\/strong><\/p>\n<ul>\n<li> <strong>Zrak:<\/strong> 1-3 dni<\/li>\n<li> <strong>Morje:<\/strong> Pribli\u017eno 1 mesec<\/li>\n<\/ul>\n<h2><span class=\"ez-toc-section\" id=\"Shipping_to_Singapore_From_France\"><\/span>Dostava v Singapur iz Francije<span class=\"ez-toc-section-end\"><\/span><\/h2>\n<p><strong>Stro\u0161ki po\u0161iljanja zabojnikov iz Marseilla<\/strong><\/p>\n<ul>\n<li> Kontejner za 20 \u010devljev: 740 \u20ac - 820 \u20ac<\/li>\n<li> 40 \u010devljev zabojnik: 1.100 \u20ac - 1.220 \u20ac<\/li>\n<\/ul>\n<p><strong>\u010cas dostave<\/strong><\/p>\n<ul>\n<li> <strong>Zrak:<\/strong> 1-3 dni<\/li>\n<li> <strong>Morje:<\/strong> Pribli\u017eno 1 mesec<\/li>\n<\/ul>\n<h2><span class=\"ez-toc-section\" id=\"Shipping_to_Singapore_From_Hong_Kong\"><\/span>Dostava v Singapur iz Hongkonga<span class=\"ez-toc-section-end\"><\/span><\/h2>\n<p><strong>Stro\u0161ki po\u0161iljanja zabojnikov<\/strong><\/p>\n<ul>\n<li> 20 \u010devljev zabojnik: $1,820 - $2,010 HKD<\/li>\n<li> 40 \u010devljev zabojnik: $1,860 - $2,060 HKD<\/li>\n<\/ul>\n<p><strong>\u010cas dostave<\/strong><\/p>\n<ul>\n<li> <strong>Zrak:<\/strong> 1-2 dni<\/li>\n<li> <strong>Morje:<\/strong> Pribli\u017eno 12 dni<\/li>\n<\/ul>\n<h2><span class=\"ez-toc-section\" id=\"Shipping_to_Singapore_From_New_Zealand\"><\/span>Dostava v Singapur iz Nove Zelandije<span class=\"ez-toc-section-end\"><\/span><\/h2>\n<p><strong>Stro\u0161ki po\u0161iljanja zabojnikov iz Aucklanda<\/strong><\/p>\n<ul>\n<li> 20 \u010devljev zabojnik: $1,860 - $2,050 NZD<\/li>\n<li> 40 \u010devljev zabojnik: $2,775 - $3,070 NZD<\/li>\n<\/ul>\n<p><strong>\u010cas dostave<\/strong><\/p>\n<ul>\n<li> <strong>Zrak:<\/strong> 1-3 dni<\/li>\n<li> <strong>Morje:<\/strong> Pribli\u017eno 23 dni<\/li>\n<\/ul>\n<h2><span class=\"ez-toc-section\" id=\"Shipping_to_Singapore_From_the_Philippines\"><\/span>Dostava v Singapur iz Filipinov<span class=\"ez-toc-section-end\"><\/span><\/h2>\n<p><strong>Stro\u0161ki po\u0161iljanja zabojnikov iz Manile<\/strong><\/p>\n<ul>\n<li> 20 \u010devljev zabojnik: \u20b118,300 - \u20b120,255<\/li>\n<li> 40 \u010devljev zabojnik: 27.350 \u20b1 - 30.230 \u20b1<\/li>\n<\/ul>\n<p><strong>\u010cas dostave<\/strong><\/p>\n<ul>\n<li> <strong>Zrak:<\/strong> 1-3 dni<\/li>\n<li> <strong>Morje:<\/strong> Pribli\u017eno 12 dni<\/li>\n<\/ul>\n<p>Podatki o stro\u0161kih po\u0161iljanja zabojnikov temeljijo na po\u0161iljanju blaga po morju in prihajajo iz na\u0161ih <a href=\"https:\/\/moverdb.com\/sl\/kontejnersko-posiljanje\/\">cene mednarodnega kontejnerskega ladijskega prevoza<\/a> stran in <a href=\"http:\/\/worldfreightrates.com\" target=\"_blank\" rel=\"noopener noreferrer\">WorldFreightRates.com<\/a>, \u010dasi po\u0161iljanja z letalom izvirajo iz <a href=\"https:\/\/wwwapps.ups.com\/fctc\/timeandcost\" target=\"_blank\" rel=\"noopener noreferrer\">Kalkulator \u010dasa in stro\u0161kov UPS<\/a>, \u010das prevoza po morju pa je odvisen od <a href=\"https:\/\/www.searates.com\" target=\"_blank\" rel=\"noopener noreferrer\">SeaRates.com<\/a>.<\/p>\n<h2><span class=\"ez-toc-section\" id=\"Singapore_Import_Duties_Taxes\"><\/span>Uvozne dajatve in davki v Singapurju<span class=\"ez-toc-section-end\"><\/span><\/h2>\n<p>\u010ce po\u0161iljate gospodinjsko blago in osebne predmete v <a href=\"https:\/\/moverdb.com\/sl\/moving-to-singapore\/\" data-internallinksmanager029f6b8e52c=\"68\" title=\"Selitev v Singapur? 2022 \u017divljenjski stro\u0161ki in nasveti za selitev\">Singapur<\/a> za predmete, vredne ve\u010d kot 400 SGD, boste morali pla\u010dati davek na blago in storitve (GST) v vi\u0161ini 7%. Vendar lahko uveljavljate olaj\u0161ave, \u010de velja naslednje:<\/p>\n<blockquote><p>Olaj\u0161ava GST se lahko odobri za uvoz rabljenih gospodinjskih predmetov in osebnih predmetov v:<\/p>\n<p>Singapurci in stalni prebivalci Singapurja, ki prebivajo v tujini in se vra\u010dajo v Singapur, da bi ponovno za\u010deli prebivati v Singapurju<br \/>\nTujci, ki prena\u0161ajo prebivali\u0161\u010de ali se selijo v Singapur<\/p>\n<p>Olaj\u0161ava GST velja pod naslednjimi pogoji:<\/p>\n<p>da ta oseba carini doka\u017ee, da:<\/p>\n<ul>\n<li> Svoje prebivali\u0161\u010de bo spremenil v Singapur;<\/li>\n<li> Je lastnik uvo\u017eenih predmetov, osebnih predmetov in osebnih hi\u0161nih ljubljen\u010dkov;<\/li>\n<li> Predmeti in osebni predmeti so bili v njegovi lasti in uporabi najmanj tri mesece in<\/li>\n<li> Predmeti in osebni predmeti se uva\u017eajo po zraku ali morju.<\/li>\n<li> Predmeti, osebni predmeti in hi\u0161ni ljubljen\u010dki so uvo\u017eeni v \u0161estih mesecih od njegovega prvega prihoda v Singapur.<\/li>\n<li> Zagotovljena je zaveza, da se izdelki in osebni predmeti ne bodo odtujili v treh mesecih od datuma uvoza.<\/li>\n<\/ul>\n<p>\u010ce se vra\u010dajo singapurski dr\u017eavljani in dr\u017eavljani s stalnim prebivali\u0161\u010dem, morajo v tuji dr\u017eavi prebivati ve\u010d kot 6 mesecev, da so upravi\u010deni do te olaj\u0161ave GST.<\/p><\/blockquote>\n<p><strong>Vir:<\/strong> <a href=\"https:\/\/www.customs.gov.sg\/businesses\/importing-goods\/import-procedures\/importing-used-household-articles-and-personal-effects\" target=\"_blank\" rel=\"noopener noreferrer\">Singapurska carina<\/a><\/p>\n<p>Upo\u0161tevajte, da obstajajo <a href=\"https:\/\/www.customs.gov.sg\/businesses\/valuation-duties-taxes--fees\/duties-and-dutiable-goods\" target=\"_blank\" rel=\"noopener noreferrer\">obstajajo 4 kategorije blaga, ki se obdav\u010duje po carinski tarifi.<\/a> (ki niso upravi\u010deni do olaj\u0161ave GST):<\/p>\n<ul>\n<li> opojne pija\u010de: Na podlagi ene od dveh formul: <em>Pla\u010dljive dajatve = skupna koli\u010dina v litrih x carinska in\/ali tro\u0161arinska stopnja x odstotek vsebnosti alkohola<\/em> <strong>ali<\/strong><em> Pla\u010dljive dajatve = celotna obdav\u010dljiva koli\u010dina v kilogramih x stopnja carine<\/em>.<\/li>\n<li> Toba\u010dni izdelki - <em>Cigarete:<\/em> Obvezne dajatve = skupno \u0161tevilo pal\u010dk x te\u017ea posameznih pal\u010dk (vsak gram ali njegov del) x tro\u0161arinska stopnja - <em>vsi drugi toba\u010dni izdelki:<\/em> Obvezne dajatve = skupna te\u017ea (v kilogramih) x tro\u0161arinska stopnja<\/li>\n<li> Avtomobili in motorna vozila - <em>Pla\u010dljive dajatve = carinska vrednost x tro\u0161arinska stopnja<\/em>; za osebne in klasi\u010dne avtomobile je tro\u0161arinska stopnja <strong>20%<\/strong> za motorna kolesa in skuterje pa je tro\u0161arinska stopnja <strong>12%<\/strong>.<\/li>\n<li> Naftni derivati in me\u0161anice biodizla - Naftni derivati: <em>Obvezne dajatve = skupna koli\u010dina x tro\u0161arinska stopnja<\/em>, stisnjen zemeljski plin (Cng): <em>Obvezne dajatve = skupna te\u017ea x tro\u0161arinska stopnja<\/em>, me\u0161anica biodizla Pla\u010dljive dajatve = <em>Koli\u010dina dizelskega goriva x tro\u0161arinska stopnja<\/em>.<\/li>\n<\/ul>\n<p>Za vse podrobnosti glej Singapurska carina <a href=\"https:\/\/www.customs.gov.sg\/businesses\/importing-goods\/import-procedures\" target=\"_blank\" rel=\"noopener noreferrer\">Uvozni postopki tukaj<\/a>.<\/p>\n<h2><span class=\"ez-toc-section\" id=\"Restricted_Items_in_Singapore\"><\/span>Predmeti z omejitvami v Singapurju<span class=\"ez-toc-section-end\"><\/span><\/h2>\n<p>Naslednji predmeti so na seznamu prepovedanih in\/ali nadzorovanih predmetov singapurske carine (<a href=\"https:\/\/www.customs.gov.sg\/individuals\/going-through-customs\/arrival\/prohibited-and-controlled-goods\" target=\"_blank\" rel=\"noopener noreferrer\">Oglejte si spletno stran<\/a> za vse podrobnosti):<\/p>\n<ul>\n<li> \u017dve\u010dilni gumi (razen zobozdravstvenih in medicinskih \u017eve\u010dilnih gumijev, ki jih je odobril Urad za zdravstvene vede).<\/li>\n<li> tobak za \u017eve\u010denje in imitacije toba\u010dnih izdelkov (na primer elektronske cigarete).<\/li>\n<li> \u0160i\u0161a<\/li>\n<li> Nedimne cigare, nedimne cigarilose ali nedimne cigarete<\/li>\n<li> Raztopljivi tobak ali nikotin<\/li>\n<li> Vsak izdelek, ki vsebuje nikotin ali tobak in se lahko uporablja lokalno za uporabo, z vsadki ali vbrizgavanjem v katerikoli del telesa.<\/li>\n<li> Vsaka raztopina ali snov, katere sestavni del je tobak ali nikotin, ki je namenjena uporabi z elektronskim sistemom za dovajanje nikotina ali uparjalnikom.<\/li>\n<li> tabasko za nos (z u\u010dinkom od 1. avgusta 2016)<\/li>\n<li> Peroralno tabasko (z u\u010dinkom od 1. avgusta 2016)<\/li>\n<li> Gutkha, khaini in zarda (od 1. avgusta 2016)<\/li>\n<li> V\u017eigalniki za cigarete v obliki pi\u0161tole ali revolverja<\/li>\n<p>Contr<\/p>\n<li> olep\u0161ane droge in psihotropne snovi.<\/li>\n<li> Ogro\u017eene vrste prosto\u017eive\u010dih \u017eivali in njihovi stranski proizvodi<\/li>\n<li> Petarde<\/li>\n<li> Obsceni \u010dlanki, publikacije in videokasete\/diski<\/li>\n<li> Razmno\u017eevanje publikacij, programske opreme, videokaset, videokaset, laserskih diskov, plo\u0161\u010d ali kaset z avtorskimi pravicami<\/li>\n<li> Domobransko in izdajalsko gradivo<\/li>\n<\/ul>\n<p>\u010ce niste prepri\u010dani o katerem koli drugem predmetu, se pred po\u0161iljanjem blaga posvetujte z njimi.<\/p>\n<h2><span class=\"ez-toc-section\" id=\"Other_Useful_Guides_to_Singapore\"><\/span>Drugi uporabni vodniki za Singapur<span class=\"ez-toc-section-end\"><\/span><\/h2>\n<ul>\n<li> <a href=\"https:\/\/moverdb.com\/sl\/kontejnersko-posiljanje\/singapur\/\">2024 Cene pomorskega prevoza zabojnikov v Singapur in iz njega<\/a><\/li>\n<li> <a href=\"https:\/\/moverdb.com\/sl\/selitev-podjetja\/moving-companies-singapore\/\">22 Najbolj\u0161e mednarodne selitve podjetja v Singapurju<\/a><\/li>\n<li> <a href=\"https:\/\/moverdb.com\/sl\/posiljanje-v-singapur\/\">Dostava v Singapur: Kaj morate vedeti?<\/a><\/li>\n<li> <a href=\"https:\/\/moverdb.com\/sl\/selitev-v-singapur\/\">Selitev v Singapur? 2024 \u017divljenjski stro\u0161ki in nasveti za selitev<\/a><\/li>\n<li> <a href=\"https:\/\/moverdb.com\/sl\/selitev-v-singapur\/best-places-to-live-singapore\/\">12 najbolj\u0161ih mest za \u017eivljenje v Singapurju<\/a><\/li>\n<li> <a href=\"https:\/\/moverdb.com\/sl\/selitev-v-singapur\/living-in-singapore\/\">21 skrivnosti o \u017eivljenju v Singapurju, ki jih morate poznati, preden se preselite<\/a><\/li>\n<li> <a href=\"https:\/\/moverdb.com\/sl\/selitev-v-singapur\/moving-to-singapore-from-the-united-states\/\">Selitev iz Zdru\u017eenih dr\u017eav Amerike v Singapur<\/a><\/li>\n<\/ul>","protected":false},"excerpt":{"rendered":"<p>Whether you&#8217;re moving to Singapore or just looking to ship a few parcels, we can help you find the best shipping deals from the US, UK, Australia, Canada, France, Hong Kong, New Zealand, Philippines and most other countries around the world. You can get started by using the free quote form above. Shipping to Singapore [&hellip;]<\/p>\n","protected":false},"author":1,"featured_media":2676,"parent":0,"menu_order":0,"comment_status":"closed","ping_status":"closed","template":"","meta":{"_genesis_hide_title":false,"_genesis_hide_breadcrumbs":false,"_genesis_hide_singular_image":false,"_genesis_hide_footer_widgets":false,"_genesis_custom_body_class":"","_genesis_custom_post_class":"","_genesis_layout":"","footnotes":""},"class_list":{"0":"post-2675","1":"page","2":"type-page","3":"status-publish","4":"has-post-thumbnail","6":"entry"},"_links":{"self":[{"href":"https:\/\/moverdb.com\/sl\/wp-json\/wp\/v2\/pages\/2675","targetHints":{"allow":["GET"]}}],"collection":[{"href":"https:\/\/moverdb.com\/sl\/wp-json\/wp\/v2\/pages"}],"about":[{"href":"https:\/\/moverdb.com\/sl\/wp-json\/wp\/v2\/types\/page"}],"author":[{"embeddable":true,"href":"https:\/\/moverdb.com\/sl\/wp-json\/wp\/v2\/users\/1"}],"replies":[{"embeddable":true,"href":"https:\/\/moverdb.com\/sl\/wp-json\/wp\/v2\/comments?post=2675"}],"version-history":[{"count":17,"href":"https:\/\/moverdb.com\/sl\/wp-json\/wp\/v2\/pages\/2675\/revisions"}],"predecessor-version":[{"id":16941,"href":"https:\/\/moverdb.com\/sl\/wp-json\/wp\/v2\/pages\/2675\/revisions\/16941"}],"wp:featuredmedia":[{"embeddable":true,"href":"https:\/\/moverdb.com\/sl\/wp-json\/wp\/v2\/media\/2676"}],"wp:attachment":[{"href":"https:\/\/moverdb.com\/sl\/wp-json\/wp\/v2\/media?parent=2675"}],"curies":[{"name":"wp","href":"https:\/\/api.w.org\/{rel}","templated":true}]}}