{"id":17400,"date":"2024-07-03T09:12:02","date_gmt":"2024-07-03T09:12:02","guid":{"rendered":"https:\/\/moverdb.com\/?page_id=17400"},"modified":"2026-05-15T14:59:06","modified_gmt":"2026-05-15T14:59:06","slug":"ubox-cost","status":"publish","type":"page","link":"https:\/\/moverdb.com\/sl\/ubox-cost\/","title":{"rendered":"Koliko stane Ubox? Vodnik po prihrankih za leto 2024"},"content":{"rendered":"<figure class=\"wp-block-image size-full\"><img loading=\"lazy\" decoding=\"async\" width=\"1000\" height=\"667\" class=\"wp-image-11037\" src=\"https:\/\/moverdb.com\/wp-content\/uploads\/u-box-moving-1.jpg\" alt=\"\" srcset=\"https:\/\/moverdb.com\/wp-content\/uploads\/u-box-moving-1.jpg 1000w, https:\/\/moverdb.com\/wp-content\/uploads\/u-box-moving-1-300x200.jpg 300w, https:\/\/moverdb.com\/wp-content\/uploads\/u-box-moving-1-18x12.jpg 18w, https:\/\/moverdb.com\/wp-content\/uploads\/u-box-moving-1-600x400.jpg 600w\" sizes=\"auto, (max-width: 1000px) 100vw, 1000px\" \/><\/figure>\r\n\r\n\r\n\r\n<p>U-Box je U-Haulova vsestranska in priro\u010dna re\u0161itev za shranjevanje, ki je zasnovana tako, da poenostavi va\u0161e potrebe po selitvi in skladi\u0161\u010denju. Z U-Boxom lahko svoje stvari shranjujete na <em>va\u0161<\/em> pogojev, ne glede na to, ali se seli\u0161ate, razre\u0161ujete ali preprosto potrebujete za\u010dasno skladi\u0161\u010denje.\u00a0<\/p>\r\n\r\n\r\n\r\n\r\n\r\n<p>V na\u0161em vodniku bomo obravnavali naslednje:<\/p>\r\n\r\n\r\n\r\n<ul class=\"wp-block-list\">\r\n<li>Koliko stane U-Box<\/li>\r\n\r\n\r\n\r\n<li>Kaj vpliva na ceno U-Boxa<\/li>\r\n\r\n\r\n\r\n<li>Kako prihraniti denar na U-Boxu<\/li>\r\n\r\n\r\n\r\n<li>Kaj vklju\u010duje uporaba U-Boxa<\/li>\r\n\r\n\r\n\r\n<li>Kako vedeti, ali je U-Box najbolj\u0161a izbira za vas?<\/li>\r\n\r\n\r\n\r\n<li>Kako najti in najeti U-Box<\/li>\r\n<\/ul>\r\n\r\n\r\n\r\n<p>Zabojniki U-Box so prenosni, varni in dostavljeni do va\u0161ega praga, zato je selitev in shranjevanje va\u0161ih predmetov brez te\u017eav. \u010ce menite, da bi lahko zabojniki U-Box ponudili re\u0161itve, ki jih potrebujete, nadaljujte z branjem in preberite na\u0161e najbolj\u0161e nasvete, s katerimi boste prihranili denar med selitvijo hi\u0161e.<\/p>\r\n\r\n\r\n\r\n<div id=\"ez-toc-container\" class=\"ez-toc-v2_0_83 ez-toc-wrap-left counter-hierarchy ez-toc-counter ez-toc-transparent ez-toc-container-direction\">\n<div class=\"ez-toc-title-container\">\n<p class=\"ez-toc-title\" style=\"cursor:inherit\">Oddelki<\/p>\n<span class=\"ez-toc-title-toggle\"><a href=\"#\" class=\"ez-toc-pull-right ez-toc-btn ez-toc-btn-xs ez-toc-btn-default ez-toc-toggle\" aria-label=\"Toggle Tabela vsebine\"><span class=\"ez-toc-js-icon-con\"><span class=\"\"><span class=\"eztoc-hide\" style=\"display:none;\">Toggle<\/span><span class=\"ez-toc-icon-toggle-span\"><svg style=\"fill: #999;color:#999\" xmlns=\"http:\/\/www.w3.org\/2000\/svg\" class=\"list-377408\" width=\"20px\" height=\"20px\" viewbox=\"0 0 24 24\" fill=\"none\"><path d=\"M6 6H4v2h2V6zm14 0H8v2h12V6zM4 11h2v2H4v-2zm16 0H8v2h12v-2zM4 16h2v2H4v-2zm16 0H8v2h12v-2z\" fill=\"currentColor\"><\/path><\/svg><svg style=\"fill: #999;color:#999\" class=\"arrow-unsorted-368013\" xmlns=\"http:\/\/www.w3.org\/2000\/svg\" width=\"10px\" height=\"10px\" viewbox=\"0 0 24 24\" version=\"1.2\" baseprofile=\"tiny\"><path d=\"M18.2 9.3l-6.2-6.3-6.2 6.3c-.2.2-.3.4-.3.7s.1.5.3.7c.2.2.4.3.7.3h11c.3 0 .5-.1.7-.3.2-.2.3-.5.3-.7s-.1-.5-.3-.7zM5.8 14.7l6.2 6.3 6.2-6.3c.2-.2.3-.5.3-.7s-.1-.5-.3-.7c-.2-.2-.4-.3-.7-.3h-11c-.3 0-.5.1-.7.3-.2.2-.3.5-.3.7s.1.5.3.7z\"\/><\/svg><\/span><\/span><\/span><\/a><\/span><\/div>\n<nav><ul class='ez-toc-list ez-toc-list-level-1 eztoc-toggle-hide-by-default' ><li class='ez-toc-page-1 ez-toc-heading-level-2'><a class=\"ez-toc-link ez-toc-heading-1\" href=\"https:\/\/moverdb.com\/sl\/ubox-cost\/#How_Much_Does_U-Box_Cost\" >Koliko stane U-Box?<\/a><\/li><li class='ez-toc-page-1 ez-toc-heading-level-2'><a class=\"ez-toc-link ez-toc-heading-2\" href=\"https:\/\/moverdb.com\/sl\/ubox-cost\/#What_Affects_the_Cost_of_U-Box\" >Kaj vpliva na stro\u0161ke U-Boxa?<\/a><\/li><li class='ez-toc-page-1 ez-toc-heading-level-2'><a class=\"ez-toc-link ez-toc-heading-3\" href=\"https:\/\/moverdb.com\/sl\/ubox-cost\/#How_Can_I_Save_Money_on_U-Box\" >Kako lahko prihranim denar za U-Box?<\/a><\/li><li class='ez-toc-page-1 ez-toc-heading-level-2'><a class=\"ez-toc-link ez-toc-heading-4\" href=\"https:\/\/moverdb.com\/sl\/ubox-cost\/#Whats_Involved_in_Hiring_U-Box\" >Kaj je potrebno za najem U-Boxa?<\/a><\/li><li class='ez-toc-page-1 ez-toc-heading-level-2'><a class=\"ez-toc-link ez-toc-heading-5\" href=\"https:\/\/moverdb.com\/sl\/ubox-cost\/#Is_U-Box_the_Best_Choice_for_Me\" >Je U-Box najbolj\u0161a izbira zame?<\/a><\/li><li class='ez-toc-page-1 ez-toc-heading-level-2'><a class=\"ez-toc-link ez-toc-heading-6\" href=\"https:\/\/moverdb.com\/sl\/ubox-cost\/#How_Do_I_Find_and_Hire_a_U-Box\" >Kako poi\u0161\u010dem in najamem U-Box?<\/a><\/li><li class='ez-toc-page-1 ez-toc-heading-level-2'><a class=\"ez-toc-link ez-toc-heading-7\" href=\"https:\/\/moverdb.com\/sl\/ubox-cost\/#Final_Checklist\" >Kon\u010dni kontrolni seznam<\/a><\/li><li class='ez-toc-page-1 ez-toc-heading-level-2'><a class=\"ez-toc-link ez-toc-heading-8\" href=\"https:\/\/moverdb.com\/sl\/ubox-cost\/#Frequently_Asked_Questions\" >Pogosto zastavljena vpra\u0161anja<\/a><ul class='ez-toc-list-level-3' ><li class='ez-toc-heading-level-3'><a class=\"ez-toc-link ez-toc-heading-9\" href=\"https:\/\/moverdb.com\/sl\/ubox-cost\/#What_is_U-Box_and_How_Does_It_Work\" >Kaj je U-Box in kako deluje?<\/a><\/li><li class='ez-toc-page-1 ez-toc-heading-level-3'><a class=\"ez-toc-link ez-toc-heading-10\" href=\"https:\/\/moverdb.com\/sl\/ubox-cost\/#How_Do_I_Reserve_a_U-Box_Container\" >Kako rezervirati zabojnik U-Box?<\/a><\/li><li class='ez-toc-page-1 ez-toc-heading-level-3'><a class=\"ez-toc-link ez-toc-heading-11\" href=\"https:\/\/moverdb.com\/sl\/ubox-cost\/#Can_U-Box_Containers_Be_Used_for_Long-Distance_Moves\" >Ali se lahko zabojniki U-Box uporabljajo za premike na dolge razdalje?<\/a><\/li><li class='ez-toc-page-1 ez-toc-heading-level-3'><a class=\"ez-toc-link ez-toc-heading-12\" href=\"https:\/\/moverdb.com\/sl\/ubox-cost\/#Can_I_Access_My_U-Box_While_Its_in_Storage\" >Ali lahko dostopam do svojega U-Boxa, ko je v skladi\u0161\u010du?<\/a><\/li><li class='ez-toc-page-1 ez-toc-heading-level-3'><a class=\"ez-toc-link ez-toc-heading-13\" href=\"https:\/\/moverdb.com\/sl\/ubox-cost\/#Can_U-Haul_Help_with_Loading_and_Unloading_My_U-Box\" >Ali lahko U-Haul pomaga pri natovarjanju in raztovarjanju mojega U-Boxa?<\/a><\/li><\/ul><\/li><\/ul><\/nav><\/div>\n<h2 class=\"wp-block-heading\"><span class=\"ez-toc-section\" id=\"How_Much_Does_U-Box_Cost\"><\/span><b>Koliko stane U-Box?<\/b><span class=\"ez-toc-section-end\"><\/span><\/h2>\r\n\r\n\r\n\r\n<p>U-Box nagovarja stranke, ki cenijo re\u0161itev \"vse v enem\" in so pripravljene vlagati v udobje.<\/p>\r\n\r\n\r\n\r\n<p>U-Box ponuja celovit paket s povpre\u010dno ceno zabojnika $3.700+, ki poleg zabojnika vklju\u010duje tudi najem vozila in sam zabojnik. Vklju\u010ditev teh elementov prispeva k vi\u0161ji ceni.<\/p>\r\n\r\n\r\n\n<table id=\"tablepress-361\" class=\"tablepress tablepress-id-361\">\n<thead>\n<tr class=\"row-1\">\n\t<th class=\"column-1\">Storitev<\/th><th class=\"column-2\">Ocenjeni stro\u0161ki<\/th>\n<\/tr>\n<\/thead>\n<tbody class=\"row-striping row-hover\">\n<tr class=\"row-2\">\n\t<td class=\"column-1\">Cena na zaboj\/kontejner<\/td><td class=\"column-2\">$100<\/td>\n<\/tr>\n<tr class=\"row-3\">\n\t<td class=\"column-1\">Pristojbina za dostavo na zaboj\/kontejner<\/td><td class=\"column-2\">$99<\/td>\n<\/tr>\n<tr class=\"row-4\">\n\t<td class=\"column-1\">Pomo\u010d pri selitvi<\/td><td class=\"column-2\">$40<\/td>\n<\/tr>\n<tr class=\"row-5\">\n\t<td class=\"column-1\">Zavarovalno kritje<\/td><td class=\"column-2\">$20<\/td>\n<\/tr>\n<\/tbody>\n<\/table>\n<!-- #tablepress-361 from cache -->\n\r\n\r\n\r\n<p>Osnovni stro\u0161ek na \u0161katlo je $100, stro\u0161ek dostave na \u0161katlo\/kontejner pa je $99. \u010ce \u017eelite pomo\u010d pri selitvi - pakiranje in nakladanje -, lahko ta stane $40, zavarovanje va\u0161ih stvari med skladi\u0161\u010denjem pa $20.<\/p>\r\n\r\n\r\n\r\n<p>V na\u0161i primerjavi stro\u0161kov si bomo ogledali razli\u010dne ponudnike najema vozil in skladi\u0161\u010dnih enot, da bi primerjali in primerjali njihove cene ter vam dali celovito predstavo o stro\u0161kih, s katerimi se boste sre\u010dali, ko boste \u017eeleli najeti selitvene storitve.<\/p>\r\n\r\n\r\n\r\n\n<table id=\"tablepress-359\" class=\"tablepress tablepress-id-359\">\n<thead>\n<tr class=\"row-1\">\n\t<th class=\"column-1\">Ponudnik storitev<\/th><th class=\"column-2\">Povpre\u010dna cena najema zabojnika\/vozila<\/th>\n<\/tr>\n<\/thead>\n<tbody class=\"row-striping row-hover\">\n<tr class=\"row-2\">\n\t<td class=\"column-1\">PODI<\/td><td class=\"column-2\">$6,100+<\/td>\n<\/tr>\n<tr class=\"row-3\">\n\t<td class=\"column-1\">U-Pack<\/td><td class=\"column-2\">$3,000+<\/td>\n<\/tr>\n<tr class=\"row-4\">\n\t<td class=\"column-1\">1-800-PACK-RAT<\/td><td class=\"column-2\">$3,000+<\/td>\n<\/tr>\n<tr class=\"row-5\">\n\t<td class=\"column-1\">zippyshell<\/td><td class=\"column-2\">$2,900+<\/td>\n<\/tr>\n<tr class=\"row-6\">\n\t<td class=\"column-1\">U-Haul<\/td><td class=\"column-2\">$3,500+<\/td>\n<\/tr>\n<tr class=\"row-7\">\n\t<td class=\"column-1\">SMARTBOX<\/td><td class=\"column-2\">$3,100+<\/td>\n<\/tr>\n<tr class=\"row-8\">\n\t<td class=\"column-1\">U-Box<\/td><td class=\"column-2\">$3.700+ (vklju\u010duje najem vozila in zaboj)<\/td>\n<\/tr>\n<\/tbody>\n<\/table>\n<!-- #tablepress-359 from cache -->\r\n\r\n\r\n\r\n<p>Razpon cen drugih dobaviteljev se giblje med $2.900 pri najni\u017ejih in $6.100+ pri najvi\u0161jih cenah.<\/p>\r\n\r\n\r\n\r\n<h2 class=\"wp-block-heading\"><span class=\"ez-toc-section\" id=\"What_Affects_the_Cost_of_U-Box\"><\/span><b>Kaj vpliva na stro\u0161ke U-Boxa?<\/b><span class=\"ez-toc-section-end\"><\/span><\/h2>\r\n\r\n\r\n\r\n<p>Na stro\u0161ke skladi\u0161\u010denja v zabojih U-Box lahko vplivajo \u0161tirje glavni dejavniki - poglejmo si jih podrobneje:<\/p>\r\n\r\n\r\n\r\n<p><strong><a href=\"https:\/\/moverdb.com\/sl\/shipping-container-sizes-and-dimensions\/\" data-internallinksmanager029f6b8e52c=\"247\" title=\"Kon\u010dni vodnik po velikostih in dimenzijah ladijskih zabojnikov\">Velikost zabojnika<\/a><\/strong><\/p>\r\n\r\n\r\n\r\n<p>Izbrana velikost zabojnika U-Box neposredno vpliva na stro\u0161ke. Ve\u010dji zabojniki nudijo ve\u010d prostora in skladi\u0161\u010dne zmogljivosti, vendar je njihova cena v primerjavi z manj\u0161imi mo\u017enostmi lahko vi\u0161ja.<\/p>\r\n\r\n\r\n\r\n<p>\u010ce \u017eelite dobiti najbolj\u0161e razmerje med ceno in kakovostjo, se prepri\u010dajte, da ste izbrali velikost zabojnika, ki najbolj ustreza va\u0161im stvarem.<\/p>\r\n\r\n\r\n\r\n<p><strong>Trajanje shranjevanja<\/strong><\/p>\r\n\r\n\r\n\r\n<p>Na ceno lahko vpliva \u010das, za katerega nameravate uporabljati skladi\u0161\u010de U-Box, saj so stro\u0161ki za dalj\u0161e obdobje skladi\u0161\u010denja vi\u0161ji kot za kratkoro\u010dni najem. \u010ce \u017eelite to kar najbolje izkoristiti, izberite na\u010drt, ki ustreza va\u0161emu \u010dasovnemu na\u010drtu, vendar ne bodite preve\u010d optimisti\u010dni, saj so lahko dodatni dodatki za dalj\u0161e obdobje dragi.<\/p>\r\n\r\n\r\n\r\n<p><strong>Lokacija dostave<\/strong><\/p>\r\n\r\n\r\n\r\n<p>Razdalja med skladi\u0161\u010dem U-Box in krajem dostave lahko vpliva na stro\u0161ke in glede na razdaljo se lahko stro\u0161ki dostave razlikujejo. Ko izra\u010dunavate skupne stro\u0161ke najema, upo\u0161tevajte lokacijo skladi\u0161\u010da U-Box v primerjavi z va\u0161o kon\u010dno destinacijo.\u00a0<\/p>\r\n\r\n\r\n\r\n<p><strong>Dodatne storitve<\/strong><\/p>\r\n\r\n\r\n\r\n<p>U-Box ponuja razli\u010dne dodatne storitve, kot so strokovna pomo\u010d pri nakladanju in razkladanju, skladi\u0161\u010denje v klimatiziranih prostorih in zavarovanje. Izbira teh storitev lahko vpliva na skupne stro\u0161ke va\u0161e izku\u0161nje z U-Boxom, zato je najbolje oceniti, katere storitve so bistvene za va\u0161e potrebe, in temu primerno oblikovati prora\u010dun.<\/p>\r\n\r\n\r\n\r\n\r\n\r\n<h2 class=\"wp-block-heading\"><span class=\"ez-toc-section\" id=\"How_Can_I_Save_Money_on_U-Box\"><\/span><strong>Kako lahko prihranim denar za U-Box?<\/strong><span class=\"ez-toc-section-end\"><\/span><\/h2>\r\n\r\n\r\n\r\n<figure class=\"wp-block-image size-full\"><img loading=\"lazy\" decoding=\"async\" width=\"1000\" height=\"667\" class=\"wp-image-11038\" src=\"https:\/\/moverdb.com\/wp-content\/uploads\/u-box-moving-2.jpg\" alt=\"\" srcset=\"https:\/\/moverdb.com\/wp-content\/uploads\/u-box-moving-2.jpg 1000w, https:\/\/moverdb.com\/wp-content\/uploads\/u-box-moving-2-300x200.jpg 300w, https:\/\/moverdb.com\/wp-content\/uploads\/u-box-moving-2-18x12.jpg 18w, https:\/\/moverdb.com\/wp-content\/uploads\/u-box-moving-2-600x400.jpg 600w\" sizes=\"auto, (max-width: 1000px) 100vw, 1000px\" \/><\/figure>\r\n\r\n\r\n\r\n<p>Strate\u0161ka izbira in prilagajanje izku\u0161enj z U-Boxom va\u0161im posebnim zahtevam vam lahko pomagata prihraniti denar. Poglejmo si to podrobneje.<\/p>\r\n\r\n\r\n\r\n<p>Najpomembnej\u0161i dejavnik, ki vam bo pomagal prihraniti denar, je izbira velikosti zabojnika U-Box, ki ustreza va\u0161im potrebam po skladi\u0161\u010denju. To pomeni, da se morate izogibati najemu ve\u010djega zabojnika, kot je potrebno, saj to lahko povzro\u010di nepotrebne stro\u0161ke.\u00a0<\/p>\r\n\r\n\r\n\r\n<p>\u010ce je mogo\u010de, izberite \u010dim kraj\u0161e obdobje skladi\u0161\u010denja, saj se lahko s kraj\u0161imi obdobji izognete dodatnim stro\u0161kom, povezanim z dalj\u0161imi najemi. Na\u010drtujte vnaprej in ocenite, koliko \u010dasa boste potrebovali skladi\u0161\u010denje, da bi optimizirali prihranke - vendar ne precenite svoje u\u010dinkovitosti, saj se lahko dodatni dnevi najema zlahka se\u0161tejejo.<\/p>\r\n\r\n\r\n\r\n<p>\u010ce je mogo\u010de, izberite skladi\u0161\u010de U-Box, ki je na priro\u010dni lokaciji, da zmanj\u0161ate stro\u0161ke dostave. Z izbiro objekta blizu va\u0161ega doma ali namembnega kraja lahko zmanj\u0161ate stro\u0161ke prevoza in poskrbite, da bo celotna izku\u0161nja s skladi\u0161\u010denjem stro\u0161kovno u\u010dinkovitej\u0161a.<\/p>\r\n\r\n\r\n\r\n<p>\u010ceprav U-Box ponuja razli\u010dne dodatne storitve, skrbno premislite, katere so bistvene za va\u0161 polo\u017eaj. \u010ce se odlo\u010dite le za storitve, ki jih resni\u010dno potrebujete, se lahko izognete nepotrebnim stro\u0161kom in ohranite skupne stro\u0161ke pod nadzorom.<\/p>\r\n\r\n\r\n\r\n<h2 class=\"wp-block-heading\"><span class=\"ez-toc-section\" id=\"Whats_Involved_in_Hiring_U-Box\"><\/span><strong>Kaj je potrebno za najem U-Boxa?<\/strong><span class=\"ez-toc-section-end\"><\/span><\/h2>\r\n\r\n\r\n\r\n<p>Najprej izberete velikost zabojnika U-Box, ki ustreza va\u0161im potrebam po skladi\u0161\u010denju, in ga rezervirate prek spleta ali po telefonu. Ko bo va\u0161a rezervacija potrjena, bo U-Haul dostavil zabojnik U-Box neposredno na va\u0161o lokacijo.\u00a0<\/p>\r\n\r\n\r\n\r\n<p>Ko je zabojnik na va\u0161em domu, ga lahko po lastnem okusu nalo\u017eite v zabojnik. Ko nalo\u017eite zabojnik U-Box, ga bo U-Haul prevzel in ga prepeljal v izbrano skladi\u0161\u010de ali na izbrani cilj.\u00a0<\/p>\r\n\r\n\r\n\r\n<p>\u010ce potrebujete pomo\u010d pri nakladanju in razkladanju, vam U-Haul ponuja strokovne delavske storitve, ki zagotavljajo nemoten postopek. Med celotnim prevozom ostanejo va\u0161e stvari v zabojniku U-Box na varnem.\u00a0<\/p>\r\n\r\n\r\n\r\n<h2 class=\"wp-block-heading\"><span class=\"ez-toc-section\" id=\"Is_U-Box_the_Best_Choice_for_Me\"><\/span><strong>Je U-Box najbolj\u0161a izbira zame?<\/strong><span class=\"ez-toc-section-end\"><\/span><\/h2>\r\n\r\n\r\n\r\n<p>Na trgu je veliko mo\u017enosti za re\u0161itve za selitev in skladi\u0161\u010denje, zato je te\u017eko vedeti, katera je prava za vas. Oglejmo si glavne prednosti in slabosti, ko razmi\u0161ljate o najemu zabojnikov U-Box.<\/p>\r\n\r\n\r\n\n<table id=\"tablepress-345\" class=\"tablepress tablepress-id-345\">\n<thead>\n<tr class=\"row-1\">\n\t<th class=\"column-1\">Prednosti U-Boxa<\/th><th class=\"column-2\">Slabosti U-Boxa<\/th>\n<\/tr>\n<\/thead>\n<tbody class=\"row-striping row-hover\">\n<tr class=\"row-2\">\n\t<td class=\"column-1\">Prilagodljivost glede \u010dasa premikanja in urnika<\/td><td class=\"column-2\">delovno intenzivno - sami morate natovarjati in raztovarjati, razen \u010de ne dodate dodatka za delovno silo<\/td>\n<\/tr>\n<tr class=\"row-3\">\n\t<td class=\"column-1\">Cenej\u0161i od tradicionalnih mo\u017enosti za popolno storitev, ki se premikajo<\/td><td class=\"column-2\">Razpolo\u017eljivost - zaradi zasedenosti je lahko razpolo\u017eljivost manj\u0161a. <\/td>\n<\/tr>\n<tr class=\"row-4\">\n\t<td class=\"column-1\">Med premikanjem lahko svoje stvari spremljate.<\/td><td class=\"column-2\">Dalj\u0161i \u010das najema je lahko drag<\/td>\n<\/tr>\n<\/tbody>\n<\/table>\n<!-- #tablepress-345 from cache -->\n\r\n\r\n\r\n<p>Glavna prednost je udobje, ki vam ga omogo\u010da - pri obi\u010dajnih selitvenih podjetjih boste morali nakladati in razkladati \u0161e isti dan, medtem ko vam U-Box omogo\u010da, da lahko pakirate in razpakirate v svojem ritmu.<\/p>\r\n\r\n\r\n\r\n<p>Vendar se lahko zara\u010dunajo dodatni stro\u0161ki, ki so odvisni od tega, kako dale\u010d so va\u0161e lokacije druga od druge, in dalj\u0161a obdobja skladi\u0161\u010denja so lahko hitro dra\u017eja, kot ste morda mislili na za\u010detku.<\/p>\r\n\r\n\r\n\r\n<h2 class=\"wp-block-heading\"><span class=\"ez-toc-section\" id=\"How_Do_I_Find_and_Hire_a_U-Box\"><\/span><strong>Kako poi\u0161\u010dem in najamem U-Box?<\/strong><span class=\"ez-toc-section-end\"><\/span><\/h2>\r\n\r\n\r\n\r\n<figure class=\"wp-block-image size-full\"><img loading=\"lazy\" decoding=\"async\" width=\"1000\" height=\"562\" class=\"wp-image-11039\" src=\"https:\/\/moverdb.com\/wp-content\/uploads\/u-box-moving-3.jpg\" alt=\"\" srcset=\"https:\/\/moverdb.com\/wp-content\/uploads\/u-box-moving-3.jpg 1000w, https:\/\/moverdb.com\/wp-content\/uploads\/u-box-moving-3-300x169.jpg 300w, https:\/\/moverdb.com\/wp-content\/uploads\/u-box-moving-3-18x10.jpg 18w, https:\/\/moverdb.com\/wp-content\/uploads\/u-box-moving-3-600x337.jpg 600w\" sizes=\"auto, (max-width: 1000px) 100vw, 1000px\" \/><\/figure>\r\n\r\n\r\n\r\n<p>\u010ce \u017eelite za\u010deti, obi\u0161\u010dite spletno mesto U-Haul in poi\u0161\u010dite lokacije U-Box v svoji bli\u017eini, vnesite svojo lokacijo in \u017eelene datume skladi\u0161\u010denja ter si oglejte razpolo\u017eljive mo\u017enosti. Lahko pa pokli\u010dete U-Haulovo slu\u017ebo za stranke in se pozanimate o razpolo\u017eljivosti U-Boxa ter opravite rezervacijo po telefonu.<\/p>\r\n\r\n\r\n\r\n<p>Ko ste izbrali lokacijo U-Boxa in potrdili razpolo\u017eljivost, morate izbrati velikost zabojnika, ki ustreza va\u0161im potrebam po skladi\u0161\u010denju. Dokon\u010dajte postopek rezervacije z navedbo svojih kontaktnih podatkov, podatkov o pla\u010dilu in morebitnih dodatnih storitev, ki jih potrebujete.<\/p>\r\n\r\n\r\n\r\n<p>Ko bo to opravljeno, vam bo U-Haul poslal potrditev s podrobnostmi rezervacije zabojnika U-Box, nato pa bo na predvideni dan dostave dostavil zabojnik U-Box na va\u0161o dolo\u010deno lokacijo. Svoje stvari lahko nato nalo\u017eite, ko vam ustreza.\u00a0<\/p>\r\n\r\n\r\n\r\n<p>Po kon\u010danem natovarjanju bo U-Haul prevzel zabojnik U-Box in ga prepeljal v dolo\u010deno skladi\u0161\u010de ali na novo destinacijo.<\/p>\r\n\r\n\r\n\r\n<h2 class=\"wp-block-heading\"><span class=\"ez-toc-section\" id=\"Final_Checklist\"><\/span><strong>Kon\u010dni kontrolni seznam<\/strong><span class=\"ez-toc-section-end\"><\/span><\/h2>\r\n\r\n\r\n\r\n<p>\u010ce menite, da je najem U-Boxa prava izbira, uporabite na\u0161 kon\u010dni kontrolni seznam, da na veliki dan na seznamu opravil ne bo ni\u010desar manjkalo.<\/p>\r\n\r\n\r\n\r\n<ul class=\"wp-block-list\">\r\n<li>Razmislite o prednostih in slabostih U-Boxa - ali je udobje vredno morebitne neprilagodljivosti glede razpolo\u017eljivih datumov?<\/li>\r\n\r\n\r\n\r\n<li>Oglejte si njihove dodatke in se odlo\u010dite, ali so primerni za vas. \u017delite pomo\u010d pri ro\u010dnem delu in nakladanju\/razkladanju?<\/li>\r\n\r\n\r\n\r\n<li>Preverite, ali na dveh lokacijah nastanejo dodatni stro\u0161ki.<\/li>\r\n\r\n\r\n\r\n<li>Izberite zabojnik prave velikosti za svoje stvari<\/li>\r\n\r\n\r\n\r\n<li>Rezervirajte in pripravite vse za veliki dan!<\/li>\r\n<\/ul>\r\n\r\n\r\n\r\n<h2 class=\"wp-block-heading\"><span class=\"ez-toc-section\" id=\"Frequently_Asked_Questions\"><\/span><strong>Pogosto zastavljena vpra\u0161anja<\/strong><span class=\"ez-toc-section-end\"><\/span><\/h2>\r\n\r\n\r\n<div id=\"rank-math-faq\" class=\"rank-math-block\">\n<div class=\"rank-math-list\">\n<div id=\"faq-question-1692269790738\" class=\"rank-math-list-item\">\n<h3 class=\"rank-math-question\"><span class=\"ez-toc-section\" id=\"What_is_U-Box_and_How_Does_It_Work\"><\/span><strong>Kaj je U-Box in kako deluje?<\/strong><span class=\"ez-toc-section-end\"><\/span><\/h3>\n<div class=\"rank-math-answer\">\n\n<p>U-Box je prenosna re\u0161itev za shranjevanje, ki ponuja udobje dostavljenih zabojnikov za shranjevanje. Izberete velikost zabojnika, U-Haul ga dostavi na va\u0161o lokacijo in nalo\u017eite svoje stvari. <\/p>\n<p>U-Haul nato zabojnik prevzame za skladi\u0161\u010denje ali prevoz.<\/p>\n\n<\/div>\n<\/div>\n<div id=\"faq-question-1692269827309\" class=\"rank-math-list-item\">\n<h3 class=\"rank-math-question\"><span class=\"ez-toc-section\" id=\"How_Do_I_Reserve_a_U-Box_Container\"><\/span><strong>Kako rezervirati zabojnik U-Box?<\/strong><span class=\"ez-toc-section-end\"><\/span><\/h3>\n<div class=\"rank-math-answer\">\n\n<p>To lahko storite prek spleti\u0161\u010da ali aplikacije U-Haul, tako da vnesete svojo lokacijo in \u017eelene datume. Lahko pa pokli\u010dete slu\u017ebo za pomo\u010d strankam U-Haul in rezervacijo opravite po telefonu.<\/p>\n\n<\/div>\n<\/div>\n<div id=\"faq-question-1692269843670\" class=\"rank-math-list-item\">\n<h3 class=\"rank-math-question\"><span class=\"ez-toc-section\" id=\"Can_U-Box_Containers_Be_Used_for_Long-Distance_Moves\"><\/span><strong>Ali se lahko zabojniki U-Box uporabljajo za premike na dolge razdalje?<\/strong><span class=\"ez-toc-section-end\"><\/span><\/h3>\n<div class=\"rank-math-answer\">\n\n<p>Da, zabojniki U-Box so zasnovani tako za krajevne kot tudi za dalj\u0161e selitve. Svoje stvari lahko nalo\u017eite v zabojnik U-Box na trenutni lokaciji, U-Haul pa jih bo prepeljal do cilja, ne glede na to, ali gre za mesto ali dr\u017eavo.<\/p>\n\n<\/div>\n<\/div>\n<div id=\"faq-question-1692269860435\" class=\"rank-math-list-item\">\n<h3 class=\"rank-math-question\"><span class=\"ez-toc-section\" id=\"Can_I_Access_My_U-Box_While_Its_in_Storage\"><\/span><strong>Ali lahko dostopam do svojega U-Boxa, ko je v skladi\u0161\u010du?<\/strong><span class=\"ez-toc-section-end\"><\/span><\/h3>\n<div class=\"rank-math-answer\">\n\n<p>Da, do svojega U-Boxa lahko dostopate, ko je v shrambi. Preprosto se obrnite na objekt U-Box in se dogovorite za dostop. <\/p>\n<p>Upo\u0161tevajte, da so z dostopom do zabojnika med skladi\u0161\u010denjem lahko povezani dolo\u010deni postopki in pristojbine.<\/p>\n\n<\/div>\n<\/div>\n<div id=\"faq-question-1692269875232\" class=\"rank-math-list-item\">\n<h3 class=\"rank-math-question\"><span class=\"ez-toc-section\" id=\"Can_U-Haul_Help_with_Loading_and_Unloading_My_U-Box\"><\/span><strong>Ali lahko U-Haul pomaga pri natovarjanju in raztovarjanju mojega U-Boxa?<\/strong><span class=\"ez-toc-section-end\"><\/span><\/h3>\n<div class=\"rank-math-answer\">\n\n<p>Da, U-Haul ponuja storitve nakladanja in razkladanja zabojnikov U-Box. \u010ce potrebujete pomo\u010d pri dvigovanju te\u017ekih bremen ali pakiranju, lahko pri U-Haulu najamete strokovno delovno silo, ki vam bo olaj\u0161ala postopek.<\/p>\n\n<\/div>\n<\/div>\n<\/div>\n<\/div>","protected":false},"excerpt":{"rendered":"<p>U-Box is U-Haul&#8217;s versatile and convenient storage solution designed to simplify your moving and storage needs. With U-Box, you get the flexibility to store your belongings on your terms, whether you&#8217;re relocating, decluttering, or simply in need of temporary storage.\u00a0 Our guide will cover the following: U-Box containers are portable, secure, and delivered right to [&hellip;]<\/p>\n","protected":false},"author":1,"featured_media":0,"parent":0,"menu_order":0,"comment_status":"closed","ping_status":"closed","template":"","meta":{"_genesis_hide_title":false,"_genesis_hide_breadcrumbs":false,"_genesis_hide_singular_image":false,"_genesis_hide_footer_widgets":false,"_genesis_custom_body_class":"","_genesis_custom_post_class":"","_genesis_layout":"","footnotes":""},"class_list":{"0":"post-17400","1":"page","2":"type-page","3":"status-publish","5":"entry"},"_links":{"self":[{"href":"https:\/\/moverdb.com\/sl\/wp-json\/wp\/v2\/pages\/17400","targetHints":{"allow":["GET"]}}],"collection":[{"href":"https:\/\/moverdb.com\/sl\/wp-json\/wp\/v2\/pages"}],"about":[{"href":"https:\/\/moverdb.com\/sl\/wp-json\/wp\/v2\/types\/page"}],"author":[{"embeddable":true,"href":"https:\/\/moverdb.com\/sl\/wp-json\/wp\/v2\/users\/1"}],"replies":[{"embeddable":true,"href":"https:\/\/moverdb.com\/sl\/wp-json\/wp\/v2\/comments?post=17400"}],"version-history":[{"count":1,"href":"https:\/\/moverdb.com\/sl\/wp-json\/wp\/v2\/pages\/17400\/revisions"}],"predecessor-version":[{"id":17401,"href":"https:\/\/moverdb.com\/sl\/wp-json\/wp\/v2\/pages\/17400\/revisions\/17401"}],"wp:attachment":[{"href":"https:\/\/moverdb.com\/sl\/wp-json\/wp\/v2\/media?parent=17400"}],"curies":[{"name":"wp","href":"https:\/\/api.w.org\/{rel}","templated":true}]}}