{"id":17398,"date":"2024-07-03T09:10:49","date_gmt":"2024-07-03T09:10:49","guid":{"rendered":"https:\/\/moverdb.com\/?page_id=17398"},"modified":"2026-01-08T13:18:45","modified_gmt":"2026-01-08T13:18:45","slug":"u-haul-cost","status":"publish","type":"page","link":"https:\/\/moverdb.com\/sl\/u-haul-cost\/","title":{"rendered":"Koliko stane U-Haul? Vodnik po prihrankih za leto 2024"},"content":{"rendered":"<figure class=\"wp-block-image size-full\"><img loading=\"lazy\" decoding=\"async\" width=\"1000\" height=\"667\" src=\"https:\/\/moverdb.com\/wp-content\/uploads\/u-haul-moving-1.jpg\" alt=\"\" class=\"wp-image-11040\" srcset=\"https:\/\/moverdb.com\/wp-content\/uploads\/u-haul-moving-1.jpg 1000w, https:\/\/moverdb.com\/wp-content\/uploads\/u-haul-moving-1-300x200.jpg 300w, https:\/\/moverdb.com\/wp-content\/uploads\/u-haul-moving-1-18x12.jpg 18w, https:\/\/moverdb.com\/wp-content\/uploads\/u-haul-moving-1-600x400.jpg 600w\" sizes=\"auto, (max-width: 1000px) 100vw, 1000px\" \/><\/figure>\r\n\r\n\r\n\r\n<p>U-Haul ostaja priljubljena izbira med selitvenimi podjetji, vendar koliko dejansko stane? V tem \u010dlanku bomo raz\u010dlenili cenovne modele U-Haul, preu\u010dili razli\u010dne dejavnike, ki prispevajo k skupnim stro\u0161kom, in vam ponudili pomembne nasvete za stro\u0161kovno u\u010dinkovito selitev.<\/p>\r\n\r\n\r\n\r\n<p>V na\u0161em vodniku bomo obravnavali naslednje:<\/p>\r\n\r\n\r\n\r\n<ul class=\"wp-block-list\">\r\n<li>Koliko stane U-Haul<\/li>\r\n\r\n\r\n\r\n<li>Kaj vpliva na ceno storitve U-Haul<\/li>\r\n\r\n\r\n\r\n<li>Kako prihraniti denar za U-Haul<\/li>\r\n\r\n\r\n\r\n<li>Kaj je potrebno pri uporabi U-Haul<\/li>\r\n\r\n\r\n\r\n<li>Kako vedeti, ali je U-Haul najbolj\u0161a izbira za vas<\/li>\r\n\r\n\r\n\r\n<li>Kako najti in najeti U-Haul<\/li>\r\n<\/ul>\r\n\r\n\r\n\r\n<p>\u010ce \u017eelite zmanj\u0161ati stro\u0161ke in se odlo\u010diti za selitev doma po na\u010delu \"naredi sam\", je uporaba U-Haul odli\u010dna re\u0161itev. Za\u010dnimo.<\/p>\r\n\r\n\r\n\r\n<div id=\"ez-toc-container\" class=\"ez-toc-v2_0_82_2 ez-toc-wrap-left counter-hierarchy ez-toc-counter ez-toc-transparent ez-toc-container-direction\">\n<div class=\"ez-toc-title-container\">\n<p class=\"ez-toc-title\" style=\"cursor:inherit\">Oddelki<\/p>\n<span class=\"ez-toc-title-toggle\"><a href=\"#\" class=\"ez-toc-pull-right ez-toc-btn ez-toc-btn-xs ez-toc-btn-default ez-toc-toggle\" aria-label=\"Toggle Tabela vsebine\"><span class=\"ez-toc-js-icon-con\"><span class=\"\"><span class=\"eztoc-hide\" style=\"display:none;\">Toggle<\/span><span class=\"ez-toc-icon-toggle-span\"><svg style=\"fill: #999;color:#999\" xmlns=\"http:\/\/www.w3.org\/2000\/svg\" class=\"list-377408\" width=\"20px\" height=\"20px\" viewbox=\"0 0 24 24\" fill=\"none\"><path d=\"M6 6H4v2h2V6zm14 0H8v2h12V6zM4 11h2v2H4v-2zm16 0H8v2h12v-2zM4 16h2v2H4v-2zm16 0H8v2h12v-2z\" fill=\"currentColor\"><\/path><\/svg><svg style=\"fill: #999;color:#999\" class=\"arrow-unsorted-368013\" xmlns=\"http:\/\/www.w3.org\/2000\/svg\" width=\"10px\" height=\"10px\" viewbox=\"0 0 24 24\" version=\"1.2\" baseprofile=\"tiny\"><path d=\"M18.2 9.3l-6.2-6.3-6.2 6.3c-.2.2-.3.4-.3.7s.1.5.3.7c.2.2.4.3.7.3h11c.3 0 .5-.1.7-.3.2-.2.3-.5.3-.7s-.1-.5-.3-.7zM5.8 14.7l6.2 6.3 6.2-6.3c.2-.2.3-.5.3-.7s-.1-.5-.3-.7c-.2-.2-.4-.3-.7-.3h-11c-.3 0-.5.1-.7.3-.2.2-.3.5-.3.7s.1.5.3.7z\"\/><\/svg><\/span><\/span><\/span><\/a><\/span><\/div>\n<nav><ul class='ez-toc-list ez-toc-list-level-1 eztoc-toggle-hide-by-default' ><li class='ez-toc-page-1 ez-toc-heading-level-2'><a class=\"ez-toc-link ez-toc-heading-1\" href=\"https:\/\/moverdb.com\/sl\/u-haul-cost\/#How_Much_Does_U-Haul_Cost\" >Koliko stane U-Haul?<\/a><\/li><li class='ez-toc-page-1 ez-toc-heading-level-2'><a class=\"ez-toc-link ez-toc-heading-2\" href=\"https:\/\/moverdb.com\/sl\/u-haul-cost\/#What_Affects_the_Cost_of_U-Haul\" >Kaj vpliva na stro\u0161ke prevoza U-Haul?<\/a><\/li><li class='ez-toc-page-1 ez-toc-heading-level-2'><a class=\"ez-toc-link ez-toc-heading-3\" href=\"https:\/\/moverdb.com\/sl\/u-haul-cost\/#How_Can_I_Save_Money_on_U-Haul\" >Kako lahko prihranim denar za U-Haul?<\/a><\/li><li class='ez-toc-page-1 ez-toc-heading-level-2'><a class=\"ez-toc-link ez-toc-heading-4\" href=\"https:\/\/moverdb.com\/sl\/u-haul-cost\/#Whats_Involved_in_Hiring_a_U-Haul\" >Kaj je potrebno pri najemu U-Haul?<\/a><\/li><li class='ez-toc-page-1 ez-toc-heading-level-2'><a class=\"ez-toc-link ez-toc-heading-5\" href=\"https:\/\/moverdb.com\/sl\/u-haul-cost\/#Is_a_U-Haul_the_Best_Choice_for_Me\" >Ali je U-Haul najbolj\u0161a izbira zame?<\/a><\/li><li class='ez-toc-page-1 ez-toc-heading-level-2'><a class=\"ez-toc-link ez-toc-heading-6\" href=\"https:\/\/moverdb.com\/sl\/u-haul-cost\/#Final_Checklist\" >Kon\u010dni kontrolni seznam<\/a><\/li><li class='ez-toc-page-1 ez-toc-heading-level-2'><a class=\"ez-toc-link ez-toc-heading-7\" href=\"https:\/\/moverdb.com\/sl\/u-haul-cost\/#Frequently_Asked_Questions\" >Pogosto zastavljena vpra\u0161anja<\/a><ul class='ez-toc-list-level-3' ><li class='ez-toc-heading-level-3'><a class=\"ez-toc-link ez-toc-heading-8\" href=\"https:\/\/moverdb.com\/sl\/u-haul-cost\/#How_Do_I_Reserve_a_U-Haul_Truck\" >Kako rezervirati tovornjak U-Haul?<\/a><\/li><li class='ez-toc-page-1 ez-toc-heading-level-3'><a class=\"ez-toc-link ez-toc-heading-9\" href=\"https:\/\/moverdb.com\/sl\/u-haul-cost\/#What_Do_I_Need_to_Bring_for_Pickup\" >Kaj moram prinesti za prevzem?<\/a><\/li><li class='ez-toc-page-1 ez-toc-heading-level-3'><a class=\"ez-toc-link ez-toc-heading-10\" href=\"https:\/\/moverdb.com\/sl\/u-haul-cost\/#Can_I_Extend_My_Rental_Period\" >Ali lahko podalj\u0161am obdobje najema?<\/a><\/li><li class='ez-toc-page-1 ez-toc-heading-level-3'><a class=\"ez-toc-link ez-toc-heading-11\" href=\"https:\/\/moverdb.com\/sl\/u-haul-cost\/#What_Should_I_Do_if_I_Encounter_Issues_During_the_Rental\" >Kaj naj storim, \u010de med najemom naletim na te\u017eave?<\/a><\/li><\/ul><\/li><\/ul><\/nav><\/div>\n<h2 class=\"wp-block-heading\"><span class=\"ez-toc-section\" id=\"How_Much_Does_U-Haul_Cost\"><\/span><strong>Koliko stane U-Haul?<\/strong><span class=\"ez-toc-section-end\"><\/span><\/h2>\r\n\r\n\r\n\r\n<p>U-Haul, dobro znano ime v panogi selitev, ponuja storitve selitve zabojnikov in najema vozil. \u010ceprav jih morda povezujemo s tradicionalnim najemom tovornjakov, njihova storitev kontejnerjev ponuja alternativno re\u0161itev za selitev hi\u0161e.<\/p>\r\n\r\n\r\n\r\n<p>Prepoznavnost blagovne znamke U-Haul in razpolo\u017eljivost po vsej dr\u017eavi prispevata k vi\u0161ji ceni v primerjavi s konkurenti. Za za\u010detek si oglejmo povpre\u010dne stro\u0161ke najema vozila U-Haul.<\/p>\r\n\r\n\r\n\n<table id=\"tablepress-360\" class=\"tablepress tablepress-id-360\">\n<thead>\n<tr class=\"row-1\">\n\t<th class=\"column-1\">Razdalja<\/th><th class=\"column-2\">Ocenjeni stro\u0161ki<\/th>\n<\/tr>\n<\/thead>\n<tbody class=\"row-striping row-hover\">\n<tr class=\"row-2\">\n\t<td class=\"column-1\">50 milj<\/td><td class=\"column-2\">$25 + $0,99 na miljo<\/td>\n<\/tr>\n<tr class=\"row-3\">\n\t<td class=\"column-1\">450 milj<\/td><td class=\"column-2\">$600+<\/td>\n<\/tr>\n<tr class=\"row-4\">\n\t<td class=\"column-1\">Ve\u010d kot 1.000 milj<\/td><td class=\"column-2\">$1,600 do $2,300+<\/td>\n<\/tr>\n<\/tbody>\n<\/table>\n<!-- #tablepress-360 from cache -->\n\r\n\r\n\r\n<p>Za kratko, 50-kilometrsko potovanje je cena pribli\u017eno $25 za najem in $0,99 na kilometer. Za ve\u010dja potovanja, dalj\u0161a od 1.000 milj, lahko stro\u0161ki zna\u0161ajo od $1.600 do $2.300, odvisno od skupne prevo\u017eene razdalje.<\/p>\r\n\r\n\r\n\r\n<p>V na\u0161i primerjavi stro\u0161kov si bomo ogledali razli\u010dne ponudnike najema vozil in skladi\u0161\u010dnih enot, da bi primerjali in primerjali njihove cene ter vam dali celovito predstavo o stro\u0161kih, s katerimi se boste sre\u010dali, ko boste \u017eeleli najeti selitvene storitve.<\/p>\r\n\r\n\r\n\n<table id=\"tablepress-359\" class=\"tablepress tablepress-id-359\">\n<thead>\n<tr class=\"row-1\">\n\t<th class=\"column-1\">Ponudnik storitev<\/th><th class=\"column-2\">Povpre\u010dna cena najema zabojnika\/vozila<\/th>\n<\/tr>\n<\/thead>\n<tbody class=\"row-striping row-hover\">\n<tr class=\"row-2\">\n\t<td class=\"column-1\">PODI<\/td><td class=\"column-2\">$6,100+<\/td>\n<\/tr>\n<tr class=\"row-3\">\n\t<td class=\"column-1\">U-Pack<\/td><td class=\"column-2\">$3,000+<\/td>\n<\/tr>\n<tr class=\"row-4\">\n\t<td class=\"column-1\">1-800-PACK-RAT<\/td><td class=\"column-2\">$3,000+<\/td>\n<\/tr>\n<tr class=\"row-5\">\n\t<td class=\"column-1\">zippyshell<\/td><td class=\"column-2\">$2,900+<\/td>\n<\/tr>\n<tr class=\"row-6\">\n\t<td class=\"column-1\">U-Haul<\/td><td class=\"column-2\">$3,500+<\/td>\n<\/tr>\n<tr class=\"row-7\">\n\t<td class=\"column-1\">SMARTBOX<\/td><td class=\"column-2\">$3,100+<\/td>\n<\/tr>\n<tr class=\"row-8\">\n\t<td class=\"column-1\">U-Box<\/td><td class=\"column-2\">$3.700+ (vklju\u010duje najem vozila in zaboj)<\/td>\n<\/tr>\n<\/tbody>\n<\/table>\n<!-- #tablepress-359 from cache -->\n\r\n\r\n\r\n<p>Razpon cen drugih dobaviteljev se giblje med $2.900 pri najni\u017ejih in $6.100+ pri najvi\u0161jih cenah.<\/p>\r\n\r\n\r\n\r\n<h2 class=\"wp-block-heading\"><span class=\"ez-toc-section\" id=\"What_Affects_the_Cost_of_U-Haul\"><\/span><strong>Kaj vpliva na stro\u0161ke prevoza U-Haul?<\/strong><span class=\"ez-toc-section-end\"><\/span><\/h2>\r\n\r\n\r\n\r\n<p>Zdaj poznamo nekatere cene, povezane z najemom U-Haul, zato si poglejmo, kako lahko vplivate na stro\u0161ke, da boste seznanjeni z dejstvi, preden se lotite najema.<\/p>\r\n\r\n\r\n\r\n<p><strong>Razdalja premikanja<\/strong><\/p>\r\n\r\n\r\n\r\n<p>Kot ste pri\u010dakovali, razdalja, ki jo nameravate prepotovati z najetim tovornjakom U-Haul, bistveno vpliva na ceno. Na dalj\u0161ih razdaljah so cene najema obi\u010dajno vi\u0161je zaradi ve\u010dje porabe goriva in obrabe vozila.<\/p>\r\n\r\n\r\n\r\n<p><strong>Velikost in tip tovornjaka<\/strong><\/p>\r\n\r\n\r\n\r\n<p>Izbrana velikost in vrsta tovornjaka U-Haul vplivata na ceno najema. Ve\u010dji tovornjaki z ve\u010d prostora za tovor imajo obi\u010dajno vi\u0161jo ceno najema v primerjavi z manj\u0161imi mo\u017enostmi.<\/p>\r\n\r\n\r\n\r\n<p><strong>Trajanje najema<\/strong><\/p>\r\n\r\n\r\n\r\n<p>\u010cas, za katerega potrebujete tovornjak U-Haul, je pomemben dejavnik pri povezanih stro\u0161kih, saj dalj\u0161e obdobje najema pomeni vi\u0161je skupne stro\u0161ke. U-Haul ponuja mo\u017enosti najema za razli\u010dna trajanja, od nekaj ur do ve\u010d dni, s \u010dimer vam pomaga najti storitev, ki ustreza va\u0161im individualnim razmeram.<\/p>\r\n\r\n\r\n\r\n<p><strong>Dodatki in dodatki za premikanje<\/strong><\/p>\r\n\r\n\r\n\r\n<p>Izbira dodatnih storitev in dodatkov za selitev, kot so pripomo\u010dki za pakiranje, vozi\u010dki in podloge za pohi\u0161tvo, lahko pove\u010da stro\u0161ke najema. Ti dodatki lahko pripomorejo k racionalizaciji selitve, vendar lahko prispevajo k vi\u0161jim stro\u0161kom.<\/p>\r\n\r\n\r\n\r\n<p><strong>Lokacije prevzema in oddaje<\/strong><\/p>\r\n\r\n\r\n\r\n<p>Lokacije prevzema in oddaje za najem U-Haul vplivajo na ceno, saj se lahko cene najema razlikujejo glede na povpra\u0161evanje in razpolo\u017eljivost tovornjakov na dolo\u010denih lokacijah. Cene se lahko razlikujejo tudi med enosmernim in lokalnim najemom, kar je pomembno upo\u0161tevati.<\/p>\r\n\r\n\r\n\r\n<h2 class=\"wp-block-heading\"><span class=\"ez-toc-section\" id=\"How_Can_I_Save_Money_on_U-Haul\"><\/span><strong>Kako lahko prihranim denar za U-Haul?<\/strong><span class=\"ez-toc-section-end\"><\/span><\/h2>\r\n\r\n\r\n\r\n<figure class=\"wp-block-image size-full\"><img loading=\"lazy\" decoding=\"async\" width=\"1000\" height=\"667\" src=\"https:\/\/moverdb.com\/wp-content\/uploads\/u-haul-moving-2.jpg\" alt=\"\" class=\"wp-image-11041\" srcset=\"https:\/\/moverdb.com\/wp-content\/uploads\/u-haul-moving-2.jpg 1000w, https:\/\/moverdb.com\/wp-content\/uploads\/u-haul-moving-2-300x200.jpg 300w, https:\/\/moverdb.com\/wp-content\/uploads\/u-haul-moving-2-18x12.jpg 18w, https:\/\/moverdb.com\/wp-content\/uploads\/u-haul-moving-2-600x400.jpg 600w\" sizes=\"auto, (max-width: 1000px) 100vw, 1000px\" \/><\/figure>\r\n\r\n\r\n\r\n<p>Zdaj \u017ee vemo, kako se lahko prevozniki U-Hauls podra\u017eijo, zato se temu zoperstavimo z nekaterimi pametnimi napotki, da boste imeli svoje izdatke pod nadzorom.<\/p>\r\n\r\n\r\n\r\n<p>\u010ce je mogo\u010de, se odlo\u010dite za manj\u0161i tovornjak, saj lahko z izbiro velikosti tovornjaka, v katerem ni preve\u010d prostora za va\u0161e stvari, zni\u017eate stro\u0161ke najema. Manj\u0161i tovornjaki so obi\u010dajno cenovno ugodnej\u0161i.<\/p>\r\n\r\n\r\n\r\n<p>\u010ce najemate vozilo na podlagi prevo\u017eenih kilometrov, na\u010drtujte naju\u010dinkovitej\u0161o pot do cilja, da \u010dim bolj zmanj\u0161ate prevo\u017eeno razdaljo. Izogibajte se obvozom in nepotrebnim prevo\u017eenim kilometrom, da boste ohranili stro\u0161ke.<\/p>\r\n\r\n\r\n\r\n<p>Prav tako izberite ustrezno trajanje najema glede na svoje potrebe. \u010ce lahko selitev opravite v kraj\u0161em \u010dasu, boste za najem pla\u010dali manj - vendar bodite pozorni na svoj urnik in morebitni pretirani optimizem, saj so lahko zamudnine enako \u0161kodljive kot podalj\u0161ano obdobje najema.<\/p>\r\n\r\n\r\n\r\n<p>Pri selitvi izven sezone ali ob delavnikih so lahko cene najema ni\u017eje. \u010ce je mogo\u010de, se izogibajte vikendom in najve\u010djim selitvenim mesecem, kot je poletje, da bi izkoristili morebitne ni\u017eje cene.<\/p>\r\n\r\n\r\n\r\n<p>\u010ceprav U-Haul ponuja razli\u010dne pripomo\u010dke in dodatke za premikanje, izberite le tisto, kar <em>resni\u010dno<\/em> potrebujejo. \u010ce se odpoveste nepotrebnim dodatkom, kot je posebna oprema, lahko zmanj\u0161ate skupne stro\u0161ke.<\/p>\r\n\r\n\r\n\r\n<h2 class=\"wp-block-heading\"><span class=\"ez-toc-section\" id=\"Whats_Involved_in_Hiring_a_U-Haul\"><\/span><strong>Kaj je vklju\u010deno v<\/strong> Najem U-Haul?<span class=\"ez-toc-section-end\"><\/span><\/h2>\r\n\r\n\r\n\r\n<figure class=\"wp-block-image size-full\"><img loading=\"lazy\" decoding=\"async\" width=\"1000\" height=\"654\" src=\"https:\/\/moverdb.com\/wp-content\/uploads\/u-haul-moving-3.jpg\" alt=\"\" class=\"wp-image-11042\" srcset=\"https:\/\/moverdb.com\/wp-content\/uploads\/u-haul-moving-3.jpg 1000w, https:\/\/moverdb.com\/wp-content\/uploads\/u-haul-moving-3-300x196.jpg 300w, https:\/\/moverdb.com\/wp-content\/uploads\/u-haul-moving-3-18x12.jpg 18w, https:\/\/moverdb.com\/wp-content\/uploads\/u-haul-moving-3-600x392.jpg 600w\" sizes=\"auto, (max-width: 1000px) 100vw, 1000px\" \/><\/figure>\r\n\r\n\r\n\r\n<p>Prvi korak pri najemu vozila U-Haul je morda najte\u017eji - dolo\u010diti morate ustrezno velikost tovornjaka za svoje stvari in izra\u010dunati razdaljo, ki jo boste prevozili.<\/p>\r\n\r\n\r\n\r\n<p>Ko izberete tovornjak, ga lahko rezervirate prek spleta ali po telefonu ter dolo\u010dite kraj prevzema, trajanje najema in kraj oddaje.<\/p>\r\n\r\n\r\n\r\n<p>Na predvideni dan prevzema se odpravite na izbrano lokacijo U-Haul, da prevzamete najeti tovornjak, pri tem pa obvezno prinesite veljavno vozni\u0161ko dovoljenje in na\u010din pla\u010dila, ki ste ga uporabili pri rezervaciji. Po izpolnitvi dokumentacije boste prejeli klju\u010de tovornjaka U-Haul.<\/p>\r\n\r\n\r\n\r\n<p>Od tam lahko nalo\u017eite svoje stvari, se odpeljete do namembnega kraja in jih nato raztovorite, ko vam ustreza. Ko kon\u010date z uporabo tovornjaka, ga preprosto vrnite na dolo\u010deno mesto oddaje v dogovorjenem obdobju najema.<\/p>\r\n\r\n\r\n\r\n<h2 class=\"wp-block-heading\"><span class=\"ez-toc-section\" id=\"Is_a_U-Haul_the_Best_Choice_for_Me\"><\/span><strong>Ali je U-Haul najbolj\u0161a izbira zame?<\/strong><span class=\"ez-toc-section-end\"><\/span><\/h2>\r\n\r\n\r\n\r\n<p>Morda je mamljivo, da se odlo\u010dite za selitev s popolnim servisom in se tako izognete te\u017ekemu dvigovanju ter vo\u017enji v novo in staro hi\u0161o in nazaj, vendar \u010de \u017eelite biti bolj prakti\u010dni, je lahko najem vozila U-Haul odli\u010dna izbira za vas.<\/p>\r\n\r\n\r\n\n<table id=\"tablepress-344\" class=\"tablepress tablepress-id-344\">\n<thead>\n<tr class=\"row-1\">\n\t<th class=\"column-1\">Prednosti U-Haul<\/th><th class=\"column-2\">Slabosti U-Haul<\/th>\n<\/tr>\n<\/thead>\n<tbody class=\"row-striping row-hover\">\n<tr class=\"row-2\">\n\t<td class=\"column-1\">Prilagodljivost glede \u010dasa premikanja in urnika<\/td><td class=\"column-2\">delovno intenzivno - voziti, natovarjati in raztovarjati morate sami.<\/td>\n<\/tr>\n<tr class=\"row-3\">\n\t<td class=\"column-1\">Cenej\u0161i od tradicionalnih mo\u017enosti za popolno storitev, ki se premikajo<\/td><td class=\"column-2\">Med potovanjem ste odgovorni za zavarovanje.<\/td>\n<\/tr>\n<tr class=\"row-4\">\n\t<td class=\"column-1\">Med premikanjem lahko svoje stvari spremljate.<\/td><td class=\"column-2\">Med selitvijo lahko na vozilu nastanejo po\u0161kodbe, ki jih boste morali popraviti.<\/td>\n<\/tr>\n<\/tbody>\n<\/table>\n<!-- #tablepress-344 from cache -->\n\r\n\r\n\r\n<p>Glavna prednost najema U-Haul je preprosto ve\u010dji nadzor nad va\u0161imi stro\u0161ki. Izberete lahko velikost tovornjaka, ki ustreza va\u0161im stvarem, izberete trajanje najema in se odlo\u010dite, ali \u017eelite dodati dodatne storitve ali opremo.<\/p>\r\n\r\n\r\n\r\n<p>Vendar je lahko nakladanje in razkladanje te\u017ekega pohi\u0161tva in predmetov fizi\u010dno naporno. \u010ce vam dvigovanje in prena\u0161anje ne ustreza ali \u010de potrebujete strokovno pomo\u010d, boste morda morali najeti dodatno pomo\u010d.<\/p>\r\n\r\n\r\n\r\n<h2 class=\"wp-block-heading\"><span class=\"ez-toc-section\" id=\"Final_Checklist\"><\/span><strong>Kon\u010dni kontrolni seznam<\/strong><span class=\"ez-toc-section-end\"><\/span><\/h2>\r\n\r\n\r\n\r\n<p>\u010ce menite, da je bolje, da se za selitev odlo\u010dite sami in uporabite U-Haul, upo\u0161tevajte na\u0161 kon\u010dni kontrolni seznam, s katerim boste zagotovili, da bo pri veliki selitvi vse v najlep\u0161em redu.<\/p>\r\n\r\n\r\n\r\n<ul class=\"wp-block-list\">\r\n<li>Razmislite, ali \u017eelite pomo\u010d ekipe za selitev s popolnimi storitvami ali pa se lahko odlo\u010dite za pot \"naredi sam\".<\/li>\r\n\r\n\r\n\r\n<li>Oglejte si svoje imetje - ali ga lahko pred rezervacijo vozila U-Haul zmanj\u0161ate in tako prihranite denar?<\/li>\r\n\r\n\r\n\r\n<li>Oglejte si ponudbo vozil in izberite tisto, ki ustreza va\u0161i koli\u010dini tovora in potrebam.<\/li>\r\n\r\n\r\n\r\n<li>Ali potrebujete dodatne storitve? Ne pozabite jih dodati pred rezervacijo<\/li>\r\n\r\n\r\n\r\n<li>Dvakrat preverite datume in se dogovorite za selitev!<\/li>\r\n<\/ul>\r\n\r\n\r\n\r\n<h2 class=\"wp-block-heading\"><span class=\"ez-toc-section\" id=\"Frequently_Asked_Questions\"><\/span><strong>Pogosto zastavljena vpra\u0161anja<\/strong><span class=\"ez-toc-section-end\"><\/span><\/h2>\r\n\r\n\r\n<div id=\"rank-math-faq\" class=\"rank-math-block\">\n<div class=\"rank-math-list\">\n<div id=\"faq-question-1692200957678\" class=\"rank-math-list-item\">\n<h3 class=\"rank-math-question\"><span class=\"ez-toc-section\" id=\"How_Do_I_Reserve_a_U-Haul_Truck\"><\/span><strong>Kako rezervirati tovornjak U-Haul?<\/strong><span class=\"ez-toc-section-end\"><\/span><\/h3>\n<div class=\"rank-math-answer\">\n\n<p>Tovornjak U-Haul lahko preprosto rezervirate prek spleta na spletnem mestu U-Haul ali z njihovo aplikacijo. Za za\u010detek preprosto vnesite svojo lokacijo, datum najema in \u017eeleno velikost tovornjaka. <\/p>\n<p>Lahko pa pokli\u010dete tudi slu\u017ebo za pomo\u010d strankam U-Haul in opravite rezervacijo po telefonu ter se pogovorite o vseh podrobnostih rezervacije.<\/p>\n\n<\/div>\n<\/div>\n<div id=\"faq-question-1692201036551\" class=\"rank-math-list-item\">\n<h3 class=\"rank-math-question\"><span class=\"ez-toc-section\" id=\"What_Do_I_Need_to_Bring_for_Pickup\"><\/span><strong>Kaj moram prinesti za prevzem?<\/strong><span class=\"ez-toc-section-end\"><\/span><\/h3>\n<div class=\"rank-math-answer\">\n\n<p>Ob prevzemu tovornjaka U-Haul prinesite veljavno vozni\u0161ko dovoljenje in na\u010din pla\u010dila, ki ste ga uporabili pri rezervaciji. Va\u0161a enota za najem lahko zahteva dodatne identifikacijske dokumente, zato je najbolje, da to preverite za vsak primer posebej pri svojem ponudniku.<\/p>\n\n<\/div>\n<\/div>\n<div id=\"faq-question-1692201050762\" class=\"rank-math-list-item\">\n<h3 class=\"rank-math-question\"><span class=\"ez-toc-section\" id=\"Can_I_Extend_My_Rental_Period\"><\/span><strong>Ali lahko podalj\u0161am obdobje najema?<\/strong><span class=\"ez-toc-section-end\"><\/span><\/h3>\n<div class=\"rank-math-answer\">\n\n<p>Da, po potrebi lahko podalj\u0161ate obdobje najema. Za pogovor o podalj\u0161anju in potrebne dogovore se obrnite na U-Haulovo slu\u017ebo za stranke ali obi\u0161\u010dite lokalno lokacijo za najem. <\/p>\n<p>Upo\u0161tevajte, da se za podalj\u0161ano obdobje lahko zara\u010dunajo dodatni stro\u0161ki najema.<\/p>\n\n<\/div>\n<\/div>\n<div id=\"faq-question-1692201063702\" class=\"rank-math-list-item\">\n<h3 class=\"rank-math-question\"><span class=\"ez-toc-section\" id=\"What_Should_I_Do_if_I_Encounter_Issues_During_the_Rental\"><\/span><strong>Kaj naj storim, \u010de med najemom naletim na te\u017eave?<\/strong><span class=\"ez-toc-section-end\"><\/span><\/h3>\n<div class=\"rank-math-answer\">\n\n<p>\u010ce imate med najemom te\u017eave s tovornjakom U-Haul, na primer mehanske te\u017eave ali vpra\u0161anja o opremi, se obrnite na pomo\u010d na cesti ali slu\u017ebo za pomo\u010d strankam U-Haul, kjer vam svetujejo in pomagajo.<\/p>\n<p>Zagotovili vam bodo pomo\u010d pri re\u0161evanju vseh te\u017eav, ki jih imate pri uporabi najetih tovornjakov.<\/p>\n\n<\/div>\n<\/div>\n<\/div>\n<\/div>","protected":false},"excerpt":{"rendered":"<p>U-Haul remains a popular choice among DIY movers, but how much does it actually cost? In this article, we\u2019ll dissect the pricing models of U-Haul, looking at the various factors that contribute to the overall cost &#8211; and leave you with all-important, cost-effective moving tips. Our guide will cover the following: If you fancy keeping [&hellip;]<\/p>\n","protected":false},"author":1,"featured_media":0,"parent":0,"menu_order":0,"comment_status":"closed","ping_status":"closed","template":"","meta":{"_genesis_hide_title":false,"_genesis_hide_breadcrumbs":false,"_genesis_hide_singular_image":false,"_genesis_hide_footer_widgets":false,"_genesis_custom_body_class":"","_genesis_custom_post_class":"","_genesis_layout":"","footnotes":""},"class_list":{"0":"post-17398","1":"page","2":"type-page","3":"status-publish","5":"entry"},"_links":{"self":[{"href":"https:\/\/moverdb.com\/sl\/wp-json\/wp\/v2\/pages\/17398","targetHints":{"allow":["GET"]}}],"collection":[{"href":"https:\/\/moverdb.com\/sl\/wp-json\/wp\/v2\/pages"}],"about":[{"href":"https:\/\/moverdb.com\/sl\/wp-json\/wp\/v2\/types\/page"}],"author":[{"embeddable":true,"href":"https:\/\/moverdb.com\/sl\/wp-json\/wp\/v2\/users\/1"}],"replies":[{"embeddable":true,"href":"https:\/\/moverdb.com\/sl\/wp-json\/wp\/v2\/comments?post=17398"}],"version-history":[{"count":1,"href":"https:\/\/moverdb.com\/sl\/wp-json\/wp\/v2\/pages\/17398\/revisions"}],"predecessor-version":[{"id":17399,"href":"https:\/\/moverdb.com\/sl\/wp-json\/wp\/v2\/pages\/17398\/revisions\/17399"}],"wp:attachment":[{"href":"https:\/\/moverdb.com\/sl\/wp-json\/wp\/v2\/media?parent=17398"}],"curies":[{"name":"wp","href":"https:\/\/api.w.org\/{rel}","templated":true}]}}