{"id":17394,"date":"2024-07-03T09:08:10","date_gmt":"2024-07-03T09:08:10","guid":{"rendered":"https:\/\/moverdb.com\/?page_id=17394"},"modified":"2026-01-08T13:18:36","modified_gmt":"2026-01-08T13:18:36","slug":"pods-cost","status":"publish","type":"page","link":"https:\/\/moverdb.com\/sl\/pods-cost\/","title":{"rendered":"Koliko stane PODS? Vodnik po prihrankih za leto 2024"},"content":{"rendered":"<figure class=\"wp-block-image size-full\"><img loading=\"lazy\" decoding=\"async\" width=\"1000\" height=\"667\" class=\"wp-image-11007\" src=\"https:\/\/moverdb.com\/wp-content\/uploads\/PODS-storage-unit-costs-1.jpg\" alt=\"\" srcset=\"https:\/\/moverdb.com\/wp-content\/uploads\/PODS-storage-unit-costs-1.jpg 1000w, https:\/\/moverdb.com\/wp-content\/uploads\/PODS-storage-unit-costs-1-300x200.jpg 300w, https:\/\/moverdb.com\/wp-content\/uploads\/PODS-storage-unit-costs-1-18x12.jpg 18w, https:\/\/moverdb.com\/wp-content\/uploads\/PODS-storage-unit-costs-1-600x400.jpg 600w\" sizes=\"auto, (max-width: 1000px) 100vw, 1000px\" \/><\/figure>\r\n\r\n\r\n\r\n<p><span style=\"font-weight: 400;\">Stres ob selitvi se lahko \u0161e pove\u010da, \u010de je treba v istem dnevu nalo\u017eiti in razlo\u017eiti vozilo, zaradi \u010desar je va\u0161 novi dom poln \u0161katel in te\u017eko vidite, kaj je na drevesu. Alternativni na\u010din prevoza je uporaba PODS, prenosnih zabojnikov, ki jih lahko natovorite in raztovorite v svojem ritmu.<\/span><\/p>\r\n\r\n\r\n\r\n<p><span style=\"font-weight: 400;\">\u010ce \u0161e niste uporabljali prenosnih skladi\u0161\u010dnih enot, je lahko misel na to zastra\u0161ujo\u010da - v na\u0161em vodniku boste na\u0161li:<\/span><\/p>\r\n\r\n\r\n\r\n<ul class=\"wp-block-list\">\r\n<li><span style=\"font-weight: 400;\">Koliko stane najem PODS<\/span><\/li>\r\n\r\n\r\n\r\n<li><span style=\"font-weight: 400;\">Kaj vpliva na stro\u0161ke najema PODS<\/span><\/li>\r\n\r\n\r\n\r\n<li><span style=\"font-weight: 400;\">Kako prihraniti pri najemu PODS<\/span><\/li>\r\n\r\n\r\n\r\n<li><span style=\"font-weight: 400;\">Kaj je vklju\u010deno v najem PODS\u00a0<\/span><\/li>\r\n\r\n\r\n\r\n<li><span style=\"font-weight: 400;\">Kako vedeti, ali je najem PODS najbolj\u0161a izbira za vas<\/span><\/li>\r\n\r\n\r\n\r\n<li><span style=\"font-weight: 400;\">Kako za\u010deti postopek najema PODS<\/span><\/li>\r\n<\/ul>\r\n\r\n\r\n\r\n<p><span style=\"font-weight: 400;\">\u010ce se vam obi\u010dajna metoda selitve v preteklosti ni obnesla, je morda \u010das, da preizkusite nekaj novega s pomo\u010djo PODS. Nadaljujte z branjem, da bi izvedeli, kako to storiti na najbolj\u0161i mo\u017eni na\u010din.\u00a0<\/span><\/p>\r\n\r\n\r\n\r\n<div id=\"ez-toc-container\" class=\"ez-toc-v2_0_82_2 ez-toc-wrap-left counter-hierarchy ez-toc-counter ez-toc-transparent ez-toc-container-direction\">\n<div class=\"ez-toc-title-container\">\n<p class=\"ez-toc-title\" style=\"cursor:inherit\">Oddelki<\/p>\n<span class=\"ez-toc-title-toggle\"><a href=\"#\" class=\"ez-toc-pull-right ez-toc-btn ez-toc-btn-xs ez-toc-btn-default ez-toc-toggle\" aria-label=\"Toggle Tabela vsebine\"><span class=\"ez-toc-js-icon-con\"><span class=\"\"><span class=\"eztoc-hide\" style=\"display:none;\">Toggle<\/span><span class=\"ez-toc-icon-toggle-span\"><svg style=\"fill: #999;color:#999\" xmlns=\"http:\/\/www.w3.org\/2000\/svg\" class=\"list-377408\" width=\"20px\" height=\"20px\" viewbox=\"0 0 24 24\" fill=\"none\"><path d=\"M6 6H4v2h2V6zm14 0H8v2h12V6zM4 11h2v2H4v-2zm16 0H8v2h12v-2zM4 16h2v2H4v-2zm16 0H8v2h12v-2z\" fill=\"currentColor\"><\/path><\/svg><svg style=\"fill: #999;color:#999\" class=\"arrow-unsorted-368013\" xmlns=\"http:\/\/www.w3.org\/2000\/svg\" width=\"10px\" height=\"10px\" viewbox=\"0 0 24 24\" version=\"1.2\" baseprofile=\"tiny\"><path d=\"M18.2 9.3l-6.2-6.3-6.2 6.3c-.2.2-.3.4-.3.7s.1.5.3.7c.2.2.4.3.7.3h11c.3 0 .5-.1.7-.3.2-.2.3-.5.3-.7s-.1-.5-.3-.7zM5.8 14.7l6.2 6.3 6.2-6.3c.2-.2.3-.5.3-.7s-.1-.5-.3-.7c-.2-.2-.4-.3-.7-.3h-11c-.3 0-.5.1-.7.3-.2.2-.3.5-.3.7s.1.5.3.7z\"\/><\/svg><\/span><\/span><\/span><\/a><\/span><\/div>\n<nav><ul class='ez-toc-list ez-toc-list-level-1 eztoc-toggle-hide-by-default' ><li class='ez-toc-page-1 ez-toc-heading-level-2'><a class=\"ez-toc-link ez-toc-heading-1\" href=\"https:\/\/moverdb.com\/sl\/pods-cost\/#How_Much_Do_PODS_Cost\" >Koliko stane PODS?<\/a><\/li><li class='ez-toc-page-1 ez-toc-heading-level-2'><a class=\"ez-toc-link ez-toc-heading-2\" href=\"https:\/\/moverdb.com\/sl\/pods-cost\/#What_Affects_the_Cost_of_PODS\" >Kaj vpliva na stro\u0161ke PODS?<\/a><\/li><li class='ez-toc-page-1 ez-toc-heading-level-2'><a class=\"ez-toc-link ez-toc-heading-3\" href=\"https:\/\/moverdb.com\/sl\/pods-cost\/#How_Can_I_Save_Money_on_PODS\" >Kako lahko prihranim denar pri PODS?<\/a><\/li><li class='ez-toc-page-1 ez-toc-heading-level-2'><a class=\"ez-toc-link ez-toc-heading-4\" href=\"https:\/\/moverdb.com\/sl\/pods-cost\/#Whats_Involved_in_Hiring_PODS\" >Kaj je povezano z najemom PODS?<\/a><\/li><li class='ez-toc-page-1 ez-toc-heading-level-2'><a class=\"ez-toc-link ez-toc-heading-5\" href=\"https:\/\/moverdb.com\/sl\/pods-cost\/#Are_PODS_the_Best_Choice_for_My_Home_Move\" >Ali so PODS najbolj\u0161a izbira za selitev mojega doma?<\/a><\/li><li class='ez-toc-page-1 ez-toc-heading-level-2'><a class=\"ez-toc-link ez-toc-heading-6\" href=\"https:\/\/moverdb.com\/sl\/pods-cost\/#How_Do_I_Find_and_Hire_PODS\" >Kako poi\u0161\u010dem in najamem PODS?<\/a><\/li><li class='ez-toc-page-1 ez-toc-heading-level-2'><a class=\"ez-toc-link ez-toc-heading-7\" href=\"https:\/\/moverdb.com\/sl\/pods-cost\/#Finding_the_Best_Container_Shipping_Service_For_Your_Needs\" >Iskanje najbolj\u0161e storitve po\u0161iljanja zabojnikov za va\u0161e potrebe<\/a><\/li><li class='ez-toc-page-1 ez-toc-heading-level-2'><a class=\"ez-toc-link ez-toc-heading-8\" href=\"https:\/\/moverdb.com\/sl\/pods-cost\/#Final_Checklist\" >Kon\u010dni kontrolni seznam<\/a><\/li><li class='ez-toc-page-1 ez-toc-heading-level-2'><a class=\"ez-toc-link ez-toc-heading-9\" href=\"https:\/\/moverdb.com\/sl\/pods-cost\/#Frequently_Asked_Questions\" >Pogosto zastavljena vpra\u0161anja<\/a><ul class='ez-toc-list-level-3' ><li class='ez-toc-heading-level-3'><a class=\"ez-toc-link ez-toc-heading-10\" href=\"https:\/\/moverdb.com\/sl\/pods-cost\/#What_Is_PODS_and_How_Does_It_Work\" >Kaj je PODS in kako deluje?<\/a><\/li><li class='ez-toc-page-1 ez-toc-heading-level-3'><a class=\"ez-toc-link ez-toc-heading-11\" href=\"https:\/\/moverdb.com\/sl\/pods-cost\/#How_Much_Does_PODS_Cost\" >Koliko stane PODS?<\/a><\/li><li class='ez-toc-page-1 ez-toc-heading-level-3'><a class=\"ez-toc-link ez-toc-heading-12\" href=\"https:\/\/moverdb.com\/sl\/pods-cost\/#Can_I_Use_PODS_for_Both_Moving_and_Storage\" >Ali lahko PODS uporabljam za selitev in skladi\u0161\u010denje?<\/a><\/li><li class='ez-toc-page-1 ez-toc-heading-level-3'><a class=\"ez-toc-link ez-toc-heading-13\" href=\"https:\/\/moverdb.com\/sl\/pods-cost\/#Do_I_Need_to_Load_the_PODS_Container_Myself\" >Ali moram zabojnik PODS nalo\u017eiti sam?<\/a><\/li><\/ul><\/li><\/ul><\/nav><\/div>\n<h2 class=\"wp-block-heading\"><span class=\"ez-toc-section\" id=\"How_Much_Do_PODS_Cost\"><\/span><b>Koliko stane PODS?<\/b><span class=\"ez-toc-section-end\"><\/span><\/h2>\r\n\r\n\r\n\r\n<p>PODS je kratica za \"prenosno skladi\u0161\u010denje na zahtevo\" in je storitev, ki ponuja priro\u010den in prilagodljiv na\u010din shranjevanja in premikanja va\u0161ih stvari. Koncept se vrti okoli uporabe prenosnih zabojnikov za shranjevanje, ki jih je mogo\u010de dostaviti na va\u0161 dom, tako da lahko svoje osebne stvari nalagate in razlagate po lastnem tempu - po pakiranju pa se zabojnik shrani v varnem objektu ali prepelje na novo destinacijo.<\/p>\r\n\r\n\r\n\r\n<p>Oglejmo si nekaj vzor\u010dnih stro\u0161kov.<\/p>\r\n\r\n\r\n\n<table id=\"tablepress-354\" class=\"tablepress tablepress-id-354\">\n<thead>\n<tr class=\"row-1\">\n\t<th class=\"column-1\">Razdalja premika<\/th><th class=\"column-2\">Stro\u0161ki na spalnico<\/th><th class=\"column-3\">Skupni stro\u0161ki na 3-sobno hi\u0161o<\/th>\n<\/tr>\n<\/thead>\n<tbody class=\"row-striping row-hover\">\n<tr class=\"row-2\">\n\t<td class=\"column-1\">Lokalno (v razdalji do 250 milj)<\/td><td class=\"column-2\">$200 do $225<\/td><td class=\"column-3\">$600 do $675<\/td>\n<\/tr>\n<tr class=\"row-3\">\n\t<td class=\"column-1\">Ve\u010d kot 250 milj<\/td><td class=\"column-2\">$400 do $460<\/td><td class=\"column-3\">$1,200 do $1,380<\/td>\n<\/tr>\n<tr class=\"row-4\">\n\t<td class=\"column-1\">Cross-country<\/td><td class=\"column-2\">$2,000 do $2,250<\/td><td class=\"column-3\">$6,000 do $6,750<\/td>\n<\/tr>\n<\/tbody>\n<\/table>\n<!-- #tablepress-354 from cache -->\n\r\n\r\n\r\n<p>\u010ceprav je treba natan\u010dne ponudbe pridobiti neposredno od PODS in pri tem upo\u0161tevati va\u0161e dejanske dogovore in koli\u010dino predmetov, lahko za pribli\u017eno oceno lokalne selitve, kraj\u0161e od 250 milj, pla\u010date pribli\u017eno $200 do $225 na sobo. Za standardno hi\u0161o s tremi posteljami je to pribli\u017eno $600 do $675.<\/p>\r\n\r\n\r\n\r\n<p>Ve\u010dje nepremi\u010dnine in ve\u010dje razdalje bodo prinesle vi\u0161je cene, pri \u010demer bo selitev \u010dez dr\u017eavo za ve\u010d kot 500 milj stala pribli\u017eno $2,000 na sobo, kar zna\u0161a $6,000 do $6,750 za selitev hi\u0161e s tremi spalnicami.<\/p>\r\n\r\n\r\n\r\n<h2 class=\"wp-block-heading\"><span class=\"ez-toc-section\" id=\"What_Affects_the_Cost_of_PODS\"><\/span><b>Kaj vpliva na stro\u0161ke PODS?<\/b><span class=\"ez-toc-section-end\"><\/span><\/h2>\r\n\r\n\r\n\r\n<p>PODS ponuja prilagojeno re\u0161itev za va\u0161e potrebe po skladi\u0161\u010denju in selitvi, kar pomeni, da so za razli\u010dne storitve na voljo razli\u010dne cene. Spregovorimo o glavnih to\u010dkah, ki lahko vplivajo na stro\u0161ke najema PODS.<\/p>\r\n\r\n\r\n\r\n<p><strong><a href=\"https:\/\/moverdb.com\/sl\/shipping-container-sizes-and-dimensions\/\" data-internallinksmanager029f6b8e52c=\"247\" title=\"Kon\u010dni vodnik po velikostih in dimenzijah ladijskih zabojnikov\">Velikost zabojnika<\/a><\/strong><\/p>\r\n\r\n\r\n\r\n<p>Izbrana velikost zabojnika neposredno vpliva na stro\u0161ke. Ve\u010dji zabojniki zagotavljajo ve\u010d prostora, vendar so dra\u017eji, zato je najbolje izbrati velikost, ki ustreza va\u0161im stvarem, da bi optimizirali vrednost.<\/p>\r\n<p>Prav tako je izbira premajhnega zabojnika neproduktivna, saj ga boste morali za dokon\u010danje selitve vedno znova napolniti.\u00a0<\/p>\r\n\r\n\r\n\r\n<p><strong>Oddaljenost in lokacija<\/strong><\/p>\r\n\r\n\r\n\r\n<p>Razdalja med va\u0161o lokacijo in skladi\u0161\u010dem PODS lahko vpliva na stro\u0161ke, vklju\u010dno s stro\u0161ki dostave in prevoza. \u010ce zabojnik premaknete dlje, so lahko stro\u0161ki nekoliko vi\u0161ji, kot je prikazano v zgornji preglednici.<\/p>\r\n<p>Ko razmi\u0161ljate o uporabi PODS, primerjajte stro\u0161ke tradicionalne selitvene storitve in preverite, ali se vam zaradi udobja, ki ga ponuja, spla\u010da investirati.<\/p>\r\n\r\n\r\n\r\n<p><strong>Trajanje uporabe<\/strong><\/p>\r\n\r\n\r\n\r\n<p>\u010cim dlje potrebujete zabojnik, tem dra\u017eji je lahko. Pri dolo\u010danju cene se upo\u0161teva obdobje najema, zato upo\u0161tevajte, koliko \u010dasa potrebujete, saj lahko dodatni dnevi ali tedni bistveno vplivajo na va\u0161e stro\u0161ke.<\/p>\r\n\r\n\r\n\r\n<p><strong>Dodatne storitve<\/strong><\/p>\r\n\r\n\r\n\r\n<p>PODS ponuja razli\u010dne storitve, na primer pomo\u010d pri nakladanju ali skladi\u0161\u010denje. \u010ce se odlo\u010dite za te storitve, se lahko pove\u010dajo stro\u0161ki, zato jih ne dodajajte, razen \u010de so potrebne za la\u017ejo selitev.<\/p>\r\n\r\n\r\n\r\n<h2 class=\"wp-block-heading\"><span class=\"ez-toc-section\" id=\"How_Can_I_Save_Money_on_PODS\"><\/span><strong>Kako lahko prihranim denar pri PODS?<\/strong><span class=\"ez-toc-section-end\"><\/span><\/h2>\r\n\r\n\r\n\r\n<figure class=\"wp-block-image size-full\"><img loading=\"lazy\" decoding=\"async\" width=\"1000\" height=\"667\" class=\"wp-image-11008\" src=\"https:\/\/moverdb.com\/wp-content\/uploads\/PODS-storage-unit-costs-2.jpg\" alt=\"\" srcset=\"https:\/\/moverdb.com\/wp-content\/uploads\/PODS-storage-unit-costs-2.jpg 1000w, https:\/\/moverdb.com\/wp-content\/uploads\/PODS-storage-unit-costs-2-300x200.jpg 300w, https:\/\/moverdb.com\/wp-content\/uploads\/PODS-storage-unit-costs-2-18x12.jpg 18w, https:\/\/moverdb.com\/wp-content\/uploads\/PODS-storage-unit-costs-2-600x400.jpg 600w\" sizes=\"auto, (max-width: 1000px) 100vw, 1000px\" \/><\/figure>\r\n\r\n\r\n\r\n<p>Zdaj, ko razumemo, kaj vpliva na stro\u0161ke najema PODS, si oglejmo, kako lahko pri uporabi te storitve prihranite denar.<\/p>\r\n\r\n\r\n\r\n<p>Predvsem se prepri\u010dajte, da ste izbrali pravo velikost zabojnika, kar pomeni, da morate izbrati zabojnik, ki ustreza va\u0161im potrebam in ne zavzema preve\u010d prostora. Ve\u010dji zabojniki stanejo ve\u010d, zato se odlo\u010dite za najmanj\u0161o velikost, ki bo udobno sprejela va\u0161e stvari - vendar se prepri\u010dajte, da je dovolj velika, saj bo dodaten najem zabojnika nedvomno dodal ve\u010d ni\u010del na va\u0161 ra\u010dun.<\/p>\r\n\r\n\r\n\r\n<p>\u010ce je mogo\u010de, razmislite o rezervaciji zabojnika PODS v sezonah izven konic, ko je povpra\u0161evanje manj\u0161e. To lahko pripelje do morebitnih popustov pri cenah najema in vam prihrani denar pri selitvi, saj bodo podjetja za prevoz zabojnikov v teh sezonskih obdobjih \u017eelela zapolniti svoje urnike.<\/p>\r\n\r\n\r\n\r\n<p>\u010ceprav je to morda zamudno, je dobro, da prostor zabojnika kar najbolje izkoristite z u\u010dinkovitim pakiranjem predmetov. Poskrbite, da izkoristite navpi\u010dni prostor, po mo\u017enosti razstavite pohi\u0161tvo in uporabite \u0161katle, ki se dobro prilegajo, da zmanj\u0161ate izgubo prostora - ne me\u010dite stvari vanj in upajte na najbolj\u0161e!<\/p>\r\n\r\n\r\n\r\n<p>\u010ce to zmorete, lahko pri nakladanju in razkladanju zabojnika sami prihranite denar v primerjavi z najemom delovne sile. Za la\u017eji postopek si zagotovite pomo\u010d prijateljev in dru\u017eine, vendar ne pozabite, da lahko pomo\u010d najamete, \u010de vam to ne ustreza.<\/p>\r\n\r\n\r\n\r\n<p>Razmislite tudi o skraj\u0161anju obdobja najema. \u010cim dlje hranite zabojnik, tem bolj se lahko pove\u010dajo va\u0161i stro\u0161ki - jasen na\u010drt in organiziranost vam lahko pomagata hitreje zaklju\u010diti postopek.<\/p>\r\n\r\n\r\n\r\n<h2 class=\"wp-block-heading\"><span class=\"ez-toc-section\" id=\"Whats_Involved_in_Hiring_PODS\"><\/span><strong>Kaj je povezano z najemom PODS?<\/strong><span class=\"ez-toc-section-end\"><\/span><\/h2>\r\n\r\n\r\n\r\n<p>\u010ce najamete storitev PODS, vam na va\u0161o lokacijo dostavijo prenosni zabojnik za shranjevanje. Pakirate ga po lastnem tempu, nato pa ga prevzame podjetje, ki ga lahko shrani v svojem objektu ali ga premakne na novo destinacijo, kar je prilagodljiv in priro\u010den na\u010din selitve brez hitenja z nakladanjem in razkladanjem v enem dnevu.<\/p>\r\n\r\n\r\n\r\n<p>\u010ce \u017eelite stopiti v stik s podjetjem PODS in se dogovoriti za najem, obi\u0161\u010dite njihovo spletno mesto ali pokli\u010dite njihovo \u0161tevilko za pomo\u010d strankam. Navedete lahko podrobnosti o svojih potrebah, dobite ponudbo in na\u010drtujete dostavo prenosnega zabojnika za shranjevanje na va\u0161o lokacijo.<\/p>\r\n\r\n\r\n\r\n<h2 class=\"wp-block-heading\"><span class=\"ez-toc-section\" id=\"Are_PODS_the_Best_Choice_for_My_Home_Move\"><\/span><strong>Ali so PODS najbolj\u0161a izbira za selitev mojega doma?<\/strong><span class=\"ez-toc-section-end\"><\/span><\/h2>\r\n\r\n\r\n\r\n<p>\u010ceprav PODS niso obi\u010dajna metoda selitve, so vse bolj priljubljeni, saj poenostavijo postopek selitve in odpravijo nekaj hitenja, ki ga obi\u010dajno ob\u010dutimo med selitvijo. Oglejmo si glavne prednosti in slabosti uporabe te storitve v primerjavi s tradicionalnimi metodami selitve.<\/p>\r\n\r\n\r\n\n<table id=\"tablepress-341\" class=\"tablepress tablepress-id-341\">\n<thead>\n<tr class=\"row-1\">\n\t<th class=\"column-1\">Prednosti PODS<\/th><th class=\"column-2\">Slabosti PODS<\/th>\n<\/tr>\n<\/thead>\n<tbody class=\"row-striping row-hover\">\n<tr class=\"row-2\">\n\t<td class=\"column-1\">Prilagodljivost - glavna prednost uporabe PODS pri selitvi je prilagodljivost, ki jo ponuja v primerjavi s tradicionalnimi na\u010dini selitve, pri katerih morate svoje stvari nalo\u017eiti in razlo\u017eiti v istem dnevu.<\/td><td class=\"column-2\">Samonakladanje - PODS servisirate sami, kar pomeni, da morate sami nalagati in razkladati brez pomo\u010di delavcev.<\/td>\n<\/tr>\n<tr class=\"row-3\">\n\t<td class=\"column-1\">Fiksni stro\u0161ki - PODS se zara\u010dunajo po fiksni ceni, kar vam omogo\u010da bolj\u0161i nadzor nad financami.<\/td><td class=\"column-2\">Zavarovanje - obi\u010dajne selitvene dru\u017ebe imajo zavarovanje, ki krije va\u0161e blago med prevozom, pri PODS pa morate to urediti sami.<\/td>\n<\/tr>\n<tr class=\"row-4\">\n\t<td class=\"column-1\">Mo\u017enosti - na voljo je veliko velikosti zabojnikov in trajanja najema, kar vam omogo\u010da veliko mo\u017enosti.<\/td><td class=\"column-2\">Mo\u017enost zamud - razpolo\u017eljivost in povpra\u0161evanje lahko vplivata na urnik, kar pomeni, da se va\u0161i datumi lahko spremenijo v kratkem \u010dasu.<\/td>\n<\/tr>\n<\/tbody>\n<\/table>\n<!-- #tablepress-341 from cache -->\n\r\n\r\n\r\n<p>Glavna prednost je ve\u010dja prilagodljivost vas kot selitvenega delavca pri nakladanju in razkladanju va\u0161ih stvari, saj ni treba, da se to zgodi isti dan kot pri obi\u010dajnih selitvenih delavcih. Slabosti pa so podobne - nakladanje in razkladanje morate opraviti sami, kar je lahko zamudno in delovno intenzivno.<\/p>\r\n\r\n\r\n\r\n<h2 class=\"wp-block-heading\"><span class=\"ez-toc-section\" id=\"How_Do_I_Find_and_Hire_PODS\"><\/span><strong>Kako poi\u0161\u010dem in najamem PODS?<\/strong><span class=\"ez-toc-section-end\"><\/span><\/h2>\r\n\r\n\r\n\r\n<figure class=\"wp-block-image size-full\"><img loading=\"lazy\" decoding=\"async\" width=\"1000\" height=\"667\" class=\"wp-image-11009\" src=\"https:\/\/moverdb.com\/wp-content\/uploads\/PODS-storage-unit-costs-3.jpg\" alt=\"\" srcset=\"https:\/\/moverdb.com\/wp-content\/uploads\/PODS-storage-unit-costs-3.jpg 1000w, https:\/\/moverdb.com\/wp-content\/uploads\/PODS-storage-unit-costs-3-300x200.jpg 300w, https:\/\/moverdb.com\/wp-content\/uploads\/PODS-storage-unit-costs-3-18x12.jpg 18w, https:\/\/moverdb.com\/wp-content\/uploads\/PODS-storage-unit-costs-3-600x400.jpg 600w\" sizes=\"auto, (max-width: 1000px) 100vw, 1000px\" \/><\/figure>\r\n\r\n\r\n\r\n<p>Iskanje in najem PODS je preprost postopek.<\/p>\r\n\r\n\r\n\r\n<p>Najprej morate obiskati spletno mesto in zahtevati ponudbo ter vnesti podatke o lokaciji in zahteve, da dobite ponudbo za storitve, ki jih potrebujete. Nato boste morali izbrati velikost zabojnika, ki ustreza va\u0161im potrebam, in morebitne dodatne storitve, kot so dol\u017eina skladi\u0161\u010denja zabojnika ali pomo\u010d pri natovarjanju.<\/p>\r\n\r\n\r\n\r\n\r\n\r\n<p>Nato lahko dolo\u010dite datum dostave zabojnika PODS na va\u0161o lokacijo. Ko zabojnik PODS prispe, si lahko vzamete \u010das in po hitrem postopku v zabojnik pospravite svoje stvari.<\/p>\r\n\r\n\r\n\r\n<p>Ko ste pripravljeni, na\u010drtujte prevzem zabojnika za prevoz ali skladi\u0161\u010denje v objektu PODS.<\/p>\r\n\r\n\r\n\r\n<h2 class=\"wp-block-heading\"><span class=\"ez-toc-section\" id=\"Finding_the_Best_Container_Shipping_Service_For_Your_Needs\"><\/span><strong>Iskanje najbolj\u0161e storitve po\u0161iljanja zabojnikov za va\u0161e potrebe<\/strong><span class=\"ez-toc-section-end\"><\/span><\/h2>\r\n\r\n\r\n\r\n<p>\u010ce \u017eelite ugotoviti, ali je PODS prava izbira za vas, morate upo\u0161tevati svoje posebne potrebe in \u017eelje. \u010ce svoje stvari raje pakirate in nalagate v lastnem tempu in imate prilagodljiv \u010dasovni na\u010drt selitve, vam lahko PODS zagotovi udobje, ki ga i\u0161\u010dete.<\/p>\r\n\r\n\r\n\r\n<p>\u010ce med selitvami potrebujete za\u010dasno skladi\u0161\u010denje, so lahko idealne tudi mo\u017enosti skladi\u0161\u010denja PODS, ki ponujajo storitve selitve in skladi\u0161\u010denja. Najpomembneje pa je, da je PODS lahko primerna mo\u017enost, \u010de vam ustreza samostojno nalaganje in razlaganje.<\/p>\r\n\r\n\r\n\r\n<p>\u010ce pa \u017eelite nekaj bolj standardiziranega, tradicionalni selitveni ponudniki pogosto zagotavljajo fiksne urnike dostave in prevzema, kar je lahko koristno, \u010de imate dolo\u010dene datume izselitve in vselitve. To je \u0161e posebej pomembno, \u010de imate omejen \u010dasovni okvir in se morate preseliti hitro, saj vam lahko strokovno znanje tradicionalnih selitvenih podjetij na podro\u010dju u\u010dinkovitega pakiranja in prevoza pomaga bolj kot PODS.<\/p>\r\n\r\n\r\n\r\n<h2 class=\"wp-block-heading\"><span class=\"ez-toc-section\" id=\"Final_Checklist\"><\/span><strong>Kon\u010dni kontrolni seznam<\/strong><span class=\"ez-toc-section-end\"><\/span><\/h2>\r\n\r\n\r\n\r\n<p>Ko pride \u010das selitve, je dobro odpraviti \u010dim ve\u010d negotovosti - in \u017ee vnaprej lahko dobro poskrbite za mirno vest, \u010de se odlo\u010dite za mo\u017enost skladi\u0161\u010denja in selitve.<\/p>\r\n\r\n\r\n\r\n<ul class=\"wp-block-list\">\r\n<li>Razmislite, ali so PODS pravi za vas - oglejte si na\u0161o tabelo prednosti in slabosti ter primerjajte storitev s tradicionalnimi selitvenimi podjetji.<\/li>\r\n\r\n\r\n\r\n<li>\u010ce vam ustreza ro\u010dno delo (nakladanje in razkladanje zabojnika), vam lahko PODS zagotovi prilagodljivo re\u0161itev za selitev.<\/li>\r\n\r\n\r\n\r\n<li>Pogovorite se s prodajnim strokovnjakom PODS in se pogovorite o svojih potrebah ter se prepri\u010dajte, da ste izbrali zabojnik primerne velikosti (da ne izberete ve\u010djega, kot ga potrebujete).<\/li>\r\n\r\n\r\n\r\n<li>Pogovorite se o \u010dasovnih okvirih in o tem, kdaj se lahko oddaja<\/li>\r\n\r\n\r\n\r\n<li>Potrdite vse in se pripravite na veliko selitev!<\/li>\r\n<\/ul>\r\n\r\n\r\n\r\n<h2 class=\"wp-block-heading\"><span class=\"ez-toc-section\" id=\"Frequently_Asked_Questions\"><\/span><strong>Pogosto zastavljena vpra\u0161anja<\/strong><span class=\"ez-toc-section-end\"><\/span><\/h2>\r\n\r\n\r\n<div id=\"rank-math-faq\" class=\"rank-math-block\">\n<div class=\"rank-math-list\">\n<div id=\"faq-question-1692186207327\" class=\"rank-math-list-item\">\n<h3 class=\"rank-math-question\"><span class=\"ez-toc-section\" id=\"What_Is_PODS_and_How_Does_It_Work\"><\/span><strong>Kaj je PODS in kako deluje?<\/strong><span class=\"ez-toc-section-end\"><\/span><\/h3>\n<div class=\"rank-math-answer\">\n\n<p>PODS je kratica za \"prenosno skladi\u0161\u010denje na zahtevo\". To je storitev, ki zagotavlja prenosne zabojnike za shranjevanje, dostavljene na va\u0161o lokacijo. Zabojnik zapakirate po lastni \u017eelji, nato pa ga PODS prevzame in shrani v svojem objektu ali pa ga prepelje na va\u0161o novo lokacijo.<\/p>\n\n<\/div>\n<\/div>\n<div id=\"faq-question-1692186261517\" class=\"rank-math-list-item\">\n<h3 class=\"rank-math-question\"><span class=\"ez-toc-section\" id=\"How_Much_Does_PODS_Cost\"><\/span><strong>Koliko stane PODS?<\/strong><span class=\"ez-toc-section-end\"><\/span><\/h3>\n<div class=\"rank-math-answer\">\n\n<p>Stro\u0161ki PODS so odvisni od dejavnikov, kot so velikost zabojnika, trajanje uporabe, razdalja in morebitne dodatne storitve, ki jih izberete. \u010ce \u017eelite dobiti natan\u010dno oceno, lahko na spletnem mestu PODS zahtevate ponudbo.<\/p>\n\n<\/div>\n<\/div>\n<div id=\"faq-question-1692186274267\" class=\"rank-math-list-item\">\n<h3 class=\"rank-math-question\"><span class=\"ez-toc-section\" id=\"Can_I_Use_PODS_for_Both_Moving_and_Storage\"><\/span><strong>Ali lahko PODS uporabljam za selitev in skladi\u0161\u010denje?<\/strong><span class=\"ez-toc-section-end\"><\/span><\/h3>\n<div class=\"rank-math-answer\">\n\n<p>Da, vsekakor! PODS ponuja re\u0161itve za selitev in skladi\u0161\u010denje. Zabojnike PODS lahko uporabite za za\u010dasno shranjevanje med selitvijo ali za dolgoro\u010dno shranjevanje.<\/p>\n\n<\/div>\n<\/div>\n<div id=\"faq-question-1692186288599\" class=\"rank-math-list-item\">\n<h3 class=\"rank-math-question\"><span class=\"ez-toc-section\" id=\"Do_I_Need_to_Load_the_PODS_Container_Myself\"><\/span><strong>Ali moram zabojnik PODS nalo\u017eiti sam?<\/strong><span class=\"ez-toc-section-end\"><\/span><\/h3>\n<div class=\"rank-math-answer\">\n\n<p>Da, za natovarjanje svojih stvari v zabojnik PODS ste odgovorni sami. Ta vidik samonakladanja vam omogo\u010da, da pakirate v svojem tempu, in zagotavlja, da so va\u0161i predmeti zapakirani to\u010dno tako, kot \u017eelite.<\/p>\n\n<\/div>\n<\/div>\n<\/div>\n<\/div>","protected":false},"excerpt":{"rendered":"<p>The stress of moving house can be exasperated by the need to load and unload a vehicle in the same day, leaving your new home full of boxes, making it hard for you to see the wood from the trees. An alternative method of shipment is to use PODS, portable containers that can be loaded [&hellip;]<\/p>\n","protected":false},"author":1,"featured_media":0,"parent":0,"menu_order":0,"comment_status":"closed","ping_status":"closed","template":"","meta":{"_genesis_hide_title":false,"_genesis_hide_breadcrumbs":false,"_genesis_hide_singular_image":false,"_genesis_hide_footer_widgets":false,"_genesis_custom_body_class":"","_genesis_custom_post_class":"","_genesis_layout":"","footnotes":""},"class_list":{"0":"post-17394","1":"page","2":"type-page","3":"status-publish","5":"entry"},"_links":{"self":[{"href":"https:\/\/moverdb.com\/sl\/wp-json\/wp\/v2\/pages\/17394","targetHints":{"allow":["GET"]}}],"collection":[{"href":"https:\/\/moverdb.com\/sl\/wp-json\/wp\/v2\/pages"}],"about":[{"href":"https:\/\/moverdb.com\/sl\/wp-json\/wp\/v2\/types\/page"}],"author":[{"embeddable":true,"href":"https:\/\/moverdb.com\/sl\/wp-json\/wp\/v2\/users\/1"}],"replies":[{"embeddable":true,"href":"https:\/\/moverdb.com\/sl\/wp-json\/wp\/v2\/comments?post=17394"}],"version-history":[{"count":1,"href":"https:\/\/moverdb.com\/sl\/wp-json\/wp\/v2\/pages\/17394\/revisions"}],"predecessor-version":[{"id":17395,"href":"https:\/\/moverdb.com\/sl\/wp-json\/wp\/v2\/pages\/17394\/revisions\/17395"}],"wp:attachment":[{"href":"https:\/\/moverdb.com\/sl\/wp-json\/wp\/v2\/media?parent=17394"}],"curies":[{"name":"wp","href":"https:\/\/api.w.org\/{rel}","templated":true}]}}