{"id":1684,"date":"2017-02-23T19:16:05","date_gmt":"2017-02-23T19:16:05","guid":{"rendered":"http:\/\/moverdb.com\/?page_id=1684"},"modified":"2026-01-08T14:45:54","modified_gmt":"2026-01-08T14:45:54","slug":"1-800-pack-rat","status":"publish","type":"page","link":"https:\/\/moverdb.com\/sl\/1-800-pack-rat\/","title":{"rendered":"1-800-Pack-Rat - Mnenja o mednarodnih selitvah"},"content":{"rendered":"<p>Podjetje 1-800-Pack-Rat svojim strankam ponuja preprosto mo\u017enost selitve. Podrobnosti so navedene spodaj, skupaj s profilom podjetja in pregledi.<\/p>\n<p><strong>Premiki na dolge razdalje in lokalni premiki<\/strong><\/p>\n<ul>\n<li> Posodo dostavite vsaj 30 dni pred selitvijo<\/li>\n<li> Samostojno pakiranje zabojnika ali najem profesionalnih pakircev<\/li>\n<li> Brezpla\u010dna klju\u010davnica za zabojnike brez rezanja<\/li>\n<li> Brezpla\u010dna za\u0161\u010dita vsebine $10.000<\/li>\n<li> Mo\u017enost dolgotrajnega in kratkotrajnega shranjevanja<\/li>\n<li> Zbiranje zabojnikov in dostava do namembnega kraja<\/li>\n<\/ul>\n<p><strong>Voja\u0161ki premiki<\/strong><\/p>\n<ul>\n<li> Voja\u0161ko osebje se lahko odlo\u010di za osebno nabavljeno selitev (PPM)<\/li>\n<li> Vlada bo povrnila 95% strokovnih <a href=\"https:\/\/moverdb.com\/sl\/stroski-selitve\/\">stro\u0161ki selitve<\/a><\/li>\n<li> Zabojnik dostavljen do vrat<\/li>\n<li> 30 dni ali ve\u010d za pakiranje<\/li>\n<li> <a href=\"https:\/\/moverdb.com\/sl\/kontejnersko-posiljanje\/\">Prevoz s kontejnerji<\/a> na novo lokacijo<\/li>\n<\/ul>\n<p><strong>Shranjevanje<\/strong><\/p>\n<ul>\n<li> 24\/7 video nadzor<\/li>\n<li> Avtomatizirani razpr\u0161ilniki<\/li>\n<li> Podnebno nadzorovano<\/li>\n<li> Enostaven dostop na lokaciji<\/li>\n<li> Dostava brez te\u017eav<\/li>\n<\/ul>\n<p><strong>Uporaba zabojnika<\/strong><\/p>\n<ul>\n<li> Obnova in sanacija<\/li>\n<li> Storitve izvajalcev<\/li>\n<li> Sezonsko skladi\u0161\u010denje<\/li>\n<li> Nepremi\u010dninske storitve<\/li>\n<li> Pomo\u010d ob nesre\u010dah<\/li>\n<li> Shranjevanje dogodkov<\/li>\n<li> Trgovsko in komercialno skladi\u0161\u010denje<\/li>\n<li> Zavarovalnice<\/li>\n<li> premestitev podjetja ali vojske<\/li>\n<li> Tovorne in logisti\u010dne re\u0161itve<\/li>\n<\/ul>\n<h2>Profil podjetja 1-800-Pack-Rat<\/h2>\n<p>1-800-Pack-Rat ima \u0161tevilne obrate v <a href=\"https:\/\/moverdb.com\/sl\/moving-to-the-united-states\/\" data-internallinksmanager029f6b8e52c=\"94\" title=\"Selitev v Zdru\u017eene dr\u017eave Amerike? 2022 \u017divljenjski stro\u0161ki in nasveti za selitev\">Zdru\u017eene dr\u017eave Amerike<\/a> in . <a href=\"https:\/\/moverdb.com\/sl\/moving-to-canada\/\" data-internallinksmanager029f6b8e52c=\"265\" title=\"Selitev v Kanado? 2023 \u017divljenjski stro\u0161ki in nasveti za selitev\">Kanada<\/a>. Podjetje ima ve\u010d kot 10 let izku\u0161enj s skladi\u0161\u010denjem in selitvijo ljudi in podjetij na lokalni in dalj\u0161i ravni.<\/p>\n<p>1-800-Pack-Rat ima naslednje akreditacije in povezave:<\/p>\n<ul>\n<li> Na spleti\u0161\u010du ni prikazano, \u010deprav <a href=\"https:\/\/moverdb.com\/sl\/iam\/\" target=\"_blank\" rel=\"noopener\">Mednarodno zdru\u017eenje movers<\/a> jih navaja v svojem imeniku \u010dlanov.<\/li>\n<\/ul>\n<h2>1-800-Pack-Rat Mnenja<\/h2>\n<p><strong>Pozitivno:<\/strong><\/p>\n<ul>\n<li> <em>\"\u010cudovito je bilo, da nam ni bilo treba skrbeti za ta vidik selitve. Celotna izku\u0161nja, od prvega klica, pridobivanja konkuren\u010dnih ponudb, spletnega na\u010drtovanja, samodejnega pla\u010devanja in rokovanja z usposobljenim in prijaznim osebjem, ko sem imel vpra\u0161anja, je bila brez stresa. Sicer \u0161e nisem kon\u010dal z razpakiranjem, a zaenkrat je vse v najlep\u0161em redu, saj so moje stvari prispele varne in zdrave.\"<\/em> - Heather prek <a href=\"https:\/\/www.1800packrat.com\/reviews\" target=\"_blank\" rel=\"noopener\">pri\u010devanje stranke<\/a><\/li>\n<li> <em>\"Vse svoje stvari smo preselili s podjetjem 1-800-PACK-RAT in izku\u0161nja je bila odli\u010dna. Na voljo so bili za vpra\u0161anja, tudi pono\u010di, ter bili vljudni in prijazni. Upo\u0161tevali so vse roke, omogo\u010dili so nam, da smo v nekaj dneh sami spakirali svoje stvari, nato pa so jih v 10 dneh odpeljali na na\u0161o novo lokacijo.\"<\/em> - prek <a href=\"https:\/\/uk.trustpilot.com\/reviews\/58acb46d883cc60a283ce37e\" target=\"_blank\" rel=\"noopener\">TrustPilot<\/a><\/li>\n<li> <em>\"Pred kratkim sem se preselil na dolge razdalje iz <a href=\"https:\/\/moverdb.com\/sl\/moving-to-the-united-states\/moving-to-california\/\" data-internallinksmanager029f6b8e52c=\"330\" title=\"Selitev v Kalifornijo? 2023 \u017divljenjski stro\u0161ki in nasveti za selitev\">Kalifornija<\/a> na . <a href=\"https:\/\/moverdb.com\/sl\/moving-to-the-united-states\/moving-to-florida\/\" data-internallinksmanager029f6b8e52c=\"331\" title=\"Selitev na Florido? 2023 \u017divljenjski stro\u0161ki in nasveti za selitev\">Florida<\/a> uporabo skladi\u0161\u010da Pack Rat. In \u0161e enkrat jih bom uporabil, saj so bili pravo\u010dasni od odvoza do dostave, Pack Rat pa je bil cenej\u0161i kot PODS.\"<\/em> - Paul prek <a href=\"https:\/\/www.yelp.co.uk\/biz\/1-800-pack-rat-tampa?hrid=sQKUV3MPkChipe8OJiZIcQ&#038;utm_campaign=www_review_share_popup&#038;utm_medium=copy_link&#038;utm_source=(direct)\" target=\"_blank\" rel=\"noopener\">Yelp<\/a><\/li>\n<\/ul>\n<p><strong>Negativno:<\/strong><\/p>\n<ul>\n<li> <em>\"So no\u010dna mora. Nih\u010de ne ve, kaj dela drugi.\"<\/em> - Mia prek <a href=\"https:\/\/www.yelp.com\/biz\/1-800-pack-rat-fremont?hrid=YhOaE8BWuhGeu6UpKuLVVQ&#038;utm_campaign=www_review_share_popup&#038;utm_medium=copy_link&#038;utm_source=(direct)\" target=\"_blank\" rel=\"noopener\">Yelp<\/a><\/li>\n<li> <em>\"Niso bili sposobni ali bolj pripravljeni dostaviti kapsul do mojega doma. Voznik ni ni\u010desar izmeril. Tam je bil 2 minuti in odpeljal. Ko sem poklical slu\u017ebo za stranke, so bili tako neverjetno nesramni!\"<\/em> - Leila prek <a href=\"https:\/\/www.bbb.org\/boston\/business-reviews\/storage-units-household-and-commercial\/1-800-pack-rat-in-foxboro-ma-116673\/reviews-and-complaints\" target=\"_blank\" rel=\"noopener\">BBB.org<\/a><\/li>\n<li> <em>\"Tako jezen z 1-800-PackRat\"<\/em> - prek <a href=\"https:\/\/www.pissedconsumer.com\/company\/1800-pack-rat\/so-angry-with-1-800-packrat-20161024942159.html\" target=\"_blank\" rel=\"noopener\">Razo\u010darani potro\u0161nik<\/a><\/li>\n<\/ul>\n<div itemprop=\"review\" itemscope itemtype=\"http:\/\/schema.org\/Review\">\n<span itemprop=\"author\" itemscope=\"\" itemtype=\"http:\/\/schema.org\/Organization\"><span itemprop=\"name\">MoverDB.com<\/span><\/span> Spletni pregled spletnega mesta za <span itemprop=\"itemreviewed\" itemscope=\"\" itemtype=\"http:\/\/schema.org\/Brand\"><span itemprop=\"name\">1-800-Pack-Rat<\/span><\/span>:<\/p>\n<ol>\n<li> Jasni kontaktni podatki na spletnem mestu (vklju\u010dno s telefonsko \u0161tevilko): <strong>Da<\/strong><\/li>\n<li> Enostavno pridobivanje <a href=\"https:\/\/moverdb.com\/sl\/citati\/\">premikanje ponudbe<\/a>? (Spletni obrazec za zahtevek za oceno): <strong>Da<\/strong><\/li>\n<li> Jasne informacije na spletnem mestu: <strong>Da,<\/strong> Na spletni strani so jasno opisane vse storitve, ki jih podjetje ponuja.<\/li>\n<li> \u010clanstvo v mednarodno priznanih organizacijah, ki se ukvarjajo z gibanjem: <strong>Da<\/strong>, vendar niso navedeni na spletni strani.<\/li>\n<li> Seznam strank in\/ali pri\u010devanja prej\u0161njih strank: <strong>Da,<\/strong> vendar so ocene v preostalem delu interneta zelo me\u0161ane.<\/li>\n<\/ol>\n<div itemprop=\"reviewRating\" itemscope itemtype=\"http:\/\/schema.org\/Rating\"><meta itemprop=\"worstRating\" content = \"0\" \/><meta itemprop=\"bestRating\" content=\"5\" \/><meta itemprop=\"ratingValue\" content=\"4\"><\/div>\n<p><strong>Skupna ocena: 4\/5<\/strong><br \/>\n<strong>Datum pregleda:<\/strong> <span itemprop=\"datePublished\" content=\"2017-02-23\">23\/02\/2017<\/span>\n<\/div>\n<p>Preberite ve\u010d o <a href=\"https:\/\/moverdb.com\/sl\/selitev-podjetja\/\">mednarodni selitveni delavci<\/a> in na\u0161e <a href=\"https:\/\/moverdb.com\/sl\/pregledi\/\">postopek pregleda<\/a>.<\/p>\n<p><strong>Spletna stran:<\/strong> <a href=\"https:\/\/www.1800packrat.com\/\" target=\"_blank\" rel=\"noopener\">https:\/\/www.1800packrat.com\/<\/a><\/p>","protected":false},"excerpt":{"rendered":"<p>1-800-Pack-Rat offers its customers an easy option when it comes to moving. The details are listed below, together with a company profile and reviews. Long Distance and Local Moves Deliver container at least 30 days prior to moving Self-pack container or employ professional packers Complimentary no-cut container lock Complimentary $10,000 contents protection Long and short [&hellip;]<\/p>\n","protected":false},"author":1,"featured_media":0,"parent":0,"menu_order":0,"comment_status":"closed","ping_status":"closed","template":"","meta":{"_genesis_hide_title":false,"_genesis_hide_breadcrumbs":false,"_genesis_hide_singular_image":false,"_genesis_hide_footer_widgets":false,"_genesis_custom_body_class":"","_genesis_custom_post_class":"","_genesis_layout":"","footnotes":""},"class_list":{"0":"post-1684","1":"page","2":"type-page","3":"status-publish","5":"entry"},"_links":{"self":[{"href":"https:\/\/moverdb.com\/sl\/wp-json\/wp\/v2\/pages\/1684","targetHints":{"allow":["GET"]}}],"collection":[{"href":"https:\/\/moverdb.com\/sl\/wp-json\/wp\/v2\/pages"}],"about":[{"href":"https:\/\/moverdb.com\/sl\/wp-json\/wp\/v2\/types\/page"}],"author":[{"embeddable":true,"href":"https:\/\/moverdb.com\/sl\/wp-json\/wp\/v2\/users\/1"}],"replies":[{"embeddable":true,"href":"https:\/\/moverdb.com\/sl\/wp-json\/wp\/v2\/comments?post=1684"}],"version-history":[{"count":3,"href":"https:\/\/moverdb.com\/sl\/wp-json\/wp\/v2\/pages\/1684\/revisions"}],"predecessor-version":[{"id":6165,"href":"https:\/\/moverdb.com\/sl\/wp-json\/wp\/v2\/pages\/1684\/revisions\/6165"}],"wp:attachment":[{"href":"https:\/\/moverdb.com\/sl\/wp-json\/wp\/v2\/media?parent=1684"}],"curies":[{"name":"wp","href":"https:\/\/api.w.org\/{rel}","templated":true}]}}