{"id":1678,"date":"2017-01-25T12:00:23","date_gmt":"2017-01-25T12:00:23","guid":{"rendered":"http:\/\/moverdb.com\/?page_id=1678"},"modified":"2026-01-08T14:47:27","modified_gmt":"2026-01-08T14:47:27","slug":"aires","status":"publish","type":"page","link":"https:\/\/moverdb.com\/sl\/aires\/","title":{"rendered":"Aires - Mednarodne selitve in preselitve Mnenja"},"content":{"rendered":"<p>Podjetje Aires svojim strankam, tako individualnim kot poslovnim, ponuja razli\u010dne selitvene storitve. Te so navedene spodaj skupaj s profilom podjetja in pregledi.<\/p>\n<p><strong>Mednarodni premiki<\/strong><\/p>\n<ul>\n<li> popolno pakiranje in zavijanje vseh gospodinjskih predmetov in osebnih predmetov<\/li>\n<li> Od vrat do vrat<\/li>\n<li> Neposredno natovarjanje gospodinjskih predmetov v ustrezen zabojnik ali kombi<\/li>\n<li> Priprava vse dokumentacije<\/li>\n<li> Obi\u010dajna, neposredna dostava in odstranjevanje ostankov<\/li>\n<li> Vra\u010danje praznih zabojnikov v mednarodnem namembnem kraju<\/li>\n<li> Popolno sledenje in sporo\u010danje statusa po\u0161iljke<\/li>\n<li> Avtomobili<\/li>\n<li> Dolgoro\u010dno in kratkoro\u010dno skladi\u0161\u010denje<\/li>\n<li> Premestitev hi\u0161nih ljubljen\u010dkov<\/li>\n<\/ul>\n<p><strong>Storitve za prihod v cilj in nastanitev<\/strong><\/p>\n<ul>\n<li> Spoznavanje in pozdravljanje<\/li>\n<li> Usmeritev obmo\u010dja<\/li>\n<li> Iskanje in prijava v \u0161olo<\/li>\n<li> Pomo\u010d pri iskanju najemnega stanovanja<\/li>\n<li> Pomo\u010d pri pogajanjih za najem<\/li>\n<li> Storitve za vselitev<\/li>\n<li> Pomo\u010d zakonca\/partnerja<\/li>\n<li> Storitev za\u010dasne nastanitve<\/li>\n<li> Pomo\u010d pri izdajanju vizumov, potnih listov in priseljevanju<\/li>\n<li> Storitve kulturnega in jezikovnega usposabljanja<\/li>\n<li> Pomo\u010d pri repatriaciji<\/li>\n<\/ul>\n<p><strong>Korporativne storitve<\/strong><\/p>\n<ul>\n<li> Storitve upravljanja selitev<\/li>\n<li> Upravljanje programa premestitve<\/li>\n<li> Spletna stran spletnih storitev ReloNet - Korporativna orodja<\/li>\n<li> Pregled in razvoj politik<\/li>\n<li> Nepremi\u010dninske storitve<\/li>\n<li> Upravljanje nepremi\u010dnin in najemnih razmerij<\/li>\n<li> In\u0161pekcijske storitve<\/li>\n<li> Projekcije \u017eivljenjskih stro\u0161kov<\/li>\n<li> Upravljanje izdatkov<\/li>\n<li> Zavarovanje in obvladovanje tveganj<\/li>\n<li> Storitve skupinskih selitev<\/li>\n<li> Mednarodne od\u0161kodnine in storitve zbiranja podatkov<\/li>\n<li> Upravljanje dobavne verige<\/li>\n<\/ul>\n<h2>Profil podjetja Aires<\/h2>\n<p>Dru\u017ebo Aires ali American International Relocation Solutions LLC je leta 1981 ustanovil Jim Putt. Podjetje se je osredoto\u010dilo na mednarodne selitve in skladi\u0161\u010denje za podjetja in njihove zaposlene. To se je zdaj raz\u0161irilo na celovito storitev selitve, ki zaposlenim pomaga, da se hitro naselijo v novo okolje. Aires je \u0161e vedno zasebno podjetje v dru\u017einski lasti.<\/p>\n<p>Dru\u017eba Aires zelo resno jemlje svojo okoljsko odgovornost in se \"zelenega loteva z vseh vidikov\". Njihovi popolnoma avtomatizirani sistemi mo\u010dno zmanj\u0161ujejo potrebo po papirnatem delu, vse njihove pisarne in lokacije pa so energetsko var\u010dne in okolju prijazne.<\/p>\n<p>Aires ima naslednje akreditacije in povezave:<\/p>\n<ul>\n<li> <a href=\"https:\/\/moverdb.com\/sl\/svet-za-premestitev-zaposlenih\/\">ERC po vsem svetu<\/a><\/li>\n<li> CERC (Kanadski svet za premestitev zaposlenih)<\/li>\n<li> SHRM (Dru\u0161tvo za upravljanje \u010dlove\u0161kih virov)<\/li>\n<li> <a href=\"https:\/\/moverdb.com\/sl\/iam\/\">IAM<\/a> (<a href=\"https:\/\/moverdb.com\/sl\/iam\/\" data-internallinksmanager029f6b8e52c=\"23\" title=\"Pojasnila o Mednarodnem zdru\u017eenju gibalcev (IAM)\">Mednarodno zdru\u017eenje movers<\/a>)<\/li>\n<li> OSA (Zdru\u017eenje \u010dezmorskih ladjarjev)<\/li>\n<li> <a href=\"https:\/\/moverdb.com\/sl\/fidi-faim\/\">FIDI<\/a> (Zveza mednarodnih odstranjevalcev pohi\u0161tva)<\/li>\n<li> <a href=\"https:\/\/moverdb.com\/sl\/eura\/\">EuRA<\/a> (<a href=\"https:\/\/moverdb.com\/sl\/eura\/\" data-internallinksmanager029f6b8e52c=\"13\" title=\"Pojasnila o Evropskem zdru\u017eenju za preseljevanje (EuRA)\">EuRA<\/a> Premestitev)<\/li>\n<li> PAIMA (Panameri\u0161ko zdru\u017eenje mednarodnih prevoznikov)<\/li>\n<li> <a href=\"https:\/\/moverdb.com\/sl\/lacma\/\">LACMA<\/a> (Latinskoameri\u0161ko in karibsko zdru\u017eenje Movers)<\/li>\n<li> OMNI (Overseas Moving Network International)<\/li>\n<\/ul>\n<h2>Mnenja o Airesu<\/h2>\n<p><em>V \u010dasu pisanja nismo na\u0161li nobenih pregledov za Aires na spletu.<\/em><\/p>\n<div itemprop=\"review\" itemscope itemtype=\"http:\/\/schema.org\/Review\">\n<span itemprop=\"author\" itemscope=\"\" itemtype=\"http:\/\/schema.org\/Organization\"><span itemprop=\"name\">MoverDB.com<\/span><\/span> Spletni pregled spletnega mesta za <span itemprop=\"itemreviewed\" itemscope=\"\" itemtype=\"http:\/\/schema.org\/Brand\"><span itemprop=\"name\">Aires<\/span><\/span>:<\/p>\n<ol>\n<li> Jasni kontaktni podatki na spletnem mestu (vklju\u010dno s telefonsko \u0161tevilko): <strong>Da<\/strong><\/li>\n<li> Enostavno pridobivanje <a href=\"https:\/\/moverdb.com\/sl\/citati\/\">mednarodne selitvene ponudbe<\/a>? (Spletni obrazec za zahtevek za oceno): <strong>Da<\/strong><\/li>\n<li> Jasne informacije na spletnem mestu: <strong>Da,<\/strong> vsebuje veliko zelo podrobnih informacij o storitvah, ki jih podjetje ponuja.<\/li>\n<li> \u010clanstvo v mednarodno priznanih organizacijah, ki se ukvarjajo z gibanjem: <strong>Da<\/strong>, (glej zgoraj)<\/li>\n<li> Seznam strank in\/ali pri\u010devanja prej\u0161njih strank. <strong>Ne,<\/strong> \u010deprav imajo razdelek z nagradami.<\/li>\n<\/ol>\n<div itemprop=\"reviewRating\" itemscope itemtype=\"http:\/\/schema.org\/Rating\"><meta itemprop=\"worstRating\" content = \"0\" \/><meta itemprop=\"bestRating\" content=\"5\" \/><meta itemprop=\"ratingValue\" content=\"4\"><\/div>\n<p><strong>Skupna ocena: 4\/5<\/strong><br \/>\n<strong>Datum pregleda:<\/strong> <span itemprop=\"datePublished\" content=\"2017-01-25\">25\/01\/2017<\/span>\n<\/div>\n<p>Preberite ve\u010d o <a href=\"https:\/\/moverdb.com\/sl\/selitev-podjetja\/\">mednarodna selitvena podjetja<\/a> in na\u0161e <a href=\"https:\/\/moverdb.com\/sl\/pregledi\/\">postopek pregleda<\/a>.<\/p>\n<p><strong>Spletne strani:<\/strong> <a href=\"https:\/\/www.aires.com\/\" target=\"_blank\" rel=\"noopener\">https:\/\/www.aires.com\/<\/a><\/p>","protected":false},"excerpt":{"rendered":"<p>Aires offers its clients, both individual and corporate, a variety of moving services. These are listed below together with a company profile and reviews. International Moves Complete packing and wrapping of all household goods and personal effects Door to door Direct loading of household goods into appropriate container or van Preparation of all documentation Normal, [&hellip;]<\/p>\n","protected":false},"author":1,"featured_media":0,"parent":0,"menu_order":0,"comment_status":"closed","ping_status":"closed","template":"","meta":{"_genesis_hide_title":false,"_genesis_hide_breadcrumbs":false,"_genesis_hide_singular_image":false,"_genesis_hide_footer_widgets":false,"_genesis_custom_body_class":"","_genesis_custom_post_class":"","_genesis_layout":"","footnotes":""},"class_list":{"0":"post-1678","1":"page","2":"type-page","3":"status-publish","5":"entry"},"_links":{"self":[{"href":"https:\/\/moverdb.com\/sl\/wp-json\/wp\/v2\/pages\/1678","targetHints":{"allow":["GET"]}}],"collection":[{"href":"https:\/\/moverdb.com\/sl\/wp-json\/wp\/v2\/pages"}],"about":[{"href":"https:\/\/moverdb.com\/sl\/wp-json\/wp\/v2\/types\/page"}],"author":[{"embeddable":true,"href":"https:\/\/moverdb.com\/sl\/wp-json\/wp\/v2\/users\/1"}],"replies":[{"embeddable":true,"href":"https:\/\/moverdb.com\/sl\/wp-json\/wp\/v2\/comments?post=1678"}],"version-history":[{"count":3,"href":"https:\/\/moverdb.com\/sl\/wp-json\/wp\/v2\/pages\/1678\/revisions"}],"predecessor-version":[{"id":6168,"href":"https:\/\/moverdb.com\/sl\/wp-json\/wp\/v2\/pages\/1678\/revisions\/6168"}],"wp:attachment":[{"href":"https:\/\/moverdb.com\/sl\/wp-json\/wp\/v2\/media?parent=1678"}],"curies":[{"name":"wp","href":"https:\/\/api.w.org\/{rel}","templated":true}]}}