{"id":1662,"date":"2017-02-23T10:26:07","date_gmt":"2017-02-23T10:26:07","guid":{"rendered":"http:\/\/moverdb.com\/?page_id=1662"},"modified":"2026-01-08T14:47:48","modified_gmt":"2026-01-08T14:47:48","slug":"bolliger","status":"publish","type":"page","link":"https:\/\/moverdb.com\/sl\/bolliger\/","title":{"rendered":"Bolliger - Mednarodna selitev in selitveni pregledi"},"content":{"rendered":"<p>Bolliger svojim strankam ponuja \u0161iroko paleto selitvenih storitev. Te so navedene spodaj skupaj s profilom podjetja in pregledi.<\/p>\n<p><strong>Mednarodni selitveni<\/strong><\/p>\n<ul>\n<li> Svetovna mre\u017ea virov za premikanje<\/li>\n<li> Od vrat do vrat<\/li>\n<li> vodja selitve z vsaj 5 leti izku\u0161enj<\/li>\n<li> Spremljanje po\u0161iljke 24\/7<\/li>\n<li> Ogled hi\u0161e za ugotavljanje zahtev glede pakiranja itd.<\/li>\n<li> Urejeno zavarovanje<\/li>\n<li> Osebni koordinator vam bo pomagal pri pripravi zahtevane dokumentacije.<\/li>\n<li> Pakiranje in natovarjanje<\/li>\n<li> Carinjenje<\/li>\n<li> Dostava in razpakiranje<\/li>\n<li> Vse predmete bomo skrbno raztovorili, jih primerjali z va\u0161im inventarnim seznamom in jih namestili v prave prostore.<\/li>\n<li> Krhki predmeti, kot so steklo in <a href=\"https:\/\/moverdb.com\/sl\/moving-to-china\/\" data-internallinksmanager029f6b8e52c=\"357\" title=\"Selitev na Kitajsko? 2023 \u017divljenjski stro\u0161ki in nasveti za selitev\">Kitajska<\/a>, se razpakira na ravnih povr\u0161inah.<\/li>\n<li> Iz va\u0161ega doma bomo hitro odstranili ves pakirni material in ostanke.<\/li>\n<\/ul>\n<p><strong>Storitve premestitve podjetij<\/strong><\/p>\n<ul>\n<li> Storitve namestitve<\/li>\n<li> Iskanje \u0161ol in domov<\/li>\n<li> Kulturne informacije<\/li>\n<li> Pomo\u010d partnerja\/sorodnika<\/li>\n<li> Kratkotrajna nastanitev<\/li>\n<li> Najem pohi\u0161tva<\/li>\n<\/ul>\n<p><strong>Storitve selitve<\/strong><\/p>\n<ul>\n<li> Zagotavljanje pakirnega materiala<\/li>\n<li> Celovite storitve pakiranja<\/li>\n<li> Specializirano pakiranje<\/li>\n<li> Prilagojeni zaboji<\/li>\n<li> ravnanje s klavirji in sefi<\/li>\n<li> Motorizirane lestve<\/li>\n<li> Po\u0161iljanje po cesti, zraku in morju<\/li>\n<li> Carinsko poslovanje<\/li>\n<li> zastopniki po vsem svetu.<\/li>\n<\/ul>\n<p><strong>Selitev pisarn<\/strong><\/p>\n<ul>\n<li> Oblikovanje in na\u010drtovanje premikov<\/li>\n<li> Specializirano osebje in oprema<\/li>\n<li> Motorizirane lestve in \u017eerjavi<\/li>\n<li> Vzpostavitev pisarn<\/li>\n<li> Recikliranje in odstranjevanje odpadkov<\/li>\n<li> Dnevno in no\u010dno delovanje<\/li>\n<\/ul>\n<p><strong>Likovna umetnost<\/strong><\/p>\n<ul>\n<li> Oblikovanje in izdelava zabojev in zabojev po meri<\/li>\n<li> Formalnosti na podro\u010dju likovne umetnosti za uvoz\/izvoz sodobnih in starinskih umetnin<\/li>\n<li> Po\u0161iljanje po cesti \/ morju \/ zraku<\/li>\n<li> Specializirani zastopniki po vsem svetu<\/li>\n<li> Postavitev razstavnih prostorov<\/li>\n<\/ul>\n<p><strong>Shranjevanje<\/strong><\/p>\n<ul>\n<li> Kratkoro\u010dno in dolgoro\u010dno skladi\u0161\u010denje<\/li>\n<li> Kovinski zabojniki, zaboji ali palete<\/li>\n<li> Varnost 24 ur na dan, 7 dni v tednu<\/li>\n<li> Alarmi za dim<\/li>\n<li> Nadzorovana temperatura in vla\u017enost<\/li>\n<li> Arhivi dokumentov<\/li>\n<\/ul>\n<h2>Profil podjetja Bolliger<\/h2>\n<p>Arthur Bolliger je leta 1909 odprl prvo pisarno Bolliger v Rimu. Podjetje zdaj vodi \u010detrta generacija Bolligerjevih in ima pisarne v Milanu, Luganu in Firencah ter <a href=\"https:\/\/moverdb.com\/sl\/moving-to-switzerland\/\" data-internallinksmanager029f6b8e52c=\"327\" title=\"Selitev v \u0160vico? 2023 \u017divljenjski stro\u0161ki in nasveti za selitev\">\u0160vica<\/a>, je <a href=\"https:\/\/moverdb.com\/sl\/moving-to-the-uk\/\" data-internallinksmanager029f6b8e52c=\"93\" title=\"Selitev v Zdru\u017eeno kraljestvo? 2022 \u017divljenjski stro\u0161ki in nasveti za selitev\">ZDRU\u017dENO KRALJESTVO<\/a>, je <a href=\"https:\/\/moverdb.com\/sl\/moving-to-the-united-states\/\" data-internallinksmanager029f6b8e52c=\"94\" title=\"Selitev v Zdru\u017eene dr\u017eave Amerike? 2022 \u017divljenjski stro\u0161ki in nasveti za selitev\">ZDA<\/a> in . <a href=\"https:\/\/moverdb.com\/sl\/moving-to-spain\/\" data-internallinksmanager029f6b8e52c=\"266\" title=\"Selitev v \u0160panijo? 2023 \u017divljenjski stro\u0161ki in nasveti za selitev\">\u0160panija<\/a>.<\/p>\n<p>Prvi tovornjaki podjetja so bili kupljeni leta 1919 in so bili uporabljeni v prvi svetovni vojni.Podjetje ima zdaj vozni park z ve\u010d kot 200 vozili za selitve in po\u0161ilja blago za posameznike in podjetja po vsem svetu. Bolliger je bil eden od ustanovnih \u010dlanov podjetja <a href=\"https:\/\/moverdb.com\/sl\/fidi-faim\/\" data-internallinksmanager029f6b8e52c=\"16\" title=\"Pojasnila o FIDI in FAIM (FIDI Accredited International Mover)\">FIDI<\/a>. Danes je FIDI najve\u010dje tovrstno zdru\u017eenje na svetu s 600 zastopniki v 100 dr\u017eavah. <\/p>\n<p>Leta 1982 je Bolliger postal edini italijanski zastopnik dru\u017ebe Allied International.<\/p>\n<p>Leta 1985 je Bolliger postal eden od ustanovnih \u010dlanov mednarodne mre\u017ee Overseas Moving Network International (OMNI). Leta 2002 je bilo strokovno znanje podjetja nagrajeno s certifikatom ISO 9001 - prvim <a href=\"https:\/\/moverdb.com\/sl\/moving-companies\/\" data-internallinksmanager029f6b8e52c=\"79\" title=\"Top 25 Mednarodne selitve podjetja Online\">selitev podjetja<\/a> na spletnem mestu <a href=\"https:\/\/moverdb.com\/sl\/moving-to-italy\/\" data-internallinksmanager029f6b8e52c=\"346\" title=\"Selitev v Italijo? 2023 \u017divljenjski stro\u0161ki in nasveti za selitev\">Italija<\/a> da bi ga dosegli.<\/p>\n<p>Podjetje Bollinger si dosledno prizadeva zmanj\u0161ati okoljski vpliv na planet, tako da posebno pozornost namenja embala\u017enim materialom, ki jih uporablja, vozilom, ki jih uporablja, in posku\u0161a \u010dim ve\u010d reciklirati. Izvajajo tudi dobrodelne programe v nerazvitih dr\u017eavah Ju\u017ene Amerike in Afrike.<\/p>\n<p>Bolliger ima naslednje akreditacije in povezave:<\/p>\n<ul>\n<li> <a href=\"https:\/\/moverdb.com\/sl\/allied-van-lines\/\">Allied International<\/a><\/li>\n<li> ISO 9001<\/li>\n<li> <a href=\"https:\/\/moverdb.com\/sl\/fidi-faim\/\">Federacija mednarodnih prevoznikov<\/a> (FIDI)<\/li>\n<li> Mednarodna mre\u017ea za selitve v tujini (OMNI)<\/li>\n<li> <a href=\"https:\/\/moverdb.com\/sl\/fidi-faim\/\">FIDI akreditirani mednarodni selitveni promet<\/a> (FAIM)<\/li>\n<li> <a href=\"https:\/\/moverdb.com\/sl\/iam\/\">Mednarodno zdru\u017eenje movers<\/a> (<a href=\"https:\/\/moverdb.com\/sl\/iam\/\" data-internallinksmanager029f6b8e52c=\"23\" title=\"Pojasnila o Mednarodnem zdru\u017eenju gibalcev (IAM)\">IAM<\/a>)<\/li>\n<li> <a href=\"https:\/\/moverdb.com\/sl\/iata\/\">Mednarodno zdru\u017eenje za zra\u010dni promet<\/a> (<a href=\"https:\/\/moverdb.com\/sl\/iata\/\" data-internallinksmanager029f6b8e52c=\"22\" title=\"Pojasnila Mednarodnega zdru\u017eenja za zra\u010dni promet (IATA)\">IATA<\/a>)<\/li>\n<li> <a href=\"https:\/\/moverdb.com\/sl\/fedemac\/\">Zveza evropskih zdru\u017eenj movers<\/a> (<a href=\"https:\/\/moverdb.com\/sl\/fedemac\/\" data-internallinksmanager029f6b8e52c=\"15\" title=\"Pojasnila o Zvezi evropskih zdru\u017eenj za selitve (FEDEMAC)\">FEDEMAC<\/a>)<\/li>\n<\/ul>\n<h2>Bolliger Reviews<\/h2>\n<p><strong>Pozitivno:<\/strong><\/p>\n<ul>\n<li> \"Na\u0161 koordinator je bil izjemno strokoven in koristen. Odgovorila je na vsa na\u0161a vpra\u0161anja in poskrbela, da je bila na\u0161a selitev iz Rima v <a href=\"https:\/\/moverdb.com\/sl\/moving-to-london\/\">London<\/a> se po\u010dutijo enostavno in varno. Poskrbela je za \u010disto vse. Podjetje Bolliger bomo zagotovo spet uporabili za naslednjo selitev in ga lahko priporo\u010dimo vsem.\" - Bolligerjeva stranka <a href=\"http:\/\/www.bolliger.co.uk\/testimonials.html\" target=\"_blank\" rel=\"noopener\">Pri\u010devanje<\/a><\/li>\n<li> <em>\"Na splo\u0161no sem zelo zadovoljen s to izku\u0161njo. \u0160lo je za bobne in \u010dinele, torej precej ob\u010dutljive stvari. Vse je prispelo varno in pravo\u010dasno. Stiki in komunikacija so bili brezhibni in pravo\u010dasni.\"<\/em> - Andrea prek <a href=\"http:\/\/www.removalreviews.co.uk\/movers\/bolliger-352#2761  Read more: http:\/\/www.removalreviews.co.uk\/movers\/bolliger-352\" target=\"_blank\" rel=\"noopener\">Mnenja o odstranjevanju<\/a><\/li>\n<li> <em>\"Ne pi\u0161em pogosto tovrstnih priporo\u010dil ali ocen, vendar sem si moral vzeti nekaj minut \u010dasa in se zahvaliti podjetju Bolliger za odli\u010dno opravljeno delo pri moji nedavni selitvi iz Londona v Berlin.\"<\/em> - davelucas via <a href=\"https:\/\/www.yell.com\/biz\/bolliger-uk-ltd-west-drayton-7150125\/\" target=\"_blank\" rel=\"noopener\">Jok<\/a><\/li>\n<\/ul>\n<p><strong>Negativno:<\/strong><\/p>\n<ul>\n<li> <em>\"Ne pustite se preslepiti s prodajnim nastopom Bolligerja in trditvami o odli\u010dnosti...\"<\/em> - Gospod D Bruce prek <a href=\"http:\/\/www.removalreviews.co.uk\/movers\/bolliger-352#10617  Read more: http:\/\/www.removalreviews.co.uk\/movers\/bolliger-352\" target=\"_blank\" rel=\"noopener\">Mnenja o odstranjevanju<\/a><\/li>\n<li> <em>\"Bolliger UK so bili popolnoma grozni...... Neizku\u0161ena ekipa agencije, ki je bila v ustih, je pri\u0161la pozno brez opreme za premikanje, \u010deprav je na\u0161 rezervirani premik vklju\u010deval na\u0161 klavir.\"<\/em> - Don.Br prek <a href=\"http:\/\/www.reviewcentre.com\/Removal-Companies\/Bolliger-www-bolliger-co-uk-reviews_2387554\" target=\"_blank\" rel=\"noopener\">Center za pregledovanje<\/a><\/li>\n<\/ul>\n<div itemprop=\"review\" itemscope itemtype=\"http:\/\/schema.org\/Review\">\n<span itemprop=\"author\" itemscope=\"\" itemtype=\"http:\/\/schema.org\/Organization\"><span itemprop=\"name\">MoverDB.com<\/span><\/span> Spletni pregled spletnega mesta za <span itemprop=\"itemreviewed\" itemscope=\"\" itemtype=\"http:\/\/schema.org\/Brand\"><span itemprop=\"name\">Bolliger<\/span><\/span>:<\/p>\n<ol>\n<li> Jasni kontaktni podatki na spletnem mestu (vklju\u010dno s telefonsko \u0161tevilko): <strong>Da<\/strong><\/li>\n<li> Enostavno pridobivanje <a href=\"https:\/\/moverdb.com\/sl\/citati\/\">mednarodne selitvene ponudbe<\/a>? (Spletni obrazec za zahtevek za oceno): <strong>Da<\/strong><\/li>\n<li> Jasne informacije na spletnem mestu: <strong>Da,<\/strong> vendar ne vedno zelo podrobno.<\/li>\n<li> \u010clanstvo v mednarodno priznanih organizacijah, ki se ukvarjajo z gibanjem: <strong>Da<\/strong>, (glej zgoraj)<\/li>\n<li> Seznam strank in\/ali pri\u010devanja prej\u0161njih strank: <strong>Da,<\/strong> veliko pozitivnih pri\u010devanj strank in na splo\u0161no dobrih mnenj iz preostalega spleta.<\/li>\n<\/ol>\n<div itemprop=\"reviewRating\" itemscope itemtype=\"http:\/\/schema.org\/Rating\"><meta itemprop=\"worstRating\" content = \"0\" \/><meta itemprop=\"bestRating\" content=\"5\" \/><meta itemprop=\"ratingValue\" content=\"4.5\"><\/div>\n<p><strong>Skupna ocena: 4,5\/5<\/strong><br \/>\n<strong>Datum pregleda:<\/strong> <span itemprop=\"datePublished\" content=\"2017-02-23\">23\/02\/2017<\/span>\n<\/div>\n<p>Preberite ve\u010d o <a href=\"https:\/\/moverdb.com\/sl\/selitev-podjetja\/\">mednarodna selitvena podjetja<\/a> in na\u0161e <a href=\"https:\/\/moverdb.com\/sl\/pregledi\/\">postopek pregleda<\/a>.<\/p>\n<p><strong>Spletne strani:<\/strong> IT: <a href=\"http:\/\/www.bolliger.it\/\" target=\"_blank\" rel=\"noopener\">http:\/\/www.bolliger.it\/<\/a> ZDRU\u017dENO KRALJESTVO: <a href=\"http:\/\/www.bolliger.co.uk\/\" target=\"_blank\" rel=\"noopener\">http:\/\/www.bolliger.co.uk\/<\/a><\/p>","protected":false},"excerpt":{"rendered":"<p>Bolliger offers its customers a wide variety of moving services. These are listed below together with a company profile and reviews. International Moving Worldwide network of moving resources Door to door Move Manager with at least 5 years&#8217; experience Track your shipment 24\/7 House survey to ascertain packing requirements etc Insurance arranged Personal coordinator will [&hellip;]<\/p>\n","protected":false},"author":1,"featured_media":0,"parent":0,"menu_order":0,"comment_status":"closed","ping_status":"closed","template":"","meta":{"_genesis_hide_title":false,"_genesis_hide_breadcrumbs":false,"_genesis_hide_singular_image":false,"_genesis_hide_footer_widgets":false,"_genesis_custom_body_class":"","_genesis_custom_post_class":"","_genesis_layout":"","footnotes":""},"class_list":{"0":"post-1662","1":"page","2":"type-page","3":"status-publish","5":"entry"},"_links":{"self":[{"href":"https:\/\/moverdb.com\/sl\/wp-json\/wp\/v2\/pages\/1662","targetHints":{"allow":["GET"]}}],"collection":[{"href":"https:\/\/moverdb.com\/sl\/wp-json\/wp\/v2\/pages"}],"about":[{"href":"https:\/\/moverdb.com\/sl\/wp-json\/wp\/v2\/types\/page"}],"author":[{"embeddable":true,"href":"https:\/\/moverdb.com\/sl\/wp-json\/wp\/v2\/users\/1"}],"replies":[{"embeddable":true,"href":"https:\/\/moverdb.com\/sl\/wp-json\/wp\/v2\/comments?post=1662"}],"version-history":[{"count":5,"href":"https:\/\/moverdb.com\/sl\/wp-json\/wp\/v2\/pages\/1662\/revisions"}],"predecessor-version":[{"id":6184,"href":"https:\/\/moverdb.com\/sl\/wp-json\/wp\/v2\/pages\/1662\/revisions\/6184"}],"wp:attachment":[{"href":"https:\/\/moverdb.com\/sl\/wp-json\/wp\/v2\/media?parent=1662"}],"curies":[{"name":"wp","href":"https:\/\/api.w.org\/{rel}","templated":true}]}}