{"id":1648,"date":"2017-04-21T14:26:25","date_gmt":"2017-04-21T14:26:25","guid":{"rendered":"http:\/\/moverdb.com\/?page_id=1648"},"modified":"2026-01-08T14:47:58","modified_gmt":"2026-01-08T14:47:58","slug":"cma-cgm","status":"publish","type":"page","link":"https:\/\/moverdb.com\/sl\/cma-cgm\/","title":{"rendered":"Skupina CMA CGM - Storitve in mnenja o mednarodnem prevozu"},"content":{"rendered":"<p>Skupina CMA CGM svojim strankam ponuja \u0161iroko paleto ladijskih in logisti\u010dnih re\u0161itev. Te so navedene spodaj skupaj s profilom podjetja in pregledi.<\/p>\n<h3>Mednarodna dostava<\/h3>\n<p><strong>Suhi zabojniki<\/strong><\/p>\n<ul>\n<li> Zabojniki za splo\u0161no uporabo (20'\/40'\/40\u2032 HC\/45\u2032 HC);<\/li>\n<li> Zabojniki, \u0161iroki kot paleta (40\u2032 HC PW\/45\u2032 HC PW);<\/li>\n<li> Specializirani zabojniki (ploski zabojniki, zabojniki z odprto streho, zabojniki z odprto stranico, zabojniki s plo\u0161\u010dadjo, zabojniki s cisterno itd.)<\/li>\n<li> Osebna storitev<\/li>\n<\/ul>\n<p><strong>Zabojniki za prevoz razsutega tovora<\/strong><\/p>\n<ul>\n<li> 20\u2032 RE\/40\u2032 RH Zabojniki za prekucnike,<\/li>\n<li> Najve\u010dja flota 45\u2032 \u0161irokih zabojnikov RH Pallet na trgu, namenjena trgovini znotraj Evrope.<\/li>\n<li> Poseben oddelek<\/li>\n<\/ul>\n<p><strong>XXL Cargo<\/strong><\/p>\n<ul>\n<li> Ladijski tovor z nestandardnimi dimenzijami in te\u017eo.<\/li>\n<li> Luksuzni avtomobili<\/li>\n<li> Helikopterji<\/li>\n<li> Veliki stroji<\/li>\n<li> \u017delezni\u0161ki vagoni<\/li>\n<li> prevelike turbine in generatorji<\/li>\n<li> Strokovno znanje o prevozu razsutih tovorov<\/li>\n<\/ul>\n<p><strong>Intermodalne storitve v notranjosti dr\u017eave - vse celine<\/strong><\/p>\n<ul>\n<li> Celovita storitev od vrat do vrat<\/li>\n<li> Re\u0161itve po meri za notranjo plovbo (\u017eeleznica, cesta in reka)<\/li>\n<li> Optimizacija dobavne verige z mo\u017enostmi prihranka stro\u0161kov od vrat do vrat<\/li>\n<li> Privla\u010dna posebna zadr\u017eanja in zastoji<\/li>\n<li> Natan\u010dno spremljanje za pravo\u010dasno dostavo<\/li>\n<li> Enostavna rezervacija in spremljanje prek<a>platforma za e-poslovanje<\/a><\/li>\n<\/ul>\n<p><strong>AQUAVIVA - Dostava \u017eivih jastogov<\/strong><\/p>\n<ul>\n<li> Storitev od vrat do vrat<\/li>\n<li> Nova alternativa zamrzovanju in dragemu letalskemu prevozu<\/li>\n<li> Ohranja naravni habitat jastoga<\/li>\n<li> Zagotavlja sve\u017eino in kakovost prvega dne tudi pri dolgotrajnem shranjevanju<\/li>\n<li> Spo\u0161tljivo do okolja<\/li>\n<\/ul>\n<p><strong>RORO (Roll on Roll off)<\/strong><\/p>\n<ul>\n<li> <strong><a href=\"https:\/\/moverdb.com\/sl\/moving-companies\/algeria\/\" data-internallinksmanager029f6b8e52c=\"166\" title=\"3 Najbolj\u0161a mednarodna selitvena podjetja v Al\u017eiriji\">Al\u017eirija<\/a><\/strong>: prevoz v Mostaganem in Oran ter prevoz v B\u00e9jo<\/li>\n<li> <strong><a href=\"https:\/\/moverdb.com\/sl\/moving-companies\/moving-companies-morocco\/\" data-internallinksmanager029f6b8e52c=\"287\" title=\"4 Najbolj\u0161a mednarodna selitvena podjetja v Maroku\">Maroko<\/a><\/strong>: prevoz v Casablanco<\/li>\n<li> <strong>Tunizija<\/strong>: prevoz v Rades in La Goulette<\/li>\n<\/ul>\n<p><strong>Tovorna kri\u017earjenja<\/strong><\/p>\n<ul>\n<li> Delite vsakodnevno \u017eivljenje z ekipo<\/li>\n<li> 170 pomorskih linij, 450 <a href=\"https:\/\/moverdb.com\/sl\/top-49-container-ports\/\" data-internallinksmanager029f6b8e52c=\"80\" title=\"Top 49 najve\u010djih in najbolj obremenjenih pristani\u0161\u010d za kontejnerje v letu 2025\">pristani\u0161\u010da<\/a> in 150 dr\u017eav.<\/li>\n<li> Rezervirajte za nekaj dni ali nekaj mesecev<\/li>\n<li> Pojdite na kopno za en dan ali teden in ujemite naslednjo ladjo<\/li>\n<\/ul>\n<h2>Profil podjetja CMA CGM Group<\/h2>\n<p>Skupino CMA CGM je leta 1978 v Marseillu ustanovil Jacques R. Saad\u00e9, ki je ustanovil Compagnie Maritime d'Affr\u00e8tement (CMA). CMA je imela eno ladjo in \u0161tiri zaposlene, ki so delali na eni ladijski liniji med Bejrutom, Lattakijo, Marseillom in Livornom. <\/p>\n<p>Leta 1980 ima CMA dve ladji, 65 zaposlenih in odprte pisarne v Evropi. Leta 1983 je dru\u017eba CMA za\u010dela opravljati multimodalne storitve, ki so omogo\u010dale po\u0161iljanje blaga od vrat do vrat.<\/p>\n<p>Leta 1999 sta se dru\u017ebi CGM in CMA zdru\u017eili, tako da je podjetje postalo 12. na svetu. Do leta 2003 se je podjetje povzpelo na 5. mesto<sup>th<\/sup> polo\u017eaj. Leta 2006 je CMA CGM postala tretja svetovna<sup>rd<\/sup> najve\u010dji <a href=\"https:\/\/moverdb.com\/sl\/ladjarska-podjetja\/\" target=\"_blank\" rel=\"noopener\">podjetje za prevoz kontejnerjev in transport<\/a>, kar je \u0161e danes.<\/p>\n<p>Skupina CMA CGM danes po vsem svetu zaposluje skoraj 25.000 ljudi ter ima 64 pisarn in agencij po vsem svetu. Ima dva glavna sede\u017ea, enega v Marseillu in enega v Norfolku, <a href=\"https:\/\/moverdb.com\/sl\/moving-to-the-united-states\/moving-to-virginia\/\" data-internallinksmanager029f6b8e52c=\"442\" title=\"Selitev v Virginijo? 2023 \u017divljenjski stro\u0161ki in nasveti za selitev\">Virginia<\/a>. Dru\u017eba posluje na 170 pomorskih linijah in se ustavlja v 450 pristani\u0161\u010dih v 150 dr\u017eavah. Zdaj je tretja najve\u010dja <a href=\"https:\/\/moverdb.com\/sl\/shipping-companies\/\" data-internallinksmanager029f6b8e52c=\"4\" title=\"10 najbolj\u0161ih mednarodnih podjetij za prevoz zabojnikov\">ladjarsko podjetje<\/a> na svetu in ima floto 428 ladij.<\/p>\n<p>Dru\u017eba CMA CGM ima naslednje akreditacije in povezave:<\/p>\n<ul>\n<li> Mednarodno spri\u010devalo o za\u0161\u010diti ladje (ISSC)<\/li>\n<li> Certifikat o varnem upravljanju (SMC)<\/li>\n<li> Konvencija o delovnih standardih v pomorstvu (MLC)<\/li>\n<li> <a href=\"https:\/\/moverdb.com\/sl\/svetovni-svet-za-ladijski-promet\/\">Svetovni svet za pomorstvo<\/a> (<a href=\"https:\/\/moverdb.com\/sl\/world-shipping-council\/\" data-internallinksmanager029f6b8e52c=\"82\" title=\"Pojasnila o Svetovnem svetu za pomorski promet (WSC)\">WSC<\/a>)<\/li>\n<\/ul>\n<h2>Mnenja skupine CMA CGM<\/h2>\n<p><em>V \u010dasu pisanja na spletu nismo na\u0161li nobenih pregledov za ladijske storitve skupine CMA CGM.<\/em><\/p>\n<div itemprop=\"review\" itemscope itemtype=\"http:\/\/schema.org\/Review\">\n<strong><span itemprop=\"author\" itemscope=\"\" itemtype=\"http:\/\/schema.org\/Organization\"><span itemprop=\"name\">MoverDB.com<\/span><\/span> Spletni pregled spletnega mesta za <span itemprop=\"itemreviewed\" itemscope=\"\" itemtype=\"http:\/\/schema.org\/Brand\"><span itemprop=\"name\">Skupina CMA CGM<\/span><\/span>:<\/strong><\/p>\n<ol>\n<li> Jasni kontaktni podatki na spletnem mestu (vklju\u010dno s telefonsko \u0161tevilko): <strong>Da<\/strong><\/li>\n<li> Enostavno pridobivanje <a href=\"https:\/\/moverdb.com\/sl\/container-shipping\/\" data-internallinksmanager029f6b8e52c=\"3\" title=\"Mednarodni cenik prevozov zabojnikov: april 2026\">mednarodno po\u0161iljanje<\/a> citati? (Spletni obrazec za zahtevek za oceno): <strong>Ne<\/strong>, se zdi, da se morate registrirati, da bi dobili ponudbe.<\/li>\n<li> Jasne informacije na spletnem mestu: <strong>Da,<\/strong> na spletni strani so na voljo podrobne informacije o vseh njihovih storitvah.<\/li>\n<li> \u010clanstvo v mednarodno priznanih organizacijah za pomorski promet: <strong>Da<\/strong><\/li>\n<li> Seznam strank in\/ali pri\u010devanja prej\u0161njih strank. <strong>Ne,<\/strong> na njihovem spletnem mestu ni navedena nobena.<\/li>\n<\/ol>\n<div itemprop=\"reviewRating\" itemscope itemtype=\"http:\/\/schema.org\/Rating\"><meta itemprop=\"worstRating\" content = \"0\" \/><meta itemprop=\"bestRating\" content=\"5\" \/><meta itemprop=\"ratingValue\" content=\"3.5\"><\/div>\n<p><strong>Skupna ocena: 3,5\/5<\/strong><br \/>\n<strong>Datum pregleda:<\/strong> <span itemprop=\"datePublished\" content=\"2017-04-21\">21\/04\/2017<\/span>\n<\/div>\n<p>Ve\u010d o drugih <a href=\"https:\/\/moverdb.com\/sl\/ladjarska-podjetja\/\">mednarodna ladjarska podjetja<\/a>, <a href=\"https:\/\/moverdb.com\/sl\/kontejnersko-posiljanje\/\">cene prevoza zabojnikov<\/a> in na\u0161e <a href=\"https:\/\/moverdb.com\/sl\/pregledi\/\">postopek pregleda<\/a>.<\/p>\n<p><strong>Spletna stran:<\/strong> <a href=\"http:\/\/www.cma-cgm.com\/\" target=\"_blank\" rel=\"noopener\">http:\/\/www.cma-cgm.com\/<\/a><\/p>","protected":false},"excerpt":{"rendered":"<p>CMA CGM Group offers its clients a wide range of shipping and logistics solutions. These are listed below together with a company profile and reviews. International Shipping Dry Containers General-use containers (20&#8217;\/40&#8217;\/40&#8242; HC\/45&#8242; HC); Pallet wide containers (40&#8242; HC PW\/45&#8242; HC PW); Specialised containers (flat-rack, open-top, open-side, platform, tank, etc.) Personalised service Reefer Containers 20&#8242; [&hellip;]<\/p>\n","protected":false},"author":1,"featured_media":0,"parent":0,"menu_order":0,"comment_status":"closed","ping_status":"closed","template":"","meta":{"_genesis_hide_title":false,"_genesis_hide_breadcrumbs":false,"_genesis_hide_singular_image":false,"_genesis_hide_footer_widgets":false,"_genesis_custom_body_class":"","_genesis_custom_post_class":"","_genesis_layout":"","footnotes":""},"class_list":{"0":"post-1648","1":"page","2":"type-page","3":"status-publish","5":"entry"},"_links":{"self":[{"href":"https:\/\/moverdb.com\/sl\/wp-json\/wp\/v2\/pages\/1648","targetHints":{"allow":["GET"]}}],"collection":[{"href":"https:\/\/moverdb.com\/sl\/wp-json\/wp\/v2\/pages"}],"about":[{"href":"https:\/\/moverdb.com\/sl\/wp-json\/wp\/v2\/types\/page"}],"author":[{"embeddable":true,"href":"https:\/\/moverdb.com\/sl\/wp-json\/wp\/v2\/users\/1"}],"replies":[{"embeddable":true,"href":"https:\/\/moverdb.com\/sl\/wp-json\/wp\/v2\/comments?post=1648"}],"version-history":[{"count":5,"href":"https:\/\/moverdb.com\/sl\/wp-json\/wp\/v2\/pages\/1648\/revisions"}],"predecessor-version":[{"id":6192,"href":"https:\/\/moverdb.com\/sl\/wp-json\/wp\/v2\/pages\/1648\/revisions\/6192"}],"wp:attachment":[{"href":"https:\/\/moverdb.com\/sl\/wp-json\/wp\/v2\/media?parent=1648"}],"curies":[{"name":"wp","href":"https:\/\/api.w.org\/{rel}","templated":true}]}}