{"id":1644,"date":"2017-02-23T09:28:26","date_gmt":"2017-02-23T09:28:26","guid":{"rendered":"http:\/\/moverdb.com\/?page_id=1644"},"modified":"2026-05-15T14:55:52","modified_gmt":"2026-05-15T14:55:52","slug":"conroy-removals","status":"publish","type":"page","link":"https:\/\/moverdb.com\/sl\/conroy-removals\/","title":{"rendered":"Conroy Removals - Mednarodni selitveni pregledi"},"content":{"rendered":"<p>Podjetje Conroy Removals svojim strankam ponuja \u0161iroko paleto selitvenih storitev tako v <a href=\"https:\/\/moverdb.com\/sl\/moving-to-australia\/living-in-australia\/\" data-internallinksmanager029f6b8e52c=\"240\" title=\"21 skrivnosti o \u017eivljenju v Avstraliji, ki jih morate poznati, preden se preselite\">Avstralija<\/a> in . <a href=\"https:\/\/moverdb.com\/sl\/moving-to-new-zealand\/\" data-internallinksmanager029f6b8e52c=\"324\" title=\"Selitev na Novo Zelandijo? 2023 \u017divljenjski stro\u0161ki in nasveti za selitev\">Nova Zelandija<\/a>. Ti so navedeni spodaj, skupaj s profilom podjetja in pregledi.<\/p>\n<p><strong><a href=\"https:\/\/moverdb.com\/sl\/international-removals\/\" data-internallinksmanager029f6b8e52c=\"27\" title=\"36 najbolj\u0161ih podjetij za mednarodne selitve v Zdru\u017eenem kraljestvu\">Mednarodna selitev<\/a><\/strong><\/p>\n<ul>\n<li> Osebni gibanje koordinator<\/li>\n<li> Od vrat do vrat<\/li>\n<li> Pakiranje s celovito storitvijo, delno pakiranje in pakiranje DIY<\/li>\n<li> Demonta\u017ea in ponovna monta\u017ea pohi\u0161tva<\/li>\n<li> <a href=\"https:\/\/moverdb.com\/sl\/avto-transport-spedicija\/\">Po\u0161iljanje avtomobilov<\/a>, motorna kolesa, \u010dolni in prikolice<\/li>\n<li> Pomorski tovor - <a href=\"https:\/\/moverdb.com\/sl\/kontejnersko-posiljanje\/\">FCL\/LCL kontejnerski prevoz<\/a><\/li>\n<li> Letalski tovorni promet<\/li>\n<li> Na voljo sta dolgoro\u010dno in kratkoro\u010dno skladi\u0161\u010denje<\/li>\n<li> Na voljo je celotna storitev razpakiranja<\/li>\n<li> Odstranjevanje odpadkov<\/li>\n<li> Carinjenje in pomo\u010d pri pripravi potrebne dokumentacije<\/li>\n<li> Organizirano zavarovanje<\/li>\n<li> Storitve deviznega poslovanja<\/li>\n<\/ul>\n<p><strong>Meddr\u017eavni, daljinski in lokalni premiki<\/strong><\/p>\n<ul>\n<li> Strokovnjak za odstranitev<\/li>\n<li> Od vrat do vrat<\/li>\n<li> Na voljo so razli\u010dni paketi<\/li>\n<li> Storitev popolnega pakiranja, pakiranje krhkih predmetov ali pakiranje \"naredi sam<\/li>\n<li> Demonta\u017ea in ponovna monta\u017ea pohi\u0161tva<\/li>\n<li> Na voljo sta dolgoro\u010dno in kratkoro\u010dno skladi\u0161\u010denje<\/li>\n<li> Na voljo je storitev razpakiranja<\/li>\n<li> Urejeno zavarovanje<\/li>\n<\/ul>\n<p><strong>Selitve podjetij<\/strong><\/p>\n<ul>\n<li> Odstranitev gospodinjskih predmetov<\/li>\n<li> Iskanje na domu<\/li>\n<li> Iskanje \u0161ole<\/li>\n<li> Orientacija<\/li>\n<li> Jezikovno usposabljanje<\/li>\n<li> Kratkotrajna nastanitev<\/li>\n<li> <a href=\"https:\/\/moverdb.com\/sl\/avto-transport-spedicija\/\">Prevoz in odprema motornih vozil<\/a><\/li>\n<li> Prevoz hi\u0161nih ljubljen\u010dkov<\/li>\n<li> \u010ci\u0161\u010denje hi\u0161e<\/li>\n<li> Valetovo razpakiranje<\/li>\n<li> Devizni te\u010daji<\/li>\n<\/ul>\n<h2>Conroy Removals Profil podjetja<\/h2>\n<p>Podjetje Conroy Removals of Australia and New Zealand se je za\u010delo leta 1972. Podru\u017enice imajo po vsej Avstraliji in Novi Zelandiji ter se imajo za najbolj\u0161e selitveno podjetje v regiji. Conroy ima \u0161iroko mre\u017eo nacionalnih in mednarodnih partnerjev in podru\u017enic, tako da ima samo podjetje dostop do ve\u010d kot 350 mednarodnih partnerjev.<\/p>\n<p>Podjetje si prizadeva zmanj\u0161ati oglji\u010dni odtis z zmanj\u0161evanjem, ponovno uporabo in recikliranjem. Prav tako je prepri\u010dano, da so njegovi zaposleni dobro usposobljeni in prepri\u010dani v svojo sposobnost zagotavljanja odli\u010dnih storitev pri vsem, kar po\u010dnejo.<\/p>\n<p>Podjetje Conroy Removals (Avstralija in Nova Zelandija) ima naslednje akreditacije in povezave:<\/p>\n<ul>\n<li> <a href=\"https:\/\/moverdb.com\/sl\/iam\/\">Mednarodno zdru\u017eenje odstranjevalcev<\/a> (<a href=\"https:\/\/moverdb.com\/sl\/iam\/\" data-internallinksmanager029f6b8e52c=\"23\" title=\"Pojasnila o Mednarodnem zdru\u017eenju gibalcev (IAM)\">IAM<\/a>)<\/li>\n<li> <a href=\"https:\/\/moverdb.com\/sl\/britansko-zdruzenje-odstranjevalcev\/\">Britansko zdru\u017eenje odstranjevalcev<\/a> (<a href=\"https:\/\/moverdb.com\/sl\/british-association-of-removers\/\" data-internallinksmanager029f6b8e52c=\"9\" title=\"Pojasnila o Britanskem zdru\u017eenju izvajalcev selitev (BAR)\">BAR<\/a>)<\/li>\n<li> <a href=\"https:\/\/moverdb.com\/sl\/afra\/\">Avstralsko zdru\u017eenje odstranjevalcev pohi\u0161tva<\/a> (<a href=\"https:\/\/moverdb.com\/sl\/afra\/\" data-internallinksmanager029f6b8e52c=\"7\" title=\"Pojasnila o Avstralskem zdru\u017eenju odstranjevalcev pohi\u0161tva (AFRA)\">AFRA<\/a>)<\/li>\n<li> <a href=\"https:\/\/moverdb.com\/sl\/aima\/\">Avstralsko mednarodno zdru\u017eenje Movers<\/a> (<a href=\"https:\/\/moverdb.com\/sl\/aima\/\" data-internallinksmanager029f6b8e52c=\"8\" title=\"Pojasnila o avstralskem zdru\u017eenju mednarodnih selitev (AIMA)\">AIMA<\/a>)<\/li>\n<li> Ju\u017enoafri\u0161ko zdru\u017eenje mednarodnih prevoznikov (SAIMA)<\/li>\n<li> Panameri\u0161ko zdru\u017eenje mednarodnih prevoznikov (PAIMA)<\/li>\n<li> Novozelandsko zdru\u017eenje za gibanje v tujini (NZOMA)<\/li>\n<li> <a href=\"https:\/\/moverdb.com\/sl\/fidi-faim\/\">Globalno zavezni\u0161tvo FIDI<\/a><\/li>\n<\/ul>\n<p>Avstralske pisarne imajo v:<\/p>\n<ul>\n<li> <a href=\"https:\/\/moverdb.com\/sl\/moving-to-brisbane\/\" data-internallinksmanager029f6b8e52c=\"255\" title=\"Selitev v Brisbane? 2023 \u017divljenjski stro\u0161ki in nasveti za selitev\">Brisbane<\/a><\/li>\n<li> <a href=\"https:\/\/moverdb.com\/sl\/selitev-v-sydney\/\">Sydney<\/a><\/li>\n<li> Melbourne<\/li>\n<li> Perth<\/li>\n<li> Townsville<\/li>\n<\/ul>\n<p>Pisarne v Novi Zelandiji:<\/p>\n<ul>\n<li> Napier<\/li>\n<li> Auckland<\/li>\n<li> Tauranga<\/li>\n<li> Wellington<\/li>\n<li> Christchurch<\/li>\n<li> Nelson<\/li>\n<\/ul>\n<h2>Conroy Removals Mnenja<\/h2>\n<p><strong>Pozitivno:<\/strong><\/p>\n<ul>\n<li> <em>\"Pakiranje moje hi\u0161e je bilo opravljeno odli\u010dno in z veliko skrbjo za vse moje stvari v zelo u\u010dinkovitem \u010dasovnem okviru. Vse je bilo jasno popisano in razpakiranje je bilo enostavno, saj so bili vsi predmeti enostavno locirani, \u0161katle pa dobro poimenovane za vsako sobo. Vse smeti so bile odstranjene in celo nekaj starih \u0161katel je bilo odpeljanih zame, kar mi je bilo v veliko pomo\u010d pri \u010di\u0161\u010denju prazne hi\u0161e.\"<\/em> - Pri\u010devanje stranke <a href=\"https:\/\/www.conroy.co.nz\/customer-reviews\/nz-to-overseas\" target=\"_blank\" rel=\"noopener\">prek spletne strani NZ<\/a><\/li>\n<li> <em>\"Odli\u010dna komunikacija pred dostavo in dva mo\u0161ka, ki sta dostavila na\u0161e blago, sta bila vljudna, prijazna, hitra in zelo u\u010dinkovita.\"<\/em> - Pregled stranke prek <a href=\"https:\/\/www.conroyremovals.com.au\/customer-reviews\/overseas-to-australia\" target=\"_blank\" rel=\"noopener\">Spletna stran AU<\/a><\/li>\n<li> <em>\"Preselil sem se \u017ee 25-krat in to je bila dale\u010d najbolj\u0161a izku\u0161nja s selitvijo. Hvala Conroys!\"<\/em> - Jackie prek <a href=\"http:\/\/www.productreview.com.au\/p\/conroy-removals.html?rating=5#reviews\" target=\"_blank\" rel=\"noopener\">Pregled izdelka<\/a><\/li>\n<li> <em>\"Premikanje velikih predmetov po Nz in v Aussie je lahko te\u017eko, vendar so ti fantje res olaj\u0161ali.\"<\/em> - Dave prek <a href=\"https:\/\/yellow.co.nz\/y\/conroy-removals-airpark-drive#detailsRatingsReviews\" target=\"_blank\" rel=\"noopener\">Rumena<\/a><\/li>\n<\/ul>\n<p><strong>Negativno:<\/strong><\/p>\n<ul>\n<li> <em>\"Kljub \u0161tevilnim klicem (vsi so \u0161li v glasovno po\u0161to) in e-po\u0161tnim sporo\u010dilom dva tedna med carinjenjem mojega blaga in klicem dostavljavcev nisem sli\u0161al ni\u010desar.\"<\/em> - Pregled stranke prek <a href=\"https:\/\/www.conroy.co.nz\/customer-reviews\/overseas-to-nz\" target=\"_blank\" rel=\"noopener\">Spletna stran NZ<\/a><\/li>\n<li> <em>\"Blago je bilo carinjeno pred dvema tednoma. Razen zahteve po pla\u010dilu davka GST + dajatve (kar sem storil naslednji dan) nisem sli\u0161al ni\u010desar o tem, kdaj bo moje blago dostavljeno. Pustil sem glasovno po\u0161to, e-po\u0161to in \u0161e vedno ni\u010d. V bistvu sem se sprijaznil s tem, da svojega blaga ne bom ve\u010d videl.\"<\/em> - pregled stranke prek <a href=\"https:\/\/www.conroyremovals.com.au\/customer-reviews\/australia-to-overseas\" target=\"_blank\" rel=\"noopener\">Spletna stran AU<\/a><\/li>\n<li> <em>\"\u017dal nismo imeli sre\u010de pri selitvi, blago je bilo po\u0161kodovano zaradi neustreznega pakiranja, dru\u017eba Conroy pa ne \u017eeli prevzeti nobene odgovornosti.\"<\/em> - Karen prek <a href=\"https:\/\/www.mymovingreviews.com\/movers\/conroy-removals-1807#58945\" target=\"_blank\" rel=\"noopener\">Moje selitvene ocene<\/a><\/li>\n<li> <em>\"Zelo pozno, bil sem razo\u010daran nad tem, vendar so ostali v stiku, zato jim gre zahvala. Tudi po razumni ceni.\"<\/em> - Jon prek <a href=\"https:\/\/www.nocowboys.co.nz\/businesses\/conroy-removals-\" target=\"_blank\" rel=\"noopener\">NoCowboys<\/a><\/li>\n<\/ul>\n<div itemprop=\"review\" itemscope itemtype=\"http:\/\/schema.org\/Review\">\n<span itemprop=\"author\" itemscope=\"\" itemtype=\"http:\/\/schema.org\/Organization\"><span itemprop=\"name\">MoverDB.com<\/span><\/span> Spletni pregled spletnega mesta za <span itemprop=\"itemreviewed\" itemscope=\"\" itemtype=\"http:\/\/schema.org\/Brand\"><span itemprop=\"name\">Conroy Removals<\/span><\/span>:<\/p>\n<ol>\n<li> Jasni kontaktni podatki na spletnem mestu (vklju\u010dno s telefonsko \u0161tevilko): <strong>Da<\/strong><\/li>\n<li> Enostavno pridobivanje <a href=\"https:\/\/moverdb.com\/sl\/citati\/\">mednarodne selitvene ponudbe<\/a>? (Spletni obrazec za zahtevek za oceno): <strong>Da<\/strong><\/li>\n<li> Jasne informacije na spletnem mestu: <strong>Da,<\/strong> na spletni strani je veliko zelo podrobnih informacij.<\/li>\n<li> \u010clanstvo v mednarodno priznanih organizacijah, ki se ukvarjajo z gibanjem: <strong>Da<\/strong>, (veliko, glej zgoraj)<\/li>\n<li> Seznam strank in\/ali pri\u010devanja prej\u0161njih strank: <strong>Da,<\/strong> Na spletni strani podjetja so na voljo pozitivna in negativna mnenja strank, ki jih lahko razvrstite glede na \u0161tevilo zvezdic in vrsto poteze.<\/li>\n<\/ol>\n<div itemprop=\"reviewRating\" itemscope itemtype=\"http:\/\/schema.org\/Rating\"><meta itemprop=\"worstRating\" content = \"0\" \/><meta itemprop=\"bestRating\" content=\"5\" \/><meta itemprop=\"ratingValue\" content=\"5\"><\/div>\n<p><strong>Skupna ocena: 5\/5<\/strong><br \/>\n<strong>Datum pregleda:<\/strong> <span itemprop=\"datePublished\" content=\"2017-02-23\">23\/02\/2017<\/span>\n<\/div>\n<p>Preberite ve\u010d o <a href=\"https:\/\/moverdb.com\/sl\/selitev-podjetja\/\">mednarodna selitvena podjetja<\/a> in na\u0161e <a href=\"https:\/\/moverdb.com\/sl\/pregledi\/\">postopek pregleda<\/a>.<\/p>\n<p><strong>Spletne strani:<\/strong> AU: <a href=\"https:\/\/www.conroyremovals.com.au\/\" target=\"_blank\" rel=\"noopener\">https:\/\/www.conroyremovals.com.au\/<\/a>, NZ: <a href=\"https:\/\/www.conroy.co.nz\/\" target=\"_blank\" rel=\"noopener\">https:\/\/www.conroy.co.nz\/<\/a><\/p>","protected":false},"excerpt":{"rendered":"<p>Conroy Removals offers its customers a wide variety of removal services in both Australia and New Zealand. These are listed below, together with a company profile and reviews. International Removals Personal moving coordinator Door to door Full service packing, partial packing and DIY packing Dismantling and reassembly of furniture Shipping of cars, motorbikes, boats and [&hellip;]<\/p>\n","protected":false},"author":1,"featured_media":0,"parent":0,"menu_order":0,"comment_status":"closed","ping_status":"closed","template":"","meta":{"_genesis_hide_title":false,"_genesis_hide_breadcrumbs":false,"_genesis_hide_singular_image":false,"_genesis_hide_footer_widgets":false,"_genesis_custom_body_class":"","_genesis_custom_post_class":"","_genesis_layout":"","footnotes":""},"class_list":{"0":"post-1644","1":"page","2":"type-page","3":"status-publish","5":"entry"},"_links":{"self":[{"href":"https:\/\/moverdb.com\/sl\/wp-json\/wp\/v2\/pages\/1644","targetHints":{"allow":["GET"]}}],"collection":[{"href":"https:\/\/moverdb.com\/sl\/wp-json\/wp\/v2\/pages"}],"about":[{"href":"https:\/\/moverdb.com\/sl\/wp-json\/wp\/v2\/types\/page"}],"author":[{"embeddable":true,"href":"https:\/\/moverdb.com\/sl\/wp-json\/wp\/v2\/users\/1"}],"replies":[{"embeddable":true,"href":"https:\/\/moverdb.com\/sl\/wp-json\/wp\/v2\/comments?post=1644"}],"version-history":[{"count":10,"href":"https:\/\/moverdb.com\/sl\/wp-json\/wp\/v2\/pages\/1644\/revisions"}],"predecessor-version":[{"id":6194,"href":"https:\/\/moverdb.com\/sl\/wp-json\/wp\/v2\/pages\/1644\/revisions\/6194"}],"wp:attachment":[{"href":"https:\/\/moverdb.com\/sl\/wp-json\/wp\/v2\/media?parent=1644"}],"curies":[{"name":"wp","href":"https:\/\/api.w.org\/{rel}","templated":true}]}}