{"id":1640,"date":"2017-02-01T15:26:12","date_gmt":"2017-02-01T15:26:12","guid":{"rendered":"http:\/\/moverdb.com\/?page_id=1640"},"modified":"2026-01-08T14:48:08","modified_gmt":"2026-01-08T14:48:08","slug":"kronske-premestitve","status":"publish","type":"page","link":"https:\/\/moverdb.com\/sl\/crown-relocations\/","title":{"rendered":"Crown Relocations - Mnenja o mednarodnih selitvah"},"content":{"rendered":"<p>Crown Relocations ima sede\u017e v <a href=\"https:\/\/moverdb.com\/sl\/moving-to-hong-kong\/\" data-internallinksmanager029f6b8e52c=\"350\" title=\"Selitev v Hongkong? 2023 \u017divljenjski stro\u0161ki in nasveti za selitev\">Hongkong<\/a>. Svojim strankam ponuja vrsto storitev selitve in preselitve, ki so navedene spodaj, skupaj s profilom podjetja in pregledi.<\/p>\n<p><strong>Mednarodna premestitev<\/strong><\/p>\n<ul>\n<li> Osebna storitev<\/li>\n<li> Storitev od vrat do vrat<\/li>\n<li> Pakiranje - storite sami, izbrani predmeti ali celotna storitev<\/li>\n<li> Skladi\u0161\u010denje - kratkoro\u010dno in dolgoro\u010dno<\/li>\n<li> Spletna orodja za sledenje<\/li>\n<li> Premestitev hi\u0161nih ljubljen\u010dkov<\/li>\n<li> Storitve za priseljevanje<\/li>\n<li> Medkulturno usposabljanje<\/li>\n<li> Jezikovno usposabljanje<\/li>\n<li> Storitve za prodajo stanovanj<\/li>\n<li> Upravljanje nepremi\u010dnin<\/li>\n<li> Storitve za predogled potovanja<\/li>\n<li> Pomo\u010d pri iskanju doma<\/li>\n<li> Iskanje \u0161ole<\/li>\n<li> Orientacija po prihodu<\/li>\n<li> Karierna podpora partnerjev<\/li>\n<li> Storitve pomo\u010dnika in gospodinjske pomo\u010di<\/li>\n<li> Najem pohi\u0161tva<\/li>\n<li> Podpora pri dodelitvi<\/li>\n<\/ul>\n<p><strong>Lokalna in daljinska selitev<\/strong><\/p>\n<ul>\n<li> Osebna storitev<\/li>\n<li> Storitev od vrat do vrat<\/li>\n<li> Celovita storitev pakiranja, pakiranje krhkih predmetov ali pakiranje \"naredi sam<\/li>\n<li> Storitev razpakiranja<\/li>\n<li> Odstranjevanje odpadkov<\/li>\n<li> Premestitev hi\u0161nih ljubljen\u010dkov<\/li>\n<li> Ureditev dolgoro\u010dnega in kratkoro\u010dnega skladi\u0161\u010denja<\/li>\n<li> Zavarovanje<\/li>\n<\/ul>\n<h2>Profil podjetja Crown Relocations<\/h2>\n<p>Crown Relocations je del skupine Crown Worldwide Group s sede\u017eem v Hongkongu. James E. Thompson je skupino ustanovil leta 1965, ko je \u017eivel v Jokohami, <a href=\"https:\/\/moverdb.com\/sl\/moving-to-japan\/\" data-internallinksmanager029f6b8e52c=\"342\" title=\"Selitev na Japonsko? 2023 \u017divljenjski stro\u0161ki in nasveti za selitev\">Japonska<\/a>. Za\u010del je z $1,000 in dobil pogodbo z <a href=\"https:\/\/moverdb.com\/sl\/moving-to-the-united-states\/\" data-internallinksmanager029f6b8e52c=\"94\" title=\"Selitev v Zdru\u017eene dr\u017eave Amerike? 2022 \u017divljenjski stro\u0161ki in nasveti za selitev\">ZDA<\/a> vojska za premike osebja na Japonsko in iz nje. <\/p>\n<p>Thompson je \u0161e vedno direktor skupine, leta 1978 pa je sebe in sede\u017e podjetja preselil v Hongkong. Podjetje ima zdaj ve\u010d kot 265 pisarn v 58 dr\u017eavah po vsem svetu in zaposluje ve\u010d kot 3.100 ljudi 70 razli\u010dnih narodnosti. Podjetje Crown Relocations vsako leto v povpre\u010dju opravi 120.000 selitev in razpolaga s pribli\u017eno 3,4 milijona kvadratnih metrov skladi\u0161\u010dnega prostora.<\/p>\n<p>Dru\u017eba Crown Relocations se opira na bogate izku\u0161nje skupine Crown in preme\u0161\u010da ljudi po vsem svetu ter jim pomaga na vsakem koraku. Namen je zmanj\u0161ati pretrese in tako omogo\u010diti osebju podjetja in posameznikom, da se hitro prilagodijo novemu \u017eivljenju.<\/p>\n<p>Crown Relocation Services ima naslednje akreditacije in povezave: -<\/p>\n<ul>\n<li> ISO 9001:2008<\/li>\n<li> <a href=\"https:\/\/moverdb.com\/sl\/iam\/\">Mednarodno zdru\u017eenje movers<\/a> (<a href=\"https:\/\/moverdb.com\/sl\/iam\/\" data-internallinksmanager029f6b8e52c=\"23\" title=\"Pojasnila o Mednarodnem zdru\u017eenju gibalcev (IAM)\">IAM<\/a>)<\/li>\n<\/ul>\n<h2>Krona Selitve Mnenja<\/h2>\n<p><strong>Pozitivno:<\/strong><\/p>\n<ul>\n<li> <em>\"Bili smo popolnoma navdu\u0161eni nad profesionalnim, prijaznim in kompetentnim na\u010dinom celotnega postopka, ki je bil za nas popolnoma odli\u010den od za\u010detka do konca!\"<\/em> - Gospod G. in gospa J. Webb prek <a href=\"https:\/\/www.crownrelo.com\/intl\/en-gb\/page\/testimonials\" target=\"_blank\" rel=\"noopener\">stran s pri\u010devanji o podjetju<\/a><\/li>\n<li> <em>\"S storitvami podjetja Crown smo zelo zadovoljni in bi ga priporo\u010dili vsakomur.\"<\/em> - Phuc Do prek <a href=\"http:\/\/www.productreview.com.au\/p\/crown-relocations-australia.html?rating=5#reviews\" target=\"_blank\" rel=\"noopener\">ProductReview.com.au<\/a><\/li>\n<li> <em>\"Prijatelj je priporo\u010dil podjetje Crown za na\u0161o selitev iz Dohe, storitev je bila odli\u010dna.\"<\/em> - Hilary prek <a href=\"https:\/\/www.facebook.com\/pg\/CrownRelocations\/reviews\/\" target=\"_blank\" rel=\"noopener\">Stran Facebook<\/a><\/li>\n<li> <em>\"Ti fantje so bili odli\u010dni. Pri\u0161li so pravo\u010dasno in presene\u010den sem bil, kako hitri so bili.\"<\/em> - Yana prek <a href=\"https:\/\/www.yelp.com\/biz\/crown-relocations-mililani?hrid=gPhaBuTV20YimRwN7q4Wyw&#038;utm_campaign=www_review_share_popup&#038;utm_medium=copy_link&#038;utm_source=(direct)\" target=\"_blank\" rel=\"noopener\">Yelp<\/a><\/li>\n<\/ul>\n<p><strong>Negativno:<\/strong><\/p>\n<ul>\n<li> <em>\"Najslab\u0161e podjetje, s katerim sem se kdaj ukvarjal. Nimajo integritete in ne prevzamejo odgovornosti za \u0161kodo, ki so jo povzro\u010dili moji hi\u0161i.\"<\/em> - Benjamin prek <a href=\"https:\/\/www.yelp.com\/biz\/crown-relocations-mililani?hrid=R9s-xC375R-HSBYSZZI_ag&#038;utm_campaign=www_review_share_popup&#038;utm_medium=copy_link&#038;utm_source=(direct)\" target=\"_blank\" rel=\"noopener\">Yelp<\/a><\/li>\n<li> <em>\"Ogromno \u0161kode smo imeli zgolj zaradi neprevidnega pakiranja. Trajalo je ve\u010d tednov, da so odgovorili na na\u0161a \u0161tevilna e-po\u0161tna sporo\u010dila in priznali, da je bila \u0161koda posledica neprevidnega pakiranja.\"<\/em> - Elizabeth prek <a href=\"https:\/\/www.facebook.com\/pg\/CrownRelocations\/reviews\/\" target=\"_blank\" rel=\"noopener\">Stran Facebook<\/a><\/li>\n<li> \"Grozno. Drago in brezskrbno. Osebje se ne odziva takoj na vpra\u0161anja.\" - LillithQ via <a href=\"http:\/\/www.productreview.com.au\/p\/crown-relocations-australia.html?rating=1#reviews\" target=\"_blank\" rel=\"noopener\">ProductReview.com.au<\/a><\/li>\n<\/ul>\n<div itemprop=\"review\" itemscope itemtype=\"http:\/\/schema.org\/Review\">\n<span itemprop=\"author\" itemscope=\"\" itemtype=\"http:\/\/schema.org\/Organization\"><span itemprop=\"name\">MoverDB.com<\/span><\/span> Spletni pregled spletnega mesta za <span itemprop=\"itemreviewed\" itemscope=\"\" itemtype=\"http:\/\/schema.org\/Brand\"><span itemprop=\"name\">Premestitve kro\u0161enj<\/span><\/span>:<\/p>\n<ol>\n<li> Jasni kontaktni podatki na spletnem mestu (vklju\u010dno s telefonsko \u0161tevilko): <strong>Da<\/strong><\/li>\n<li> Enostavno pridobivanje <a href=\"https:\/\/moverdb.com\/sl\/citati\/\">mednarodne selitvene ponudbe<\/a>? (Spletni obrazec za zahtevek za oceno): <strong>Da<\/strong><\/li>\n<li> Jasne informacije na spletnem mestu: <strong>Da.<\/strong> Na spletni strani so jasno opisane vse ponujene storitve in vodniki po destinacijah.<\/li>\n<li> \u010clanstvo v mednarodno priznanih organizacijah, ki se ukvarjajo z gibanjem: <strong>Da<\/strong>, (glej zgoraj)<\/li>\n<li> Seznam strank in\/ali pri\u010devanja prej\u0161njih strank. <strong>Da,<\/strong> Imajo stran s pri\u010devanji in pregledi z vsega spleta se na splo\u0161no zdijo pozitivni.<\/li>\n<\/ol>\n<div itemprop=\"reviewRating\" itemscope itemtype=\"http:\/\/schema.org\/Rating\"><meta itemprop=\"worstRating\" content = \"0\" \/><meta itemprop=\"bestRating\" content=\"5\" \/><meta itemprop=\"ratingValue\" content=\"5\"><\/div>\n<p><strong>Skupna ocena: 5\/5<\/strong><br \/>\n<strong>Datum pregleda:<\/strong> <span itemprop=\"datePublished\" content=\"2017-02-01\">01\/02\/2017<\/span>\n<\/div>\n<p>Preberite ve\u010d o <a href=\"https:\/\/moverdb.com\/sl\/selitev-podjetja\/\">mednarodna selitvena podjetja<\/a> in na\u0161e <a href=\"https:\/\/moverdb.com\/sl\/pregledi\/\">postopek pregleda<\/a>.<\/p>\n<p><strong>Spletne strani:<\/strong> <a href=\"https:\/\/www.crownrelo.com\/\" target=\"_blank\" rel=\"noopener\">https:\/\/www.crownrelo.com\/<\/a>; ZDA: <a href=\"https:\/\/www.crownworldwide.com\/en-us\" rel=\"noopener\" target=\"_blank\">https:\/\/www.crownworldwide.com\/en-us<\/a><\/p>","protected":false},"excerpt":{"rendered":"<p>Crown Relocations has its headquarters in Hong Kong. It offers its customers a range of relocation and moving services and these are listed below, together with a company profile and reviews. International Relocation Personalised service Door to door service Packing &#8211; do it yourself, selected items or full service Storage &#8211; short and long term [&hellip;]<\/p>\n","protected":false},"author":1,"featured_media":0,"parent":0,"menu_order":0,"comment_status":"closed","ping_status":"closed","template":"","meta":{"_genesis_hide_title":false,"_genesis_hide_breadcrumbs":false,"_genesis_hide_singular_image":false,"_genesis_hide_footer_widgets":false,"_genesis_custom_body_class":"","_genesis_custom_post_class":"","_genesis_layout":"","footnotes":""},"class_list":{"0":"post-1640","1":"page","2":"type-page","3":"status-publish","5":"entry"},"_links":{"self":[{"href":"https:\/\/moverdb.com\/sl\/wp-json\/wp\/v2\/pages\/1640","targetHints":{"allow":["GET"]}}],"collection":[{"href":"https:\/\/moverdb.com\/sl\/wp-json\/wp\/v2\/pages"}],"about":[{"href":"https:\/\/moverdb.com\/sl\/wp-json\/wp\/v2\/types\/page"}],"author":[{"embeddable":true,"href":"https:\/\/moverdb.com\/sl\/wp-json\/wp\/v2\/users\/1"}],"replies":[{"embeddable":true,"href":"https:\/\/moverdb.com\/sl\/wp-json\/wp\/v2\/comments?post=1640"}],"version-history":[{"count":6,"href":"https:\/\/moverdb.com\/sl\/wp-json\/wp\/v2\/pages\/1640\/revisions"}],"predecessor-version":[{"id":6199,"href":"https:\/\/moverdb.com\/sl\/wp-json\/wp\/v2\/pages\/1640\/revisions\/6199"}],"wp:attachment":[{"href":"https:\/\/moverdb.com\/sl\/wp-json\/wp\/v2\/media?parent=1640"}],"curies":[{"name":"wp","href":"https:\/\/api.w.org\/{rel}","templated":true}]}}