{"id":1628,"date":"2017-04-24T11:01:52","date_gmt":"2017-04-24T11:01:52","guid":{"rendered":"http:\/\/moverdb.com\/?page_id=1628"},"modified":"2026-01-08T14:48:18","modified_gmt":"2026-01-08T14:48:18","slug":"evergreen-marine","status":"publish","type":"page","link":"https:\/\/moverdb.com\/sl\/evergreen-marine\/","title":{"rendered":"Evergreen Marine (linija) - Mednarodne ladijske storitve in pregledi"},"content":{"rendered":"<p>Evergreen Marine, znana tudi kot Evergreen Line, je tajvanska dru\u017eba za prevoz zabojnikov in <a href=\"https:\/\/moverdb.com\/sl\/shipping-companies\/\" data-internallinksmanager029f6b8e52c=\"4\" title=\"10 najbolj\u0161ih mednarodnih podjetij za prevoz zabojnikov\">ladjarsko podjetje<\/a>. Svojim strankam ponuja \u0161iroko paleto storitev. Te so navedene spodaj skupaj s profilom podjetja in pregledi.<\/p>\n<h3>Mednarodna dostava<\/h3>\n<p><strong>Storitev \"vse v enem<\/strong><\/p>\n<ul>\n<li> Pregled po\u0161iljk<\/li>\n<li> Rezervacija<\/li>\n<li> Navodila B\/L<\/li>\n<li> Korektura B\/L<\/li>\n<li> <a href=\"https:\/\/moverdb.com\/sl\/moving-to-the-united-states\/\" data-internallinksmanager029f6b8e52c=\"94\" title=\"Selitev v Zdru\u017eene dr\u017eave Amerike? 2022 \u017divljenjski stro\u0161ki in nasveti za selitev\">ZDA<\/a> vlo\u017eitev varnostne dokumentacije uvoznika (ISF).<\/li>\n<\/ul>\n<p><strong>Intermodalne storitve<\/strong><\/p>\n<ul>\n<li> Dostava od vrat do vrat<\/li>\n<li> Morje, reke, ceste in \u017eeleznice<\/li>\n<\/ul>\n<p><strong>Zabojniki za suhi tovor<\/strong><\/p>\n<ul>\n<li> Posebej dodeljena prodajna oseba<\/li>\n<li> 20\u2032 jekleni zabojnik za suhi tovor<\/li>\n<li> 40\u2032 jekleni zabojnik za suhi tovor<\/li>\n<li> 40\u2032 zabojnik za suhi tovor Hi-Cube<\/li>\n<li> 45\u2032 zabojnik za suhi tovor Hi-Cube<\/li>\n<\/ul>\n<p><strong>Zabojnik za prevoz razsutega tovora<\/strong><\/p>\n<ul>\n<li> 20\u2032 hladilna posoda MGSS<\/li>\n<li> 20\u2032 aluminijasta hladilna posoda<\/li>\n<li> 40\u2032 hladilna posoda Hi-Cube<\/li>\n<li> 40\u2032 Hi-Cube aluminijasta hladilna posoda<\/li>\n<\/ul>\n<p><strong>Posebna posoda<\/strong><\/p>\n<ul>\n<li> 20\u2032 odprta posoda s polno vi\u0161ino<\/li>\n<li> 20' plo\u0161\u010dati zabojnik s \u0161tirimi prostostoje\u010dimi stojali<\/li>\n<li> 20\u2032 zabojnik z ravnim stojalom z zlo\u017eljivim koncem<\/li>\n<li> 40\u2032 plo\u0161\u010dati zabojnik s \u0161tirimi prostostoje\u010dimi stojali<\/li>\n<li> 40\u2032 zabojnik z ravnim stojalom z zlo\u017eljivim koncem<\/li>\n<li> 40\u2032 odprta posoda s polno vi\u0161ino<\/li>\n<li> 40\u2032 zabojnik za hangar Hi-cube<\/li>\n<\/ul>\n<h2>Profil podjetja Evergreen Marine<\/h2>\n<p>Prvo podjetje skupine Evergreen, Evergreen Marine Corporation, je bilo ustanovljeno na Tajvanu 1.<sup>st<\/sup> septembra 1968 Dr. Yung-Fa Chang z enim rabljenim tovornim plovilom. Evergreen je za\u010del <a href=\"https:\/\/moverdb.com\/sl\/container-shipping\/\" data-internallinksmanager029f6b8e52c=\"3\" title=\"Mednarodni cenik prevozov zabojnikov: maj 2026\">kontejnerski prevoz<\/a> leta 1975, do leta 1985 pa je postalo najve\u010dje svetovno podjetje za prevoz zabojnikov.<\/p>\n<p>Zdaj deluje pod blagovno znamko \"Evergreen Line\", skupaj s podjetji Evergreen Marine Corp. (Taiwan) Ltd., Evergreen Marine (<a href=\"https:\/\/moverdb.com\/sl\/moving-to-the-uk\/\" data-internallinksmanager029f6b8e52c=\"93\" title=\"Selitev v Zdru\u017eeno kraljestvo? 2022 \u017divljenjski stro\u0161ki in nasveti za selitev\">ZDRU\u017dENO KRALJESTVO<\/a>) Ltd., Evergreen Marine (<a href=\"https:\/\/moverdb.com\/sl\/moving-to-hong-kong\/\" data-internallinksmanager029f6b8e52c=\"350\" title=\"Selitev v Hongkong? 2023 \u017divljenjski stro\u0161ki in nasveti za selitev\">Hongkong<\/a>) Ltd., Italia Marittima S.p.A. in Evergreen Marine (<a href=\"https:\/\/moverdb.com\/sl\/moving-to-singapore\/\" data-internallinksmanager029f6b8e52c=\"68\" title=\"Selitev v Singapur? 2022 \u017divljenjski stro\u0161ki in nasveti za selitev\">Singapur<\/a>) Pte Ltd.<\/p>\n<p>Podjetje Evergreen upravi\u010duje svoje ime, saj so njegove najve\u010dje ladje 7024 TEU serije S, ki so posebej zasnovane tako, da imajo \u010dim manj\u0161i vpliv na okolje.<\/p>\n<p>Podjetje Evergreen Marine ima naslednje akreditacije in povezave:<\/p>\n<ul>\n<li> ISO 9001 2000<\/li>\n<li> ISO 9002<\/li>\n<li> Mednarodno upravljanje varnosti (ISM)<\/li>\n<li> SOLAS<\/li>\n<li> OPA90<\/li>\n<li> IMDG<\/li>\n<li> <a href=\"https:\/\/moverdb.com\/sl\/svetovni-svet-za-ladijski-promet\/\">Svetovni svet za pomorstvo<\/a> (<a href=\"https:\/\/moverdb.com\/sl\/world-shipping-council\/\" data-internallinksmanager029f6b8e52c=\"82\" title=\"Pojasnila o Svetovnem svetu za pomorski promet (WSC)\">WSC<\/a>)<\/li>\n<li> Merjenje toplogrednih plinov v Pacifiku (PGGM)<\/li>\n<\/ul>\n<h2>Evergreen Marine Mnenja<\/h2>\n<p>V \u010dasu objave na spletu nismo na\u0161li nobenih pozitivnih ali negativnih mnenj za Evergreen Marine ali Evergreen lines.<\/p>\n<div itemprop=\"review\" itemscope itemtype=\"http:\/\/schema.org\/Review\">\n<strong><span itemprop=\"author\" itemscope=\"\" itemtype=\"http:\/\/schema.org\/Organization\"><span itemprop=\"name\">MoverDB.com<\/span><\/span> Spletni pregled spletnega mesta za <span itemprop=\"itemreviewed\" itemscope=\"\" itemtype=\"http:\/\/schema.org\/Brand\"><span itemprop=\"name\">Evergreen Marine<\/span><\/span>:<\/strong><\/p>\n<ol>\n<li> Jasni kontaktni podatki na spletnem mestu (vklju\u010dno s telefonsko \u0161tevilko): <strong>Da<\/strong><\/li>\n<li> Enostavno pridobite mednarodne ponudbe za prevoz? (Spletni obrazec za zahtevek za oceno): <strong>Da<\/strong>, lahko zahtevate prek kontaktnega obrazca.<\/li>\n<li> Jasne informacije na spletnem mestu: <strong>Da,<\/strong> na spletni strani so na voljo podrobne informacije o vseh njihovih storitvah.<\/li>\n<li> \u010clanstvo v mednarodno priznanih organizacijah za pomorski promet: <strong>Da<\/strong><\/li>\n<li> Seznam strank in\/ali pri\u010devanja prej\u0161njih strank. <strong>Ne,<\/strong> na njihovem spletnem mestu ni navedena nobena.<\/li>\n<\/ol>\n<div itemprop=\"reviewRating\" itemscope itemtype=\"http:\/\/schema.org\/Rating\"><meta itemprop=\"worstRating\" content = \"0\" \/><meta itemprop=\"bestRating\" content=\"5\" \/><meta itemprop=\"ratingValue\" content=\"4\"><\/div>\n<p><strong>Skupna ocena: 4\/5<\/strong><br \/>\n<strong>Datum pregleda:<\/strong> <span itemprop=\"datePublished\" content=\"2017-04-24\">24\/04\/2017<\/span>\n<\/div>\n<p>Ve\u010d o drugih <a href=\"https:\/\/moverdb.com\/sl\/ladjarska-podjetja\/\">podjetja za prevoz zabojnikov<\/a>, <a href=\"https:\/\/moverdb.com\/sl\/kontejnersko-posiljanje\/\">stro\u0161ki mednarodnega kontejnerskega prevoza<\/a> in na\u0161e <a href=\"https:\/\/moverdb.com\/sl\/pregledi\/\">postopek pregleda<\/a>.<\/p>\n<p><strong>Spletne strani:<\/strong> <\/p>\n<ul>\n<li> <a href=\"http:\/\/www.evergreen-line.com\/\" target=\"_blank\" rel=\"noopener\">http:\/\/www.evergreen-line.com\/<\/a><\/li>\n<li> <a href=\"http:\/\/www.evergreen-marine.co.uk\/\" target=\"_blank\" rel=\"noopener\">http:\/\/www.evergreen-marine.co.uk\/<\/a><\/li>\n<li> <a href=\"http:\/\/www.evergreen-marine.com\/\" target=\"_blank\" rel=\"noopener\">http:\/\/www.evergreen-marine.com\/<\/a><\/li>\n<li> <a href=\"http:\/\/www.evergreen-marine.com.hk\/\" target=\"_blank\" rel=\"noopener\">http:\/\/www.evergreen-marine.com.hk\/<\/a><\/li>\n<li> <a href=\"http:\/\/www.evergreen-marine.com.sg\/\" target=\"_blank\" rel=\"noopener\">http:\/\/www.evergreen-marine.com.sg\/<\/a><\/li>\n<li> <a href=\"http:\/\/www.italiamarittima.it\/\" target=\"_blank\" rel=\"noopener\">http:\/\/www.italiamarittima.it\/<\/a><\/li>\n<\/ul>","protected":false},"excerpt":{"rendered":"<p>Evergreen Marine, also known as Evergreen Line, is a Taiwanese container transportation and shipping company. It offers its clients a wide array of services. These are listed below together with a company profile and reviews. International Shipping All-in-one Service Shipment overview Booking B\/L instruction B\/L proofreading US importer security filing (ISF) Intermodal Services Door to [&hellip;]<\/p>\n","protected":false},"author":1,"featured_media":0,"parent":0,"menu_order":0,"comment_status":"closed","ping_status":"closed","template":"","meta":{"_genesis_hide_title":false,"_genesis_hide_breadcrumbs":false,"_genesis_hide_singular_image":false,"_genesis_hide_footer_widgets":false,"_genesis_custom_body_class":"","_genesis_custom_post_class":"","_genesis_layout":"","footnotes":""},"class_list":{"0":"post-1628","1":"page","2":"type-page","3":"status-publish","5":"entry"},"_links":{"self":[{"href":"https:\/\/moverdb.com\/sl\/wp-json\/wp\/v2\/pages\/1628","targetHints":{"allow":["GET"]}}],"collection":[{"href":"https:\/\/moverdb.com\/sl\/wp-json\/wp\/v2\/pages"}],"about":[{"href":"https:\/\/moverdb.com\/sl\/wp-json\/wp\/v2\/types\/page"}],"author":[{"embeddable":true,"href":"https:\/\/moverdb.com\/sl\/wp-json\/wp\/v2\/users\/1"}],"replies":[{"embeddable":true,"href":"https:\/\/moverdb.com\/sl\/wp-json\/wp\/v2\/comments?post=1628"}],"version-history":[{"count":3,"href":"https:\/\/moverdb.com\/sl\/wp-json\/wp\/v2\/pages\/1628\/revisions"}],"predecessor-version":[{"id":6206,"href":"https:\/\/moverdb.com\/sl\/wp-json\/wp\/v2\/pages\/1628\/revisions\/6206"}],"wp:attachment":[{"href":"https:\/\/moverdb.com\/sl\/wp-json\/wp\/v2\/media?parent=1628"}],"curies":[{"name":"wp","href":"https:\/\/api.w.org\/{rel}","templated":true}]}}