{"id":1624,"date":"2017-02-24T09:47:42","date_gmt":"2017-02-24T09:47:42","guid":{"rendered":"http:\/\/moverdb.com\/?page_id=1624"},"modified":"2026-01-08T13:18:22","modified_gmt":"2026-01-08T13:18:22","slug":"gil-stauffer","status":"publish","type":"page","link":"https:\/\/moverdb.com\/sl\/gil-stauffer\/","title":{"rendered":"Gil Stauffer - Mnenja o mednarodnih selitvah in premikih"},"content":{"rendered":"<p>Gil Stauffer je \u0161panski <a href=\"https:\/\/moverdb.com\/sl\/international-removals\/\" data-internallinksmanager029f6b8e52c=\"27\" title=\"36 najbolj\u0161ih podjetij za mednarodne selitve v Zdru\u017eenem kraljestvu\">podjetje za selitve<\/a> s sede\u017eem v <a href=\"https:\/\/moverdb.com\/sl\/moving-to-spain\/moving-to-madrid\/\" data-internallinksmanager029f6b8e52c=\"413\" title=\"Selitev v Madrid? 2023 \u017divljenjski stro\u0161ki in nasveti za selitev\">Madrid<\/a>. Podjetje svojim strankam ponuja \u0161tevilne storitve, ki so skupaj s profilom podjetja in pregledi navedene v nadaljevanju.<\/p>\n<p><strong>Mednarodni premiki<\/strong><\/p>\n<ul>\n<li> Prilagojen na\u010drt selitve<\/li>\n<li> Od vrat do vrat<\/li>\n<li> Pomorski ali zra\u010dni tovor<\/li>\n<li> Storitev popolnega pakiranja, delnega pakiranja ali samostojnega pakiranja<\/li>\n<li> Demonta\u017ea in ponovna monta\u017ea pohi\u0161tva<\/li>\n<li> Na voljo je storitev razpakiranja<\/li>\n<li> Carinjenje in pomo\u010d pri urejanju dokumentacije<\/li>\n<li> Urejeno zavarovanje<\/li>\n<li> Na voljo je kratkoro\u010dno in dolgoro\u010dno skladi\u0161\u010denje<\/li>\n<\/ul>\n<p><strong>Nacionalni in lokalni premiki<\/strong><\/p>\n<ul>\n<li> Prilagojen na\u010drt selitve<\/li>\n<li> Od vrat do vrat<\/li>\n<li> Storitev popolnega pakiranja, delnega pakiranja ali samostojnega pakiranja<\/li>\n<li> Na voljo je storitev razpakiranja<\/li>\n<li> Demonta\u017ea in ponovna monta\u017ea pohi\u0161tva<\/li>\n<li> Odstranjevanje odpadkov<\/li>\n<li> Urejeno zavarovanje<\/li>\n<li> Na voljo je kratkoro\u010dno in dolgoro\u010dno skladi\u0161\u010denje<\/li>\n<\/ul>\n<p><strong>Komercialni premiki<\/strong><\/p>\n<ul>\n<li> Logisti\u010dni na\u010drt<\/li>\n<li> Po urah se gibljejo<\/li>\n<li> Od vrat do vrat<\/li>\n<li> Demonta\u017ea in ponovna monta\u017ea vsega pohi\u0161tva<\/li>\n<li> Odstranitev in ponovna namestitev ra\u010dunalnika<\/li>\n<li> Odstranjevanje odpadkov<\/li>\n<li> premestitev osebja<\/li>\n<\/ul>\n<p><strong>Premestitev zaposlenih<\/strong><\/p>\n<ul>\n<li> Delovna dovoljenja<\/li>\n<li> Lov na hi\u0161o<\/li>\n<li> Jezikovne lekcije<\/li>\n<li> Za\u010dasna nastanitev<\/li>\n<li> Najem pohi\u0161tva<\/li>\n<li> Iskanje \u0161ole<\/li>\n<li> Hotelske rezervacije<\/li>\n<li> Ban\u010dni ra\u010duni<\/li>\n<li> pogodbe o najemu in zakupu<\/li>\n<li> Sporazumi o bistvenih storitvah<\/li>\n<li> Te\u010daji s podro\u010dja kulture in obi\u010dajev<\/li>\n<\/ul>\n<p><strong>Zabojniki in shranjevanje<\/strong><\/p>\n<ul>\n<li> Blago, shranjeno v hermeti\u010dno zaprtih lesenih posodah<\/li>\n<li> Varnost 24 ur na dan, 7 dni v tednu<\/li>\n<li> Podnebno nadzorovano<\/li>\n<li> Zabojniki, obdelani za zatiranje \u0161kodljivcev<\/li>\n<li> Sprejeti protipo\u017earni ukrepi<\/li>\n<\/ul>\n<p><strong>Oddelek za dokumente<\/strong><\/p>\n<ul>\n<li> Arhivi dokumentov<\/li>\n<li> shranjevanje zaupne dokumentacije<\/li>\n<li> Na voljo je elektronska hramba arhivov<\/li>\n<li> Visoka stopnja varnosti<\/li>\n<li> Podnebno nadzorovano<\/li>\n<\/ul>\n<p><strong>Prevoz umetni\u0161kega dela<\/strong><\/p>\n<ul>\n<li> Premi\u010dne razstave<\/li>\n<li> Visoka raven tehni\u010dnega strokovnega znanja<\/li>\n<li> Posebne tehnike ravnanja<\/li>\n<li> Vozila za odstranjevanje so pod klimatsko kontrolo.<\/li>\n<\/ul>\n<p><strong>Kurirska slu\u017eba<\/strong><\/p>\n<ul>\n<li> Lokalni in mednarodni<\/li>\n<li> Paketi ali dokumenti<\/li>\n<li> Sledenje na spletu<\/li>\n<li> Brez omejitve te\u017ee<\/li>\n<li> Letalski, pomorski ali kopenski tovor<\/li>\n<\/ul>\n<h2>Gil Stauffer Profil podjetja<\/h2>\n<p>Gil Stauffer je \u0161pansko podjetje za selitve, ki je bilo ustanovljeno leta 1905. Sede\u017e podjetja je v Madridu, 33 pisarn pa je razporejenih po vsej dr\u017eavi. <a href=\"https:\/\/moverdb.com\/sl\/moving-to-spain\/\" data-internallinksmanager029f6b8e52c=\"266\" title=\"Selitev v \u0160panijo? 2023 \u017divljenjski stro\u0161ki in nasveti za selitev\">\u0160panija<\/a> in na Balearskih otokih. Pohvali se, da bo stranke preselil kamor koli in na kateri koli dan v letu. Ima pisarne v Evropi, na <a href=\"https:\/\/moverdb.com\/sl\/moving-to-the-united-states\/\" data-internallinksmanager029f6b8e52c=\"94\" title=\"Selitev v Zdru\u017eene dr\u017eave Amerike? 2022 \u017divljenjski stro\u0161ki in nasveti za selitev\">Zdru\u017eene dr\u017eave Amerike<\/a>, Oceanija, Azija in Afrika.<\/p>\n<p>Gil Stauffer je ponosen na svoj pionirski duh. V petdesetih letih prej\u0161njega stoletja je podjetje izdelalo edini tovornjak v \u0160paniji, ki je lahko preva\u017eal posamezne tovore do 200 ton. Bilo je tudi eno prvih, ki je pred ve\u010d kot 70 leti za\u010delo uporabljati sistem hitrega vlaka za kontejnerje (TECO).<\/p>\n<p>Podjetje ima specializirane programe usposabljanja in zahteva, da osebje v mednarodnem oddelku odli\u010dno govori angle\u0161ko in druge jezike. Ima zelo impresiven vozni park, ki pokriva vse mo\u017ene potrebe strank.<\/p>\n<p>Podjetje svojim strankam zagotavlja mednarodne in doma\u010de selitve ter selitve podjetij in pisarn ter premestitve zaposlenih.<br \/>\nGil Stauffer ima naslednje akreditacije in povezave:<\/p>\n<ul>\n<li> <a href=\"https:\/\/moverdb.com\/sl\/fidi-faim\/\">FIDI<\/a><\/li>\n<li> <a href=\"https:\/\/moverdb.com\/sl\/iam\/\">IAM<\/a><\/li>\n<li> <a href=\"https:\/\/moverdb.com\/sl\/amsa\/\">AMSA<\/a><\/li>\n<li> <a href=\"https:\/\/moverdb.com\/sl\/fedemac\/\">FEDEMAC<\/a><\/li>\n<li> <a href=\"https:\/\/moverdb.com\/sl\/lacma\/\">LACMA<\/a><\/li>\n<li> PAIMA<\/li>\n<\/ul>\n<h2>Gil Stauffer Company Mnenja<\/h2>\n<p><strong>Pozitivno:<\/strong><\/p>\n<ul>\n<li> Nobena ni na voljo in na kraju samem ni bilo mogo\u010de najti nobenih pri\u010devanj<\/li>\n<\/ul>\n<p><strong>Negativno:<\/strong><\/p>\n<ul>\n<li> <em>\"Ne uporabljajte Gila Staufferja za selitev svojih stvari. To boste ob\u017ealovali.\"<\/em> - Craig Bugden prek <a href=\"https:\/\/uk.trustpilot.com\/reviews\/56ec28640000ff00094734c0\" target=\"_blank\" rel=\"noopener\">Trustpilot<\/a><\/li>\n<\/ul>\n<div itemprop=\"review\" itemscope itemtype=\"http:\/\/schema.org\/Review\">\n<span itemprop=\"author\" itemscope=\"\" itemtype=\"http:\/\/schema.org\/Organization\"><span itemprop=\"name\">MoverDB.com<\/span><\/span> Spletni pregled spletnega mesta za <span itemprop=\"itemreviewed\" itemscope=\"\" itemtype=\"http:\/\/schema.org\/Brand\"><span itemprop=\"name\">Gil Stauffer<\/span><\/span>:<\/p>\n<ol>\n<li> Jasni kontaktni podatki na spletnem mestu (vklju\u010dno s telefonsko \u0161tevilko): <strong>Da<\/strong><\/li>\n<li> Enostavno pridobivanje <a href=\"https:\/\/moverdb.com\/sl\/citati\/\">mednarodne selitvene ponudbe<\/a>? (Spletni obrazec za zahtevek za oceno): <strong>Da<\/strong>, vendar samo po elektronski po\u0161ti (brez obrazca).<\/li>\n<li> Jasne informacije na spletnem mestu: <strong>Nekateri,<\/strong> Na spletni strani je na voljo precej informacij o njihovih storitvah, vendar ne vsebujejo ve\u010djih podrobnosti.<\/li>\n<li> \u010clanstvo v mednarodno priznanih organizacijah, ki se ukvarjajo z gibanjem: <strong>Da<\/strong>, ki pa niso navedeni na njihovi spletni strani.<\/li>\n<li> Seznam strank in\/ali pri\u010devanja prej\u0161njih strank: <strong>Ne,<\/strong> in edini pregled, ki smo ga na\u0161li o njih v angle\u0161\u010dini, je bil negativen.<\/li>\n<\/ol>\n<div itemprop=\"reviewRating\" itemscope itemtype=\"http:\/\/schema.org\/Rating\"><meta itemprop=\"worstRating\" content = \"0\" \/><meta itemprop=\"bestRating\" content=\"5\" \/><meta itemprop=\"ratingValue\" content=\"3.5\"><\/div>\n<p><strong>Skupna ocena: 3,5\/5<\/strong><br \/>\n<strong>Datum pregleda:<\/strong> <span itemprop=\"datePublished\" content=\"2017-02-24\">24\/02\/2017<\/span>\n<\/div>\n<p>Preberite ve\u010d o <a href=\"https:\/\/moverdb.com\/sl\/selitev-podjetja\/\">mednarodna selitvena podjetja<\/a> in na\u0161e <a href=\"https:\/\/moverdb.com\/sl\/pregledi\/\">postopek pregleda<\/a>.<\/p>\n<p><strong>Spletna stran:<\/strong> <a href=\"http:\/\/www.gil-stauffer.com\/?lang=en\" target=\"_blank\" rel=\"noopener\">http:\/\/www.gil-stauffer.com\/<\/a><\/p>","protected":false},"excerpt":{"rendered":"<p>Gil Stauffer is a Spanish removal company with its headquarters in Madrid. The company has many services to offer its customers and these are listed below together with a company profile and reviews. International Moves Personalised moving plan Door to door Sea freight or air freight Full packing service, partial packing or self-packing Disassembly and [&hellip;]<\/p>\n","protected":false},"author":1,"featured_media":0,"parent":0,"menu_order":0,"comment_status":"closed","ping_status":"closed","template":"","meta":{"_genesis_hide_title":false,"_genesis_hide_breadcrumbs":false,"_genesis_hide_singular_image":false,"_genesis_hide_footer_widgets":false,"_genesis_custom_body_class":"","_genesis_custom_post_class":"","_genesis_layout":"","footnotes":""},"class_list":{"0":"post-1624","1":"page","2":"type-page","3":"status-publish","5":"entry"},"_links":{"self":[{"href":"https:\/\/moverdb.com\/sl\/wp-json\/wp\/v2\/pages\/1624","targetHints":{"allow":["GET"]}}],"collection":[{"href":"https:\/\/moverdb.com\/sl\/wp-json\/wp\/v2\/pages"}],"about":[{"href":"https:\/\/moverdb.com\/sl\/wp-json\/wp\/v2\/types\/page"}],"author":[{"embeddable":true,"href":"https:\/\/moverdb.com\/sl\/wp-json\/wp\/v2\/users\/1"}],"replies":[{"embeddable":true,"href":"https:\/\/moverdb.com\/sl\/wp-json\/wp\/v2\/comments?post=1624"}],"version-history":[{"count":3,"href":"https:\/\/moverdb.com\/sl\/wp-json\/wp\/v2\/pages\/1624\/revisions"}],"predecessor-version":[{"id":6215,"href":"https:\/\/moverdb.com\/sl\/wp-json\/wp\/v2\/pages\/1624\/revisions\/6215"}],"wp:attachment":[{"href":"https:\/\/moverdb.com\/sl\/wp-json\/wp\/v2\/media?parent=1624"}],"curies":[{"name":"wp","href":"https:\/\/api.w.org\/{rel}","templated":true}]}}