{"id":1614,"date":"2017-04-27T14:28:26","date_gmt":"2017-04-27T14:28:26","guid":{"rendered":"http:\/\/moverdb.com\/?page_id=1614"},"modified":"2026-01-08T13:18:27","modified_gmt":"2026-01-08T13:18:27","slug":"hamburg-sud","status":"publish","type":"page","link":"https:\/\/moverdb.com\/sl\/hamburg-sud\/","title":{"rendered":"Skupina Hamburg S\u00fcd - Storitve in pregledi mednarodnega ladijskega prometa"},"content":{"rendered":"<p>Hamburg S\u00fcd je nem\u0161ko <a href=\"https:\/\/moverdb.com\/sl\/shipping-companies\/\" data-internallinksmanager029f6b8e52c=\"4\" title=\"10 najbolj\u0161ih mednarodnih podjetij za prevoz zabojnikov\">ladjarsko podjetje<\/a> ki svojim strankam ponuja vrsto storitev. Te so navedene spodaj skupaj s profilom podjetja in pregledi. (<em><strong>Opomba:<\/strong> <a href=\"https:\/\/moverdb.com\/sl\/maersk\/\" target=\"_blank\" rel=\"noopener\">Maersk Line<\/a> je v postopku nakupa podjetja<\/em>).<\/p>\n<h3>Mednarodni prevoz zabojnikov<\/h3>\n<ul>\n<li> Na\u010drtovanje s strani strokovnjakov<\/li>\n<li> Od vrat do vrat<\/li>\n<li> Na voljo so intermodalne storitve<\/li>\n<\/ul>\n<p><strong>Suhi tovor<\/strong><\/p>\n<p><strong>Nevarni tovor<\/strong><\/p>\n<ul>\n<li> Vsako zahtevo preu\u010dijo strokovnjaki<\/li>\n<li> Upo\u0161tevati mora zakonske predpise.<\/li>\n<li> Certificiran svetovalec za varnost nevarnega blaga (DGSA) svetuje pri vseh po\u0161iljkah<\/li>\n<li> Sodobne ladje za prevoz nevarnega tovora<\/li>\n<li> Strogo upo\u0161tevajte skladnost z zahtevami glede skladi\u0161\u010denja<\/li>\n<\/ul>\n<p><strong>Reeferski tovor<\/strong><\/p>\n<ul>\n<li> Sadje, zelenjava, cvetje, rastline<\/li>\n<li> Meso, ribe in morski sade\u017ei<\/li>\n<li> Farmacevtski izdelki, fotografski material in kemikalije<\/li>\n<li> Mle\u010dni izdelki in sokovi<\/li>\n<li> <a href=\"https:\/\/moverdb.com\/sl\/kontejnersko-posiljanje\/\">20\u2032 in 40\u2032 posode<\/a><\/li>\n<li> Neprekinjena hladna oskrbovalna veriga<\/li>\n<li> Upravljanje atmosfere za obrano sadje in zelenjavo<\/li>\n<li> Ve\u010d temperaturni na\u010din<\/li>\n<li> Na\u010din \u017earnice<\/li>\n<\/ul>\n<p><strong>Posebni tovor<\/strong><\/p>\n<ul>\n<li> Prekinitev v velikem obsegu<\/li>\n<li> Izven mere<\/li>\n<li> Visoka gostota<\/li>\n<\/ul>\n<p><strong>Druge storitve po\u0161iljanja<\/strong><\/p>\n<ul>\n<li> urejanje vse ustrezne uvozne in izvozne dokumentacije.<\/li>\n<li> Za\u010dasno shranjevanje<\/li>\n<li> Razdelitev ve\u010djih po\u0161iljk na posamezne po\u0161iljke<\/li>\n<li> Ozna\u010devanje<\/li>\n<li> Carinjenje za uvoz in izvoz<\/li>\n<\/ul>\n<p><strong>Plovila<\/strong><\/p>\n<ul>\n<li> Sodobna flota<\/li>\n<li> <a href=\"https:\/\/moverdb.com\/sl\/ladjarska-podjetja\/\">Kontejnerske ladje<\/a><\/li>\n<li> Ladje za prevoz razsutega tovora<\/li>\n<li> Cisterne za prevoz proizvodov<\/li>\n<\/ul>\n<p><strong>Prodaja rabljenih zabojnikov<\/strong><\/p>\n<ul>\n<li> Velika izbira razli\u010dnih vrst posod<\/li>\n<li> Dostop do rabljenih zabojnikov po vsem svetu<\/li>\n<li> Visokokakovostni zabojniki<\/li>\n<li> Izku\u0161eno osebje<\/li>\n<li> Podpora za lokalni jezik<\/li>\n<\/ul>\n<p><strong>e-trgovina<\/strong><\/p>\n<ul>\n<li> Urniki so natan\u010dni do minute.<\/li>\n<li> Sledenje in sledenje (sledenje zabojnikom)<\/li>\n<li> Pregledi rezervacij<\/li>\n<li> Obnova rezervacij<\/li>\n<li> Pregled navodil za po\u0161iljanje<\/li>\n<li> predlo\u017eitev novih navodil za po\u0161iljanje<\/li>\n<li> Preverjanje osnutkov B\/L<\/li>\n<li> Ustvarjanje standardiziranih poro\u010dil za po\u0161iljko<\/li>\n<li> Sledenje tovoru<\/li>\n<\/ul>\n<h2>Profil podjetja Hamburg S\u00fcd<\/h2>\n<p>Dru\u017ebo Hamburg S\u00fcd so leta 1871 ustanovili predstavniki enajstih hambur\u0161kih trgovskih hi\u0161, imenovala pa se je Hamburg S\u00fcdamerikanische Dampfschifffahrts-Gesellschaft. Do leta 1914 je imelo podjetje 50 parnih ladij, ki so bile vse uni\u010dene med prvo svetovno vojno. <\/p>\n<p>Podjetje se je leta 1920 za\u010delo obnavljati in ustanovilo podjetje za kri\u017earjenja. Leta 1939 ima dru\u017eba Hamburg S\u00fcd najve\u010djo floto na svetu, skupaj 52 ladij.<\/p>\n<p>Druga svetovna vojna je ponovno povzro\u010dila popolno izgubo flote podjetja. Dru\u017eba Hamburg S\u00fcd je po\u010dasi nadaljevala s kri\u017earjenjem in se raz\u0161irila na podro\u010dje vla\u010dilcev. Za\u010deli so z ladijskim prevozom tankerjev in hladilnikov, do leta 1971 pa so se lotili <a href=\"https:\/\/moverdb.com\/sl\/container-shipping\/\" data-internallinksmanager029f6b8e52c=\"3\" title=\"Mednarodni cenik prevozov zabojnikov: april 2026\">kontejnerski prevoz<\/a>.<\/p>\n<p>Podjetje je zdaj uvr\u0161\u010deno med deset najbolj\u0161ih podjetij za prevoz zabojnikov na svetu. Ima 127 <a href=\"https:\/\/moverdb.com\/sl\/top-10-largest-container-ships-in-2022\/\" data-internallinksmanager029f6b8e52c=\"84\" title=\"10 najve\u010djih kontejnerskih ladij v letu 2026\">kontejnerske ladje<\/a> z zmogljivostjo re\u017ee ve\u010d kot 600.000 TEU in 50 linijskimi prevozi. Dru\u017eba Hamburg S\u00fcd zaposluje ve\u010d kot 6 000 ljudi v 250 pisarnah po vsem svetu.<\/p>\n<p>Dru\u017eba Hamburg S\u00fcd ima naslednje akreditacije in povezave:<\/p>\n<ul>\n<li> <a href=\"https:\/\/moverdb.com\/sl\/svetovni-svet-za-ladijski-promet\/\">Svetovni svet za pomorstvo<\/a> (<a href=\"https:\/\/moverdb.com\/sl\/world-shipping-council\/\" data-internallinksmanager029f6b8e52c=\"82\" title=\"Pojasnila o Svetovnem svetu za pomorski promet (WSC)\">WSC<\/a>)<\/li>\n<li> Delovna skupina za \u010disti tovor (CCWG)<\/li>\n<li> <a href=\"https:\/\/moverdb.com\/sl\/moving-to-the-united-states\/\" data-internallinksmanager029f6b8e52c=\"94\" title=\"Selitev v Zdru\u017eene dr\u017eave Amerike? 2022 \u017divljenjski stro\u0161ki in nasveti za selitev\">ZDA<\/a> Agencija za varstvo okolja (EPA)<\/li>\n<li> Zveza nem\u0161kih rederjev (VDR)<\/li>\n<li> Varnostno spri\u010devalo za mednarodni prevoz (ISSC)<\/li>\n<li> Svetovalni odbor za standarde EIPP<\/li>\n<\/ul>\n<p><strong>Hamburg S\u00fcd Group Mnenja<\/strong><\/p>\n<p><em>V \u010dasu pisanja nismo na\u0161li nobenih pozitivnih ali negativnih mnenj za ladijske storitve dru\u017ebe Hamburg S\u00fcd na spletu.<\/em><\/p>\n<p><strong><\/p>\n<div itemprop=\"review\" itemscope itemtype=\"http:\/\/schema.org\/Review\">\n<span itemprop=\"author\" itemscope=\"\" itemtype=\"http:\/\/schema.org\/Organization\"><span itemprop=\"name\">MoverDB.com<\/span><\/span> Spletni pregled spletnega mesta za <span itemprop=\"itemreviewed\" itemscope=\"\" itemtype=\"http:\/\/schema.org\/Brand\"><span itemprop=\"name\">Hamburg S\u00fcd<\/span><\/span>:<\/strong><\/p>\n<ol>\n<li> Jasni kontaktni podatki na spletnem mestu (vklju\u010dno s telefonsko \u0161tevilko): <strong>Da<\/strong><\/li>\n<li> Enostavno pridobite mednarodne ponudbe za prevoz? (Spletni obrazec za zahtevek za oceno): <strong>Nekako<\/strong>, za novo rezervacijo se je treba registrirati.<\/li>\n<li> Jasne informacije na spletnem mestu: <strong>Da,<\/strong> Na spletni strani so jasno predstavljene vse storitve, ki jih podjetje ponuja.<\/li>\n<li> \u010clanstvo v mednarodno priznanih organizacijah za pomorski promet: <strong>Da<\/strong>, glej zgoraj.<\/li>\n<li> Seznam strank in\/ali pri\u010devanja prej\u0161njih strank. <strong>Ne,<\/strong> vendar navajajo \u0161tevilne nagrade, ki so jih prejeli.<\/li>\n<\/ol>\n<div itemprop=\"reviewRating\" itemscope itemtype=\"http:\/\/schema.org\/Rating\"><meta itemprop=\"worstRating\" content = \"0\" \/><meta itemprop=\"bestRating\" content=\"5\" \/><meta itemprop=\"ratingValue\" content=\"4\"><\/div>\n<p><strong>Skupna ocena: 4\/5<\/strong><br \/>\n<strong>Datum pregleda:<\/strong> <span itemprop=\"datePublished\" content=\"2017-04-27\">27\/04\/2017<\/span>\n<\/div>\n<p>Ve\u010d o drugih <a href=\"https:\/\/moverdb.com\/sl\/ladjarska-podjetja\/\">mednarodna ladjarska podjetja<\/a>, <a href=\"https:\/\/moverdb.com\/sl\/kontejnersko-posiljanje\/\">cene prevoza zabojnikov<\/a> in na\u0161e <a href=\"https:\/\/moverdb.com\/sl\/pregledi\/\">postopek pregleda<\/a>.<\/p>\n<p><strong>Spletna stran:<\/strong> <a href=\"http:\/\/www.hamburgsud.com\" target=\"_blank\" rel=\"noopener\">http:\/\/www.hamburgsud.com<\/a><\/p>","protected":false},"excerpt":{"rendered":"<p>Hamburg S\u00fcd is a German shipping company which offers its customers a range of services. These are listed below together with a company profile and reviews. (Note: Maersk Line is in the process of buying the company). International Container Shipping Planning by experts Door to door Intermodal services available Dry Cargo Hazardous Cargo Each request [&hellip;]<\/p>\n","protected":false},"author":1,"featured_media":0,"parent":0,"menu_order":0,"comment_status":"closed","ping_status":"closed","template":"","meta":{"_genesis_hide_title":false,"_genesis_hide_breadcrumbs":false,"_genesis_hide_singular_image":false,"_genesis_hide_footer_widgets":false,"_genesis_custom_body_class":"","_genesis_custom_post_class":"","_genesis_layout":"","footnotes":""},"class_list":{"0":"post-1614","1":"page","2":"type-page","3":"status-publish","5":"entry"},"_links":{"self":[{"href":"https:\/\/moverdb.com\/sl\/wp-json\/wp\/v2\/pages\/1614","targetHints":{"allow":["GET"]}}],"collection":[{"href":"https:\/\/moverdb.com\/sl\/wp-json\/wp\/v2\/pages"}],"about":[{"href":"https:\/\/moverdb.com\/sl\/wp-json\/wp\/v2\/types\/page"}],"author":[{"embeddable":true,"href":"https:\/\/moverdb.com\/sl\/wp-json\/wp\/v2\/users\/1"}],"replies":[{"embeddable":true,"href":"https:\/\/moverdb.com\/sl\/wp-json\/wp\/v2\/comments?post=1614"}],"version-history":[{"count":4,"href":"https:\/\/moverdb.com\/sl\/wp-json\/wp\/v2\/pages\/1614\/revisions"}],"predecessor-version":[{"id":6217,"href":"https:\/\/moverdb.com\/sl\/wp-json\/wp\/v2\/pages\/1614\/revisions\/6217"}],"wp:attachment":[{"href":"https:\/\/moverdb.com\/sl\/wp-json\/wp\/v2\/media?parent=1614"}],"curies":[{"name":"wp","href":"https:\/\/api.w.org\/{rel}","templated":true}]}}