{"id":1610,"date":"2017-04-24T11:17:52","date_gmt":"2017-04-24T11:17:52","guid":{"rendered":"http:\/\/moverdb.com\/?page_id=1610"},"modified":"2026-01-08T13:18:28","modified_gmt":"2026-01-08T13:18:28","slug":"hapag-lloyd","status":"publish","type":"page","link":"https:\/\/moverdb.com\/sl\/hapag-lloyd\/","title":{"rendered":"Hapag-Lloyd - Storitve in mnenja o mednarodnem prevozu"},"content":{"rendered":"<p>Hapag-Lloyd je globalna <a href=\"https:\/\/moverdb.com\/sl\/shipping-companies\/\" data-internallinksmanager029f6b8e52c=\"4\" title=\"10 najbolj\u0161ih mednarodnih podjetij za prevoz zabojnikov\">ladjarsko podjetje<\/a> s sede\u017eem v Hamburgu, <a href=\"https:\/\/moverdb.com\/sl\/moving-to-germany\/\" data-internallinksmanager029f6b8e52c=\"321\" title=\"Selitev v Nem\u010dijo? 2023 \u017divljenjski stro\u0161ki in nasveti za selitev\">Nem\u010dija<\/a>. Svojim strankam ponuja \u0161iroko paleto re\u0161itev na podro\u010dju ladijskega prometa in logistike. Te so navedene spodaj skupaj s profilom podjetja in pregledi.<\/p>\n<h3>Mednarodna dostava<\/h3>\n<p><strong>Suhi tovor<\/strong><\/p>\n<ul>\n<li> \u0160iroka paleta re\u0161itev za zabojnike<\/li>\n<li> Hitri tranzitni \u010dasi<\/li>\n<li> Zanesljivost urnika na to\u010dki<\/li>\n<li> Ponudba storitev od vrat do vrat<\/li>\n<li> Po\u0161iljke kemikalij, upo\u0161tevani predpisi<\/li>\n<\/ul>\n<p><strong>Reeferski tovor<\/strong><\/p>\n<ul>\n<li> Sadje, zelenjava, meso, ribe, cvetje<\/li>\n<li> Farmacevtski izdelki visoke vrednosti<\/li>\n<li> Nadzorovana atmosfera<\/li>\n<li> Tehnologiji ExtraFresh in EverFresh za zmanj\u0161anje kondenzacije<\/li>\n<li> Strokovni vodje<\/li>\n<\/ul>\n<p><strong>Nevarno blago<\/strong><\/p>\n<ul>\n<li> Prilagojene re\u0161itve za vsak kompleksen prevoz nevarnega blaga<\/li>\n<li> 24-urna podpora strokovnjakov za nevarno blago v vseh regionalnih pisarnah (Hamburg, Valparaiso, Piscataway in <a href=\"https:\/\/moverdb.com\/sl\/moving-to-singapore\/\" data-internallinksmanager029f6b8e52c=\"68\" title=\"Selitev v Singapur? 2022 \u017divljenjski stro\u0161ki in nasveti za selitev\">Singapur<\/a>)<\/li>\n<li> Ve\u010d strokovnjakov za nevarno blago na poziv med vikendi<\/li>\n<li> Hitro in zanesljivo preverjanje rezervacij za za\u0161\u010dito mednarodnih pravnih zahtev in nemoten prevoz blaga<\/li>\n<li> Ustrezno skladi\u0161\u010denje in lo\u010devanje na krovu za zagotovitev varne plovbe vsega tovora.<\/li>\n<li> Po potrebi uporabite ukrepe za varen prevoz, ki presegajo zahteve Kodeksa IMDG.<\/li>\n<\/ul>\n<p><strong>Posebni tovor<\/strong><\/p>\n<ul>\n<li> Specializirana ekipa<\/li>\n<li> Breakbulk - strokovnjaki na\u010drtujejo prevelike projekte<\/li>\n<\/ul>\n<p><strong>Zabojniki<\/strong><\/p>\n<ul>\n<li> Izpolnjevanje zahtev ISO<\/li>\n<li> Suhi tovor - standardni, standardni visoki kubus, standardna trda streha, standardni visoki kubus s trdo streho<\/li>\n<li> Reefer Cargo - vzdr\u017eevanje temperature od -35 \u00b0C do +30 \u00b0C<\/li>\n<li> Majhna lastna te\u017ea = zasnova z visokim koristnim tovorom<\/li>\n<li> Posebni tovor - plo\u0161\u010dati prtlja\u017enik\/plo\u0161\u010dad, plo\u0161\u010dati prtlja\u017enik High Cube, odprta streha\/Hard Top, odprta streha High Cube, trda streha High Cube.<\/li>\n<\/ul>\n<p><strong>Kri\u017earjenja<\/strong><\/p>\n<ul>\n<li> 125 let izku\u0161enj<\/li>\n<li> Svetovna kri\u017earjenja<\/li>\n<\/ul>\n<h2>Profil podjetja Hapag-Lloyd<\/h2>\n<p>Dru\u017eba Hapag-Lloyd je bila ustanovljena leta 1970, ko sta se zdru\u017eili dru\u017ebi Hamburg-Amerikanische Packetfahrt-Actien-Gesellschaft (Hapag) in Norddeutscher Lloyd. Obe dru\u017ebi sta za\u010deli delovati sredi devetnajstega stoletja, ko se je izseljevanje iz Evrope v <a href=\"https:\/\/moverdb.com\/sl\/moving-to-the-united-states\/\" data-internallinksmanager029f6b8e52c=\"94\" title=\"Selitev v Zdru\u017eene dr\u017eave Amerike? 2022 \u017divljenjski stro\u0161ki in nasveti za selitev\">Zdru\u017eene dr\u017eave Amerike<\/a> se je za\u010del resno.<\/p>\n<p>Danes dru\u017eba Hapag-Lloyd oskrbuje trge in stranke po vsem svetu ter ima obse\u017eno mre\u017eo linijskih prevozov, ki povezuje svet. Ima ve\u010d kot 190 ladij, ki letno prepeljejo povpre\u010dno 7,4 TEU. Podjetje zaposluje pribli\u017eno 9 300 ljudi in ima ve\u010d kot 600 pisarn v 120 dr\u017eavah po vsem svetu. <\/p>\n<p>Flota dru\u017ebe Hapag-Lloyd ima skupno zmogljivost 955.000 TEU in 1,5 milijona TEU zabojnikov. Ima eno najve\u010djih in najsodobnej\u0161ih flot za prevoz zabojnikov s hladilniki na svetu.<\/p>\n<p>Dru\u017eba Hapag-Lloyd ima naslednje akreditacije in povezave:<\/p>\n<ul>\n<li> Mednarodno spri\u010devalo o za\u0161\u010diti ladje (ISSC)<\/li>\n<li> Certifikat o varnem upravljanju (SMC)<\/li>\n<li> Konvencija o delovnih standardih v pomorstvu (MLC)<\/li>\n<li> <a href=\"https:\/\/moverdb.com\/sl\/svetovni-svet-za-ladijski-promet\/\">Svetovni svet za pomorstvo<\/a> (<a href=\"https:\/\/moverdb.com\/sl\/world-shipping-council\/\" data-internallinksmanager029f6b8e52c=\"82\" title=\"Pojasnila o Svetovnem svetu za pomorski promet (WSC)\">WSC<\/a>)<\/li>\n<\/ul>\n<h2>Hapag-Lloyd Shipping Mnenja<\/h2>\n<p><em>V \u010dasu pisanja nismo na\u0161li nobenih mnenj za ladijske storitve dru\u017ebe Hapag-Lloyd na spletu.<\/em>  <\/p>\n<p><strong><\/p>\n<div itemprop=\"review\" itemscope itemtype=\"http:\/\/schema.org\/Review\">\n<span itemprop=\"author\" itemscope=\"\" itemtype=\"http:\/\/schema.org\/Organization\"><span itemprop=\"name\">MoverDB.com<\/span><\/span> Spletni pregled spletnega mesta za <span itemprop=\"itemreviewed\" itemscope=\"\" itemtype=\"http:\/\/schema.org\/Brand\"><span itemprop=\"name\">Hapag-Lloyd<\/span><\/span>:<\/strong><\/p>\n<ol>\n<li> Jasni kontaktni podatki na spletnem mestu (vklju\u010dno s telefonsko \u0161tevilko): <strong>Da<\/strong><\/li>\n<li> Enostavno pridobivanje <a href=\"https:\/\/moverdb.com\/sl\/container-shipping\/\" data-internallinksmanager029f6b8e52c=\"3\" title=\"Mednarodni cenik prevozov zabojnikov: marec 2026\">mednarodno po\u0161iljanje<\/a> citati? (Spletni obrazec za zahtevek za oceno): <strong>Da<\/strong><\/li>\n<li> Jasne informacije na spletnem mestu: <strong>Da,<\/strong> Spletna stran je zelo podrobna in dobro zasnovana.<\/li>\n<li> \u010clanstvo v mednarodno priznanih organizacijah za pomorski promet: <strong>Da<\/strong>(glej zgoraj).<\/li>\n<li> Seznam strank in\/ali pri\u010devanja prej\u0161njih strank. <strong>Ne,<\/strong> vendar navajajo nagrade in certifikate.<\/li>\n<\/ol>\n<div itemprop=\"reviewRating\" itemscope itemtype=\"http:\/\/schema.org\/Rating\"><meta itemprop=\"worstRating\" content = \"0\" \/><meta itemprop=\"bestRating\" content=\"5\" \/><meta itemprop=\"ratingValue\" content=\"4.5\"><\/div>\n<p><strong>Skupna ocena: 4,5\/5<\/strong><br \/>\n<strong>Datum pregleda:<\/strong> <span itemprop=\"datePublished\" content=\"2017-04-24\">24\/04\/2017<\/span>\n<\/div>\n<p>Ve\u010d o drugih <a href=\"https:\/\/moverdb.com\/sl\/ladjarska-podjetja\/\">mednarodna ladjarska podjetja<\/a>, <a href=\"https:\/\/moverdb.com\/sl\/kontejnersko-posiljanje\/\">stro\u0161ki prevoza zabojnikov<\/a> in na\u0161e <a href=\"https:\/\/moverdb.com\/sl\/pregledi\/\">postopek pregleda<\/a>.<\/p>\n<p><strong>Spletna stran:<\/strong> <a href=\"https:\/\/www.hapag-lloyd.com\/en\/home.html\" target=\"_blank\" rel=\"noopener\">https:\/\/www.hapag-lloyd.com\/en\/home.html<\/a><\/p>","protected":false},"excerpt":{"rendered":"<p>Hapag-Lloyd is a global shipping company with its head office in Hamburg, Germany. It offers its clients a wide range of shipping and logistics solutions. These are listed below together with a company profile and reviews. International Shipping Dry Cargo Broad range of container solutions Fast transit times On point schedule reliability Door to door [&hellip;]<\/p>\n","protected":false},"author":1,"featured_media":0,"parent":0,"menu_order":0,"comment_status":"closed","ping_status":"closed","template":"","meta":{"_genesis_hide_title":false,"_genesis_hide_breadcrumbs":false,"_genesis_hide_singular_image":false,"_genesis_hide_footer_widgets":false,"_genesis_custom_body_class":"","_genesis_custom_post_class":"","_genesis_layout":"","footnotes":""},"class_list":{"0":"post-1610","1":"page","2":"type-page","3":"status-publish","5":"entry"},"_links":{"self":[{"href":"https:\/\/moverdb.com\/sl\/wp-json\/wp\/v2\/pages\/1610","targetHints":{"allow":["GET"]}}],"collection":[{"href":"https:\/\/moverdb.com\/sl\/wp-json\/wp\/v2\/pages"}],"about":[{"href":"https:\/\/moverdb.com\/sl\/wp-json\/wp\/v2\/types\/page"}],"author":[{"embeddable":true,"href":"https:\/\/moverdb.com\/sl\/wp-json\/wp\/v2\/users\/1"}],"replies":[{"embeddable":true,"href":"https:\/\/moverdb.com\/sl\/wp-json\/wp\/v2\/comments?post=1610"}],"version-history":[{"count":3,"href":"https:\/\/moverdb.com\/sl\/wp-json\/wp\/v2\/pages\/1610\/revisions"}],"predecessor-version":[{"id":6218,"href":"https:\/\/moverdb.com\/sl\/wp-json\/wp\/v2\/pages\/1610\/revisions\/6218"}],"wp:attachment":[{"href":"https:\/\/moverdb.com\/sl\/wp-json\/wp\/v2\/media?parent=1610"}],"curies":[{"name":"wp","href":"https:\/\/api.w.org\/{rel}","templated":true}]}}