{"id":1592,"date":"2017-04-21T13:39:38","date_gmt":"2017-04-21T13:39:38","guid":{"rendered":"http:\/\/moverdb.com\/?page_id=1592"},"modified":"2026-01-08T14:40:07","modified_gmt":"2026-01-08T14:40:07","slug":"maersk","status":"publish","type":"page","link":"https:\/\/moverdb.com\/sl\/maersk\/","title":{"rendered":"Maersk Line - Storitve in pregledi mednarodnega ladijskega prometa"},"content":{"rendered":"<p>Maersk Line je del skupine A.P. Moller-Maersk Group, svetovnega <a href=\"https:\/\/moverdb.com\/sl\/shipping-companies\/\" data-internallinksmanager029f6b8e52c=\"4\" title=\"10 najbolj\u0161ih mednarodnih podjetij za prevoz zabojnikov\">ladjarsko podjetje<\/a> s sede\u017eem v K\u00f8benhavnu, <a href=\"https:\/\/moverdb.com\/sl\/moving-to-denmark\/\" data-internallinksmanager029f6b8e52c=\"335\" title=\"Selitev na Dansko? 2023 \u017divljenjski stro\u0161ki in nasveti za selitev\">Danska<\/a>. Svojim strankam ponuja \u0161iroko paleto storitev, ki so navedene spodaj, skupaj s profilom podjetja in pregledi.<\/p>\n<p><strong>Mednarodni tovorni promet in storitve po\u0161iljanja<\/strong><\/p>\n<ul>\n<li> Suhi tovor<\/li>\n<li> Od vrat do vrat<\/li>\n<li> 20' zabojniki s koristnim tovorom do 28,2 ton<\/li>\n<li> 40\u2032 8\u2032 6\u2033 zabojniki s koristnim tovorom do 28,8 metri\u010dnih ton<\/li>\n<li> Visok 45\u2032 9\u2032 6\u2033 s skupno prostornino 85 kubi\u010dnih metrov<\/li>\n<li> nosilci za obe\u0161alnike, ki omogo\u010dajo prevoz obla\u010dil na obe\u0161alnikih brez dodatnega pakiranja<\/li>\n<li> Pritrdilne palice in pritrdilni obro\u010di za dodatno varnost va\u0161ega tovora<\/li>\n<li> Na voljo je skladi\u0161\u010denje<\/li>\n<li> Carinjenje<\/li>\n<\/ul>\n<p><strong>Reeferski tovor<\/strong><\/p>\n<ul>\n<li> Hladilni zabojniki za prevoz<\/li>\n<li> Od vrat do vrat<\/li>\n<li> Skrbno ravnanje s tovorom za zagotavljanje sve\u017eine proizvodov<\/li>\n<li> Edinstvena zasnova zabojnika zagotavlja najve\u010dji mo\u017eni koristni tovor<\/li>\n<li> Zmanj\u0161anje emisij CO2<\/li>\n<li> Optimalna temperatura izdelka<\/li>\n<li> Manj\u0161a poraba energije<\/li>\n<li> 3 vrste zabojnikov s hladilniki, od 27 do 67 CBM tovornega prostora<\/li>\n<li> Carinjenje<\/li>\n<\/ul>\n<p><strong>Posebni tovor<\/strong><\/p>\n<ul>\n<li> pravo\u010dasna dostava tovora, ki ni v merilu, ki je v merilu, in razsutega tovora<\/li>\n<li> Pravo\u010dasna dostava va\u0161ega posebnega tovora po vsem svetu<\/li>\n<li> Strokovnjaki za posebni tovor v vseh \u010dasovnih pasovih za va\u0161 takoj\u0161en odziv in podporo<\/li>\n<li> najsodobnej\u0161i vozni park ravnih regalov in odprtih regalov, ki so na voljo, kjer in kadar jih potrebujete<\/li>\n<li> Od vrat do vrat<\/li>\n<li> Na voljo je skladi\u0161\u010denje<\/li>\n<li> Carinjenje<\/li>\n<\/ul>\n<p><strong>Storitve prevoza po celinskih vodah<\/strong><\/p>\n<ul>\n<li> Celovita transportna re\u0161itev<\/li>\n<li> Od vrat do vrat<\/li>\n<li> Pravo\u010dasen prevzem in dostava<\/li>\n<li> Velika mre\u017ea kakovostnih ponudnikov prevozov<\/li>\n<li> Vse va\u0161e potrebe po kopenskem in pomorskem prevozu lahko opravite na enem mestu<\/li>\n<li> Stalno spremljanje in zagotavljanje kakovosti<\/li>\n<li> Urejeno zavarovanje<\/li>\n<\/ul>\n<p><strong>Uporabljeni zabojniki za prodajo<\/strong><\/p>\n<ul>\n<li> Uporabljajte za shranjevanje, pisarno, hi\u0161o, celo bazen<\/li>\n<li> Dostop do zalog, ki ustrezajo va\u0161im potrebam<\/li>\n<li> Obse\u017ena mre\u017ea rabljenih zabojnikov<\/li>\n<li> Vzpostavljeni preprosti sistemi za izpolnjevanje urnika prevzema<\/li>\n<li> Zagotovljena kakovost zabojnikov<\/li>\n<\/ul>\n<h2>Maersk Line<\/h2>\n<p>Dru\u017eba Maersk Line je bila ustanovljena leta 1928. Dru\u017eba Maersk Line je v lasti skupine A.P. Moller-Maersk Group in je ena od najve\u010djih svetovnih ladjarjev na svetu. <a href=\"https:\/\/moverdb.com\/sl\/ladjarska-podjetja\/\">najve\u010dje podjetje za prevoz zabojnikov<\/a>, ki je znan po svoji prilagodljivosti, zanesljivosti in ekolo\u0161ko u\u010dinkovitih storitvah. <\/p>\n<p>Sede\u017e podjetja je v K\u00f8benhavnu na Danskem. Podjetje ima ve\u010d kot 630 plovil z zmogljivostjo 3,3 milijona TEU, ki slu\u017eijo 59 000 strankam po vsem svetu.<\/p>\n<p>Lani je Maersk po vsem svetu prepeljal pribli\u017eno 12 milijonov zabojnikov, pri \u010demer je v 343 pristani\u0161\u010dih opravil 46.000 postankov. <a href=\"https:\/\/moverdb.com\/sl\/top-49-container-ports\/\" data-internallinksmanager029f6b8e52c=\"80\" title=\"Top 49 najve\u010djih in najbolj obremenjenih pristani\u0161\u010d za kontejnerje v letu 2025\">pristani\u0161\u010da<\/a> v 121 dr\u017eavah. Maersk ponuja ve\u010d dnevnih plovb na vseh glavnih ladijskih poteh. Za nemoteno delovanje podjetja je v 374 pisarnah po vsem svetu zaposlenih 7 000 pomor\u0161\u010dakov in 25 000 delavcev na kopnem.<\/p>\n<p>Maersk je zavezan k vra\u010danju v skupnost in podpira projekte po vsem svetu, ki spadajo v tri globalne sheme - pomo\u010d in pripravljenost na nesre\u010de, varstvo okolja in spodbujanje podjetni\u0161tva v prikraj\u0161anih skupnostih.<\/p>\n<p>Dru\u017eba Maersk Line ima naslednje akreditacije in povezave:<\/p>\n<ul>\n<li> Mednarodno zdru\u017eenje letalskih in pomorskih prevoznikov (IASA)<\/li>\n<li> <a href=\"https:\/\/moverdb.com\/sl\/mednarodna-zbornica-za-ladijski-promet\/\">Mednarodna pomorska zbornica<\/a> (<a href=\"https:\/\/moverdb.com\/sl\/international-chamber-shipping\/\" data-internallinksmanager029f6b8e52c=\"78\" title=\"Razlaga Mednarodne pomorske zbornice (ICS)\">ICS<\/a>)<\/li>\n<li> Globalna zveza STO za olaj\u0161evanje trgovine<\/li>\n<li> Varnost \u010dlove\u0161kega \u017eivljenja na morju (SOLAS)<\/li>\n<li> Zveza nacionalnih zdru\u017eenj ladijskih posrednikov in agentov (FONASBA)<\/li>\n<\/ul>\n<h2>Mnenja dru\u017ebe Maersk Line<\/h2>\n<p><em>V \u010dasu pisanja nismo na\u0161li nobenih spletnih ocen za ladijske storitve dru\u017ebe Maersk Line.<\/em><\/p>\n<p><strong><\/p>\n<div itemprop=\"review\" itemscope itemtype=\"http:\/\/schema.org\/Review\">\n<span itemprop=\"author\" itemscope=\"\" itemtype=\"http:\/\/schema.org\/Organization\"><span itemprop=\"name\">MoverDB.com<\/span><\/span> Spletni pregled spletnega mesta za <span itemprop=\"itemreviewed\" itemscope=\"\" itemtype=\"http:\/\/schema.org\/Brand\"><span itemprop=\"name\">Maersk Line<\/span><\/span>:<\/strong><\/p>\n<ol>\n<li> Jasni kontaktni podatki na spletnem mestu (vklju\u010dno s telefonsko \u0161tevilko): <strong>Da<\/strong><\/li>\n<li> Enostavno pridobivanje <a href=\"https:\/\/moverdb.com\/sl\/container-shipping\/\" data-internallinksmanager029f6b8e52c=\"3\" title=\"Mednarodni cenik prevozov zabojnikov: april 2026\">mednarodno po\u0161iljanje<\/a> citati? (Spletni obrazec za zahtevek za oceno): <strong>Da<\/strong><\/li>\n<li> Jasne informacije na spletnem mestu: <strong>Da,<\/strong> Na spletni strani so jasno predstavljene vse storitve, ki jih podjetje ponuja.<\/li>\n<li> \u010clanstvo v mednarodno priznanih organizacijah za pomorski promet: <strong>Da<\/strong>, vendar jih na njihovi spletni strani ni veliko.<\/li>\n<li> Seznam strank in\/ali pri\u010devanja prej\u0161njih strank. <strong>Ne,<\/strong> na njihovem spletnem mestu ni navedena nobena.<\/li>\n<\/ol>\n<div itemprop=\"reviewRating\" itemscope itemtype=\"http:\/\/schema.org\/Rating\"><meta itemprop=\"worstRating\" content = \"0\" \/><meta itemprop=\"bestRating\" content=\"5\" \/><meta itemprop=\"ratingValue\" content=\"4\"><\/div>\n<p><strong>Skupna ocena: 4\/5<\/strong><br \/>\n<strong>Datum pregleda:<\/strong> <span itemprop=\"datePublished\" content=\"2017-04-21\">21\/04\/2017<\/span>\n<\/div>\n<p>Ve\u010d o drugih <a href=\"https:\/\/moverdb.com\/sl\/ladjarska-podjetja\/\">mednarodna ladjarska podjetja<\/a>, <a href=\"https:\/\/moverdb.com\/sl\/kontejnersko-posiljanje\/\">cene prevoza zabojnikov<\/a> in na\u0161e <a href=\"https:\/\/moverdb.com\/sl\/pregledi\/\">postopek pregleda<\/a>.<\/p>\n<p><strong>Spletna stran:<\/strong> <a href=\"https:\/\/www2.maerskline.com\/\" target=\"_blank\" rel=\"noopener\">https:\/\/www2.maerskline.com\/<\/a><\/p>","protected":false},"excerpt":{"rendered":"<p>Maersk Line, is part of A.P. Moller\u2013Maersk Group, a worldwide shipping company based in Copenhagen, Denmark. It offers its customers a wide range of services which are listed below, together with a company profile and reviews. International Freight and Shipping Services Dry Cargo Door to door 20&#8242; containers with payload up to 28.2 metric tons [&hellip;]<\/p>\n","protected":false},"author":1,"featured_media":0,"parent":0,"menu_order":0,"comment_status":"closed","ping_status":"closed","template":"","meta":{"_genesis_hide_title":false,"_genesis_hide_breadcrumbs":false,"_genesis_hide_singular_image":false,"_genesis_hide_footer_widgets":false,"_genesis_custom_body_class":"","_genesis_custom_post_class":"","_genesis_layout":"","footnotes":""},"class_list":{"0":"post-1592","1":"page","2":"type-page","3":"status-publish","5":"entry"},"_links":{"self":[{"href":"https:\/\/moverdb.com\/sl\/wp-json\/wp\/v2\/pages\/1592","targetHints":{"allow":["GET"]}}],"collection":[{"href":"https:\/\/moverdb.com\/sl\/wp-json\/wp\/v2\/pages"}],"about":[{"href":"https:\/\/moverdb.com\/sl\/wp-json\/wp\/v2\/types\/page"}],"author":[{"embeddable":true,"href":"https:\/\/moverdb.com\/sl\/wp-json\/wp\/v2\/users\/1"}],"replies":[{"embeddable":true,"href":"https:\/\/moverdb.com\/sl\/wp-json\/wp\/v2\/comments?post=1592"}],"version-history":[{"count":7,"href":"https:\/\/moverdb.com\/sl\/wp-json\/wp\/v2\/pages\/1592\/revisions"}],"predecessor-version":[{"id":13172,"href":"https:\/\/moverdb.com\/sl\/wp-json\/wp\/v2\/pages\/1592\/revisions\/13172"}],"wp:attachment":[{"href":"https:\/\/moverdb.com\/sl\/wp-json\/wp\/v2\/media?parent=1592"}],"curies":[{"name":"wp","href":"https:\/\/api.w.org\/{rel}","templated":true}]}}