{"id":1590,"date":"2017-01-25T12:24:31","date_gmt":"2017-01-25T12:24:31","guid":{"rendered":"http:\/\/moverdb.com\/?page_id=1590"},"modified":"2026-01-08T15:20:28","modified_gmt":"2026-01-08T15:20:28","slug":"nippon-express","status":"publish","type":"page","link":"https:\/\/moverdb.com\/sl\/nippon-express\/","title":{"rendered":"Nippon Express - Mednarodna selitev in selitev Mnenja"},"content":{"rendered":"<p>Dru\u017eba Nippon Express ima sede\u017e v Tokiu, <a href=\"https:\/\/moverdb.com\/sl\/moving-to-japan\/\" data-internallinksmanager029f6b8e52c=\"342\" title=\"Selitev na Japonsko? 2023 \u017divljenjski stro\u0161ki in nasveti za selitev\">Japonska<\/a>. Svojim strankam ponuja razli\u010dne selitvene storitve. Te so navedene spodaj skupaj s profilom podjetja in pregledi.<\/p>\n<p><strong>Mednarodni premiki<\/strong><\/p>\n<ul>\n<li> Upravitelj osebnih potez<\/li>\n<li> Storitev od vrat do vrat<\/li>\n<li> Pomo\u010d pri carini in dokumentaciji<\/li>\n<li> Celovita storitev pakiranja, samo krhki predmeti ali pakiranje po lastnih \u017eeljah<\/li>\n<li> Demonta\u017ea in ponovna monta\u017ea pohi\u0161tva<\/li>\n<li> Storitev razpakiranja<\/li>\n<li> Odstranjevanje odpadkov<\/li>\n<li> Dolgoro\u010dno in kratkoro\u010dno skladi\u0161\u010denje<\/li>\n<li> Premikanje avtomobilov<\/li>\n<li> Motorna kolesa<\/li>\n<li> Pianini<\/li>\n<\/ul>\n<p><strong>Selitvene storitve - na Japonsko<\/strong><\/p>\n<ul>\n<li> Svetovanje o selitvi<\/li>\n<li> Orientacija'<\/li>\n<li> Iskanje na domu<\/li>\n<li> Mednarodna doma\u010da selitev<\/li>\n<li> Iskanje \u0161ole<\/li>\n<li> Storitve ob odhodu, npr. prekinitev najema, odklop telefona in komunalnih storitev, posredovanje po\u0161te.<\/li>\n<\/ul>\n<p><strong>Doma\u010di premiki - znotraj Japonske<\/strong><\/p>\n<ul>\n<li> Storitev od vrat do vrat<\/li>\n<li> Celotno pakiranje, delno pakiranje ali pakiranje DIY<\/li>\n<li> Demonta\u017ea in ponovna monta\u017ea pohi\u0161tva<\/li>\n<li> Storitev razpakiranja<\/li>\n<li> Odstranjevanje odpadkov<\/li>\n<li> Na voljo sta dolgoro\u010dno in kratkoro\u010dno skladi\u0161\u010denje<\/li>\n<li> Urejeno zavarovanje<\/li>\n<\/ul>\n<p><strong>\u0160pedicija<\/strong><\/p>\n<ul>\n<li> Splo\u0161no blago in sestavni deli<\/li>\n<li> Likovna umetnost in starine<\/li>\n<li> Trgovski sejmi in razstave<\/li>\n<\/ul>\n<h2>Profil podjetja Nippon Express<\/h2>\n<p>Nippon Express je eden vodilnih <a href=\"https:\/\/moverdb.com\/sl\/moving-companies\/\" data-internallinksmanager029f6b8e52c=\"79\" title=\"Top 25 Mednarodne selitve podjetja Online\">selitvena podjetja<\/a> za selitev posameznikov in podjetij na Japonsko in po njej. Specializirano je za selitve podjetij in dr\u017eavnih organov za zaposlene in njihove dru\u017eine, ki prihajajo na Japonsko in jo zapu\u0161\u010dajo. Nippon Express je znan tudi po svojih globalnih <a href=\"https:\/\/moverdb.com\/sl\/spediter\/\">\u0161pedicija<\/a> strokovno znanje in izku\u0161nje, po\u0161iljanje blaga po vsem svetu.<\/p>\n<p>Nippon Express se je za\u010del leta 1937 kot 53% v lasti vlade. Po drugi svetovni vojni je bilo podjetje privatizirano. Leta 1949 je dru\u017eba za\u010dela z mednarodnim \u0161pedicijskim prometom in delovala kot zastopnik razli\u010dnih mednarodnih letalskih dru\u017eb. Do leta 1958 je dru\u017eba Nippon Express odprla svojo prvo tujo pisarno v <a href=\"https:\/\/moverdb.com\/sl\/selitev-v-nc\/\">New York<\/a>, do leta 1991 je bilo 97 uradov v <a href=\"https:\/\/moverdb.com\/sl\/moving-to-the-united-states\/\" data-internallinksmanager029f6b8e52c=\"94\" title=\"Selitev v Zdru\u017eene dr\u017eave Amerike? 2022 \u017divljenjski stro\u0161ki in nasveti za selitev\">Zdru\u017eene dr\u017eave Amerike<\/a>. <\/p>\n<p>Leta 1973 je podjetje kupilo svoj prvi <a href=\"https:\/\/moverdb.com\/sl\/ladjarska-podjetja\/\">kontejnersko plovilo<\/a> in za\u010dela opravljati tovorne prevoze med Tokijem in Tomakomaijem.<\/p>\n<p>Danes ima Nippon Express pisarne in objekte v 260 mestih v 42 dr\u017eavah ter zaposluje 36.700 ljudi na Japonskem in \u0161e 16.000 v tujini.<\/p>\n<p>Dru\u017eba Nippon Express ima naslednje akreditacije in povezave:<\/p>\n<ul>\n<li> <a href=\"https:\/\/moverdb.com\/sl\/fidi-faim\/\">FIDI<\/a><\/li>\n<li> <a href=\"https:\/\/moverdb.com\/sl\/iam\/\">Mednarodno zdru\u017eenje movers<\/a> (<a href=\"https:\/\/moverdb.com\/sl\/iam\/\" data-internallinksmanager029f6b8e52c=\"23\" title=\"Pojasnila o Mednarodnem zdru\u017eenju gibalcev (IAM)\">IAM<\/a>)<\/li>\n<li> ISO 9001<\/li>\n<li> <a href=\"https:\/\/moverdb.com\/sl\/iata\/\">IATA<\/a><\/li>\n<\/ul>\n<h2>Nippon Express Mnenja<\/h2>\n<p><strong>Pozitivno:<\/strong><\/p>\n<ul>\n<li> <em>\"V pravem japonskem slogu so vljudni in spo\u0161tljivi - celo \u010devlje si sezujejo, da vam prinesejo stvari v hi\u0161o! Nobenih neumnosti ni - delajo do konca, se ustavijo za odmerjen odmor, nato se takoj vrnejo k delu in se ne ustavijo, dokler delo ni kon\u010dano.\"<\/em> - KK W prek <a href=\"https:\/\/www.yelp.co.uk\/biz\/nippon-express-usa-el-segundo?hrid=ilixQzfFmyj3IAX32d0E-A&#038;utm_campaign=www_review_share_popup&#038;utm_medium=copy_link&#038;utm_source=(direct)\" target=\"_blank\" rel=\"noopener\">Yelp<\/a><\/li>\n<\/ul>\n<p><strong>Negativno:<\/strong><\/p>\n<p><em>Na spletu nismo na\u0161li negativnih ocen za Nippon Express.<\/em><\/p>\n<div itemprop=\"review\" itemscope itemtype=\"http:\/\/schema.org\/Review\">\n<span itemprop=\"author\" itemscope=\"\" itemtype=\"http:\/\/schema.org\/Organization\"><span itemprop=\"name\">MoverDB.com<\/span><\/span> Spletni pregled spletnega mesta za <span itemprop=\"itemreviewed\" itemscope=\"\" itemtype=\"http:\/\/schema.org\/Brand\"><span itemprop=\"name\">Nippon Express<\/span><\/span>:<\/p>\n<ol>\n<li> Jasni kontaktni podatki na spletnem mestu (vklju\u010dno s telefonsko \u0161tevilko): <strong>Da<\/strong><\/li>\n<li> Enostavno pridobivanje <a href=\"https:\/\/moverdb.com\/sl\/citati\/\">mednarodne selitvene ponudbe<\/a>? (Spletni obrazec za zahtevek za oceno): <strong>Da<\/strong><\/li>\n<li> Jasne informacije na spletnem mestu: <strong>Da,<\/strong> \u010deprav so njihove spletne strani videti nekoliko zastarele, opisujejo vse svoje storitve.<\/li>\n<li> \u010clanstvo v mednarodno priznanih organizacijah, ki se ukvarjajo z gibanjem: <strong>Da<\/strong>, (glej zgoraj)<\/li>\n<li> Seznam strank in\/ali pri\u010devanja prej\u0161njih strank. <strong>Ne,<\/strong> vendar imajo zelo dober ugled, ki temelji na njihovih pregledih na spletu.<\/li>\n<\/ol>\n<div itemprop=\"reviewRating\" itemscope itemtype=\"http:\/\/schema.org\/Rating\"><meta itemprop=\"worstRating\" content = \"0\" \/><meta itemprop=\"bestRating\" content=\"5\" \/><meta itemprop=\"ratingValue\" content=\"4.5\"><\/div>\n<p><strong>Skupna ocena: 4,5\/5<\/strong><br \/>\n<strong>Datum pregleda:<\/strong> <span itemprop=\"datePublished\" content=\"2017-01-25\">25\/01\/2017<\/span>\n<\/div>\n<p>Preberite ve\u010d o <a href=\"https:\/\/moverdb.com\/sl\/selitev-podjetja\/\">mednarodna selitvena podjetja<\/a>in na\u0161e <a href=\"https:\/\/moverdb.com\/sl\/pregledi\/\">postopek pregleda<\/a>.<\/p>\n<p><strong>Spletne strani:<\/strong> Globalno: <a href=\"http:\/\/www.nipponexpress.com\/\" target=\"_blank\" rel=\"noopener\">http:\/\/www.nipponexpress.com\/<\/a>, ZDA: <a href=\"https:\/\/nipponexpressusa.com\/\" target=\"_blank\" rel=\"noopener\">https:\/\/nipponexpressusa.com\/<\/a> in . <a href=\"https:\/\/moverdb.com\/sl\/moving-to-the-uk\/\" data-internallinksmanager029f6b8e52c=\"93\" title=\"Selitev v Zdru\u017eeno kraljestvo? 2022 \u017divljenjski stro\u0161ki in nasveti za selitev\">ZDRU\u017dENO KRALJESTVO<\/a>: <a href=\"http:\/\/www.nipponexpress.co.uk\/\" target=\"_blank\" rel=\"noopener\">http:\/\/www.nipponexpress.co.uk\/<\/a><\/p>","protected":false},"excerpt":{"rendered":"<p>Nippon Express is based in Tokyo, Japan. It offers its clients a variety of moving services. These are listed below together with a company profile and reviews. International Moves Personal move manager Door to door service Assistance with customs and documentation Full packing service, fragile items only or do-it-yourself packing Disassembly and reassembly of furniture [&hellip;]<\/p>\n","protected":false},"author":1,"featured_media":0,"parent":0,"menu_order":0,"comment_status":"closed","ping_status":"closed","template":"","meta":{"_genesis_hide_title":false,"_genesis_hide_breadcrumbs":false,"_genesis_hide_singular_image":false,"_genesis_hide_footer_widgets":false,"_genesis_custom_body_class":"","_genesis_custom_post_class":"","_genesis_layout":"","footnotes":""},"class_list":{"0":"post-1590","1":"page","2":"type-page","3":"status-publish","5":"entry"},"_links":{"self":[{"href":"https:\/\/moverdb.com\/sl\/wp-json\/wp\/v2\/pages\/1590","targetHints":{"allow":["GET"]}}],"collection":[{"href":"https:\/\/moverdb.com\/sl\/wp-json\/wp\/v2\/pages"}],"about":[{"href":"https:\/\/moverdb.com\/sl\/wp-json\/wp\/v2\/types\/page"}],"author":[{"embeddable":true,"href":"https:\/\/moverdb.com\/sl\/wp-json\/wp\/v2\/users\/1"}],"replies":[{"embeddable":true,"href":"https:\/\/moverdb.com\/sl\/wp-json\/wp\/v2\/comments?post=1590"}],"version-history":[{"count":4,"href":"https:\/\/moverdb.com\/sl\/wp-json\/wp\/v2\/pages\/1590\/revisions"}],"predecessor-version":[{"id":6226,"href":"https:\/\/moverdb.com\/sl\/wp-json\/wp\/v2\/pages\/1590\/revisions\/6226"}],"wp:attachment":[{"href":"https:\/\/moverdb.com\/sl\/wp-json\/wp\/v2\/media?parent=1590"}],"curies":[{"name":"wp","href":"https:\/\/api.w.org\/{rel}","templated":true}]}}