{"id":1578,"date":"2017-04-21T14:09:10","date_gmt":"2017-04-21T14:09:10","guid":{"rendered":"http:\/\/moverdb.com\/?page_id=1578"},"modified":"2026-01-08T14:40:13","modified_gmt":"2026-01-08T14:40:13","slug":"mediterranean-shipping-company","status":"publish","type":"page","link":"https:\/\/moverdb.com\/sl\/mediterranean-shipping-company\/","title":{"rendered":"Mediterranean Shipping Company - Mednarodne storitve in pregledi"},"content":{"rendered":"<p>Sredozemlje <a href=\"https:\/\/moverdb.com\/sl\/shipping-companies\/\" data-internallinksmanager029f6b8e52c=\"4\" title=\"10 najbolj\u0161ih mednarodnih podjetij za prevoz zabojnikov\">Ladjarsko podjetje<\/a> (MSC) svojim strankam ponuja \u0161iroko paleto ladijskih in drugih storitev. Te so navedene spodaj, skupaj s profilom podjetja in pregledi.<\/p>\n<h3>Mednarodna dostava<\/h3>\n<p><strong>Suhi tovor<\/strong><\/p>\n<ul>\n<li> Standardni 20 \u010devljev, 40 \u010devljev ali 40 \u010devljev visoki zabojniki v obliki kocke<\/li>\n<li> Prevelik in razsuti tovor<\/li>\n<li> Tedensko in redno po\u0161iljanje na svetovne destinacije<\/li>\n<li> Carinjenje in dokumentacija<\/li>\n<\/ul>\n<p><strong>Reeferski tovor<\/strong><\/p>\n<ul>\n<li> Prilagojene celovite transportne re\u0161itve<\/li>\n<li> Tedensko in redno po\u0161iljanje na svetovne destinacije<\/li>\n<li> Strokovno znanje o prevozu ohlajenega in zamrznjenega blaga<\/li>\n<li> Pregled pred vo\u017enjo: <\/li>\n<li> Posodo o\u010distite, da odstranite umazanijo in neprijetne vonjave.<\/li>\n<li> Preveri, ali notranjost posode ustreza specifikacijam za \u017eivila.<\/li>\n<li> preverja, ali stroji delujejo v skladu z industrijskim standardom.<\/li>\n<li> Prepri\u010dajte se, da je temperatura posode zni\u017eana na pravilno izbrano to\u010dko.<\/li>\n<li> Carinjenje in dokumentacija<\/li>\n<\/ul>\n<p><strong>Storitve zunaj merilnih naprav in prekucnine<\/strong><\/p>\n<ul>\n<li> Strokovna ekipa za logistiko projektnega tovora<\/li>\n<li> Nalaganje, privezovanje in zavarovanje tovora na kraju izvora. <a href=\"https:\/\/moverdb.com\/sl\/top-49-container-ports\/\" data-internallinksmanager029f6b8e52c=\"80\" title=\"Top 49 najve\u010djih in najbolj obremenjenih pristani\u0161\u010d za kontejnerje v letu 2025\">pristani\u0161\u010de<\/a> ali bli\u017enje skladi\u0161\u010de<\/li>\n<li> Zbiranje in dostava v notranjosti dr\u017eave z uporabo razli\u010dne opreme<\/li>\n<li> Ureditev obvestil o policiji\/celinskem prevozu, \u010de je to potrebno<\/li>\n<li> Plovba, pritrjevanje in skladi\u0161\u010denje v pristani\u0161\u010dih<\/li>\n<li> Posebna oprema<\/li>\n<li> Konkuren\u010dne cene<\/li>\n<li> Carinjenje in dokumentacija<\/li>\n<\/ul>\n<p><strong>Intermodalni prevoz<\/strong><\/p>\n<ul>\n<li> Od vrat do vrat<\/li>\n<li> Od tovarne do potro\u0161nika<\/li>\n<li> Kombinacija prevoznih sredstev, ki so na voljo za izpolnitev obveznosti dostave<\/li>\n<\/ul>\n<p><strong>Skladi\u0161\u010denje zabojnikov in tovora<\/strong><\/p>\n<ul>\n<li> Globalno omre\u017eje ter skladi\u0161\u010denje in shranjevanje<\/li>\n<li> Pomo\u010d pri vzpostavljanju distribucijske mre\u017ee<\/li>\n<li> Celovite storitve in zmogljivosti za skladi\u0161\u010denje v paketih, raztovarjanje in paletizacijo ter skladi\u0161\u010denje v razsutem stanju.<\/li>\n<\/ul>\n<p><strong>Navzkri\u017eno trgovanje<\/strong><\/p>\n<ul>\n<li> Po\u0161ljite iz poljubnega kraja izvora v poljuben namembni kraj<\/li>\n<li> Suhi tovor<\/li>\n<li> Referski tovor<\/li>\n<li> Izven mere<\/li>\n<li> Dragocen in nevaren tovor<\/li>\n<li> Ravnanje z dokumentacijo<\/li>\n<li> Sledenje<\/li>\n<li> Carinjenje<\/li>\n<\/ul>\n<p><strong>Tovorne prikolice<\/strong><\/p>\n<ul>\n<li> Trdna stran<\/li>\n<li> Plo\u0161\u010data postelja<\/li>\n<li> Samovozilo<\/li>\n<li> Nizki nakladalnik<\/li>\n<li> Prikolica za dvigovanje zabojnikov<\/li>\n<li> Prikolica za agregat<\/li>\n<\/ul>\n<p><strong>Oprema za zabojnike<\/strong><\/p>\n<ul>\n<li> 20 ft \/ 40 ft standardni in visoki zabojniki za kocke<\/li>\n<li> 20ft \/ 40ft zabojniki z odprtim pokrovom<\/li>\n<li> 20ft \/ 40ft in visoki zabojniki za refeferje<\/li>\n<li> 20ft \/ 40ft plo\u0161\u010dati tovornjaki<\/li>\n<li> 20ft \/ 40ft plo\u0161\u010dadi<\/li>\n<li> 20ft \/ 40ft zabojniki z odprtim pokrovom<\/li>\n<\/ul>\n<h2>Sredozemska ladjarska dru\u017eba (MSC)<\/h2>\n<p>Mediterranean Shipping Company je globalna ladjarska dru\u017eba v zasebni lasti. <a href=\"https:\/\/moverdb.com\/sl\/ladjarska-podjetja\/\">mednarodno ladjarsko podjetje<\/a> ki deluje \u017ee ve\u010d kot 40 let. V Neaplju jo je ustanovil Gianluigi Aponte, \u0161e vedno pa jo vodi dru\u017eina Aponte. Njen globalni sede\u017e je v <a href=\"https:\/\/moverdb.com\/sl\/moving-to-switzerland\/moving-to-geneva\/\" data-internallinksmanager029f6b8e52c=\"416\" title=\"Selitev v \u017denevo? 2023 \u017divljenjski stro\u0161ki in nasveti za selitev\">\u017deneva<\/a> ima 480 pisarn v 150 dr\u017eavah in zaposluje ve\u010d kot 60.000 ljudi po vsem svetu.<\/p>\n<p>Flota MSC \u0161teje 500 kontejnerskih plovil z zmogljivostjo pribli\u017eno 3,0 milijona TEU. Vsako leto se ustavi v 315 pristani\u0161\u010dih po vsem svetu in dostavi vse vrste tovora.<\/p>\n<p>Dru\u017eba Mediterranean Shipping Company ima naslednje akreditacije in povezave:<\/p>\n<ul>\n<li> Varnost \u010dlove\u0161kega \u017eivljenja na morju (SOLAS)<\/li>\n<li> Mednarodno zdru\u017eenje letalskih in pomorskih prevoznikov (IASA)<\/li>\n<li> <a href=\"https:\/\/moverdb.com\/sl\/mednarodna-zbornica-za-ladijski-promet\/\">Mednarodna pomorska zbornica<\/a> (<a href=\"https:\/\/moverdb.com\/sl\/international-chamber-shipping\/\" data-internallinksmanager029f6b8e52c=\"78\" title=\"Razlaga Mednarodne pomorske zbornice (ICS)\">ICS<\/a>)<\/li>\n<li> Zveza nacionalnih zdru\u017eenj ladijskih posrednikov in agentov (FONASBA)<\/li>\n<\/ul>\n<p><strong>Mnenja dru\u017ebe Mediterranean Shipping Company<\/strong><\/p>\n<p><em>V \u010dasu pisanja na spletu nismo na\u0161li nobenih pregledov za ladijske storitve dru\u017ebe Mediterranean Shipping Company.<\/em> <\/p>\n<div itemprop=\"review\" itemscope itemtype=\"http:\/\/schema.org\/Review\">\n<strong><span itemprop=\"author\" itemscope=\"\" itemtype=\"http:\/\/schema.org\/Organization\"><span itemprop=\"name\">MoverDB.com<\/span><\/span> Spletni pregled spletnega mesta za <span itemprop=\"itemreviewed\" itemscope=\"\" itemtype=\"http:\/\/schema.org\/Brand\"><span itemprop=\"name\">Sredozemska ladjarska dru\u017eba<\/span><\/span>:<\/strong><\/p>\n<ol>\n<li> Jasni kontaktni podatki na spletnem mestu (vklju\u010dno s telefonsko \u0161tevilko): <strong>Da<\/strong><\/li>\n<li> Enostavno pridobivanje <a href=\"https:\/\/moverdb.com\/sl\/container-shipping\/\" data-internallinksmanager029f6b8e52c=\"3\" title=\"Mednarodni cenik prevozov zabojnikov: maj 2026\">mednarodno po\u0161iljanje<\/a> citati? (Spletni obrazec za zahtevek za oceno): <strong>Da<\/strong><\/li>\n<li> Jasne informacije na spletnem mestu: <strong>Da,<\/strong> Na spletnem mestu je na voljo veliko informacij o mednarodnem po\u0161iljanju.<\/li>\n<li> \u010clanstvo v mednarodno priznanih organizacijah za pomorski promet: <strong>Da<\/strong>.<\/li>\n<li> Seznam strank in\/ali pri\u010devanja prej\u0161njih strank. <strong>Da,<\/strong> na svoji spletni strani imajo omejeno \u0161tevilo \u0161tudij primerov.<\/li>\n<\/ol>\n<div itemprop=\"reviewRating\" itemscope itemtype=\"http:\/\/schema.org\/Rating\"><meta itemprop=\"worstRating\" content = \"0\" \/><meta itemprop=\"bestRating\" content=\"5\" \/><meta itemprop=\"ratingValue\" content=\"5\"><\/div>\n<p><strong>Skupna ocena: 5\/5<\/strong><br \/>\n<strong>Datum pregleda:<\/strong> <span itemprop=\"datePublished\" content=\"2017-04-21\">21\/04\/2017<\/span>\n<\/div>\n<p>Ve\u010d o drugih <a href=\"https:\/\/moverdb.com\/sl\/ladjarska-podjetja\/\">mednarodna ladjarska podjetja<\/a>, <a href=\"https:\/\/moverdb.com\/sl\/kontejnersko-posiljanje\/\">cene prevoza zabojnikov<\/a> in na\u0161e <a href=\"https:\/\/moverdb.com\/sl\/pregledi\/\">postopek pregleda<\/a>.<\/p>\n<p><strong>Spletna stran:<\/strong> <a href=\"https:\/\/www.msc.com\/\" target=\"_blank\" rel=\"noopener\">https:\/\/www.msc.com\/<\/a><\/p>","protected":false},"excerpt":{"rendered":"<p>Mediterranean Shipping Company (MSC) offers its customers a wide range of shipping and other services. These are listed below, together with a company profile and reviews. International Shipping Dry Cargo Standard 20ft, 40ft or 40ft high cube containers Oversized and breakbulk cargo Weekly and regular shipping services to global destinations Customs clearance and documentation Reefer [&hellip;]<\/p>\n","protected":false},"author":1,"featured_media":0,"parent":0,"menu_order":0,"comment_status":"closed","ping_status":"closed","template":"","meta":{"_genesis_hide_title":false,"_genesis_hide_breadcrumbs":false,"_genesis_hide_singular_image":false,"_genesis_hide_footer_widgets":false,"_genesis_custom_body_class":"","_genesis_custom_post_class":"","_genesis_layout":"","footnotes":""},"class_list":{"0":"post-1578","1":"page","2":"type-page","3":"status-publish","5":"entry"},"_links":{"self":[{"href":"https:\/\/moverdb.com\/sl\/wp-json\/wp\/v2\/pages\/1578","targetHints":{"allow":["GET"]}}],"collection":[{"href":"https:\/\/moverdb.com\/sl\/wp-json\/wp\/v2\/pages"}],"about":[{"href":"https:\/\/moverdb.com\/sl\/wp-json\/wp\/v2\/types\/page"}],"author":[{"embeddable":true,"href":"https:\/\/moverdb.com\/sl\/wp-json\/wp\/v2\/users\/1"}],"replies":[{"embeddable":true,"href":"https:\/\/moverdb.com\/sl\/wp-json\/wp\/v2\/comments?post=1578"}],"version-history":[{"count":6,"href":"https:\/\/moverdb.com\/sl\/wp-json\/wp\/v2\/pages\/1578\/revisions"}],"predecessor-version":[{"id":13177,"href":"https:\/\/moverdb.com\/sl\/wp-json\/wp\/v2\/pages\/1578\/revisions\/13177"}],"wp:attachment":[{"href":"https:\/\/moverdb.com\/sl\/wp-json\/wp\/v2\/media?parent=1578"}],"curies":[{"name":"wp","href":"https:\/\/api.w.org\/{rel}","templated":true}]}}