{"id":1570,"date":"2017-02-24T09:05:40","date_gmt":"2017-02-24T09:05:40","guid":{"rendered":"http:\/\/moverdb.com\/?page_id=1570"},"modified":"2026-01-08T15:20:24","modified_gmt":"2026-01-08T15:20:24","slug":"mudanzas-gou","status":"publish","type":"page","link":"https:\/\/moverdb.com\/sl\/mudanzas-gou\/","title":{"rendered":"Mudanzas Gou - Mnenja o mednarodnih selitvah"},"content":{"rendered":"<p>Mudanzas Gou je mehi\u0161ki <a href=\"https:\/\/moverdb.com\/sl\/moving-companies\/\" data-internallinksmanager029f6b8e52c=\"79\" title=\"Top 25 Mednarodne selitve podjetja Online\">selitev podjetja<\/a> ki svojim strankam ponuja \u0161iroko paleto storitev, ki so navedene spodaj, skupaj s profilom podjetja in pregledi.<\/p>\n<p><strong>Mednarodni premiki<\/strong><\/p>\n<ul>\n<li> Od vrat do vrat<\/li>\n<li> Storitev popolnega pakiranja, pakiranja za krhko embala\u017eo ali pakiranja DIY<\/li>\n<li> Demonta\u017ea in ponovna monta\u017ea pohi\u0161tva<\/li>\n<li> Carinjenje in pomo\u010d pri urejanju dokumentacije<\/li>\n<li> Urejeno zavarovanje<\/li>\n<li> Na voljo je storitev razpakiranja<\/li>\n<li> Na voljo je kratkoro\u010dno in dolgoro\u010dno skladi\u0161\u010denje<\/li>\n<\/ul>\n<p><strong>Doma\u010di in dolgi premiki<\/strong><\/p>\n<ul>\n<li> Od vrat do vrat<\/li>\n<li> Storitev popolnega pakiranja, pakiranja za krhko embala\u017eo ali pakiranja DIY<\/li>\n<li> Demonta\u017ea in ponovna monta\u017ea pohi\u0161tva<\/li>\n<li> Urejeno zavarovanje<\/li>\n<li> Na voljo je storitev razpakiranja<\/li>\n<li> Na voljo sta dolgoro\u010dno in kratkoro\u010dno skladi\u0161\u010denje<\/li>\n<\/ul>\n<p><strong>Komercialni premiki<\/strong><\/p>\n<ul>\n<li> Po urah se gibljejo<\/li>\n<li> Logisti\u010dni na\u010drt<\/li>\n<li> IT, ki se premika<\/li>\n<li> razstavljanje in ponovno sestavljanje vsega pohi\u0161tva<\/li>\n<\/ul>\n<p><strong>Poseben prevoz in po\u0161iljanje<\/strong><\/p>\n<ul>\n<li> <a href=\"https:\/\/moverdb.com\/sl\/avto-transport-spedicija\/\">Avtomobili<\/a><\/li>\n<li> Vans<\/li>\n<li> Motorna kolesa<\/li>\n<li> Oklepna vozila<\/li>\n<li> Zbirna vozila<\/li>\n<li> Razli\u010dni stroji<\/li>\n<li> Motorni \u010dolni<\/li>\n<li> Jadrnice<\/li>\n<li> Medicinski pripomo\u010dki in bolni\u0161nice<\/li>\n<li> Izobra\u017eevalne ustanove<\/li>\n<li> Umetnine in starine<\/li>\n<li> Specializirana oprema<\/li>\n<\/ul>\n<p><strong>Shranjevanje<\/strong><\/p>\n<ul>\n<li> Dolgoro\u010dno in kratkoro\u010dno<\/li>\n<li> Varnost 24 ur na dan, 7 dni v tednu<\/li>\n<li> Inventarni sistem<\/li>\n<li> Na voljo je klimatska naprava<\/li>\n<li> Nadzor \u0161kodljivcev<\/li>\n<li> Po\u017earni sistem<\/li>\n<li> Shranjevanje arhivov<\/li>\n<\/ul>\n<h2>Profil podjetja Mudanzas Gou<\/h2>\n<p>Mudanzas Gou je eden najstarej\u0161ih <a href=\"https:\/\/moverdb.com\/sl\/moving-companies\/moving-companies-mexico\/\" data-internallinksmanager029f6b8e52c=\"288\" title=\"18 Najbolj\u0161a mednarodna selitvena podjetja v Mehiki\">selitev podjetja v Mehiki<\/a>, kjer se je za\u010dela leta 1900. Zdaj ima 10 pisarn v Mehiki in povezave z zastopniki po vsem svetu. Gou je bil ustanovni \u010dlan <a href=\"https:\/\/moverdb.com\/sl\/fidi-faim\/\" data-internallinksmanager029f6b8e52c=\"16\" title=\"Pojasnila o FIDI in FAIM (FIDI Accredited International Mover)\">FIDI<\/a>, OMNI, <a href=\"https:\/\/moverdb.com\/sl\/lacma\/\" data-internallinksmanager029f6b8e52c=\"28\" title=\"Zdru\u017eenje mednarodnih prevoznikov iz Latinske Amerike in Karibov (LACMA)\">LACMA<\/a>, AMI in <a href=\"https:\/\/moverdb.com\/sl\/amsa\/\" data-internallinksmanager029f6b8e52c=\"5\" title=\"Pojasnila o ameri\u0161kem zdru\u017eenju za selitve in skladi\u0161\u010denje (AMSA)\">AMSA<\/a>.<\/p>\n<p>Podjetje Gou se pona\u0161a z osebnimi storitvami in vztraja pri osebnem pogovoru z vsako stranko, da bi ji zagotovilo najbolj\u0161e mo\u017ene storitve. Vsa njegova vozila so opremljena s satelitskim sledenjem in jih natovori ter vozi lastno osebje.<\/p>\n<p>Mudanzas Gou ima naslednje akreditacije in povezave:<\/p>\n<ul>\n<li> <a href=\"https:\/\/moverdb.com\/sl\/fidi-faim\/\">Mednarodna federacija mednarodnih prevoznikov (F\u00e9d\u00e9ration Internationale des D\u00e9m\u00e9nageurs Internationaux)<\/a> (FIDI)<\/li>\n<li> Mednarodna mre\u017ea za selitve v tujini (OMNI)<\/li>\n<li> <a href=\"https:\/\/moverdb.com\/sl\/lacma\/\">Latinskoameri\u0161ko in karibsko zdru\u017eenje mednarodnih prevoznikov<\/a> (LACMA)<\/li>\n<li> <a href=\"https:\/\/moverdb.com\/sl\/hgfaa\/\">Zdru\u017eenje ameri\u0161kih \u0161pediterjev za gospodinjsko blago<\/a> (HHGFA)<\/li>\n<li> <a href=\"https:\/\/moverdb.com\/sl\/amsa\/\" target=\"_blank\" rel=\"noopener\">Ameri\u0161ko zdru\u017eenje za selitve in skladi\u0161\u010denje<\/a> (AMSA)<\/li>\n<li> Panameri\u0161ko zdru\u017eenje mednarodnih prevoznikov (PAIMA)<\/li>\n<li> <a href=\"https:\/\/moverdb.com\/sl\/fidi-faim\/\">FAIM<\/a><\/li>\n<li> Carinsko in trgovinsko partnerstvo proti terorizmu (C-PAT)<\/li>\n<\/ul>\n<h2>Mudanzas Gou Mnenja<\/h2>\n<p>Na spletu za Mudanzas Gou nismo na\u0161li nobenih pregledov v angle\u0161kem jeziku, prav tako se zdi, da na spletni strani nimajo pri\u010devanj strank.<\/p>\n<div itemprop=\"review\" itemscope itemtype=\"http:\/\/schema.org\/Review\">\n<span itemprop=\"author\" itemscope=\"\" itemtype=\"http:\/\/schema.org\/Organization\"><span itemprop=\"name\">MoverDB.com<\/span><\/span> Spletni pregled spletnega mesta za <span itemprop=\"itemreviewed\" itemscope=\"\" itemtype=\"http:\/\/schema.org\/Brand\"><span itemprop=\"name\">Mudanzas Gou<\/span><\/span>:<\/p>\n<ol>\n<li> Jasni kontaktni podatki na spletnem mestu (vklju\u010dno s telefonsko \u0161tevilko): <strong>Da<\/strong><\/li>\n<li> Enostavno pridobivanje <a href=\"https:\/\/moverdb.com\/sl\/citati\/\">premikanje ponudbe<\/a>? (Spletni obrazec za zahtevek za oceno): <strong>Da<\/strong><\/li>\n<li> Jasne informacije na spletnem mestu: <strong>Da,<\/strong> \u010deprav je osnovna, so njihove storitve opisane v angle\u0161\u010dini in \u0161pan\u0161\u010dini.<\/li>\n<li> \u010clanstvo v mednarodno priznanih organizacijah, ki se ukvarjajo z gibanjem: <strong>Da<\/strong>, (ve\u010d glej zgoraj)<\/li>\n<li> Seznam strank in\/ali pri\u010devanja prej\u0161njih strank: <strong>Ne,<\/strong> nismo na\u0161li nobenih pregledov ali pri\u010devanj strank.<\/li>\n<\/ol>\n<div itemprop=\"reviewRating\" itemscope itemtype=\"http:\/\/schema.org\/Rating\"><meta itemprop=\"worstRating\" content = \"0\" \/><meta itemprop=\"bestRating\" content=\"5\" \/><meta itemprop=\"ratingValue\" content=\"4\"><\/div>\n<p><strong>Skupna ocena: 4\/5<\/strong><br \/>\n<strong>Datum pregleda:<\/strong> <span itemprop=\"datePublished\" content=\"2017-02-24\">24\/02\/2017<\/span>\n<\/div>\n<p>Preberite ve\u010d o <a href=\"https:\/\/moverdb.com\/sl\/selitev-podjetja\/\">mednarodna selitvena podjetja<\/a> in na\u0161e <a href=\"https:\/\/moverdb.com\/sl\/pregledi\/\">postopek pregleda<\/a>.<\/p>\n<p><strong>Spletne strani:<\/strong> \u0160pan\u0161\u010dina: <a href=\"http:\/\/www.mudanzasgou.com.mx\/\" target=\"_blank\" rel=\"noopener\">http:\/\/www.mudanzasgou.com.mx\/<\/a> Angle\u0161\u010dina: <a href=\"http:\/\/www.mudanzasgou.com\/\" target=\"_blank\" rel=\"noopener\">http:\/\/www.mudanzasgou.com\/<\/a><\/p>","protected":false},"excerpt":{"rendered":"<p>Mudanzas Gou is a Mexican moving company which offers its clients a wide range of services which are listed below, together with a company profile and reviews. International Moves Door to door Full packing service, fragile packing or DIY packing Disassembly and reassembly of furniture Customs clearance and assistance with documentation Insurance arranged Unpacking service [&hellip;]<\/p>\n","protected":false},"author":1,"featured_media":0,"parent":0,"menu_order":0,"comment_status":"closed","ping_status":"closed","template":"","meta":{"_genesis_hide_title":false,"_genesis_hide_breadcrumbs":false,"_genesis_hide_singular_image":false,"_genesis_hide_footer_widgets":false,"_genesis_custom_body_class":"","_genesis_custom_post_class":"","_genesis_layout":"","footnotes":""},"class_list":{"0":"post-1570","1":"page","2":"type-page","3":"status-publish","5":"entry"},"_links":{"self":[{"href":"https:\/\/moverdb.com\/sl\/wp-json\/wp\/v2\/pages\/1570","targetHints":{"allow":["GET"]}}],"collection":[{"href":"https:\/\/moverdb.com\/sl\/wp-json\/wp\/v2\/pages"}],"about":[{"href":"https:\/\/moverdb.com\/sl\/wp-json\/wp\/v2\/types\/page"}],"author":[{"embeddable":true,"href":"https:\/\/moverdb.com\/sl\/wp-json\/wp\/v2\/users\/1"}],"replies":[{"embeddable":true,"href":"https:\/\/moverdb.com\/sl\/wp-json\/wp\/v2\/comments?post=1570"}],"version-history":[{"count":4,"href":"https:\/\/moverdb.com\/sl\/wp-json\/wp\/v2\/pages\/1570\/revisions"}],"predecessor-version":[{"id":6222,"href":"https:\/\/moverdb.com\/sl\/wp-json\/wp\/v2\/pages\/1570\/revisions\/6222"}],"wp:attachment":[{"href":"https:\/\/moverdb.com\/sl\/wp-json\/wp\/v2\/media?parent=1570"}],"curies":[{"name":"wp","href":"https:\/\/api.w.org\/{rel}","templated":true}]}}