{"id":1568,"date":"2017-02-01T16:22:03","date_gmt":"2017-02-01T16:22:03","guid":{"rendered":"http:\/\/moverdb.com\/?page_id=1568"},"modified":"2026-01-08T14:40:03","modified_gmt":"2026-01-08T14:40:03","slug":"leo-packers-movers","status":"publish","type":"page","link":"https:\/\/moverdb.com\/sl\/leo-packers-movers\/","title":{"rendered":"Leo Packers in Movers - International Moving Reviews"},"content":{"rendered":"<p>Leo Packers in Movers ima sede\u017e v Bangaloreju, <a href=\"https:\/\/moverdb.com\/sl\/moving-to-india\/\" data-internallinksmanager029f6b8e52c=\"356\" title=\"Selitev v Indijo? 2023 \u017divljenjski stro\u0161ki in nasveti za selitev\">Indija<\/a>. Podjetje svojim strankam ponuja \u0161iroko paleto storitev, ki so skupaj s profilom podjetja in pregledi navedene v nadaljevanju.<\/p>\n<p><strong>Mednarodni premiki<\/strong><\/p>\n<ul>\n<li> Od vrat do vrat<\/li>\n<li> Vrata do terminala<\/li>\n<li> Storitev popolnega pakiranja, pakiranje krhkih predmetov ali pakiranje \"naredi sam<\/li>\n<li> Demonta\u017ea in ponovna monta\u017ea pohi\u0161tva<\/li>\n<li> Na voljo je celotna storitev razpakiranja<\/li>\n<li> Odstranjevanje odpadkov<\/li>\n<li> Na voljo sta dolgoro\u010dno in kratkoro\u010dno skladi\u0161\u010denje<\/li>\n<li> Carinjenje in pomo\u010d pri urejanju dokumentacije'<\/li>\n<li> Letalski tovorni promet<\/li>\n<li> Pomorski tovor<\/li>\n<li> Urejeno zavarovanje<\/li>\n<\/ul>\n<p><strong>Stanovanjski selitve<\/strong><\/p>\n<ul>\n<li> Od vrat do vrat<\/li>\n<li> Na voljo je celotna storitev pakiranja<\/li>\n<li> Demonta\u017ea in ponovna monta\u017ea pohi\u0161tva<\/li>\n<li> Na voljo je storitev razpakiranja<\/li>\n<li> Odstranjevanje odpadkov<\/li>\n<li> Po meri izdelana kontejnerska vozila<\/li>\n<li> Dolgoro\u010dno in kratkoro\u010dno skladi\u0161\u010denje<\/li>\n<li> Urejeno zavarovanje<\/li>\n<\/ul>\n<p><strong>premestitev podjetja<\/strong><\/p>\n<ul>\n<li> Storitev od vrat do vrat<\/li>\n<li> Demonta\u017ea in ponovna monta\u017ea pohi\u0161tva<\/li>\n<li> Celovita storitev pakiranja<\/li>\n<li> Ustrezno ozna\u010devanje<\/li>\n<li> Postavitev delovnih postaj<\/li>\n<li> Premiki po urah in ob koncu tedna<\/li>\n<li> Odstranjevanje odpadkov<\/li>\n<\/ul>\n<p><strong>Shranjevanje<\/strong><\/p>\n<ul>\n<li> Individualne kabine po meri<\/li>\n<li> Brez prahu, brez termitov, brez vonja (nadzor nad \u0161kodljivci)<\/li>\n<li> Stavba RCC s prostori v prvem nadstropju<\/li>\n<li> Skladi\u0161\u010da v lastni lasti<\/li>\n<li> Celodnevna varnost<\/li>\n<li> Nadzor<\/li>\n<\/ul>\n<h2>Leo Packers in Movers Profil podjetja<\/h2>\n<p>Podjetje Leo Packers and Movers je svoja vrata odprlo leta 1975 v Bangaloreju v Indiji. Podjetje \u0161e vedno vodi dru\u017eina Shah, ki ga je ustanovila, zdaj pa zanj delajo \u017ee tri generacije. Podjetje je neodvisno podjetje za selitve in je v Indiji znano kot eno najbolj\u0161ih podjetij za selitve gospodinjstev in podjetij na lokalni, regionalni in mednarodni ravni.<\/p>\n<p>Dru\u017eba verjame v spodbujanje in ohranjanje dobrih odnosov s strankami. Zavedajo se, da so stro\u0161ki pomemben dejavnik, zato si prizadevajo za nizke cene, hkrati pa ohranjajo odli\u010dne storitve. Podjetje Leo Packers and Movers pravi, da je vsaka selitev druga\u010dna, zato je vsaka selitev prilagojena stranki.<\/p>\n<p>Leo Packers in Movers ima naslednje akreditacije in povezave: -<\/p>\n<ul>\n<li> Ni navedeno na spletni strani podjetja<\/li>\n<\/ul>\n<h2>Leo Packers in Movers Reviews<\/h2>\n<p><strong>Pozitivno:<\/strong><\/p>\n<ul>\n<li> <em>\"\u010clani ekipe se niso le dobro obna\u0161ali, ampak so se tudi dr\u017eali svoje naloge, bili osredoto\u010deni in potrpe\u017eljivo opravljali svoje delo.\"<\/em> rarami20000 via <a href=\"http:\/\/www.mouthshut.com\/review\/Leo-Packers-and-Movers-Hyderabad-review-mmqtqrslsnm\" target=\"_blank\" rel=\"noopener\">MouthShut.com<\/a>\n<\/ul>\n<p><strong>Negativno:<\/strong><\/p>\n<ul>\n<li> <em>\"Ti ljudje so najhuj\u0161i, najprej vam bodo vzeli denar, potem pa vas ne bodo nikoli poslu\u0161ali.\"<\/em> subbu2001978 via <a href=\"http:\/\/www.mouthshut.com\/review\/Leo-Packers-and-Movers-Hyderabad-review-sqtrrrmoqqm\" target=\"_blank\" rel=\"noopener\">MouthShut.com<\/a><\/li>\n<\/ul>\n<div itemprop=\"review\" itemscope itemtype=\"http:\/\/schema.org\/Review\">\n<span itemprop=\"author\" itemscope=\"\" itemtype=\"http:\/\/schema.org\/Organization\"><span itemprop=\"name\">MoverDB.com<\/span><\/span> Spletni pregled spletnega mesta za <span itemprop=\"itemreviewed\" itemscope=\"\" itemtype=\"http:\/\/schema.org\/Brand\"><span itemprop=\"name\">Leo Packers in Movers<\/span><\/span>:<\/p>\n<ol>\n<li> Jasni kontaktni podatki na spletnem mestu (vklju\u010dno s telefonsko \u0161tevilko): <strong>Da<\/strong><\/li>\n<li> Enostavno pridobivanje <a href=\"https:\/\/moverdb.com\/sl\/citati\/\">mednarodne selitvene ponudbe<\/a>? (Spletni obrazec za zahtevek za oceno): <strong>Da<\/strong><\/li>\n<li> Jasne informacije na spletnem mestu: <strong>Omejeno<\/strong> na spletnem mestu so na voljo le omejene informacije o njihovih storitvah.<\/li>\n<li> \u010clanstvo v mednarodno priznanih organizacijah, ki se ukvarjajo z gibanjem: <strong>Ni na seznamu<\/strong><\/li>\n<li> Seznam strank in\/ali pri\u010devanja prej\u0161njih strank. <strong>Ne,<\/strong> vendar imajo na voljo galerijo fotografij.<\/li>\n<\/ol>\n<div itemprop=\"reviewRating\" itemscope itemtype=\"http:\/\/schema.org\/Rating\"><meta itemprop=\"worstRating\" content = \"0\" \/><meta itemprop=\"bestRating\" content=\"5\" \/><meta itemprop=\"ratingValue\" content=\"3\"><\/div>\n<p><strong>Skupna ocena: 3\/5<\/strong><br \/>\n<strong>Datum pregleda:<\/strong> <span itemprop=\"datePublished\" content=\"2017-02-01\">01\/02\/2017<\/span>\n<\/div>\n<p>Preberite ve\u010d o <a href=\"https:\/\/moverdb.com\/sl\/selitev-podjetja\/\">mednarodna selitvena podjetja<\/a> in na\u0161e <a href=\"https:\/\/moverdb.com\/sl\/pregledi\/\">postopek pregleda<\/a>.<\/p>\n<p><strong>Spletna stran:<\/strong> <a href=\"http:\/\/www.leopackersindia.com\/\" target=\"_blank\" rel=\"noopener\">http:\/\/www.leopackersindia.com\/<\/a><\/p>","protected":false},"excerpt":{"rendered":"<p>Leo Packers and Movers is based in Bangalore, India. The company offers its customers a wide range of services which are listed below, together with a company profile and reviews. International Moves Door to door Door to terminal Full packing service, fragile items or DIY packing Dismantling and reassembly of furniture Full unpacking service available [&hellip;]<\/p>\n","protected":false},"author":1,"featured_media":0,"parent":0,"menu_order":0,"comment_status":"closed","ping_status":"closed","template":"","meta":{"_genesis_hide_title":false,"_genesis_hide_breadcrumbs":false,"_genesis_hide_singular_image":false,"_genesis_hide_footer_widgets":false,"_genesis_custom_body_class":"","_genesis_custom_post_class":"","_genesis_layout":"","footnotes":""},"class_list":{"0":"post-1568","1":"page","2":"type-page","3":"status-publish","5":"entry"},"_links":{"self":[{"href":"https:\/\/moverdb.com\/sl\/wp-json\/wp\/v2\/pages\/1568","targetHints":{"allow":["GET"]}}],"collection":[{"href":"https:\/\/moverdb.com\/sl\/wp-json\/wp\/v2\/pages"}],"about":[{"href":"https:\/\/moverdb.com\/sl\/wp-json\/wp\/v2\/types\/page"}],"author":[{"embeddable":true,"href":"https:\/\/moverdb.com\/sl\/wp-json\/wp\/v2\/users\/1"}],"replies":[{"embeddable":true,"href":"https:\/\/moverdb.com\/sl\/wp-json\/wp\/v2\/comments?post=1568"}],"version-history":[{"count":3,"href":"https:\/\/moverdb.com\/sl\/wp-json\/wp\/v2\/pages\/1568\/revisions"}],"predecessor-version":[{"id":13170,"href":"https:\/\/moverdb.com\/sl\/wp-json\/wp\/v2\/pages\/1568\/revisions\/13170"}],"wp:attachment":[{"href":"https:\/\/moverdb.com\/sl\/wp-json\/wp\/v2\/media?parent=1568"}],"curies":[{"name":"wp","href":"https:\/\/api.w.org\/{rel}","templated":true}]}}