{"id":1558,"date":"2017-07-10T10:38:01","date_gmt":"2017-07-10T10:38:01","guid":{"rendered":"http:\/\/moverdb.com\/?page_id=1558"},"modified":"2026-01-08T15:20:30","modified_gmt":"2026-01-08T15:20:30","slug":"packimpex","status":"publish","type":"page","link":"https:\/\/moverdb.com\/sl\/packimpex\/","title":{"rendered":"Packimpex - Mednarodna selitev in selitev Mnenja"},"content":{"rendered":"<p>Packimpex je podjetje za premestitev in <a href=\"https:\/\/moverdb.com\/sl\/international-removals\/\" data-internallinksmanager029f6b8e52c=\"27\" title=\"36 najbolj\u0161ih podjetij za mednarodne selitve v Zdru\u017eenem kraljestvu\">podjetje za selitve<\/a> s sede\u017eem v <a href=\"https:\/\/moverdb.com\/sl\/moving-to-bern\/\" data-internallinksmanager029f6b8e52c=\"262\" title=\"Selitev v Bern? 2023 \u017divljenjski stro\u0161ki in nasveti za selitev\">Bern<\/a>, <a href=\"https:\/\/moverdb.com\/sl\/moving-to-switzerland\/\" data-internallinksmanager029f6b8e52c=\"327\" title=\"Selitev v \u0160vico? 2023 \u017divljenjski stro\u0161ki in nasveti za selitev\">\u0160vica<\/a>. Svojim strankam ponuja vrsto storitev, ki so navedene spodaj, skupaj s profilom podjetja in pregledi.<\/p>\n<p><strong>Mednarodni premiki<\/strong><\/p>\n<ul>\n<li> Poseben vodja selitve<\/li>\n<li> Storitev popolnega pakiranja, delnega pakiranja ali pakiranja DIY<\/li>\n<li> Ve\u010djezi\u010dni pakirci<\/li>\n<li> embala\u017ea za ve\u010dkratno uporabo in recikliranje, kjer je to mogo\u010de.<\/li>\n<li> Letalski, cestni ali pomorski prevoz<\/li>\n<li> Premestitev hi\u0161nih ljubljen\u010dkov<\/li>\n<li> <a href=\"https:\/\/moverdb.com\/sl\/avto-transport-spedicija\/\">Avtomobili<\/a><\/li>\n<li> Dolgoro\u010dno in kratkoro\u010dno skladi\u0161\u010denje<\/li>\n<li> Pomo\u010d pri carinjenju in urejanju dokumentacije<\/li>\n<li> Na voljo je celotna storitev razpakiranja<\/li>\n<li> Urejeno zavarovanje<\/li>\n<\/ul>\n<p><strong>Destinacijske storitve - \u0160vica<\/strong><\/p>\n<ul>\n<li> Svetovanje<\/li>\n<li> Storitve za priseljevanje<\/li>\n<li> Orientacijski ogled<\/li>\n<li> Storitev ob prihodu<\/li>\n<li> Ureditev za\u010dasne nastanitve<\/li>\n<li> Iskanje na domu<\/li>\n<li> Pomo\u010d za izobra\u017eevanje in varstvo otrok<\/li>\n<li> Storitve namestitve<\/li>\n<li> Podporni program za vklju\u010devanje<\/li>\n<li> Avtomobili - uvoz ali nakup<\/li>\n<li> Premiki skupine<\/li>\n<li> Storitve ob odhodu<\/li>\n<\/ul>\n<p><strong>Korporativne stanovanjske storitve<\/strong><\/p>\n<ul>\n<li> Upravljanje rezervacij<\/li>\n<li> Upravljanje stanovanj<\/li>\n<li> Upravljanje izdatkov<\/li>\n<li> Podpora pri spremembi najemnika<\/li>\n<li> Zdru\u017eevanje korporativnih stanovanj<\/li>\n<li> Najem pohi\u0161tva<\/li>\n<li> Upravljanje pohi\u0161tva<\/li>\n<li> Opremljeni apartmaji od Packimpexa<\/li>\n<\/ul>\n<p><strong>Lokalni premiki<\/strong><\/p>\n<ul>\n<li> Od vrat do vrat<\/li>\n<li> Celovita storitev selitve<\/li>\n<li> Omejena poteza storitev<\/li>\n<li> Dolgoro\u010dno in kratkoro\u010dno skladi\u0161\u010denje<\/li>\n<li> Na voljo je storitev razpakiranja<\/li>\n<li> Zagotovljeno zavarovanje<\/li>\n<li> Odstranjevanje odpadkov<\/li>\n<\/ul>\n<h2>Profil podjetja Packimpex<\/h2>\n<p>Podjetje Packimpex se je leta 1977 za\u010delo ukvarjati z mednarodnimi selitvami in je danes vodilno na podro\u010dju mednarodnih selitev in preselitev v \u0160vici. Podjetje ima deset pisarn na razli\u010dnih lokacijah v \u0160vici in eno v <a href=\"https:\/\/moverdb.com\/sl\/moving-to-germany\/\" data-internallinksmanager029f6b8e52c=\"321\" title=\"Selitev v Nem\u010dijo? 2023 \u017divljenjski stro\u0161ki in nasveti za selitev\">Nem\u010dija<\/a>. Packimpex zaposluje ve\u010d kot 300 delavcev, ki so po njihovih besedah strokovnjaki na svojem podro\u010dju. Podjetje ima lastno akademijo za usposabljanje, da bi bilo na teko\u010dem z najnovej\u0161imi inovacijami v industriji selitev in preseljevanja.<\/p>\n<p>Ve\u010d kot 60% 100 najve\u010djih \u0161vicarskih podjetij uporablja Packimpex za lokalne selitve in premestitve osebja. Packimpex je del selitvene mre\u017ee UniGroup, ki mu omogo\u010da dostop do selitvenih podjetij v 63 dr\u017eavah in na 1200 lokacijah. Podjetje ima v lasti tudi 40 opremljenih stanovanj v ve\u010djih \u0161vicarskih mestih, ki jih oddaja podjetjem in njihovemu osebju v tujini.<\/p>\n<p>Packimpex je ponosen na svoj okolju prijazen poslovni model in svojo embala\u017eo reciklira, kjer je to mogo\u010de. Za zmanj\u0161anje oglji\u010dnega odtisa podjetja ima ves \u010das v teku razli\u010dne projekte za izravnavo oglji\u010dnega odtisa.<\/p>\n<p>Packimpex ima naslednje akreditacije in povezave:<\/p>\n<ul>\n<li> <a href=\"https:\/\/moverdb.com\/sl\/fidi-faim\/\">FIDI<\/a><\/li>\n<li> <a href=\"https:\/\/moverdb.com\/sl\/fidi-faim\/\" data-internallinksmanager029f6b8e52c=\"16\" title=\"Pojasnila o FIDI in FAIM (FIDI Accredited International Mover)\">FAIM<\/a>-ISO<\/li>\n<li> Mre\u017ea za premestitev UniGroup<\/li>\n<li> OMNI<\/li>\n<li> <a href=\"https:\/\/moverdb.com\/sl\/svet-za-premestitev-zaposlenih\/\">Svet za premestitev delavcev<\/a> (<a href=\"https:\/\/moverdb.com\/sl\/employee-relocation-council\/\" data-internallinksmanager029f6b8e52c=\"83\" title=\"Svet za premestitev zaposlenih (ERC) po svetu\">ERC<\/a>)<\/li>\n<li> <a href=\"https:\/\/moverdb.com\/sl\/eura\/\">Evropsko zdru\u017eenje za preseljevanje<\/a> (<a href=\"https:\/\/moverdb.com\/sl\/eura\/\" data-internallinksmanager029f6b8e52c=\"13\" title=\"Pojasnila o Evropskem zdru\u017eenju za preseljevanje (EuRA)\">EURA<\/a>)<\/li>\n<li> ISO 9001<\/li>\n<li> ISO 14001<\/li>\n<li> ISO 27001<\/li>\n<\/ul>\n<h2>Packimpex Mnenja<\/h2>\n<p><strong>Pozitivno:<\/strong><\/p>\n<p><em>\"Ti fantje so bili odli\u010dni. Nimam pojma o <a href=\"https:\/\/moverdb.com\/sl\/stroski-selitve\/\" target=\"_blank\" rel=\"noopener\">stro\u0161ki<\/a> saj je podjetje poskrbelo za to, vendar je bila njihova skrb pri pakiranju moje hi\u0161e v <a href=\"https:\/\/moverdb.com\/sl\/moving-to-london\/\" target=\"_blank\" rel=\"noopener\">London<\/a> in skrbnost, s katero so vse na tej strani ponovno sestavili, je bila odli\u010dna.\"<\/em> - prek <a href=\"https:\/\/www.englishforum.ch\/housing-general\/131431-packimpex-review.html\" target=\"_blank\" rel=\"noopener\">Angle\u0161ki forum \u0160vica<\/a><\/p>\n<p><strong>Negativno: <\/strong><\/p>\n<p><em>\"Izjemno slaba obravnava dogovorov o odhodu\"<\/em> - Anu prek <a href=\"https:\/\/www.facebook.com\/pg\/packimpex\/reviews\/?ref=page_internal\" target=\"_blank\" rel=\"noopener\">Facebook<\/a><\/p>\n<div itemprop=\"review\" itemscope itemtype=\"http:\/\/schema.org\/Review\">\n<span itemprop=\"author\" itemscope=\"\" itemtype=\"http:\/\/schema.org\/Organization\"><span itemprop=\"name\">MoverDB.com<\/span><\/span> Spletni pregled spletnega mesta za <span itemprop=\"itemreviewed\" itemscope=\"\" itemtype=\"http:\/\/schema.org\/Brand\"><span itemprop=\"name\">Packimpex<\/span><\/span>:<\/p>\n<ol>\n<li> Jasni kontaktni podatki na spletnem mestu (vklju\u010dno s telefonsko \u0161tevilko): <strong>Da<\/strong><\/li>\n<li> Enostavno pridobivanje <a href=\"https:\/\/moverdb.com\/sl\/citati\/\">mednarodne selitvene ponudbe<\/a>? (Spletni obrazec za zahtevek za oceno): <strong>Da<\/strong><\/li>\n<li> Jasne informacije na spletnem mestu: <strong>Da,<\/strong> Na spletni strani so bile jasno predstavljene vse storitve, ki jih ponujajo.<\/li>\n<li> \u010clanstvo v mednarodno priznanih organizacijah za mobilnost: <strong>Da<\/strong>, (glej zgoraj)<\/li>\n<li> Seznam strank in\/ali pri\u010devanja prej\u0161njih strank. <strong>Ne,<\/strong> vendar se zdi, da je ve\u010dina spletnih pregledov podjetja pozitivna.<\/li>\n<\/ol>\n<div itemprop=\"reviewRating\" itemscope itemtype=\"http:\/\/schema.org\/Rating\"><meta itemprop=\"worstRating\" content = \"0\" \/><meta itemprop=\"bestRating\" content=\"5\" \/><meta itemprop=\"ratingValue\" content=\"4.5\"><\/div>\n<p><strong>Skupna ocena: 4,5\/5<\/strong><br \/>\n<strong>Datum pregleda:<\/strong> <span itemprop=\"datePublished\" content=\"2017-07-10\">10\/07\/2017<\/span>\n<\/div>\n<p>Preberite ve\u010d o <a href=\"https:\/\/moverdb.com\/sl\/selitev-podjetja\/\">mednarodna selitvena podjetja<\/a> in na\u0161e <a href=\"https:\/\/moverdb.com\/sl\/pregledi\/\">pojasnilo o postopku pregleda<\/a>.<\/p>\n<p><strong>Spletna stran:<\/strong> <a href=\"http:\/\/www.packimpex.ch\/\" target=\"_blank\" rel=\"noopener\">http:\/\/www.packimpex.ch\/<\/a><\/p>","protected":false},"excerpt":{"rendered":"<p>Packimpex is a relocation and removal company based in Bern, Switzerland. It offers its clients a range of services which are listed below, together with a company profile and reviews. International Moves Dedicated move manager Full packing service, partial packing or DIY packing Multilingual packers Reusable and recyclable packing where possible Air, road or sea [&hellip;]<\/p>\n","protected":false},"author":1,"featured_media":0,"parent":0,"menu_order":0,"comment_status":"closed","ping_status":"closed","template":"","meta":{"_genesis_hide_title":false,"_genesis_hide_breadcrumbs":false,"_genesis_hide_singular_image":false,"_genesis_hide_footer_widgets":false,"_genesis_custom_body_class":"","_genesis_custom_post_class":"","_genesis_layout":"","footnotes":""},"class_list":{"0":"post-1558","1":"page","2":"type-page","3":"status-publish","5":"entry"},"_links":{"self":[{"href":"https:\/\/moverdb.com\/sl\/wp-json\/wp\/v2\/pages\/1558","targetHints":{"allow":["GET"]}}],"collection":[{"href":"https:\/\/moverdb.com\/sl\/wp-json\/wp\/v2\/pages"}],"about":[{"href":"https:\/\/moverdb.com\/sl\/wp-json\/wp\/v2\/types\/page"}],"author":[{"embeddable":true,"href":"https:\/\/moverdb.com\/sl\/wp-json\/wp\/v2\/users\/1"}],"replies":[{"embeddable":true,"href":"https:\/\/moverdb.com\/sl\/wp-json\/wp\/v2\/comments?post=1558"}],"version-history":[{"count":4,"href":"https:\/\/moverdb.com\/sl\/wp-json\/wp\/v2\/pages\/1558\/revisions"}],"predecessor-version":[{"id":6228,"href":"https:\/\/moverdb.com\/sl\/wp-json\/wp\/v2\/pages\/1558\/revisions\/6228"}],"wp:attachment":[{"href":"https:\/\/moverdb.com\/sl\/wp-json\/wp\/v2\/media?parent=1558"}],"curies":[{"name":"wp","href":"https:\/\/api.w.org\/{rel}","templated":true}]}}