{"id":1548,"date":"2017-02-01T15:00:53","date_gmt":"2017-02-01T15:00:53","guid":{"rendered":"http:\/\/moverdb.com\/?page_id=1548"},"modified":"2026-01-08T15:20:43","modified_gmt":"2026-01-08T15:20:43","slug":"sirva","status":"publish","type":"page","link":"https:\/\/moverdb.com\/sl\/sirva\/","title":{"rendered":"SIRVA - Mnenja o mednarodnih selitvah in premestitvah"},"content":{"rendered":"<p>SIRVA je globalno podjetje za selitve s sede\u017eem v <a href=\"https:\/\/moverdb.com\/sl\/moving-to-the-united-states\/moving-to-illinois\/\" data-internallinksmanager029f6b8e52c=\"401\" title=\"Selitev v Illinois? 2023 \u017divljenjski stro\u0161ki in nasveti za selitev\">Illinois<\/a>. Podjetjem in posameznikom ponuja razli\u010dne storitve selitve. Te so navedene spodaj skupaj s profilom podjetja in pregledi.<\/p>\n<p><strong>Mednarodni selitveni<\/strong><\/p>\n<ul>\n<li> Svetovna mre\u017ea virov za premikanje<\/li>\n<li> Spremljanje po\u0161iljke 24\/7<\/li>\n<li> Ogled hi\u0161e za ugotavljanje zahtev glede pakiranja itd.<\/li>\n<li> Urejeno zavarovanje<\/li>\n<li> Osebni koordinator vam bo pomagal pri pripravi zahtevane dokumentacije.<\/li>\n<li> Pakiranje in natovarjanje<\/li>\n<li> Carinjenje<\/li>\n<li> Dostava in razpakiranje<\/li>\n<li> Angle\u0161ko govore\u010di vodje posadke vam bodo na voljo ob dostavi.<\/li>\n<li> Vse predmete bomo skrbno raztovorili, jih primerjali z va\u0161im inventarnim seznamom in jih namestili v prave prostore.<\/li>\n<li> Krhki predmeti, kot so steklo in <a href=\"https:\/\/moverdb.com\/sl\/moving-to-china\/\" data-internallinksmanager029f6b8e52c=\"357\" title=\"Selitev na Kitajsko? 2023 \u017divljenjski stro\u0161ki in nasveti za selitev\">Kitajska<\/a>, se razpakira na ravnih povr\u0161inah.<\/li>\n<li> Iz va\u0161ega doma bomo hitro odstranili ves pakirni material in ostanke.<\/li>\n<\/ul>\n<p><strong>Storitve premestitve podjetij<\/strong><\/p>\n<ul>\n<li> Storitve namestitve<\/li>\n<li> Vizumi in delovna dovoljenja<\/li>\n<li> Iskanje \u0161ol in domov<\/li>\n<li> Kulturne informacije<\/li>\n<li> Pomo\u010d partnerja\/sorodnika<\/li>\n<li> Specializirano pakiranje<\/li>\n<\/ul>\n<p><strong>Storitve selitve<\/strong><\/p>\n<ul>\n<li> Selitev gospodinjstva<\/li>\n<li> Selitev podjetja<\/li>\n<li> Lokalna selitev<\/li>\n<li> Meddr\u017eavna selitev<\/li>\n<li> Mednarodna selitev<\/li>\n<li> Osebni na\u010drt selitve<\/li>\n<\/ul>\n<h2>Profil podjetja SIRVA<\/h2>\n<p>Podjetje Sirva Inc je bilo ustanovljeno leta 1997 in ponuja storitve selitve in preselitve podjetjem in posameznikom. Deluje v ve\u010d kot 170 dr\u017eavah v ve\u010d kot 1 400 mestih, njene severnoameri\u0161ke blagovne znamke pa vklju\u010dujejo <a href=\"https:\/\/moverdb.com\/sl\/allied-van-lines\/\">Allied Van Lines<\/a> in . <a href=\"https:\/\/moverdb.com\/sl\/north-american-van-lines\/\">North American Van Lines<\/a>.<\/p>\n<p>Sirva letno opravi pribli\u017eno 385.000 selitev v 43 dr\u017eavah po vsem svetu. Med njimi so tako korporativne stranke kot tudi voja\u0161ko in vladno osebje.<\/p>\n<p>Sirva ima naslednje akreditacije in povezave:<\/p>\n<ul>\n<li> <a href=\"https:\/\/moverdb.com\/sl\/iam\/\">Mednarodno zdru\u017eenje movers<\/a> (<a href=\"https:\/\/moverdb.com\/sl\/iam\/\" data-internallinksmanager029f6b8e52c=\"23\" title=\"Pojasnila o Mednarodnem zdru\u017eenju gibalcev (IAM)\">IAM<\/a>)<\/li>\n<\/ul>\n<h2>SIRVA Mnenja<\/h2>\n<p><strong>Pozitivno:<\/strong><\/p>\n<ul>\n<li> <em>\"Z mo\u017eem sva imela \u010dudovito izku\u0161njo z uporabo hipoteke Sirva za najino nedavno selitev.\"<\/em> Karlee prek <a href=\"https:\/\/www.reputada.com\/company\/sirva.com\" target=\"_blank\" rel=\"noopener\">Ugledna<\/a>.\n<\/ul>\n<p><strong>Negativno:<\/strong><\/p>\n<ul>\n<li> <em>\"Vse skupaj za moj odgovor, da se ne obravnava kot kakr\u0161no koli \"obrekovanje\", Bom posku\u0161al moj najte\u017eji, da samo prikazati, kaj se je zgodilo, posku\u0161a uporabiti kot nekaj navdu\u0161enih besed, kot bi lahko razumno pri\u010dakovati\" <\/em> - Lilaora prek <a href=\"https:\/\/www.trulia.com\/voices\/Home_Selling\/Has_anyone_dealt_with_a_relocation_firm_called_SIR-29232\" target=\"_blank\" rel=\"noopener\">Trulia<\/a>.\n<\/ul>\n<p>Za blagovne znamke SIRVA preberite tudi <a href=\"https:\/\/moverdb.com\/sl\/allied-van-lines\/\">Allied Van Lines pregledi<\/a> in . <a href=\"https:\/\/moverdb.com\/sl\/north-american-van-lines\/\">North American Van Lines pregledi<\/a>.<\/p>\n<div itemprop=\"review\" itemscope itemtype=\"http:\/\/schema.org\/Review\">\n<span itemprop=\"author\" itemscope=\"\" itemtype=\"http:\/\/schema.org\/Organization\"><span itemprop=\"name\">MoverDB.com<\/span><\/span> Spletni pregled spletnega mesta za <span itemprop=\"itemreviewed\" itemscope=\"\" itemtype=\"http:\/\/schema.org\/Brand\"><span itemprop=\"name\">SIRVA<\/span><\/span>:<\/p>\n<ol>\n<li> Jasni kontaktni podatki na spletnem mestu (vklju\u010dno s telefonsko \u0161tevilko): <strong>Da<\/strong><\/li>\n<li> Enostavno pridobivanje <a href=\"https:\/\/moverdb.com\/sl\/citati\/\">mednarodne selitvene ponudbe<\/a>? (Spletni obrazec za zahtevek za oceno): <strong>Da<\/strong><\/li>\n<li> Jasne informacije na spletnem mestu: <strong>Da,<\/strong> Na spletni strani so jasno predstavljene vse storitve, ki jih ponujajo.<\/li>\n<li> \u010clanstvo v mednarodno priznanih organizacijah, ki se ukvarjajo z gibanjem: <strong>Da<\/strong>, (\u010deprav samo IAM)<\/li>\n<li> Seznam strank in\/ali pri\u010devanja prej\u0161njih strank. <strong>Da,<\/strong> na svoji spletni strani imajo razdelek s \u0161tudijami primerov. Vendar pa je \u0161tevilo pregledov z vsega spleta omejeno, ve\u010dina pa je nevtralnih ali negativnih.<\/li>\n<\/ol>\n<div itemprop=\"reviewRating\" itemscope itemtype=\"http:\/\/schema.org\/Rating\"><meta itemprop=\"worstRating\" content = \"0\" \/><meta itemprop=\"bestRating\" content=\"5\" \/><meta itemprop=\"ratingValue\" content=\"4.5\"><\/div>\n<p><strong>Skupna ocena: 4,5\/5<\/strong><br \/>\n<strong>Datum pregleda:<\/strong> <span itemprop=\"datePublished\" content=\"2016-02-01\">01\/02\/2017<\/span>\n<\/div>\n<p>Preberite ve\u010d o <a href=\"https:\/\/moverdb.com\/sl\/selitev-podjetja\/\">mednarodni selitveni delavci<\/a> in na\u0161e <a href=\"https:\/\/moverdb.com\/sl\/pregledi\/\">postopek pregleda<\/a>.<\/p>\n<p><strong>Spletna stran:<\/strong> <a href=\"https:\/\/www.sirva.com\/\" target=\"_blank\" rel=\"noopener\">https:\/\/www.sirva.com\/<\/a> <\/p>","protected":false},"excerpt":{"rendered":"<p>SIRVA is a global relocation company with its head office in Illinois. It offers its corporate and individual clients a variety of moving services. These are listed below together with a company profile and reviews. International Moving Worldwide network of moving resources Track your shipment 24\/7 House survey to ascertain packing requirements etc Insurance arranged [&hellip;]<\/p>\n","protected":false},"author":1,"featured_media":0,"parent":0,"menu_order":0,"comment_status":"closed","ping_status":"closed","template":"","meta":{"_genesis_hide_title":false,"_genesis_hide_breadcrumbs":false,"_genesis_hide_singular_image":false,"_genesis_hide_footer_widgets":false,"_genesis_custom_body_class":"","_genesis_custom_post_class":"","_genesis_layout":"","footnotes":""},"class_list":{"0":"post-1548","1":"page","2":"type-page","3":"status-publish","5":"entry"},"_links":{"self":[{"href":"https:\/\/moverdb.com\/sl\/wp-json\/wp\/v2\/pages\/1548","targetHints":{"allow":["GET"]}}],"collection":[{"href":"https:\/\/moverdb.com\/sl\/wp-json\/wp\/v2\/pages"}],"about":[{"href":"https:\/\/moverdb.com\/sl\/wp-json\/wp\/v2\/types\/page"}],"author":[{"embeddable":true,"href":"https:\/\/moverdb.com\/sl\/wp-json\/wp\/v2\/users\/1"}],"replies":[{"embeddable":true,"href":"https:\/\/moverdb.com\/sl\/wp-json\/wp\/v2\/comments?post=1548"}],"version-history":[{"count":5,"href":"https:\/\/moverdb.com\/sl\/wp-json\/wp\/v2\/pages\/1548\/revisions"}],"predecessor-version":[{"id":6239,"href":"https:\/\/moverdb.com\/sl\/wp-json\/wp\/v2\/pages\/1548\/revisions\/6239"}],"wp:attachment":[{"href":"https:\/\/moverdb.com\/sl\/wp-json\/wp\/v2\/media?parent=1548"}],"curies":[{"name":"wp","href":"https:\/\/api.w.org\/{rel}","templated":true}]}}