{"id":1542,"date":"2017-02-01T16:45:14","date_gmt":"2017-02-01T16:45:14","guid":{"rendered":"http:\/\/moverdb.com\/?page_id=1542"},"modified":"2026-01-08T15:30:38","modified_gmt":"2026-01-08T15:30:38","slug":"vip-transport","status":"publish","type":"page","link":"https:\/\/moverdb.com\/sl\/vip-transport\/","title":{"rendered":"VIP Transport - Mednarodni selitveni pregledi"},"content":{"rendered":"<p>Sede\u017e podjetja VIP Transport je v mestu Corona v Kaliforniji. Podjetje svojim strankam ponuja razli\u010dne selitvene storitve, ki so navedene spodaj, skupaj s profilom podjetja in pregledi.<\/p>\n<p><strong>Mednarodni premiki<\/strong><\/p>\n<p>Storitve pred dodelitvijo<\/p>\n<ul>\n<li>Vizumi in storitve za priseljevanje<\/li>\n<li>Ogled potovanja in orientacija na obmo\u010dju<\/li>\n<li>Informacije o dr\u017eavi in kulturi<\/li>\n<\/ul>\n<p>Storitve selitve<\/p>\n<ul>\n<li>Na\u010drtovanje pred selitvijo<\/li>\n<li>Prevoz stvari<\/li>\n<li>Upravljanje selitve<\/li>\n<li>Sledenje po\u0161iljkam<\/li>\n<\/ul>\n<p>Mednarodne destinacijske storitve<\/p>\n<ul>\n<li>Kulturno in jezikovno usposabljanje<\/li>\n<li>Pomo\u010d \u0161olam<\/li>\n<li>Podpora partnerja\/skrbnika<\/li>\n<li>Uvajanje v storitev<\/li>\n<li>Pomo\u010d pri odhodu<\/li>\n<\/ul>\n<p>Storitve za\u0161\u010dite<\/p>\n<ul>\n<li>Multiplikator ute\u017ei<\/li>\n<li>Inventar visoke vrednosti<\/li>\n<li>Vrednoten inventar po postavkah<\/li>\n<\/ul>\n<p>Stanovanjska pomo\u010d<\/p>\n<ul>\n<li>Storitve iskanja domov<\/li>\n<li>Za\u010dasna nastanitev<\/li>\n<li>Upravljanje nepremi\u010dnin in najemnih razmerij<\/li>\n<\/ul>\n<p><strong>Premestitve domov<\/strong><\/p>\n<ul>\n<li>Lokalno, na dolge razdalje in mednarodno gibanje<\/li>\n<li>Skladi\u0161\u010denje in skladi\u0161\u010denje pod nadzorom klime<\/li>\n<li>Prepakiranje po meri<\/li>\n<li>Storitve pakiranja in razpakiranja<\/li>\n<li>Avtoprevozni\u0161tvo<\/li>\n<li>Priklju\u010ditev omre\u017eja, ra\u010dunalnika in gledali\u0161\u010da<\/li>\n<li>Nepremi\u010dninske storitve<\/li>\n<li>Storitve v belih rokavicah<\/li>\n<\/ul>\n<p><strong>premestitev podjetja<\/strong><\/p>\n<ul>\n<li>Osebni koordinator<\/li>\n<li>Od vrat do vrat<\/li>\n<li>Celovita storitev pakiranja in razpakiranja<\/li>\n<li>Dolgoro\u010dno in kratkoro\u010dno skladi\u0161\u010denje<\/li>\n<li>Iz\u010drpna poro\u010dila in sledenje izdatkom<\/li>\n<li>Ponudba stopenjskih storitev<\/li>\n<li>Prilagodljive storitve za porabo na podlagi nadomestil<\/li>\n<li>Letaki dobrodo\u0161lice po meri<\/li>\n<li>Spletno sledenje<\/li>\n<li>Poseben skrbnik ra\u010duna izklju\u010dno za zaposlene<\/li>\n<li>Za\u010dasna nastanitev<\/li>\n<\/ul>\n<p><strong>Posebne storitve<\/strong><\/p>\n<ul>\n<li>Storitve selitve in dostave vina<\/li>\n<li>Ume\u0161\u010danje po meri<\/li>\n<li>Storitev v belih rokavicah<\/li>\n<li>Zbirateljski predmeti visoke vrednosti<\/li>\n<li>Prevoz medicinske opreme<\/li>\n<li>Elektronika in robotika<\/li>\n<li>Gostinstvo in zdravstvo<\/li>\n<li>Glasba in zabava<\/li>\n<li>Letalska in vesoljska logistika<\/li>\n<li>Selitev \u0161portnikov in \u0161portnih ekip<\/li>\n<li>Storitev na Havajskih otokih<\/li>\n<li>Laboratorij, ki se premika<\/li>\n<li>Likovna umetnost in starine<\/li>\n<li>Voja\u0161ki in GSA<\/li>\n<li>Preselitve univerz in akademskih ustanov<\/li>\n<\/ul>\n<p><strong>Logistika<\/strong><\/p>\n<ul>\n<li>Logistika \/ LTL \/ tovornjaki<\/li>\n<li>Skladi\u0161\u010denje in distribucija<\/li>\n<li>Zmogljivosti flote<\/li>\n<li>Storitve za sejemske prireditve<\/li>\n<li>Komercialna selitev<\/li>\n<li>Storitve na plo\u0161\u010dati podlagi<\/li>\n<li>Storitve za pritrjevanje<\/li>\n<li><a href=\"https:\/\/moverdb.com\/sl\/container-shipping\/\" data-internallinksmanager029f6b8e52c=\"3\" title=\"Mednarodni cenik prevozov zabojnikov: april 2026\">Mednarodna dostava<\/a><\/li>\n<\/ul>\n<p><strong>Shranjevanje<\/strong><\/p>\n<ul>\n<li>Dolgoro\u010dno in kratkoro\u010dno<\/li>\n<li>Podnebno nadzorovana klima z minimalno UV-osvetlitvijo<\/li>\n<li>Zasebno skladi\u0161\u010denje vina<\/li>\n<li>24-urno varovanje<\/li>\n<li>Strogi po\u017earni, alarmni in varnostni testi<\/li>\n<li>Na voljo so zasebne klimatizirane sobe z varovanimi sistemi za vstop s kodo.<\/li>\n<\/ul>\n<h2>Profil podjetja VIP Transport<\/h2>\n<p>VIP Transport je del skupine UniGroup, ki je mati\u010dna dru\u017eba <a href=\"https:\/\/moverdb.com\/sl\/mayflower-transit\/\">Mayflower Transit<\/a> in . <a href=\"https:\/\/moverdb.com\/sl\/united-van-lines\/\">United Van Lines<\/a>. Podjetje, ki je za\u010delo delovati leta 1982, preva\u017ea ljudi in blago po vsem svetu, pri tem pa uporablja agencijsko mre\u017eo skupine UniGroup. <\/p>\n<p>V <a href=\"https:\/\/moverdb.com\/sl\/moving-to-the-united-states\/\" data-internallinksmanager029f6b8e52c=\"94\" title=\"Selitev v Zdru\u017eene dr\u017eave Amerike? 2022 \u017divljenjski stro\u0161ki in nasveti za selitev\">Zdru\u017eene dr\u017eave Amerike<\/a> samo v Sloveniji je na voljo 1.100 zastopnikov, na mednarodni ravni pa ve\u010d kot 1.350 zastopnikov. VIP Transport ima tudi dostop do 46 milijonov kvadratnih metrov skladi\u0161\u010dnih povr\u0161in, od katerih je 7 milijonov klimatiziranih.<\/p>\n<p>VIP Transport ima specializiran vozni park, ki vklju\u010duje prikolice z nadzorovano klimo, laboratorijske kombije na generatorski pogon in ploske postelje s posebnimi mo\u017enostmi nakladanja. Podjetje izvaja strog zeleni program, da bi \u010dim bolj zmanj\u0161alo svoj oglji\u010dni odtis.<br \/>\nVIP Transport ima naslednje akreditacije in povezave:<\/p>\n<ul>\n<li> <a href=\"https:\/\/moverdb.com\/sl\/amsa\/\">Ameri\u0161ko zdru\u017eenje za selitve in skladi\u0161\u010denje<\/a> (<a href=\"https:\/\/moverdb.com\/sl\/amsa\/\" data-internallinksmanager029f6b8e52c=\"5\" title=\"Pojasnila o ameri\u0161kem zdru\u017eenju za selitve in skladi\u0161\u010denje (AMSA)\">AMSA<\/a>)<\/li>\n<li> <a href=\"https:\/\/moverdb.com\/sl\/obrocnik\/\">ProMover<\/a><\/li>\n<li> Urad za bolj\u0161e poslovanje (BBB) A+<\/li>\n<li> Certifikat WBENC<\/li>\n<li> ISO 9001<\/li>\n<\/ul>\n<h2>VIP Transport Mnenja<\/h2>\n<p><strong>Pozitivno:<\/strong><\/p>\n<ul>\n<li> <em>\"The <a href=\"https:\/\/moverdb.com\/sl\/selitev-v-los-angeles\/\">Los Angeles<\/a> Dru\u017ebi Clippers in VIP Transport sta se v preteklih letih odli\u010dno ujeli. Vedno so nam bili pripravljeni pomagati pri selitvah ve\u010d klju\u010dnih igralcev in to so storili brez prito\u017eb katerega koli od igralcev.\"<\/em> - prek <a href=\"http:\/\/www.viptransport.com\/testimonials\/\" target=\"_blank\" rel=\"noopener\">Pri\u010devanje podjetja<\/a> stran.<\/li>\n<li> <em>\"Ti fantje dobijo oceno 10 od 10.  Od prvega stika do zaklju\u010dka dela smo prejeli \"A-1 Service\".  \"<\/em> - Robert prek <a href=\"https:\/\/www.yelp.com\/biz\/vip-transport-corona-6?hrid=nuC3r_2wy6HRLOm4owqitg&#038;utm_campaign=www_review_share_popup&#038;utm_medium=copy_link&#038;utm_source=(direct)\" target=\"_blank\" rel=\"noopener\">Yelp<\/a><\/li>\n<li> <em>\"Z VIP-om sem imel odli\u010dno izku\u0161njo!\"<\/em> - Michelle prek <a href=\"https:\/\/www.mymovingreviews.com\/movers\/vip-transport-781#53376\" target=\"_blank\" rel=\"noopener\">MyMovingReviews<\/a><\/li>\n<\/ul>\n<p><strong>Negativno:<\/strong><\/p>\n<ul>\n<li><em>\"\u017delim si, da bi jim lahko dal ni\u010d zvezdic.\"<\/em> - Nancy T prek <a href=\"https:\/\/www.yelp.com\/biz\/vip-transport-corona-6?hrid=DvJSu2LKWnFvj2WuqZXtoQ&#038;utm_campaign=www_review_share_popup&#038;utm_medium=copy_link&#038;utm_source=(direct)\" target=\"_blank\" rel=\"noopener\">Yelp<\/a><\/li>\n<li> <em>\"Za Mayflower\/VIP Transport sem se odlo\u010dil zaradi predstavnika, ki je pri\u0161el ocenit na kraj dogodka. Njegova pojasnila so bila zame najbolj smiselna glede na druge ocene. Vendar se je izkazalo, da je bila njegova ocena te\u017ee za 6 000 kilogramov vi\u0161ja od moje dejanske te\u017ee.\"<\/em> - Ruthie prek <a href=\"https:\/\/www.mymovingreviews.com\/movers\/vip-transport-781#50382\" target=\"_blank\" rel=\"noopener\">MyMovingReviews<\/a><\/li>\n<\/ul>\n<div itemprop=\"review\" itemscope itemtype=\"http:\/\/schema.org\/Review\">\n<span itemprop=\"author\" itemscope=\"\" itemtype=\"http:\/\/schema.org\/Organization\"><span itemprop=\"name\">MoverDB.com<\/span><\/span> Spletni pregled spletnega mesta za <span itemprop=\"itemreviewed\" itemscope=\"\" itemtype=\"http:\/\/schema.org\/Brand\"><span itemprop=\"name\">VIP prevozi<\/span><\/span>:<\/p>\n<ol>\n<li> Jasni kontaktni podatki na spletnem mestu (vklju\u010dno s telefonsko \u0161tevilko): <strong>Da<\/strong><\/li>\n<li> Enostavno pridobivanje <a href=\"https:\/\/moverdb.com\/sl\/citati\/\">mednarodne selitvene ponudbe<\/a>? (Spletni obrazec za zahtevek za oceno): <strong>Da<\/strong><\/li>\n<li> Jasne informacije na spletnem mestu: <strong>Da,<\/strong> na spletni strani je veliko podrobnih informacij o gibanju.<\/li>\n<li> \u010clanstvo v mednarodno priznanih organizacijah, ki se ukvarjajo z gibanjem: <strong>Da<\/strong>, (glej zgoraj)<\/li>\n<li> Seznam strank in\/ali pri\u010devanja prej\u0161njih strank. <strong>Da,<\/strong> na njihovi spletni strani je mogo\u010de najti veliko pozitivnih pri\u010devanj strank in imajo ve\u010dinoma pozitivne ocene drugje na spletu.<\/li>\n<\/ol>\n<div itemprop=\"reviewRating\" itemscope itemtype=\"http:\/\/schema.org\/Rating\"><meta itemprop=\"worstRating\" content = \"0\" \/><meta itemprop=\"bestRating\" content=\"5\" \/><meta itemprop=\"ratingValue\" content=\"5\"><\/div>\n<p><strong>Skupna ocena: 5\/5<\/strong><br \/>\n<strong>Datum pregleda:<\/strong> <span itemprop=\"datePublished\" content=\"2017-02-01\">01\/02\/2017<\/span>\n<\/div>\n<p>Preberite ve\u010d o <a href=\"https:\/\/moverdb.com\/sl\/selitev-podjetja\/\">mednarodna selitvena podjetja<\/a> in na\u0161e <a href=\"https:\/\/moverdb.com\/sl\/pregledi\/\">postopek pregleda<\/a>.<\/p>\n<p><strong>Spletne strani:<\/strong> <a href=\"http:\/\/www.viptransport.com\/\" target=\"_blank\" rel=\"noopener\">http:\/\/www.viptransport.com\/<\/a><\/p>","protected":false},"excerpt":{"rendered":"<p>VIP Transport&#8217;s head office is in Corona, CA. The company offers its clients a variety of moving services which are listed below, together with a company profile and reviews. International Moves Pre-assignment Services Visa and immigration services Preview trip and area orientation Country and culture information Moving Services Pre-move planning Transportation of belongings Managing the [&hellip;]<\/p>\n","protected":false},"author":1,"featured_media":0,"parent":0,"menu_order":0,"comment_status":"closed","ping_status":"closed","template":"","meta":{"_genesis_hide_title":false,"_genesis_hide_breadcrumbs":false,"_genesis_hide_singular_image":false,"_genesis_hide_footer_widgets":false,"_genesis_custom_body_class":"","_genesis_custom_post_class":"","_genesis_layout":"","footnotes":""},"class_list":{"0":"post-1542","1":"page","2":"type-page","3":"status-publish","5":"entry"},"_links":{"self":[{"href":"https:\/\/moverdb.com\/sl\/wp-json\/wp\/v2\/pages\/1542","targetHints":{"allow":["GET"]}}],"collection":[{"href":"https:\/\/moverdb.com\/sl\/wp-json\/wp\/v2\/pages"}],"about":[{"href":"https:\/\/moverdb.com\/sl\/wp-json\/wp\/v2\/types\/page"}],"author":[{"embeddable":true,"href":"https:\/\/moverdb.com\/sl\/wp-json\/wp\/v2\/users\/1"}],"replies":[{"embeddable":true,"href":"https:\/\/moverdb.com\/sl\/wp-json\/wp\/v2\/comments?post=1542"}],"version-history":[{"count":5,"href":"https:\/\/moverdb.com\/sl\/wp-json\/wp\/v2\/pages\/1542\/revisions"}],"predecessor-version":[{"id":6250,"href":"https:\/\/moverdb.com\/sl\/wp-json\/wp\/v2\/pages\/1542\/revisions\/6250"}],"wp:attachment":[{"href":"https:\/\/moverdb.com\/sl\/wp-json\/wp\/v2\/media?parent=1542"}],"curies":[{"name":"wp","href":"https:\/\/api.w.org\/{rel}","templated":true}]}}