{"id":1540,"date":"2017-02-26T17:21:37","date_gmt":"2017-02-26T17:21:37","guid":{"rendered":"http:\/\/moverdb.com\/?page_id=1540"},"modified":"2026-01-08T15:20:37","modified_gmt":"2026-01-08T15:20:37","slug":"royal-hawaiian-movers","status":"publish","type":"page","link":"https:\/\/moverdb.com\/sl\/royal-hawaiian-movers\/","title":{"rendered":"Royal Hawaiian Movers - Mednarodni Moving Mnenja"},"content":{"rendered":"<p>Royal Hawaiian Movers svojim strankam ponuja razli\u010dne lokalne, med oto\u0161ke in celinske premike. Njihove storitve so navedene spodaj, skupaj s profilom podjetja in pregledi.<\/p>\n<p><strong>Mednarodni, celinski in med oto\u0161ki premiki<\/strong><\/p>\n<ul>\n<li> Od vrat do vrat<\/li>\n<li >Storitev popolnega pakiranja, pakiranje samo krhkih predmetov ali pakiranje \"naredi sam<\/li>\n<li> Demonta\u017ea in ponovna monta\u017ea pohi\u0161tva<\/li>\n<li> Odstranitev in vzpostavitev IT<\/li>\n<li> Storitev razpakiranja<\/li>\n<li> Ureditev dolgoro\u010dnega in kratkoro\u010dnega skladi\u0161\u010denja<\/li>\n<li> Letalski ali pomorski tovor<\/li>\n<li> Urejeno zavarovanje<\/li>\n<\/ul>\n<p><strong>Lokalni in voja\u0161ki premiki<\/strong><\/p>\n<ul>\n<li> Od vrat do vrat<\/li>\n<li> Zagotovljeno embala\u017eno gradivo<\/li>\n<li> Dolgoro\u010dno in kratkoro\u010dno skladi\u0161\u010denje<\/li>\n<li> Na voljo je pakiranje celotne storitve ali pakiranje DIY<\/li>\n<li> Demonta\u017ea in ponovna monta\u017ea pohi\u0161tva<\/li>\n<li> Storitev razpakiranja<\/li>\n<li> Urejeno zavarovanje<\/li>\n<\/ul>\n<p><strong>Posebne selitvene storitve<\/strong><\/p>\n<ul>\n<li> Te\u017eki stroji<\/li>\n<li> Medicinske selitvene storitve<\/li>\n<li> Prevelika oprema<\/li>\n<\/ul>\n<p><strong>Namestitev<\/strong><\/p>\n<ul>\n<li> Hotel<\/li>\n<li> FF&amp;E (pohi\u0161tvo, napeljave in oprema)<\/li>\n<li> Pisarna<\/li>\n<li> Specialnost<\/li>\n<\/ul>\n<h2>Profil podjetja Royal Hawaiian Movers<\/h2>\n<p>Podjetje Royal Hawaiian Movers je leta 1982 ustanovil Richard L DeWitt. Podjetje je za\u010delo z eno pisarno v Honoluluju, ki je slu\u017eila vojski na otoku Oahu. \u0160e danes so vojaki jedro podjetja Royal Hawaiian Movers. Konec osemdesetih let se je podjetje odlo\u010dilo, da se bo raz\u0161irilo in se za\u010delo ukvarjati s tovornimi vozili in prevozi tovora. Podjetje ima zdaj vozni park z ve\u010d kot 60 vozili za selitve.<\/p>\n<p>Royal Hawaiian Movers so od takrat raz\u0161irili svojo dejavnost na stanovanjske, poslovne in voja\u0161ke premike na lokalni, med otoki in mednarodni ravni. Skupina podjetij DeWitt \u017ee ve\u010d kot 80 let preme\u0161\u010da ljudi in podjetja po vsem svetu, Royal Hawaiian Movers pa z veseljem prena\u0161a strokovno znanje, pridobljeno v teh desetletjih. <\/p>\n<p>Njihov etos je razviti zaupen odnos s strankami, da se bodo vra\u010dale na vsako selitev.<\/p>\n<p>Royal Hawaiian Movers ima naslednje akreditacije in povezave:<\/p>\n<ul>\n<li> <a href=\"https:\/\/moverdb.com\/sl\/obrocnik\/\">AMSA Pro Movers<\/a><\/li>\n<li> Certificirani svetovalci za selitev<\/li>\n<li> Vozniki s certifikatom za nevarne snovi<\/li>\n<li> Identifikacijska kartica delavca v prometu<\/li>\n<li> Urad za bolj\u0161e poslovanje (BBB)<\/li>\n<li> DeWitt Move Worldwide - \u010dlan <a href=\"https:\/\/moverdb.com\/sl\/iam\/\">IAM<\/a><\/li>\n<li> Licenca DOT #227698<\/li>\n<li> Licenca za prevoz motornih vozil DOT #165352<\/li>\n<li> DOT <a href=\"https:\/\/moverdb.com\/sl\/freight-forwarder\/\" data-internallinksmanager029f6b8e52c=\"17\" title=\"\u0160pediter in NVOCC Mednarodni vodnik po stro\u0161kih in podjetjih\">\u0160pediter<\/a> Licenca #003549<\/li>\n<\/ul>\n<h2>Royal Hawaiian Movers Mnenja<\/h2>\n<p><strong>Pozitivno:<\/strong><\/p>\n<ul>\n<li> <em>\"Selitev iz Honoluluja v <a href=\"https:\/\/moverdb.com\/sl\/moving-to-the-united-states\/moving-to-california\/\" data-internallinksmanager029f6b8e52c=\"330\" title=\"Selitev v Kalifornijo? 2023 \u017divljenjski stro\u0161ki in nasveti za selitev\">Kalifornija<\/a>, voja\u0161ki sklop <a href=\"https:\/\/moverdb.com\/sl\/moving-to-the-united-states\/\" data-internallinksmanager029f6b8e52c=\"94\" title=\"Selitev v Zdru\u017eene dr\u017eave Amerike? 2022 \u017divljenjski stro\u0161ki in nasveti za selitev\">nas<\/a> z Royal Hawaiian Movers... ***AMAZING*** storitev za stranke.... Bili so informativni, vljudni, urejeni in u\u010dinkoviti. Royal Hawaiian Movers je vse, kar potrebujete za svoje te\u017eave s selitvijo in prevozom!!!\"<\/em> - Kelly G <a href=\"http:\/\/royalhawaiianmovers.com\/our-difference\/what-customers-say\/\" target=\"_blank\" rel=\"noopener\">pri\u010devanje stranke<\/a><\/li>\n<li> <em>\"Strokoven in odli\u010dno je poskrbel za moje stvari. Selitev na celino... vendar so mi olaj\u0161ali odhod <a href=\"https:\/\/moverdb.com\/sl\/moving-to-the-united-states\/moving-to-hawaii\/\" data-internallinksmanager029f6b8e52c=\"403\" title=\"Selitev na Havaje? 2023 \u017divljenjski stro\u0161ki in nasveti za selitev\">Havaji<\/a>.\"<\/em> - Robin prek <a href=\"https:\/\/www.facebook.com\/pg\/RoyalHawaiianMV\/reviews\/\" target=\"_blank\" rel=\"noopener\">Facebook<\/a><\/li>\n<li> <em>\"Na splo\u0161no bi jih priporo\u010dil glede na ceno in kakovost storitev.\"<\/em> - Ryan prek <a href=\"https:\/\/www.yelp.com\/biz\/royal-hawaiian-movers-honolulu-2?hrid=ClTUD764MZQoXt6f0DBLoA&#038;utm_campaign=www_review_share_popup&#038;utm_medium=copy_link&#038;utm_source=(direct)\" target=\"_blank\" rel=\"noopener\">Yelp<\/a><\/li>\n<\/ul>\n<p><strong>Negativno:<\/strong><\/p>\n<ul>\n<li> <em>\"\u017dal mi je, da moram re\u010di, da so kraljevi havajski selitveni delavci grozni selitveni delavci! Razbili so nam stvari, nekaj stvari mojih starih star\u0161ev pa je izginilo.\"<\/em> - Sharon prek <a href=\"https:\/\/www.facebook.com\/pg\/RoyalHawaiianMV\/reviews\/\" target=\"_blank\" rel=\"noopener\">Facebook<\/a><\/li>\n<li> <em>\"S pakiranjem so pohiteli in opravili grozno delo. Veliko na\u0161ih stvari je bilo polomljenih in popolnoma uni\u010denih.\"<\/em> - Meghan prek <a href=\"https:\/\/www.yelp.com\/biz\/royal-hawaiian-movers-honolulu-2?hrid=2GCVIxDDbA41_6OusJ2KIQ&#038;utm_campaign=www_review_share_popup&#038;utm_medium=copy_link&#038;utm_source=(direct)\" target=\"_blank\" rel=\"noopener\">Yelp<\/a><\/li>\n<\/ul>\n<div itemprop=\"review\" itemscope itemtype=\"http:\/\/schema.org\/Review\">\n<span itemprop=\"author\" itemscope=\"\" itemtype=\"http:\/\/schema.org\/Organization\"><span itemprop=\"name\">MoverDB.com<\/span><\/span> Spletni pregled spletnega mesta za <span itemprop=\"itemreviewed\" itemscope=\"\" itemtype=\"http:\/\/schema.org\/Brand\"><span itemprop=\"name\">Royal Hawaiian Movers<\/span><\/span>:<\/p>\n<ol>\n<li> Jasni kontaktni podatki na spletnem mestu (vklju\u010dno s telefonsko \u0161tevilko): <strong>Da<\/strong><\/li>\n<li> Enostavno pridobivanje <a href=\"https:\/\/moverdb.com\/sl\/citati\/\">mednarodne selitvene ponudbe<\/a>? (Spletni obrazec za zahtevek za oceno): <strong>Da<\/strong><\/li>\n<li> Jasne informacije na spletnem mestu: <strong>Da,<\/strong> opisuje vse storitve, vendar brez pretiranih podrobnosti.<\/li>\n<li> \u010clanstvo v mednarodno priznanih organizacijah, ki se ukvarjajo z gibanjem: <strong>Da<\/strong>, (glej zgoraj)<\/li>\n<li> Seznam strank in\/ali pri\u010devanja prej\u0161njih strank: <strong>Da,<\/strong> in \u010deprav je na spletu nekaj negativnih pregledov, so najnovej\u0161i pregledi ve\u010dinoma pozitivni.<\/li>\n<\/ol>\n<div itemprop=\"reviewRating\" itemscope itemtype=\"http:\/\/schema.org\/Rating\"><meta itemprop=\"worstRating\" content = \"0\" \/><meta itemprop=\"bestRating\" content=\"5\" \/><meta itemprop=\"ratingValue\" content=\"4.5\"><\/div>\n<p><strong>Skupna ocena: 4,5\/5<\/strong><br \/>\n<strong>Datum pregleda:<\/strong> <span itemprop=\"datePublished\" content=\"2017-02-26\">26\/02\/2017<\/span>\n<\/div>\n<p>Preberite ve\u010d o <a href=\"https:\/\/moverdb.com\/sl\/selitev-podjetja\/\">mednarodna selitvena podjetja<\/a> in na\u0161e <a href=\"https:\/\/moverdb.com\/sl\/pregledi\/\">postopek pregleda<\/a>.<\/p>\n<p><strong>Spletna stran:<\/strong> <a href=\"http:\/\/royalhawaiianmovers.com\/\" target=\"_blank\" rel=\"noopener\">http:\/\/royalhawaiianmovers.com\/<\/a><\/p>","protected":false},"excerpt":{"rendered":"<p>Royal Hawaiian Movers offers its customers various local, inter island and mainland moves. Their services are listed below, together with a company profile and reviews. International, Mainland and Inter Island Moves Door to door Full packing service, fragile items only or DIY packing Disassembly and reassembly of furniture IT removal and set up Unpacking service [&hellip;]<\/p>\n","protected":false},"author":1,"featured_media":0,"parent":0,"menu_order":0,"comment_status":"closed","ping_status":"closed","template":"","meta":{"_genesis_hide_title":false,"_genesis_hide_breadcrumbs":false,"_genesis_hide_singular_image":false,"_genesis_hide_footer_widgets":false,"_genesis_custom_body_class":"","_genesis_custom_post_class":"","_genesis_layout":"","footnotes":""},"class_list":{"0":"post-1540","1":"page","2":"type-page","3":"status-publish","5":"entry"},"_links":{"self":[{"href":"https:\/\/moverdb.com\/sl\/wp-json\/wp\/v2\/pages\/1540","targetHints":{"allow":["GET"]}}],"collection":[{"href":"https:\/\/moverdb.com\/sl\/wp-json\/wp\/v2\/pages"}],"about":[{"href":"https:\/\/moverdb.com\/sl\/wp-json\/wp\/v2\/types\/page"}],"author":[{"embeddable":true,"href":"https:\/\/moverdb.com\/sl\/wp-json\/wp\/v2\/users\/1"}],"replies":[{"embeddable":true,"href":"https:\/\/moverdb.com\/sl\/wp-json\/wp\/v2\/comments?post=1540"}],"version-history":[{"count":7,"href":"https:\/\/moverdb.com\/sl\/wp-json\/wp\/v2\/pages\/1540\/revisions"}],"predecessor-version":[{"id":6234,"href":"https:\/\/moverdb.com\/sl\/wp-json\/wp\/v2\/pages\/1540\/revisions\/6234"}],"wp:attachment":[{"href":"https:\/\/moverdb.com\/sl\/wp-json\/wp\/v2\/media?parent=1540"}],"curies":[{"name":"wp","href":"https:\/\/api.w.org\/{rel}","templated":true}]}}