{"id":1538,"date":"2017-02-23T08:47:51","date_gmt":"2017-02-23T08:47:51","guid":{"rendered":"http:\/\/moverdb.com\/?page_id=1538"},"modified":"2026-01-08T15:20:39","modified_gmt":"2026-01-08T15:20:39","slug":"settelen","status":"publish","type":"page","link":"https:\/\/moverdb.com\/sl\/settelen\/","title":{"rendered":"Settelen - Mednarodna selitev in selitveni pregledi"},"content":{"rendered":"<p>Settelen je \u0161vicarsko podjetje s sede\u017eem v <a href=\"https:\/\/moverdb.com\/sl\/moving-to-basel\/\" data-internallinksmanager029f6b8e52c=\"263\" title=\"Selitev v Basel? 2023 \u017divljenjski stro\u0161ki in nasveti za selitev\">Basel<\/a>. Strankam ponuja vrsto selitvenih storitev, ki so navedene spodaj, skupaj s profilom podjetja in pregledi.<\/p>\n<p><strong>Mednarodni premiki in selitve<\/strong><\/p>\n<ul>\n<li> Poseben koordinator selitve<\/li>\n<li> Od vrat do vrat<\/li>\n<li> Storitev popolnega pakiranja, pakiranje samo krhkih predmetov ali pakiranje \"naredi sam<\/li>\n<li> razstavljanje in ponovno sestavljanje pohi\u0161tva itd.<\/li>\n<li> Prilagojeni zaboji<\/li>\n<li> Trgovina za pakiranje za potrebe pakiranja<\/li>\n<li> Na voljo je celotna storitev razpakiranja<\/li>\n<li> Pomo\u010d pri carini in dokumentaciji<\/li>\n<li> Urejeno zavarovanje<\/li>\n<li> Kratkoro\u010dno in dolgoro\u010dno skladi\u0161\u010denje<\/li>\n<\/ul>\n<p><strong>Lokalni in daljinski selitveni prevozi<\/strong><\/p>\n<ul>\n<li> Poseben koordinator selitve<\/li>\n<li> Od vrat do vrat<\/li>\n<li> Po potrebi je na voljo celotna storitev pakiranja<\/li>\n<li> razstavljanje in ponovno sestavljanje pohi\u0161tva itd.<\/li>\n<li> Po potrebi je na voljo celotna storitev razpakiranja<\/li>\n<li> Urejeno zavarovanje<\/li>\n<li> Na voljo je kratkoro\u010dno in dolgoro\u010dno skladi\u0161\u010denje<\/li>\n<li> Popolnoma zalo\u017eena prodajalna za vse predmete za pakiranje<\/li>\n<\/ul>\n<p><strong>Selitve podjetij<\/strong><\/p>\n<ul>\n<li> Posebna ekipa za selitev<\/li>\n<li> Od vrat do vrat<\/li>\n<li> Premik izven delovnega \u010dasa za zmanj\u0161anje motenj v poslovanju<\/li>\n<li> Demonta\u017ea in ponovna monta\u017ea pohi\u0161tva<\/li>\n<li> Odstranitev in ponovna namestitev IT<\/li>\n<li> Storitev popolnega ali delnega pakiranja<\/li>\n<li> Urejeno zavarovanje<\/li>\n<li> Na voljo je kratkoro\u010dno in dolgoro\u010dno skladi\u0161\u010denje<\/li>\n<li> Specializirano pakiranje<\/li>\n<li> Odstranjevanje te\u017ekih strojev<\/li>\n<li> Zunanje dvigalo<\/li>\n<\/ul>\n<p><strong>Posebni premiki<\/strong><\/p>\n<ul>\n<li> Sejmi in razstave<\/li>\n<li> Umetnine in starine<\/li>\n<li> Te\u017eki stroji<\/li>\n<li> Krhko blago<\/li>\n<li> Pianini in drugi glasbeni instrumenti<\/li>\n<li> Izvozno blago<\/li>\n<\/ul>\n<p><strong>Posebni prevozi<\/strong><\/p>\n<ul>\n<li> Za te\u017eke, nenavadne predmete in kraje<\/li>\n<li> Logistika in organizacija<\/li>\n<li> Izbira vozila<\/li>\n<li> Kartiranje poti<\/li>\n<li> Pridobitev potrebnih dovoljenj<\/li>\n<\/ul>\n<p><strong>Shranjevanje<\/strong><\/p>\n<ul>\n<li> Lesene posode<\/li>\n<li> Varnost 24 ur na dan, 7 dni v tednu<\/li>\n<li> Redni pregledi zabojnikov<\/li>\n<li> Na voljo sta posebno zavijanje in pakiranje<\/li>\n<\/ul>\n<p><strong>Settelen Najem vozila<\/strong><\/p>\n<ul>\n<li> Osebna vozila<\/li>\n<li> Kombiji in pickupi<\/li>\n<li> Mini avtobusi<\/li>\n<li> Vozila za posebne namene<\/li>\n<\/ul>\n<h2>Profil podjetja Settelen<\/h2>\n<p>Dru\u017eba Settelen AG ima sede\u017e v Baslu, <a href=\"https:\/\/moverdb.com\/sl\/moving-to-switzerland\/\" data-internallinksmanager029f6b8e52c=\"327\" title=\"Selitev v \u0160vico? 2023 \u017divljenjski stro\u0161ki in nasveti za selitev\">\u0160vica<\/a>. To podjetje v zasebni lasti je bilo ustanovljeno leta 1883. Njegova glavna dejavnost je prevoz in logistika, podrejeno pa se ukvarja z najemom vozil, avtobusnimi prevozi ter vzdr\u017eevanjem in popravili motornih vozil.<\/p>\n<p>Settelen organizira mednarodne, medkrajevne in lokalne selitve za posameznike in podjetja.<\/p>\n<p>Settelen ima naslednje akreditacije in povezave:<\/p>\n<ul>\n<li> <a href=\"https:\/\/moverdb.com\/sl\/fidi-faim\/\">Zveza mednarodnih selitvenih podjetij<\/a> (<a href=\"https:\/\/moverdb.com\/sl\/fidi-faim\/\" data-internallinksmanager029f6b8e52c=\"16\" title=\"Pojasnila o FIDI in FAIM (FIDI Accredited International Mover)\">FIDI<\/a>)<\/li>\n<li> \u0160vicarsko zdru\u017eenje za cestni promet (ASTAG)<\/li>\n<li> AGVS<\/li>\n<\/ul>\n<h2>Mnenja podjetja Settelen<\/h2>\n<p>Trenutno na spletu ni pregledov v angle\u0161kem jeziku za Settelen, \u010deprav ima na Google Reviews 4,1 zvezdice.<\/p>\n<div itemprop=\"review\" itemscope itemtype=\"http:\/\/schema.org\/Review\">\n<span itemprop=\"author\" itemscope=\"\" itemtype=\"http:\/\/schema.org\/Organization\"><span itemprop=\"name\">MoverDB.com<\/span><\/span> Spletni pregled spletnega mesta za <span itemprop=\"itemreviewed\" itemscope=\"\" itemtype=\"http:\/\/schema.org\/Brand\"><span itemprop=\"name\">Settelen<\/span><\/span>:<\/p>\n<ol>\n<li> Jasni kontaktni podatki na spletnem mestu (vklju\u010dno s telefonsko \u0161tevilko): <strong>Da<\/strong><\/li>\n<li> Enostavno pridobivanje <a href=\"https:\/\/moverdb.com\/sl\/citati\/\">mednarodne selitvene ponudbe<\/a>? (Spletni obrazec za zahtevek za oceno): <strong>Da<\/strong><\/li>\n<li> Jasne informacije na spletnem mestu: <strong>Omejeno<\/strong> na spletni strani so navedene storitve, vendar ne ponujajo veliko podrobnosti poleg tega.<\/li>\n<li> \u010clanstvo v mednarodno priznanih organizacijah, ki se ukvarjajo z gibanjem: <strong>Da<\/strong>, (glej zgoraj)<\/li>\n<li> Seznam strank in\/ali pri\u010devanja prej\u0161njih strank: <strong>Ne,<\/strong> in drugje je o njih na voljo le malo informacij.<\/li>\n<\/ol>\n<div itemprop=\"reviewRating\" itemscope itemtype=\"http:\/\/schema.org\/Rating\"><meta itemprop=\"worstRating\" content = \"0\" \/><meta itemprop=\"bestRating\" content=\"5\" \/><meta itemprop=\"ratingValue\" content=\"4\"><\/div>\n<p><strong>Skupna ocena: 4\/5<\/strong><br \/>\n<strong>Datum pregleda:<\/strong> <span itemprop=\"datePublished\" content=\"2017-02-23\">23\/02\/2017<\/span>\n<\/div>\n<p>Preberite ve\u010d o <a href=\"https:\/\/moverdb.com\/sl\/selitev-podjetja\/\">mednarodna selitvena podjetja<\/a> in na\u0161e <a href=\"https:\/\/moverdb.com\/sl\/pregledi\/\">postopek pregleda<\/a>.<\/p>\n<p><strong>Spletne strani:<\/strong> <a href=\"http:\/\/www.settelen.ch\/\" target=\"_blank\" rel=\"noopener\">http:\/\/www.settelen.ch\/<\/a><\/p>","protected":false},"excerpt":{"rendered":"<p>Settelen is Swiss company based in Basel. It offers its customers a range of moving services which are listed below, together with a company profile and reviews. International Moving &#038; Removals Dedicated move coordinator Door to door Full packing service, fragile items only or DIY packing Disassembly and reassembly of furniture etc Customised crates Removal [&hellip;]<\/p>\n","protected":false},"author":1,"featured_media":0,"parent":0,"menu_order":0,"comment_status":"closed","ping_status":"closed","template":"","meta":{"_genesis_hide_title":false,"_genesis_hide_breadcrumbs":false,"_genesis_hide_singular_image":false,"_genesis_hide_footer_widgets":false,"_genesis_custom_body_class":"","_genesis_custom_post_class":"","_genesis_layout":"","footnotes":""},"class_list":{"0":"post-1538","1":"page","2":"type-page","3":"status-publish","5":"entry"},"_links":{"self":[{"href":"https:\/\/moverdb.com\/sl\/wp-json\/wp\/v2\/pages\/1538","targetHints":{"allow":["GET"]}}],"collection":[{"href":"https:\/\/moverdb.com\/sl\/wp-json\/wp\/v2\/pages"}],"about":[{"href":"https:\/\/moverdb.com\/sl\/wp-json\/wp\/v2\/types\/page"}],"author":[{"embeddable":true,"href":"https:\/\/moverdb.com\/sl\/wp-json\/wp\/v2\/users\/1"}],"replies":[{"embeddable":true,"href":"https:\/\/moverdb.com\/sl\/wp-json\/wp\/v2\/comments?post=1538"}],"version-history":[{"count":3,"href":"https:\/\/moverdb.com\/sl\/wp-json\/wp\/v2\/pages\/1538\/revisions"}],"predecessor-version":[{"id":6236,"href":"https:\/\/moverdb.com\/sl\/wp-json\/wp\/v2\/pages\/1538\/revisions\/6236"}],"wp:attachment":[{"href":"https:\/\/moverdb.com\/sl\/wp-json\/wp\/v2\/media?parent=1538"}],"curies":[{"name":"wp","href":"https:\/\/api.w.org\/{rel}","templated":true}]}}