{"id":1528,"date":"2017-02-01T16:05:53","date_gmt":"2017-02-01T16:05:53","guid":{"rendered":"http:\/\/moverdb.com\/?page_id=1528"},"modified":"2026-01-08T15:20:40","modified_gmt":"2026-01-08T15:20:40","slug":"shipco-transport","status":"publish","type":"page","link":"https:\/\/moverdb.com\/sl\/shipco-transport\/","title":{"rendered":"Shipco Transport - Mnenja o mednarodnih selitvah"},"content":{"rendered":"<p>Dru\u017eba Shipco Transport ponuja storitve pomorskega in zra\u010dnega prevoza blaga profesionalnim prevoznikom gospodinjskih predmetov in podjetjem za selitve, ne pa posameznikom. Njegove storitve so navedene spodaj, skupaj s profilom podjetja in pregledi.<\/p>\n<p><strong>Mednarodni pretok gospodinjskega blaga<\/strong><\/p>\n<ul>\n<li> <a href=\"https:\/\/moverdb.com\/sl\/kontejnersko-posiljanje\/\">Mednarodni kontejnerski prevoz<\/a><\/li>\n<li>S profesionalnimi selitvenimi delavci za gospodinjske predmete<\/li>\n<li>S strokovnimi podjetji za selitev<\/li>\n<li>LCL<\/li>\n<li>FCL<\/li>\n<li>Letalski tovorni promet<\/li>\n<li>Na voljo je prevzem iz skladi\u0161\u010da pakirnice<\/li>\n<\/ul>\n<p><strong>Oceanski tovorni promet LCL<\/strong><\/p>\n<ul>\n<li>Zagotovljena nevtralna neposredna nedotaknjena konsolidacija z minimalnim ravnanjem s tovorom<\/li>\n<li>Posebne storitve za stranke, ki zagotavljajo prilagojene re\u0161itve<\/li>\n<li>Premijski prevozniki in konkuren\u010dne cene, povezane s svetovnimi voznimi redi v realnem \u010dasu<\/li>\n<\/ul>\n<p><strong>Oceanski tovorni promet FCL<\/strong><\/p>\n<ul>\n<li> Raznovrstne storitve z ve\u010d kot 40 pogodbami s pomorskimi prevozniki<\/li>\n<li> Popolna pokritost celinskega tovornega prometa v <a href=\"https:\/\/moverdb.com\/sl\/moving-to-the-united-states\/\" data-internallinksmanager029f6b8e52c=\"94\" title=\"Selitev v Zdru\u017eene dr\u017eave Amerike? 2022 \u017divljenjski stro\u0161ki in nasveti za selitev\">ZDA<\/a> iz ve\u010d kot 44.000 po\u0161tnih \u0161tevilk<\/li>\n<li> Hitra obdelava cen za vrata, rampe in <a href=\"https:\/\/moverdb.com\/sl\/top-49-container-ports\/\" data-internallinksmanager029f6b8e52c=\"80\" title=\"Top 49 najve\u010djih in najbolj obremenjenih pristani\u0161\u010d za kontejnerje v letu 2025\">pristani\u0161\u010de<\/a> storitve. Na tiso\u010de poti v nekaj trenutkih<\/li>\n<\/ul>\n<p><strong>Pomorski projekti in specializirani tovori<\/strong><\/p>\n<ul>\n<li>Storitve Break Bulk, RoRo, Out of Gauge in Reefer<\/li>\n<li>Prevoz prevelikega tovora, tovora z dovoljenjem in kontejnerjev po vsej dr\u017eavi<\/li>\n<li>Nalaganje, pakiranje in pritrjevanje<\/li>\n<li>Konkuren\u010dne cene prek na\u0161e obse\u017ene mre\u017ee pomorskih in zra\u010dnih prevoznikov, skladi\u0161\u010d, podjetij za prevoz blaga in \u017eerjavov<\/li>\n<li>Split\/Full Air Charters in po\u0161iljke OAG<\/li>\n<\/ul>\n<p><strong>Letalski tovorni promet<\/strong><\/p>\n<ul>\n<li>Pogodbe z ve\u010d kot 100 letalskimi dru\u017ebami.<\/li>\n<li>Prevzemnik<\/li>\n<li>Skladi\u0161\u010denje<\/li>\n<li>Storitve ozna\u010devanja in dokumentiranja<\/li>\n<li>Spremljanje naro\u010dil<\/li>\n<\/ul>\n<h2>Shipco Transport Profil podjetja<\/h2>\n<p>Shipco Transport Inc je h\u010derinsko podjetje dru\u017ebe Scan Group A\/S iz K\u00f8benhavna in je za\u010delo poslovati septembra 1988 v <a href=\"https:\/\/moverdb.com\/sl\/selitev-v-nc\/\">New York<\/a>. Je vodilni <a href=\"https:\/\/moverdb.com\/sl\/spediter\/\">NVOCC<\/a>. Njegov prvotni namen je bil sprejemati tovor FCL iz Azije. Danes se podjetje osredoto\u010da predvsem na konsolidacijo lahkih tovornih po\u0161iljk.<\/p>\n<p>Danes ima Shipco ve\u010d kot 75 pisarn v 30 dr\u017eavah po vsem svetu in zaposluje ve\u010d kot 2.200 ljudi. Shipco svojim strankam ponuja storitve pomorskega in zra\u010dnega tovornega prometa LCL in FCL.<\/p>\n<p>Dru\u017eba Shipco Transport ima naslednje akreditacije in povezave: -<\/p>\n<ul>\n<li><a href=\"https:\/\/moverdb.com\/sl\/iam\/\" target=\"_blank\" rel=\"noopener\">Mednarodno zdru\u017eenje movers<\/a> (<a href=\"https:\/\/moverdb.com\/sl\/iam\/\" data-internallinksmanager029f6b8e52c=\"23\" title=\"Pojasnila o Mednarodnem zdru\u017eenju gibalcev (IAM)\">IAM<\/a>)<\/li>\n<li>Skupine za skeniranje<\/li>\n<li>World Wide Alliance (WWA)<\/li>\n<li>Skupina Air Cargo Group<\/li>\n<\/ul>\n<h2>Pregledi dru\u017ebe Shipco Transport<\/h2>\n<p><strong>Pozitivno:<\/strong><\/p>\n<ul>\n<li><em>\"Vse, kar sem imel, sem po\u0161iljal iz San Diega v <a href=\"https:\/\/moverdb.com\/sl\/moving-companies\/moving-companies-honduras\/\" data-internallinksmanager029f6b8e52c=\"233\" title=\"2 Najbolj\u0161a mednarodna selitvena podjetja v Hondurasu\">Honduras<\/a>, Shipco je bil odli\u010den.\" <\/em>Madison K prek <a href=\"https:\/\/www.yelp.co.uk\/biz\/shipco-transport-long-beach?hrid=hfrOGEwsoHzhivf1ODT9DQ&#038;utm_campaign=www_review_share_popup&#038;utm_medium=copy_link&#038;utm_source=(direct)\" target=\"_blank\" rel=\"noopener\">Yelp<\/a>.\n<li><em>\"Res dobra storitev. Brez te\u017eav.\"<\/em> - Dawn C prek <a href=\"https:\/\/www.tryfleet.com\/freight-forwarder-profile\/shipco-transport-inc\" target=\"_blank\" rel=\"noopener\">Flota<\/a><\/li>\n<\/ul>\n<p><strong>Negativno:<\/strong><\/p>\n<ul>\n<li><em>\"Najslab\u0161e podjetje, s katerim sem se kdaj ukvarjal. Zadr\u017eevalo je mojo po\u0161iljko 2 tedna, \u010deprav je bila pla\u010dana v celoti, in je ni hotelo sprostiti.\" <\/em>Houman M prek <a href=\"https:\/\/www.yelp.co.uk\/biz\/shipco-transport-long-beach?hrid=0lZOxg3aNnePXUGvOv7fxw&#038;utm_campaign=www_review_share_popup&#038;utm_medium=copy_link&#038;utm_source=(direct)\" target=\"_blank\" rel=\"noopener\">Yelp<\/a><\/li>\n<\/ul>\n<div itemprop=\"review\" itemscope itemtype=\"http:\/\/schema.org\/Review\">\n<span itemprop=\"author\" itemscope=\"\" itemtype=\"http:\/\/schema.org\/Organization\"><span itemprop=\"name\">MoverDB.com<\/span><\/span> Spletni pregled spletnega mesta za <span itemprop=\"itemreviewed\" itemscope=\"\" itemtype=\"http:\/\/schema.org\/Brand\"><span itemprop=\"name\">Shipco Transport<\/span><\/span>:<\/p>\n<ol>\n<li> Jasni kontaktni podatki na spletnem mestu (vklju\u010dno s telefonsko \u0161tevilko): <strong>Da<\/strong><\/li>\n<li> Enostavno pridobivanje <a href=\"https:\/\/moverdb.com\/sl\/citati\/\">mednarodne selitvene ponudbe<\/a>? (Spletni obrazec za zahtevek za oceno): <strong>Da<\/strong><\/li>\n<li> Jasne informacije na spletnem mestu: <strong>Da,<\/strong> na spletnem mestu so opisane vse njihove storitve prevoza blaga in ladijskega prometa.<\/li>\n<li> \u010clanstvo v mednarodno priznanih organizacijah, ki se ukvarjajo z gibanjem: <strong>Da<\/strong>, (glej zgoraj)<\/li>\n<li> Seznam strank in\/ali pri\u010devanja prej\u0161njih strank. <strong>Ne,<\/strong> ni na njihovi spletni strani, vendar imajo na splo\u0161no pozitivne ocene.<\/li>\n<\/ol>\n<div itemprop=\"reviewRating\" itemscope itemtype=\"http:\/\/schema.org\/Rating\"><meta itemprop=\"worstRating\" content = \"0\" \/><meta itemprop=\"bestRating\" content=\"5\" \/><meta itemprop=\"ratingValue\" content=\"4\"><\/div>\n<p><strong>Skupna ocena: 4\/5<\/strong><br \/>\n<strong>Datum pregleda:<\/strong> <span itemprop=\"datePublished\" content=\"2017-02-01\">01\/02\/2017<\/span>\n<\/div>\n<p>Preberite ve\u010d o <a href=\"https:\/\/moverdb.com\/sl\/selitev-podjetja\/\">mednarodna selitvena podjetja<\/a>, <a href=\"https:\/\/moverdb.com\/sl\/ladjarska-podjetja\/\">podjetja za prevoz zabojnikov<\/a> in na\u0161e <a href=\"https:\/\/moverdb.com\/sl\/pregledi\/\">postopek pregleda<\/a>.<\/p>\n<p><strong>Spletna stran:<\/strong> <a href=\"https:\/\/www.shipco.com\/\" target=\"_blank\" rel=\"noopener\">https:\/\/www.shipco.com\/<\/a><\/p>","protected":false},"excerpt":{"rendered":"<p>Shipco Transport offers ocean and air freight services to professional household goods movers and relocation companies, not individuals. Its services are listed below, together with a company profile and reviews. International Movement of Household Goods International container shipping Through professional household goods movers Through professional relocation companies LCL FCL Airfreight Collection from packer&#8217;s warehouse available [&hellip;]<\/p>\n","protected":false},"author":1,"featured_media":0,"parent":0,"menu_order":0,"comment_status":"closed","ping_status":"closed","template":"","meta":{"_genesis_hide_title":false,"_genesis_hide_breadcrumbs":false,"_genesis_hide_singular_image":false,"_genesis_hide_footer_widgets":false,"_genesis_custom_body_class":"","_genesis_custom_post_class":"","_genesis_layout":"","footnotes":""},"class_list":{"0":"post-1528","1":"page","2":"type-page","3":"status-publish","5":"entry"},"_links":{"self":[{"href":"https:\/\/moverdb.com\/sl\/wp-json\/wp\/v2\/pages\/1528","targetHints":{"allow":["GET"]}}],"collection":[{"href":"https:\/\/moverdb.com\/sl\/wp-json\/wp\/v2\/pages"}],"about":[{"href":"https:\/\/moverdb.com\/sl\/wp-json\/wp\/v2\/types\/page"}],"author":[{"embeddable":true,"href":"https:\/\/moverdb.com\/sl\/wp-json\/wp\/v2\/users\/1"}],"replies":[{"embeddable":true,"href":"https:\/\/moverdb.com\/sl\/wp-json\/wp\/v2\/comments?post=1528"}],"version-history":[{"count":7,"href":"https:\/\/moverdb.com\/sl\/wp-json\/wp\/v2\/pages\/1528\/revisions"}],"predecessor-version":[{"id":6237,"href":"https:\/\/moverdb.com\/sl\/wp-json\/wp\/v2\/pages\/1528\/revisions\/6237"}],"wp:attachment":[{"href":"https:\/\/moverdb.com\/sl\/wp-json\/wp\/v2\/media?parent=1528"}],"curies":[{"name":"wp","href":"https:\/\/api.w.org\/{rel}","templated":true}]}}