{"id":14390,"date":"2023-11-08T15:56:30","date_gmt":"2023-11-08T15:56:30","guid":{"rendered":"https:\/\/moverdb.com\/freight-forwarder\/freight-forwarding-uk\/pontypool-freight-forwarder\/"},"modified":"2026-05-15T14:57:46","modified_gmt":"2026-05-15T14:57:46","slug":"pontypool-freight-forwarder","status":"publish","type":"page","link":"https:\/\/moverdb.com\/sl\/freight-forwarder\/freight-forwarding-uk\/pontypool-freight-forwarder\/","title":{"rendered":"1 Najbolj\u0161a \u0161pedicijska podjetja v Pontypoolu (2024)"},"content":{"rendered":"<p>V nadaljevanju si bomo ogledali 1 <em>\"najbolj\u0161e\"<\/em> \u0160pedicijska podjetja v Pontypoolu od 1.<\/p>\n<p>\u010ce \u017eelite izvedeti ve\u010d o tem, kako smo izbrali najbolj\u0161e, si na koncu oglejte razdelek Pogosta vpra\u0161anja.<\/p>\n<p><em>Prosimo, upo\u0161tevajte, da naslednji seznami niso razvr\u0161\u010deni po dolo\u010denem vrstnem redu in da ne priporo\u010damo nobenega podjetja.<\/em><\/p>\n<h2>Logisti\u010dne re\u0161itve za tovorni promet<\/h2>\n<p><img decoding=\"async\" src=\"https:\/\/moverdb.com\/wp-content\/uploads\/AF1QipNQ3vzrUc4bAQ-xfDZQk9n0gwB30l2Ue76CTmz0w408-h306-k-no.jpg\" alt='Logisti\u010dne re\u0161itve za tovorni promet' class=\"aligncenter\"><\/p>\n<p><strong>Opis iz podjetja: <\/strong>FLS je eden vodilnih digitalnih \u0161pediterjev v Zdru\u017eenem kraljestvu \/ upravljavec dobavne verige.<\/p>\n<p> Podjetje FLS ponuja logisti\u010dne re\u0161itve, ki izhajajo iz delovnih izku\u0161enj in strokovnega znanja na podro\u010dju operativne logistike, logistike dobavne verige in logistike tovora - s kon\u010dnim poslovnim ciljem izbolj\u0161ati raven prevoznih storitev na\u0161ih strank in hkrati zmanj\u0161ati stro\u0161ke.<\/p>\n<p>FLS ima obse\u017eno globalno mre\u017eo izbranih dobaviteljev in kakovostnih prevoznikov, kar pomeni, da imate koristi od bolj\u0161e razpolo\u017eljivosti, varnosti, zagotovljenih ravni storitev, ve\u010dje prilagodljivosti, sledljivosti in \u010dasovno omejenih dobav.<\/p>\n<p>FLS ponuja vrsto storitev, ki ustrezajo vsem potrebam strank po ravnanju s tovorom, od ob\u010dasnih prevozov do carinjenja in celovite zunanjega upravljanja prevozov na kraju samem.<\/p>\n<p><strong>Dodatne storitve:<\/strong><\/p>\n<p>kurirska slu\u017eba<\/p>\n<p>Carinski posrednik<\/p>\n<p>Carinski svetovalec<\/p>\n<p>Storitev dostave<\/p>\n<p>Logisti\u010dne storitve<\/p>\n<p>Prevozne storitve<\/p>\n<p>Avtoprevozni\u0161ko podjetje<\/p>\n<p><strong>Naslov:<\/strong> Skewfields, Lower Mill, Pontypool NP4 0XZ<\/p>\n<p><a href=\"http:\/\/www.freightlogisticssolutions.co.uk\/\" target=\"_new\" rel=\"noopener\">Spletna stran Freight Logistics Solutions<\/a><\/p>\n<p><strong>Ocena pregleda: <\/strong>4.1<br \/> <strong>\u0160tevilo pregledov:<\/strong> 33<br \/><a href=\"https:\/\/www.google.co.uk\/maps?cid=7228317167136296428&#038;hl=en&#038;gl=GB\" target=\"_new\" rel=\"noopener\">Preberi mnenja<\/a><\/p>\n<h2>Kako smo izbrali najbolj\u0161a \u0161pediterska podjetja iz Pontypoola<\/h2>\n<p>Za\u010deli smo z naborom podatkov 1 \u0161pediterskih podjetij Pontypool, ki smo jih na\u0161li prek Googlovih zemljevidov, in ga zo\u017eili na 1 najbolj\u0161e.<\/p>\n<p>Pri tem smo odstranili vsa podjetja, ki:<\/p>\n<ul>\n<li> ni imel spletne strani<\/li>\n<li> Ni bilo pregledov<\/li>\n<li> Povpre\u010dna ocena pregleda je bila ni\u017eja od 2,0<\/li>\n<\/ul>\n<p>\u010ce smo imeli 17 ali manj \u0161pediterjev, smo jih navedli vse.<\/p>\n<p>Za mesta, kjer je ostalo ve\u010d kot 17 posrednikov, smo opravili nadaljnje popravke, tako da smo zvi\u0161ali zahtevano oceno pregleda (npr. z najmanj 2,0 na 4,0) in\/ali pove\u010dali najmanj\u0161e \u0161tevilo zahtevanih pregledov (npr. z najmanj 1 pregleda na najmanj 10).<\/p>\n<p>Upo\u0161tevajte, da smo uporabili samo podatke o pregledih iz Google Maps in ne iz drugih spletnih mest tretjih oseb.<\/p>\n<p>Ve\u010d mest:<\/p>\n<p><a href=\"https:\/\/moverdb.com\/sl\/spediter\/freight-forwarding-uk\/stourbridge-freight-forwarder\/\">\u0160pediter Stourbridge<\/a><br \/><a href=\"https:\/\/moverdb.com\/sl\/spediter\/freight-forwarding-uk\/bourne-end-freight-forwarder\/\">\u0160pediter Bourne End<\/a><br \/><a href=\"https:\/\/moverdb.com\/sl\/spediter\/freight-forwarding-uk\/hartlepool-freight-forwarder\/\">\u0160pediter Hartlepool<\/a><br \/><a href=\"https:\/\/moverdb.com\/sl\/spediter\/freight-forwarding-uk\/dudley-freight-forwarder\/\">\u0160pediter Dudley<\/a><br \/><a href=\"https:\/\/moverdb.com\/sl\/spediter\/freight-forwarding-uk\/andover-freight-forwarder\/\">\u0160pediter Andover<\/a><\/p>","protected":false},"excerpt":{"rendered":"<p>Below we look at the 1 &#8220;best&#8221; Freight Forwarding companies in Pontypool out of 1. To learn more about how we chose the best please consult our FAQ section at the end. Please not the following listings are in no particular order and we are not making any recommendations for any particular company. Freight Logistics [&hellip;]<\/p>\n","protected":false},"author":1,"featured_media":0,"parent":13427,"menu_order":0,"comment_status":"open","ping_status":"open","template":"","meta":{"_genesis_hide_title":false,"_genesis_hide_breadcrumbs":false,"_genesis_hide_singular_image":false,"_genesis_hide_footer_widgets":false,"_genesis_custom_body_class":"","_genesis_custom_post_class":"","_genesis_layout":"","footnotes":""},"class_list":{"0":"post-14390","1":"page","2":"type-page","3":"status-publish","5":"entry"},"_links":{"self":[{"href":"https:\/\/moverdb.com\/sl\/wp-json\/wp\/v2\/pages\/14390","targetHints":{"allow":["GET"]}}],"collection":[{"href":"https:\/\/moverdb.com\/sl\/wp-json\/wp\/v2\/pages"}],"about":[{"href":"https:\/\/moverdb.com\/sl\/wp-json\/wp\/v2\/types\/page"}],"author":[{"embeddable":true,"href":"https:\/\/moverdb.com\/sl\/wp-json\/wp\/v2\/users\/1"}],"replies":[{"embeddable":true,"href":"https:\/\/moverdb.com\/sl\/wp-json\/wp\/v2\/comments?post=14390"}],"version-history":[{"count":1,"href":"https:\/\/moverdb.com\/sl\/wp-json\/wp\/v2\/pages\/14390\/revisions"}],"predecessor-version":[{"id":15618,"href":"https:\/\/moverdb.com\/sl\/wp-json\/wp\/v2\/pages\/14390\/revisions\/15618"}],"up":[{"embeddable":true,"href":"https:\/\/moverdb.com\/sl\/wp-json\/wp\/v2\/pages\/13427"}],"wp:attachment":[{"href":"https:\/\/moverdb.com\/sl\/wp-json\/wp\/v2\/media?parent=14390"}],"curies":[{"name":"wp","href":"https:\/\/api.w.org\/{rel}","templated":true}]}}