{"id":14356,"date":"2023-11-08T15:56:30","date_gmt":"2023-11-08T15:56:30","guid":{"rendered":"https:\/\/moverdb.com\/freight-forwarder\/freight-forwarding-uk\/burgess-hill-freight-forwarder\/"},"modified":"2026-01-08T14:51:02","modified_gmt":"2026-01-08T14:51:02","slug":"burgess-hill-freight-forwarder","status":"publish","type":"page","link":"https:\/\/moverdb.com\/sl\/freight-forwarder\/freight-forwarding-uk\/burgess-hill-freight-forwarder\/","title":{"rendered":"1 najbolj\u0161e \u0161pediterske dru\u017ebe Burgess Hill (2024)"},"content":{"rendered":"<p>V nadaljevanju si bomo ogledali 1 <em>\"najbolj\u0161e\"<\/em> \u0160pedicijska podjetja v Burgess Hill od 2.<\/p>\n<p>\u010ce \u017eelite izvedeti ve\u010d o tem, kako smo izbrali najbolj\u0161e, si na koncu oglejte razdelek Pogosta vpra\u0161anja.<\/p>\n<p><em>Prosimo, upo\u0161tevajte, da naslednji seznami niso razvr\u0161\u010deni po dolo\u010denem vrstnem redu in da ne priporo\u010damo nobenega podjetja.<\/em><\/p>\n<h2>ILG Mednarodna logisti\u010dna skupina Burgess Hill<\/h2>\n<p><img decoding=\"async\" src=\"https:\/\/moverdb.com\/wp-content\/uploads\/AF1QipPchpDQt__hmTYelUJUfnE0UTwPFqiKsBGgc7ckw426-h240-k-no.jpg\" alt='ILG Mednarodna logisti\u010dna skupina Burgess Hill' class=\"aligncenter\"><\/p>\n<p><strong>Opis iz podjetja: <\/strong>ILG je vodilno podjetje na trgu, specializirano za visokokakovostne storitve izpolnjevanja naro\u010dil in dostave.<\/p>\n<p> Specializiran je za pomo\u010d hitro rasto\u010dim vrhunskim blagovnim znamkam, pogosto v lepotnem, modnem in dobrem po\u010dutju.<\/p>\n<p><strong>Dodatne storitve:<\/strong><\/p>\n<p>kurirska slu\u017eba<\/p>\n<p>Distribucijska storitev<\/p>\n<p><strong>Naslov:<\/strong> Logistics House, Charles Ave, Burgess Hill RH15 9TQ<\/p>\n<p><a href=\"https:\/\/www.ilguk.com\/?utm_source=local&#038;utm_medium=organic&#038;utm_campaign=GMB&#038;utm_term=Burgess%20Hill\" target=\"_new\" rel=\"noopener\">Spletna stran ILG International Logistics Group Burgess Hill<\/a><\/p>\n<p><strong>Ocena pregleda: <\/strong>3.9<br \/> <strong>\u0160tevilo pregledov:<\/strong> 7<br \/><a href=\"https:\/\/www.google.co.uk\/maps?cid=18289672438486469647&#038;hl=en&#038;gl=GB\" target=\"_new\" rel=\"noopener\">Preberi mnenja<\/a><\/p>\n<h2>Kako smo izbrali najbolj\u0161a \u0161pediterska podjetja Burgess Hill<\/h2>\n<p>Za\u010deli smo z naborom podatkov dveh \u0161pediterskih podjetij Burgess Hill, ki smo jih lahko na\u0161li prek Googlovih zemljevidov, in ga zo\u017eili na 1 najbolj\u0161e.<\/p>\n<p>Pri tem smo odstranili vsa podjetja, ki:<\/p>\n<ul>\n<li> ni imel spletne strani<\/li>\n<li> Ni bilo pregledov<\/li>\n<li> Povpre\u010dna ocena pregleda je bila ni\u017eja od 2,0<\/li>\n<\/ul>\n<p>\u010ce smo imeli 17 ali manj \u0161pediterjev, smo jih navedli vse.<\/p>\n<p>Za mesta, kjer je ostalo ve\u010d kot 17 posrednikov, smo opravili nadaljnje popravke, tako da smo zvi\u0161ali zahtevano oceno pregleda (npr. z najmanj 2,0 na 4,0) in\/ali pove\u010dali najmanj\u0161e \u0161tevilo zahtevanih pregledov (npr. z najmanj 1 pregleda na najmanj 10).<\/p>\n<p>Upo\u0161tevajte, da smo uporabili samo podatke o pregledih iz Google Maps in ne iz drugih spletnih mest tretjih oseb.<\/p>\n<p>Ve\u010d mest:<\/p>\n<p><a href=\"https:\/\/moverdb.com\/sl\/spediter\/freight-forwarding-uk\/dewsbury-freight-forwarder\/\">Dewsbury \u0161pediter<\/a><br \/><a href=\"https:\/\/moverdb.com\/sl\/spediter\/freight-forwarding-uk\/amersham-freight-forwarder\/\">\u0160pediter Amersham<\/a><br \/><a href=\"https:\/\/moverdb.com\/sl\/spediter\/freight-forwarding-uk\/diss-freight-forwarder\/\">\u0160pediter Diss<\/a><br \/><a href=\"https:\/\/moverdb.com\/sl\/spediter\/freight-forwarding-uk\/south-croydon-freight-forwarder\/\">Ju\u017eni Croydon \u0161pediter<\/a><br \/><a href=\"https:\/\/moverdb.com\/sl\/spediter\/freight-forwarding-uk\/oakham-freight-forwarder\/\">\u0160pediter Oakham<\/a><\/p>","protected":false},"excerpt":{"rendered":"<p>Below we look at the 1 &#8220;best&#8221; Freight Forwarding companies in Burgess Hill out of 2. To learn more about how we chose the best please consult our FAQ section at the end. Please not the following listings are in no particular order and we are not making any recommendations for any particular company. ILG [&hellip;]<\/p>\n","protected":false},"author":1,"featured_media":0,"parent":13427,"menu_order":0,"comment_status":"open","ping_status":"open","template":"","meta":{"_genesis_hide_title":false,"_genesis_hide_breadcrumbs":false,"_genesis_hide_singular_image":false,"_genesis_hide_footer_widgets":false,"_genesis_custom_body_class":"","_genesis_custom_post_class":"","_genesis_layout":"","footnotes":""},"class_list":{"0":"post-14356","1":"page","2":"type-page","3":"status-publish","5":"entry"},"_links":{"self":[{"href":"https:\/\/moverdb.com\/sl\/wp-json\/wp\/v2\/pages\/14356","targetHints":{"allow":["GET"]}}],"collection":[{"href":"https:\/\/moverdb.com\/sl\/wp-json\/wp\/v2\/pages"}],"about":[{"href":"https:\/\/moverdb.com\/sl\/wp-json\/wp\/v2\/types\/page"}],"author":[{"embeddable":true,"href":"https:\/\/moverdb.com\/sl\/wp-json\/wp\/v2\/users\/1"}],"replies":[{"embeddable":true,"href":"https:\/\/moverdb.com\/sl\/wp-json\/wp\/v2\/comments?post=14356"}],"version-history":[{"count":1,"href":"https:\/\/moverdb.com\/sl\/wp-json\/wp\/v2\/pages\/14356\/revisions"}],"predecessor-version":[{"id":15546,"href":"https:\/\/moverdb.com\/sl\/wp-json\/wp\/v2\/pages\/14356\/revisions\/15546"}],"up":[{"embeddable":true,"href":"https:\/\/moverdb.com\/sl\/wp-json\/wp\/v2\/pages\/13427"}],"wp:attachment":[{"href":"https:\/\/moverdb.com\/sl\/wp-json\/wp\/v2\/media?parent=14356"}],"curies":[{"name":"wp","href":"https:\/\/api.w.org\/{rel}","templated":true}]}}