{"id":14232,"date":"2023-11-08T15:55:21","date_gmt":"2023-11-08T15:55:21","guid":{"rendered":"https:\/\/moverdb.com\/freight-forwarder\/freight-forwarding-uk\/swadlincote-freight-forwarder\/"},"modified":"2026-01-08T14:54:54","modified_gmt":"2026-01-08T14:54:54","slug":"swadlincote-freight-forwarder","status":"publish","type":"page","link":"https:\/\/moverdb.com\/sl\/freight-forwarder\/freight-forwarding-uk\/swadlincote-freight-forwarder\/","title":{"rendered":"1 Najbolj\u0161a \u0161pedicijska podjetja Swadlincote (2024)"},"content":{"rendered":"<p>V nadaljevanju si bomo ogledali 1 <em>\"najbolj\u0161e\"<\/em> \u0160pedicijska podjetja v Swadlincote od 1.<\/p>\n<p>\u010ce \u017eelite izvedeti ve\u010d o tem, kako smo izbrali najbolj\u0161e, si na koncu oglejte razdelek Pogosta vpra\u0161anja.<\/p>\n<p><em>Prosimo, upo\u0161tevajte, da naslednji seznami niso razvr\u0161\u010deni po dolo\u010denem vrstnem redu in da ne priporo\u010damo nobenega podjetja.<\/em><\/p>\n<h2>NTG Road UK Ltd.<\/h2>\n<p><img decoding=\"async\" src=\"https:\/\/moverdb.com\/wp-content\/uploads\/AF1QipOehRPim1y4rmjlolgkOEZp4s3tlLJQVoHeje_ew531-h240-k-no.jpg\" alt='NTG Road UK Ltd.' class=\"aligncenter\"><\/p>\n<p><strong>Opis iz podjetja: <\/strong>Na\u0161 cilj je ustvariti vrednost za vas s pravimi prevoznimi re\u0161itvami, zato vam ponujamo kompetentno pomo\u010d z na\u0161imi dolgoletnimi izku\u0161njami v panogi.<\/p>\n<p>Na\u0161e ekipe izku\u0161enih operaterjev so klju\u010d do na\u0161ega uspeha, vsaka ekipa pa prina\u0161a edinstveno znanje o \u0161pediciji in logistiki.<\/p>\n<p> Ekipe so navdu\u0161ene in jih vodi pristop \"lahko naredimo\", ki zagotavlja odli\u010dne in zanesljive storitve.<\/p>\n<p>Na\u0161e storitve opravljamo na podlagi velikega in raznolikega voznega parka ter zaupanja vrednih podizvajalcev.<\/p>\n<p> Prizadevamo si za dolgotrajna partnerstva, zato negujemo odnose z dobavitelji in sodelujemo z vzajemnim spo\u0161tovanjem.<\/p>\n<p>Kot stranka NTG se boste po\u010dutili udobno, saj boste vedeli, da je za vse poskrbljeno.<\/p>\n<p><strong>Dodatne storitve:<\/strong><\/p>\n<p>Ni na seznamu<\/p>\n<p><strong>Naslov:<\/strong> Oaktree Business Park, Unit 1a &amp; 2a, Cadley Hill Rd, Swadlincote DE11 9DJ<\/p>\n<p><a href=\"http:\/\/ntgroad.co.uk\/\" target=\"_new\" rel=\"noopener\">Spletna stran NTG Road UK Ltd.<\/a><\/p>\n<p><strong>Ocena pregleda: <\/strong>2.3<br \/> <strong>\u0160tevilo pregledov:<\/strong> 3<br \/><a href=\"https:\/\/www.google.co.uk\/maps?cid=15706330275124395423&#038;hl=en&#038;gl=GB\" target=\"_new\" rel=\"noopener\">Preberi mnenja<\/a><\/p>\n<h2>Kako smo izbrali najbolj\u0161a \u0161pediterska podjetja Swadlincote<\/h2>\n<p>Za\u010deli smo z naborom podatkov 1 \u0161pediterskih podjetij Swadlincote, ki smo jih na\u0161li prek Googlovih zemljevidov, in ga zo\u017eili na 1 najbolj\u0161e.<\/p>\n<p>Pri tem smo odstranili vsa podjetja, ki:<\/p>\n<ul>\n<li> ni imel spletne strani<\/li>\n<li> Ni bilo pregledov<\/li>\n<li> Povpre\u010dna ocena pregleda je bila ni\u017eja od 2,0<\/li>\n<\/ul>\n<p>\u010ce smo imeli 17 ali manj \u0161pediterjev, smo jih navedli vse.<\/p>\n<p>Za mesta, kjer je ostalo ve\u010d kot 17 posrednikov, smo opravili nadaljnje popravke, tako da smo zvi\u0161ali zahtevano oceno pregleda (npr. z najmanj 2,0 na 4,0) in\/ali pove\u010dali najmanj\u0161e \u0161tevilo zahtevanih pregledov (npr. z najmanj 1 pregleda na najmanj 10).<\/p>\n<p>Upo\u0161tevajte, da smo uporabili samo podatke o pregledih iz Google Maps in ne iz drugih spletnih mest tretjih oseb.<\/p>\n<p>Ve\u010d mest:<\/p>\n<p><a href=\"https:\/\/moverdb.com\/sl\/spediter\/freight-forwarding-uk\/coggeshall,-essex-freight-forwarder\/\">Coggeshall, Essex \u0160pediter<\/a><br \/><a href=\"https:\/\/moverdb.com\/sl\/spediter\/freight-forwarding-uk\/tonbridge-freight-forwarder\/\">Tonbridge \u0161pediter<\/a><br \/><a href=\"https:\/\/moverdb.com\/sl\/spediter\/freight-forwarding-uk\/billingshurst-freight-forwarder\/\">Billingshurst \u0161pediter<\/a><br \/><a href=\"https:\/\/moverdb.com\/sl\/spediter\/freight-forwarding-uk\/antrim-freight-forwarder\/\">Antrim \u0161pediter<\/a><br \/><a href=\"https:\/\/moverdb.com\/sl\/spediter\/freight-forwarding-uk\/littlehampton-freight-forwarder\/\">Littlehampton \u0161pediter<\/a><\/p>","protected":false},"excerpt":{"rendered":"<p>Below we look at the 1 &#8220;best&#8221; Freight Forwarding companies in Swadlincote out of 1. To learn more about how we chose the best please consult our FAQ section at the end. Please not the following listings are in no particular order and we are not making any recommendations for any particular company. NTG Road [&hellip;]<\/p>\n","protected":false},"author":1,"featured_media":0,"parent":13427,"menu_order":0,"comment_status":"open","ping_status":"open","template":"","meta":{"_genesis_hide_title":false,"_genesis_hide_breadcrumbs":false,"_genesis_hide_singular_image":false,"_genesis_hide_footer_widgets":false,"_genesis_custom_body_class":"","_genesis_custom_post_class":"","_genesis_layout":"","footnotes":""},"class_list":{"0":"post-14232","1":"page","2":"type-page","3":"status-publish","5":"entry"},"_links":{"self":[{"href":"https:\/\/moverdb.com\/sl\/wp-json\/wp\/v2\/pages\/14232","targetHints":{"allow":["GET"]}}],"collection":[{"href":"https:\/\/moverdb.com\/sl\/wp-json\/wp\/v2\/pages"}],"about":[{"href":"https:\/\/moverdb.com\/sl\/wp-json\/wp\/v2\/types\/page"}],"author":[{"embeddable":true,"href":"https:\/\/moverdb.com\/sl\/wp-json\/wp\/v2\/users\/1"}],"replies":[{"embeddable":true,"href":"https:\/\/moverdb.com\/sl\/wp-json\/wp\/v2\/comments?post=14232"}],"version-history":[{"count":1,"href":"https:\/\/moverdb.com\/sl\/wp-json\/wp\/v2\/pages\/14232\/revisions"}],"predecessor-version":[{"id":15650,"href":"https:\/\/moverdb.com\/sl\/wp-json\/wp\/v2\/pages\/14232\/revisions\/15650"}],"up":[{"embeddable":true,"href":"https:\/\/moverdb.com\/sl\/wp-json\/wp\/v2\/pages\/13427"}],"wp:attachment":[{"href":"https:\/\/moverdb.com\/sl\/wp-json\/wp\/v2\/media?parent=14232"}],"curies":[{"name":"wp","href":"https:\/\/api.w.org\/{rel}","templated":true}]}}