{"id":14226,"date":"2023-11-08T15:55:21","date_gmt":"2023-11-08T15:55:21","guid":{"rendered":"https:\/\/moverdb.com\/freight-forwarder\/freight-forwarding-uk\/leighton-buzzard-freight-forwarder\/"},"modified":"2026-01-08T14:51:57","modified_gmt":"2026-01-08T14:51:57","slug":"leighton-buzzard-freight-forwarder","status":"publish","type":"page","link":"https:\/\/moverdb.com\/sl\/freight-forwarder\/freight-forwarding-uk\/leighton-buzzard-freight-forwarder\/","title":{"rendered":"1 najbolj\u0161e \u0161pediterske dru\u017ebe Leighton Buzzard (2024)"},"content":{"rendered":"<p>V nadaljevanju si bomo ogledali 1 <em>\"najbolj\u0161e\"<\/em> \u0160pedicijska podjetja v mestu Leighton Buzzard od 1.<\/p>\n<p>\u010ce \u017eelite izvedeti ve\u010d o tem, kako smo izbrali najbolj\u0161e, si na koncu oglejte razdelek Pogosta vpra\u0161anja.<\/p>\n<p><em>Prosimo, upo\u0161tevajte, da naslednji seznami niso razvr\u0161\u010deni po dolo\u010denem vrstnem redu in da ne priporo\u010damo nobenega podjetja.<\/em><\/p>\n<h2>Glavna distribucija<\/h2>\n<p><img decoding=\"async\" src=\"https:\/\/moverdb.com\/wp-content\/uploads\/thumbnailpanoidnynD7cmgHFK3OFamRzv45wcb_clientsearch.gws-prod.gpsw408h240yaw334.jpg\" alt='Glavna distribucija' class=\"aligncenter\"><\/p>\n<p><strong>Opis iz podjetja: <\/strong>Smo svetovni strokovnjaki za distribucijo tovora, distribucijo in selitve za gospodinjstva in profesionalna podjetja,<\/p>\n<p>\u010ce i\u0161\u010dete celovito re\u0161itev za carinjenje, potem je Master Distribution tu za vas! Na\u0161e znanje o postopkih carinjenja je neprekosljivo!<\/p>\n<p>Kot eden najhitreje rasto\u010dih posrednikov v Zdru\u017eenem kraljestvu na podro\u010dju carinjenja uvoznega in izvoznega blaga ter skladnosti carinske trgovine \u017eelimo sodelovati s podjetji, ki potrebujejo na\u0161e strokovno znanje in izku\u0161nje pri postopkih uvoza in izvoza po vsem svetu. <a href=\"https:\/\/moverdb.com\/sl\/moving-to-the-uk\/\" data-internallinksmanager029f6b8e52c=\"93\" title=\"Selitev v Zdru\u017eeno kraljestvo? 2022 \u017divljenjski stro\u0161ki in nasveti za selitev\">ZDRU\u017dENO KRALJESTVO<\/a>-meja EU in izpolnjevanje carinskih deklaracij za gibanje blaga.<\/p>\n<p><strong>Dodatne storitve:<\/strong><\/p>\n<p>Ni na seznamu<\/p>\n<p><strong>Naslov:<\/strong> Youngs Industrial Est, Leighton Buzzard LU7 4QB<\/p>\n<p><a href=\"https:\/\/masterdistribution.co.uk\/\" target=\"_new\" rel=\"noopener\">Spletna stran Master Distribution<\/a><\/p>\n<p><strong>Ocena pregleda: <\/strong>5<br \/> <strong>\u0160tevilo pregledov:<\/strong> 1<br \/><a href=\"https:\/\/www.google.co.uk\/maps?cid=7397430477284567153&#038;hl=en&#038;gl=GB\" target=\"_new\" rel=\"noopener\">Preberi mnenja<\/a><\/p>\n<h2>Kako smo izbrali najbolj\u0161a \u0161pediterska podjetja Leighton Buzzard<\/h2>\n<p>Za\u010deli smo z naborom podatkov 1 \u0161pediterskih podjetij Leighton Buzzard, ki smo jih na\u0161li prek Googlovih zemljevidov, in ga zo\u017eili na 1 najbolj\u0161e.<\/p>\n<p>Pri tem smo odstranili vsa podjetja, ki:<\/p>\n<ul>\n<li> ni imel spletne strani<\/li>\n<li> Ni bilo pregledov<\/li>\n<li> Povpre\u010dna ocena pregleda je bila ni\u017eja od 2,0<\/li>\n<\/ul>\n<p>\u010ce smo imeli 17 ali manj \u0161pediterjev, smo jih navedli vse.<\/p>\n<p>Za mesta, kjer je ostalo ve\u010d kot 17 posrednikov, smo opravili nadaljnje popravke, tako da smo zvi\u0161ali zahtevano oceno pregleda (npr. z najmanj 2,0 na 4,0) in\/ali pove\u010dali najmanj\u0161e \u0161tevilo zahtevanih pregledov (npr. z najmanj 1 pregleda na najmanj 10).<\/p>\n<p>Upo\u0161tevajte, da smo uporabili samo podatke o pregledih iz Google Maps in ne iz drugih spletnih mest tretjih oseb.<\/p>\n<p>Ve\u010d mest:<\/p>\n<p><a href=\"https:\/\/moverdb.com\/sl\/spediter\/freight-forwarding-uk\/stoke-on-trent-freight-forwarder\/\">\u0160pediter Stoke-on-Trent<\/a><br \/><a href=\"https:\/\/moverdb.com\/sl\/spediter\/freight-forwarding-uk\/lewes-freight-forwarder\/\">\u0160pediter Lewes<\/a><br \/><a href=\"https:\/\/moverdb.com\/sl\/spediter\/freight-forwarding-uk\/swadlincote-freight-forwarder\/\">Swadlincote \u0161pediter<\/a><br \/><a href=\"https:\/\/moverdb.com\/sl\/spediter\/freight-forwarding-uk\/coggeshall,-essex-freight-forwarder\/\">Coggeshall, Essex \u0160pediter<\/a><br \/><a href=\"https:\/\/moverdb.com\/sl\/spediter\/freight-forwarding-uk\/tonbridge-freight-forwarder\/\">Tonbridge \u0161pediter<\/a><\/p>","protected":false},"excerpt":{"rendered":"<p>Below we look at the 1 &#8220;best&#8221; Freight Forwarding companies in Leighton Buzzard out of 1. To learn more about how we chose the best please consult our FAQ section at the end. Please not the following listings are in no particular order and we are not making any recommendations for any particular company. Master [&hellip;]<\/p>\n","protected":false},"author":1,"featured_media":0,"parent":13427,"menu_order":0,"comment_status":"open","ping_status":"open","template":"","meta":{"_genesis_hide_title":false,"_genesis_hide_breadcrumbs":false,"_genesis_hide_singular_image":false,"_genesis_hide_footer_widgets":false,"_genesis_custom_body_class":"","_genesis_custom_post_class":"","_genesis_layout":"","footnotes":""},"class_list":{"0":"post-14226","1":"page","2":"type-page","3":"status-publish","5":"entry"},"_links":{"self":[{"href":"https:\/\/moverdb.com\/sl\/wp-json\/wp\/v2\/pages\/14226","targetHints":{"allow":["GET"]}}],"collection":[{"href":"https:\/\/moverdb.com\/sl\/wp-json\/wp\/v2\/pages"}],"about":[{"href":"https:\/\/moverdb.com\/sl\/wp-json\/wp\/v2\/types\/page"}],"author":[{"embeddable":true,"href":"https:\/\/moverdb.com\/sl\/wp-json\/wp\/v2\/users\/1"}],"replies":[{"embeddable":true,"href":"https:\/\/moverdb.com\/sl\/wp-json\/wp\/v2\/comments?post=14226"}],"version-history":[{"count":1,"href":"https:\/\/moverdb.com\/sl\/wp-json\/wp\/v2\/pages\/14226\/revisions"}],"predecessor-version":[{"id":15598,"href":"https:\/\/moverdb.com\/sl\/wp-json\/wp\/v2\/pages\/14226\/revisions\/15598"}],"up":[{"embeddable":true,"href":"https:\/\/moverdb.com\/sl\/wp-json\/wp\/v2\/pages\/13427"}],"wp:attachment":[{"href":"https:\/\/moverdb.com\/sl\/wp-json\/wp\/v2\/media?parent=14226"}],"curies":[{"name":"wp","href":"https:\/\/api.w.org\/{rel}","templated":true}]}}