{"id":14177,"date":"2023-11-08T15:55:01","date_gmt":"2023-11-08T15:55:01","guid":{"rendered":"https:\/\/moverdb.com\/freight-forwarder\/freight-forwarding-uk\/salford-freight-forwarder\/"},"modified":"2026-01-08T14:58:30","modified_gmt":"2026-01-08T14:58:30","slug":"salford-freight-forwarder","status":"publish","type":"page","link":"https:\/\/moverdb.com\/sl\/freight-forwarder\/freight-forwarding-uk\/salford-freight-forwarder\/","title":{"rendered":"2 najbolj\u0161i \u0161pedicijski podjetji Salford (2024)"},"content":{"rendered":"<p>V nadaljevanju si bomo ogledali 2 <em>\"najbolj\u0161e\"<\/em> \u0160pedicijska podjetja v Salfordu od 4.<\/p>\n<p>\u010ce \u017eelite izvedeti ve\u010d o tem, kako smo izbrali najbolj\u0161e, si na koncu oglejte razdelek Pogosta vpra\u0161anja.<\/p>\n<p><em>Prosimo, upo\u0161tevajte, da naslednji seznami niso razvr\u0161\u010deni po dolo\u010denem vrstnem redu in da ne priporo\u010damo nobenega podjetja.<\/em><\/p>\n<h2>Warton Freight Services Northern Ltd<\/h2>\n<p><img decoding=\"async\" src=\"https:\/\/moverdb.com\/wp-content\/uploads\/AF1QipP5vg9UtVRKnaktzJ7hZaMYUqmdNda2n3M2IC0Pw408-h408-k-no.jpg\" alt='Warton Freight Services Northern Ltd' class=\"aligncenter\"><\/p>\n<p><strong>Opis iz podjetja: <\/strong>Ni na voljo<\/p>\n<p><strong>Dodatne storitve:<\/strong><\/p>\n<p>Ni na seznamu<\/p>\n<p><strong>Naslov:<\/strong> 9 Worrall St, Salford M5 4TH<\/p>\n<p><a href=\"https:\/\/wartonfreightnorthern.co.uk\/\" target=\"_new\" rel=\"noopener\">Spletna stran Warton Freight Services Northern Ltd<\/a><\/p>\n<p><strong>Ocena pregleda: <\/strong>4.2<br \/> <strong>\u0160tevilo pregledov:<\/strong> 6<br \/><a href=\"https:\/\/www.google.co.uk\/maps?cid=13341298722638209777&#038;hl=en&#038;gl=GB\" target=\"_new\" rel=\"noopener\">Preberi mnenja<\/a><\/p>\n<h2>Povezave BSM<\/h2>\n<p><img decoding=\"async\" src=\"https:\/\/moverdb.com\/wp-content\/uploads\/AF1QipPEdmQkHU9nn4ji6Sh3iybPqilGKaZv378SEG1Hw408-h285-k-no.jpg\" alt='Povezave BSM' class=\"aligncenter\"><\/p>\n<p><strong>Opis iz podjetja: <\/strong>Re\u0161itev na enem mestu.<\/p>\n<p> Na\u0161e prijazno osebje poskrbi, da bo va\u0161a po\u0161iljka prispela pravo\u010dasno in v skladu s prora\u010dunom.<\/p>\n<p>Dru\u017eba BSM Connections se zavzema za strokovne zra\u010dne in pomorske prevoze ter si prizadeva svojim strankam zagotavljati storitve odli\u010dne kakovosti in visoke u\u010dinkovitosti.<\/p>\n<p> Vzpostavili smo dolgoro\u010dne odnose sodelovanja s \u0161tevilnimi ve\u010djimi ladjarskimi in letalskimi dru\u017ebami, zato vam lahko zagotovimo ne le ugodno ceno, temve\u010d tudi stabilnost urnikov po\u0161iljanja in prostora za tovor.<\/p>\n<p><strong>Dodatne storitve:<\/strong><\/p>\n<p>Ni na seznamu<\/p>\n<p><strong>Naslov:<\/strong> 21 Whitsun Ave, Salford M7 1AJ<\/p>\n<p><a href=\"https:\/\/www.bsmconnections.com\/\" target=\"_new\" rel=\"noopener\">Spletna stran BSM Connections<\/a><\/p>\n<p><strong>Ocena pregleda: <\/strong>5<br \/> <strong>\u0160tevilo pregledov:<\/strong> 7<br \/><a href=\"https:\/\/www.google.co.uk\/maps?cid=16767173844370242721&#038;hl=en&#038;gl=GB\" target=\"_new\" rel=\"noopener\">Preberi mnenja<\/a><\/p>\n<h2>Kako smo izbrali najbolj\u0161a \u0161pediterska podjetja Salford<\/h2>\n<p>Za\u010deli smo z naborom podatkov 4 \u0161pediterskih podjetij Salford, ki smo jih na\u0161li prek Googlovih zemljevidov, in ga zo\u017eili na 2 najbolj\u0161a.<\/p>\n<p>Pri tem smo odstranili vsa podjetja, ki:<\/p>\n<ul>\n<li> ni imel spletne strani<\/li>\n<li> Ni bilo pregledov<\/li>\n<li> Povpre\u010dna ocena pregleda je bila ni\u017eja od 2,0<\/li>\n<\/ul>\n<p>\u010ce smo imeli 17 ali manj \u0161pediterjev, smo jih navedli vse.<\/p>\n<p>Za mesta, kjer je ostalo ve\u010d kot 17 posrednikov, smo opravili nadaljnje popravke, tako da smo zvi\u0161ali zahtevano oceno pregleda (npr. z najmanj 2,0 na 4,0) in\/ali pove\u010dali najmanj\u0161e \u0161tevilo zahtevanih pregledov (npr. z najmanj 1 pregleda na najmanj 10).<\/p>\n<p>Upo\u0161tevajte, da smo uporabili samo podatke o pregledih iz Google Maps in ne iz drugih spletnih mest tretjih oseb.<\/p>\n<p>Ve\u010d mest:<\/p>\n<p><a href=\"https:\/\/moverdb.com\/sl\/spediter\/freight-forwarding-uk\/lichfield-freight-forwarder\/\">Lichfield \u0161pediter<\/a><br \/><a href=\"https:\/\/moverdb.com\/sl\/spediter\/freight-forwarding-uk\/castlederg-freight-forwarder\/\">\u0160pediter Castlederg<\/a><br \/><a href=\"https:\/\/moverdb.com\/sl\/spediter\/freight-forwarding-uk\/great-blakenham-freight-forwarder\/\">Veliki \u0161pediter Blakenham<\/a><br \/><a href=\"https:\/\/moverdb.com\/sl\/spediter\/freight-forwarding-uk\/bexleyheath-freight-forwarder\/\">\u0160pediter Bexleyheath<\/a><br \/><a href=\"https:\/\/moverdb.com\/sl\/spediter\/freight-forwarding-uk\/immingham-freight-forwarder\/\">Immingham \u0161pediter<\/a><\/p>","protected":false},"excerpt":{"rendered":"<p>Below we look at the 2 &#8220;best&#8221; Freight Forwarding companies in Salford out of 4. To learn more about how we chose the best please consult our FAQ section at the end. Please not the following listings are in no particular order and we are not making any recommendations for any particular company. Warton Freight [&hellip;]<\/p>\n","protected":false},"author":1,"featured_media":0,"parent":13427,"menu_order":0,"comment_status":"open","ping_status":"open","template":"","meta":{"_genesis_hide_title":false,"_genesis_hide_breadcrumbs":false,"_genesis_hide_singular_image":false,"_genesis_hide_footer_widgets":false,"_genesis_custom_body_class":"","_genesis_custom_post_class":"","_genesis_layout":"","footnotes":""},"class_list":{"0":"post-14177","1":"page","2":"type-page","3":"status-publish","5":"entry"},"_links":{"self":[{"href":"https:\/\/moverdb.com\/sl\/wp-json\/wp\/v2\/pages\/14177","targetHints":{"allow":["GET"]}}],"collection":[{"href":"https:\/\/moverdb.com\/sl\/wp-json\/wp\/v2\/pages"}],"about":[{"href":"https:\/\/moverdb.com\/sl\/wp-json\/wp\/v2\/types\/page"}],"author":[{"embeddable":true,"href":"https:\/\/moverdb.com\/sl\/wp-json\/wp\/v2\/users\/1"}],"replies":[{"embeddable":true,"href":"https:\/\/moverdb.com\/sl\/wp-json\/wp\/v2\/comments?post=14177"}],"version-history":[{"count":1,"href":"https:\/\/moverdb.com\/sl\/wp-json\/wp\/v2\/pages\/14177\/revisions"}],"predecessor-version":[{"id":15744,"href":"https:\/\/moverdb.com\/sl\/wp-json\/wp\/v2\/pages\/14177\/revisions\/15744"}],"up":[{"embeddable":true,"href":"https:\/\/moverdb.com\/sl\/wp-json\/wp\/v2\/pages\/13427"}],"wp:attachment":[{"href":"https:\/\/moverdb.com\/sl\/wp-json\/wp\/v2\/media?parent=14177"}],"curies":[{"name":"wp","href":"https:\/\/api.w.org\/{rel}","templated":true}]}}