{"id":14171,"date":"2023-11-08T15:55:01","date_gmt":"2023-11-08T15:55:01","guid":{"rendered":"https:\/\/moverdb.com\/freight-forwarder\/freight-forwarding-uk\/manningtree-freight-forwarder\/"},"modified":"2026-01-08T14:58:09","modified_gmt":"2026-01-08T14:58:09","slug":"manningtree-freight-forwarder","status":"publish","type":"page","link":"https:\/\/moverdb.com\/sl\/freight-forwarder\/freight-forwarding-uk\/manningtree-freight-forwarder\/","title":{"rendered":"2 najbolj\u0161i Manningtree \u0161pedicijski podjetji (2024)"},"content":{"rendered":"<p>V nadaljevanju si bomo ogledali 2 <em>\"najbolj\u0161e\"<\/em> \u0160pedicijska podjetja v Manningtree od 2.<\/p>\n<p>\u010ce \u017eelite izvedeti ve\u010d o tem, kako smo izbrali najbolj\u0161e, si na koncu oglejte razdelek Pogosta vpra\u0161anja.<\/p>\n<p><em>Prosimo, upo\u0161tevajte, da naslednji seznami niso razvr\u0161\u010deni po dolo\u010denem vrstnem redu in da ne priporo\u010damo nobenega podjetja.<\/em><\/p>\n<h2>Central Oceans UK CO UK Shipping &amp; Trading Ltd<\/h2>\n<p><img decoding=\"async\" src=\"https:\/\/moverdb.com\/wp-content\/uploads\/thumbnailpanoidmo_-iyHsxTRdiGyJADKzgcb_clientsearch.gws-prod.gpsw408h240yaw15.jpg\" alt='Central Oceans UK CO UK Shipping &amp; Trading Ltd' class=\"aligncenter\"><\/p>\n<p><strong>Opis iz podjetja: <\/strong>Ni na voljo<\/p>\n<p><strong>Dodatne storitve:<\/strong><\/p>\n<p>Carinski posrednik<\/p>\n<p>Logisti\u010dne storitve<\/p>\n<p>Industrija ladijske opreme<\/p>\n<p>Storitev po\u0161iljanja<\/p>\n<p><a href=\"https:\/\/moverdb.com\/sl\/car-transport-shipping\/\" data-internallinksmanager029f6b8e52c=\"2\" title=\"2026 Kvote za mednarodni prevoz avtomobilov in prevoz vozil\">Prevoz vozil<\/a> zastopnik<\/p>\n<p><strong>Naslov:<\/strong> 8, The Quayside Maltings, High St, Mistley, Manningtree CO11 1AL<\/p>\n<p><a href=\"http:\/\/centraloceans.com\/\" target=\"_new\" rel=\"noopener\">Spletna stran Central Oceans UK CO UK Shipping &amp; Trading Ltd<\/a><\/p>\n<p><strong>Ocena pregleda: <\/strong>5<br \/> <strong>\u0160tevilo pregledov:<\/strong> 1<br \/><a href=\"https:\/\/www.google.co.uk\/maps?cid=7638780040482065049&#038;hl=en&#038;gl=GB\" target=\"_new\" rel=\"noopener\">Preberi mnenja<\/a><\/p>\n<h2>ARHIMEDOVA LOGISTIKA<\/h2>\n<p><img decoding=\"async\" src=\"https:\/\/moverdb.com\/wp-content\/uploads\/thumbnailpanoidRERy9W0SKGvjjdQ2CTUzPwcb_clientsearch.gws-prod.gpsw408h240yaw17.jpg\" alt='ARHIMEDOVA LOGISTIKA' class=\"aligncenter\"><\/p>\n<p><strong>Opis iz podjetja: <\/strong>Archimedes Logistics zagotavlja storitve mednarodnega \u0161pedicije in izvoza za vse vrste podjetij in posameznikov.<\/p>\n<p>Sede\u017e imamo v <a href=\"https:\/\/moverdb.com\/sl\/moving-to-the-uk\/\" data-internallinksmanager029f6b8e52c=\"93\" title=\"Selitev v Zdru\u017eeno kraljestvo? 2022 \u017divljenjski stro\u0161ki in nasveti za selitev\">ZDRU\u017dENO KRALJESTVO<\/a> v pristani\u0161\u010du Mistley Quay, Manningtree v Essexu, v bli\u017eini <a href=\"https:\/\/moverdb.com\/sl\/top-49-container-ports\/\" data-internallinksmanager029f6b8e52c=\"80\" title=\"Top 49 najve\u010djih in najbolj obremenjenih pristani\u0161\u010d za kontejnerje v letu 2025\">pristani\u0161\u010da<\/a> Harwich in Felixstowe.<\/p>\n<p>Na\u0161a prijazna strokovna ekipa zagotavlja mednarodni letalski in pomorski prevoz tovora ter evropski cestni prevoz tovora in svetovne hitre kurirske storitve.<\/p>\n<p><strong>Dodatne storitve:<\/strong><\/p>\n<p>Logisti\u010dne storitve<\/p>\n<p>Storitev po\u0161iljanja<\/p>\n<p><strong>Naslov:<\/strong> Enota 5, High St, Mistley Quay, Mistley, Colchester CO11 1AL<\/p>\n<p><a href=\"https:\/\/archimedeslogistics.com\/\" target=\"_new\" rel=\"noopener\">Spletna stran ARCHIMEDES LOGISTICS<\/a><\/p>\n<p><strong>Ocena pregleda: <\/strong>3.8<br \/> <strong>\u0160tevilo pregledov:<\/strong> 5<br \/><a href=\"https:\/\/www.google.co.uk\/maps?cid=11454144430054435269&#038;hl=en&#038;gl=GB\" target=\"_new\" rel=\"noopener\">Preberi mnenja<\/a><\/p>\n<h2>Kako smo izbrali najbolj\u0161a \u0161pediterska podjetja Manningtree<\/h2>\n<p>Za\u010deli smo z naborom podatkov 2 \u0161pediterskih podjetij Manningtree, ki smo jih lahko na\u0161li prek Googlovih zemljevidov, in ga zo\u017eili na 2 najbolj\u0161a.<\/p>\n<p>Pri tem smo odstranili vsa podjetja, ki:<\/p>\n<ul>\n<li> ni imel spletne strani<\/li>\n<li> Ni bilo pregledov<\/li>\n<li> Povpre\u010dna ocena pregleda je bila ni\u017eja od 2,0<\/li>\n<\/ul>\n<p>\u010ce smo imeli 17 ali manj \u0161pediterjev, smo jih navedli vse.<\/p>\n<p>Za mesta, kjer je ostalo ve\u010d kot 17 posrednikov, smo opravili nadaljnje popravke, tako da smo zvi\u0161ali zahtevano oceno pregleda (npr. z najmanj 2,0 na 4,0) in\/ali pove\u010dali najmanj\u0161e \u0161tevilo zahtevanih pregledov (npr. z najmanj 1 pregleda na najmanj 10).<\/p>\n<p>Upo\u0161tevajte, da smo uporabili samo podatke o pregledih iz Google Maps in ne iz drugih spletnih mest tretjih oseb.<\/p>\n<p>Ve\u010d mest:<\/p>\n<p><a href=\"https:\/\/moverdb.com\/sl\/spediter\/freight-forwarding-uk\/sale-freight-forwarder\/\">Prodaja \u0161pediterja<\/a><br \/><a href=\"https:\/\/moverdb.com\/sl\/spediter\/freight-forwarding-uk\/salford-freight-forwarder\/\">\u0160pediter Salford<\/a><br \/><a href=\"https:\/\/moverdb.com\/sl\/spediter\/freight-forwarding-uk\/lichfield-freight-forwarder\/\">Lichfield \u0161pediter<\/a><br \/><a href=\"https:\/\/moverdb.com\/sl\/spediter\/freight-forwarding-uk\/castlederg-freight-forwarder\/\">\u0160pediter Castlederg<\/a><br \/><a href=\"https:\/\/moverdb.com\/sl\/spediter\/freight-forwarding-uk\/great-blakenham-freight-forwarder\/\">Veliki \u0161pediter Blakenham<\/a><\/p>","protected":false},"excerpt":{"rendered":"<p>Below we look at the 2 &#8220;best&#8221; Freight Forwarding companies in Manningtree out of 2. To learn more about how we chose the best please consult our FAQ section at the end. Please not the following listings are in no particular order and we are not making any recommendations for any particular company. Central Oceans [&hellip;]<\/p>\n","protected":false},"author":1,"featured_media":0,"parent":13427,"menu_order":0,"comment_status":"open","ping_status":"open","template":"","meta":{"_genesis_hide_title":false,"_genesis_hide_breadcrumbs":false,"_genesis_hide_singular_image":false,"_genesis_hide_footer_widgets":false,"_genesis_custom_body_class":"","_genesis_custom_post_class":"","_genesis_layout":"","footnotes":""},"class_list":{"0":"post-14171","1":"page","2":"type-page","3":"status-publish","5":"entry"},"_links":{"self":[{"href":"https:\/\/moverdb.com\/sl\/wp-json\/wp\/v2\/pages\/14171","targetHints":{"allow":["GET"]}}],"collection":[{"href":"https:\/\/moverdb.com\/sl\/wp-json\/wp\/v2\/pages"}],"about":[{"href":"https:\/\/moverdb.com\/sl\/wp-json\/wp\/v2\/types\/page"}],"author":[{"embeddable":true,"href":"https:\/\/moverdb.com\/sl\/wp-json\/wp\/v2\/users\/1"}],"replies":[{"embeddable":true,"href":"https:\/\/moverdb.com\/sl\/wp-json\/wp\/v2\/comments?post=14171"}],"version-history":[{"count":1,"href":"https:\/\/moverdb.com\/sl\/wp-json\/wp\/v2\/pages\/14171\/revisions"}],"predecessor-version":[{"id":15727,"href":"https:\/\/moverdb.com\/sl\/wp-json\/wp\/v2\/pages\/14171\/revisions\/15727"}],"up":[{"embeddable":true,"href":"https:\/\/moverdb.com\/sl\/wp-json\/wp\/v2\/pages\/13427"}],"wp:attachment":[{"href":"https:\/\/moverdb.com\/sl\/wp-json\/wp\/v2\/media?parent=14171"}],"curies":[{"name":"wp","href":"https:\/\/api.w.org\/{rel}","templated":true}]}}