{"id":14148,"date":"2023-11-08T15:54:40","date_gmt":"2023-11-08T15:54:40","guid":{"rendered":"https:\/\/moverdb.com\/freight-forwarder\/freight-forwarding-uk\/waltham-abbey-freight-forwarder\/"},"modified":"2026-01-08T14:58:41","modified_gmt":"2026-01-08T14:58:41","slug":"waltham-abbey-freight-forwarder","status":"publish","type":"page","link":"https:\/\/moverdb.com\/sl\/freight-forwarder\/freight-forwarding-uk\/waltham-abbey-freight-forwarder\/","title":{"rendered":"2 najbolj\u0161i Waltham Abbey \u0161pediterski podjetji (2024)"},"content":{"rendered":"<p>V nadaljevanju si bomo ogledali 2 <em>\"najbolj\u0161e\"<\/em> \u0160pedicijska podjetja v Waltham Abbey od 2.<\/p>\n<p>\u010ce \u017eelite izvedeti ve\u010d o tem, kako smo izbrali najbolj\u0161e, si na koncu oglejte razdelek Pogosta vpra\u0161anja.<\/p>\n<p><em>Prosimo, upo\u0161tevajte, da naslednji seznami niso razvr\u0161\u010deni po dolo\u010denem vrstnem redu in da ne priporo\u010damo nobenega podjetja.<\/em><\/p>\n<h2>Senu Traders Limited<\/h2>\n<p><img decoding=\"async\" src=\"https:\/\/moverdb.com\/wp-content\/uploads\/thumbnailpanoid-Mmr1nTprydMwg_NsaLxQgcb_clientsearch.gws-prod.gpsw408h240yaw77.jpg\" alt='Senu Traders Limited' class=\"aligncenter\"><\/p>\n<p><strong>Opis iz podjetja: <\/strong>Smo vodilni ponudnik storitev tovornega prometa na \u0160rilanki in v Aziji.<\/p>\n<p> Iskanje prave kurirske slu\u017ebe je lahko zapleteno, zlasti \u010de je v po\u0161iljki edinstven ali ob\u010dutljiv predmet.<\/p>\n<p>Od na\u0161ega za\u010detka leta 2010 zagotavljamo visokokakovostne pakete.<\/p>\n<p> Lahko zaupate, da je va\u0161a po\u0161iljka v dobrih rokah, saj bo poskrbel, da bo po\u0161iljka varno prispela na cilj.<\/p>\n<p><strong>Dodatne storitve:<\/strong><\/p>\n<p>Ni na seznamu<\/p>\n<p><strong>Naslov:<\/strong> 40-45 Cartersfield Rd, London, Waltham Abbey EN9 1JD<\/p>\n<p><a href=\"https:\/\/senushipping.co.uk\/\" target=\"_new\" rel=\"noopener\">Spletna stran podjetja Senu Traders Limited<\/a><\/p>\n<p><strong>Ocena pregleda: <\/strong>3.9<br \/> <strong>\u0160tevilo pregledov:<\/strong> 75<br \/><a href=\"https:\/\/www.google.co.uk\/maps?cid=14408853306269278432&#038;hl=en&#038;gl=GB\" target=\"_new\" rel=\"noopener\">Preberi mnenja<\/a><\/p>\n<h2>Hales Tovorni promet Harlow<\/h2>\n<p><img decoding=\"async\" src=\"https:\/\/moverdb.com\/wp-content\/uploads\/AF1QipPfBoT7WAXCSsswtzdDFYJ36Vr2NTDv2wvBsSSew408-h306-k-no.jpg\" alt='Hales Tovorni promet Harlow' class=\"aligncenter\"><\/p>\n<p><strong>Opis iz podjetja: <\/strong>Z ve\u010d kot 40-letnimi izku\u0161njami na podro\u010dju \u0161pedicije, logistike in dostave palet v in iz <a href=\"https:\/\/moverdb.com\/sl\/moving-to-the-uk\/\" data-internallinksmanager029f6b8e52c=\"93\" title=\"Selitev v Zdru\u017eeno kraljestvo? 2022 \u017divljenjski stro\u0161ki in nasveti za selitev\">ZDRU\u017dENO KRALJESTVO<\/a>, <a href=\"https:\/\/moverdb.com\/sl\/moving-to-ireland\/\" data-internallinksmanager029f6b8e52c=\"320\" title=\"Selitev na Irsko? 2023 \u017divljenjski stro\u0161ki in nasveti za selitev\">Irska<\/a> in v zadnjem \u010dasu tudi v Evropi, na\u0161e osebje in storitve ne bodo premagane po hitrosti, storitvah in zanesljivosti.<\/p>\n<p><strong>Dodatne storitve:<\/strong><\/p>\n<p>Logisti\u010dne storitve<\/p>\n<p>Prevozne storitve<\/p>\n<p><strong>Naslov:<\/strong> Kmetija Peartree, Holyfield Rd, Holyfield, Waltham Abbey EN9 2EW<\/p>\n<p><a href=\"http:\/\/www.halesfreight.com\/\" target=\"_new\" rel=\"noopener\">Spletna stran podjetja Hales Freight Harlow<\/a><\/p>\n<p><strong>Ocena pregleda: <\/strong>3.4<br \/> <strong>\u0160tevilo pregledov:<\/strong> 24<br \/><a href=\"https:\/\/www.google.co.uk\/maps?cid=12479012159934005895&#038;hl=en&#038;gl=GB\" target=\"_new\" rel=\"noopener\">Preberi mnenja<\/a><\/p>\n<h2>Kako smo izbrali najbolj\u0161a \u0161pediterska podjetja Waltham Abbey<\/h2>\n<p>Za\u010deli smo z naborom podatkov 2 \u0161pediterskih podjetij Waltham Abbey, ki smo jih na\u0161li prek Googlovih zemljevidov, in ga zo\u017eili na 2 najbolj\u0161a.<\/p>\n<p>Pri tem smo odstranili vsa podjetja, ki:<\/p>\n<ul>\n<li> ni imel spletne strani<\/li>\n<li> Ni bilo pregledov<\/li>\n<li> Povpre\u010dna ocena pregleda je bila ni\u017eja od 2,0<\/li>\n<\/ul>\n<p>\u010ce smo imeli 17 ali manj \u0161pediterjev, smo jih navedli vse.<\/p>\n<p>Za mesta, kjer je ostalo ve\u010d kot 17 posrednikov, smo opravili nadaljnje popravke, tako da smo zvi\u0161ali zahtevano oceno pregleda (npr. z najmanj 2,0 na 4,0) in\/ali pove\u010dali najmanj\u0161e \u0161tevilo zahtevanih pregledov (npr. z najmanj 1 pregleda na najmanj 10).<\/p>\n<p>Upo\u0161tevajte, da smo uporabili samo podatke o pregledih iz Google Maps in ne iz drugih spletnih mest tretjih oseb.<\/p>\n<p>Ve\u010d mest:<\/p>\n<p><a href=\"https:\/\/moverdb.com\/sl\/spediter\/freight-forwarding-uk\/rochester-freight-forwarder\/\">Rochester \u0161pediter<\/a><br \/><a href=\"https:\/\/moverdb.com\/sl\/spediter\/freight-forwarding-uk\/watford-freight-forwarder\/\">\u0160pediter Watford<\/a><br \/><a href=\"https:\/\/moverdb.com\/sl\/spediter\/freight-forwarding-uk\/romford-freight-forwarder\/\">\u0160pediter Romford<\/a><br \/><a href=\"https:\/\/moverdb.com\/sl\/spediter\/freight-forwarding-uk\/chelmsford-freight-forwarder\/\">\u0160pediter Chelmsford<\/a><br \/><a href=\"https:\/\/moverdb.com\/sl\/spediter\/freight-forwarding-uk\/brentford-freight-forwarder\/\">\u0160pediter Brentford<\/a><\/p>","protected":false},"excerpt":{"rendered":"<p>Below we look at the 2 &#8220;best&#8221; Freight Forwarding companies in Waltham Abbey out of 2. To learn more about how we chose the best please consult our FAQ section at the end. Please not the following listings are in no particular order and we are not making any recommendations for any particular company. Senu [&hellip;]<\/p>\n","protected":false},"author":1,"featured_media":0,"parent":13427,"menu_order":0,"comment_status":"open","ping_status":"open","template":"","meta":{"_genesis_hide_title":false,"_genesis_hide_breadcrumbs":false,"_genesis_hide_singular_image":false,"_genesis_hide_footer_widgets":false,"_genesis_custom_body_class":"","_genesis_custom_post_class":"","_genesis_layout":"","footnotes":""},"class_list":{"0":"post-14148","1":"page","2":"type-page","3":"status-publish","5":"entry"},"_links":{"self":[{"href":"https:\/\/moverdb.com\/sl\/wp-json\/wp\/v2\/pages\/14148","targetHints":{"allow":["GET"]}}],"collection":[{"href":"https:\/\/moverdb.com\/sl\/wp-json\/wp\/v2\/pages"}],"about":[{"href":"https:\/\/moverdb.com\/sl\/wp-json\/wp\/v2\/types\/page"}],"author":[{"embeddable":true,"href":"https:\/\/moverdb.com\/sl\/wp-json\/wp\/v2\/users\/1"}],"replies":[{"embeddable":true,"href":"https:\/\/moverdb.com\/sl\/wp-json\/wp\/v2\/comments?post=14148"}],"version-history":[{"count":1,"href":"https:\/\/moverdb.com\/sl\/wp-json\/wp\/v2\/pages\/14148\/revisions"}],"predecessor-version":[{"id":15754,"href":"https:\/\/moverdb.com\/sl\/wp-json\/wp\/v2\/pages\/14148\/revisions\/15754"}],"up":[{"embeddable":true,"href":"https:\/\/moverdb.com\/sl\/wp-json\/wp\/v2\/pages\/13427"}],"wp:attachment":[{"href":"https:\/\/moverdb.com\/sl\/wp-json\/wp\/v2\/media?parent=14148"}],"curies":[{"name":"wp","href":"https:\/\/api.w.org\/{rel}","templated":true}]}}