{"id":14109,"date":"2023-11-08T15:54:40","date_gmt":"2023-11-08T15:54:40","guid":{"rendered":"https:\/\/moverdb.com\/freight-forwarder\/freight-forwarding-uk\/prescot-freight-forwarder\/"},"modified":"2026-01-08T14:58:22","modified_gmt":"2026-01-08T14:58:22","slug":"prescot-freight-forwarder","status":"publish","type":"page","link":"https:\/\/moverdb.com\/sl\/freight-forwarder\/freight-forwarding-uk\/prescot-freight-forwarder\/","title":{"rendered":"2 najbolj\u0161i \u0161pedicijski podjetji v Prescotu (2024)"},"content":{"rendered":"<p>V nadaljevanju si bomo ogledali 2 <em>\"najbolj\u0161e\"<\/em> \u0160pedicijska podjetja v Prescotu od 3.<\/p>\n<p>\u010ce \u017eelite izvedeti ve\u010d o tem, kako smo izbrali najbolj\u0161e, si na koncu oglejte razdelek Pogosta vpra\u0161anja.<\/p>\n<p><em>Prosimo, upo\u0161tevajte, da naslednji seznami niso razvr\u0161\u010deni po dolo\u010denem vrstnem redu in da ne priporo\u010damo nobenega podjetja.<\/em><\/p>\n<h2>Dru\u017eba Seacon iz Zdru\u017eenega kraljestva<\/h2>\n<p><img decoding=\"async\" src=\"\" alt=\"Dru\u017eba Seacon iz Zdru\u017eenega kraljestva\" class=\"aligncenter\"><\/p>\n<p><strong>Opis iz podjetja: <\/strong>Ni na voljo<\/p>\n<p><strong>Dodatne storitve:<\/strong><\/p>\n<p>Ni na seznamu<\/p>\n<p><strong>Naslov:<\/strong> Suite 5D, Stanley Grange, Knowsley, Prescot L34 4AR<\/p>\n<p><a href=\"https:\/\/www.seacon.uk.com\/\" target=\"_new\" rel=\"noopener\">Spletna stran dru\u017ebe Seacon v Zdru\u017eenem kraljestvu<\/a><\/p>\n<p><strong>Ocena pregleda: <\/strong>3<br \/> <strong>\u0160tevilo pregledov:<\/strong> 2<br \/><a href=\"https:\/\/www.google.co.uk\/maps?cid=6157948501842263157&#038;hl=en&#038;gl=GB\" target=\"_new\" rel=\"noopener\">Preberi mnenja<\/a><\/p>\n<h2>Midon Ltd<\/h2>\n<p><img decoding=\"async\" src=\"https:\/\/moverdb.com\/wp-content\/uploads\/AF1QipP2Q_-KCYfyDNPcmAUkDd4o1lGbhiWhyXNRz0-Ew408-h317-k-no.jpg\" alt='Midon Ltd' class=\"aligncenter\"><\/p>\n<p><strong>Opis iz podjetja: <\/strong>Strast do logistike.<\/p>\n<p>\u0160pedicija po kopnem, morju in zraku.<\/p>\n<p>Skladi\u0161\u010denje 3PL, vklju\u010dno s pobiranjem, pakiranjem in e-izpolnitvijo.<\/p>\n<p><strong>Dodatne storitve:<\/strong><\/p>\n<p>Ni na seznamu<\/p>\n<p><strong>Naslov:<\/strong> C2, Penrhyn Court, Knowsley Business Park, Penrhyn Rd, Knowsley, Prescot L34 9AB<\/p>\n<p><a href=\"http:\/\/www.midonltd.com\/\" target=\"_new\" rel=\"noopener\">Spletna stran podjetja Midon Ltd<\/a><\/p>\n<p><strong>Ocena pregleda: <\/strong>5<br \/> <strong>\u0160tevilo pregledov:<\/strong> 2<br \/><a href=\"https:\/\/www.google.co.uk\/maps?cid=11919893872038656642&#038;hl=en&#038;gl=GB\" target=\"_new\" rel=\"noopener\">Preberi mnenja<\/a><\/p>\n<h2>Kako smo izbrali najbolj\u0161a \u0161pediterska podjetja Prescot<\/h2>\n<p>Za\u010deli smo z naborom podatkov 3 \u0161pediterskih podjetij Prescot, ki smo jih na\u0161li prek Googlovih zemljevidov, in ga zo\u017eili na 2 najbolj\u0161a.<\/p>\n<p>Pri tem smo odstranili vsa podjetja, ki:<\/p>\n<ul>\n<li> ni imel spletne strani<\/li>\n<li> Ni bilo pregledov<\/li>\n<li> Povpre\u010dna ocena pregleda je bila ni\u017eja od 2,0<\/li>\n<\/ul>\n<p>\u010ce smo imeli 17 ali manj \u0161pediterjev, smo jih navedli vse.<\/p>\n<p>Za mesta, kjer je ostalo ve\u010d kot 17 posrednikov, smo opravili nadaljnje popravke, tako da smo zvi\u0161ali zahtevano oceno pregleda (npr. z najmanj 2,0 na 4,0) in\/ali pove\u010dali najmanj\u0161e \u0161tevilo zahtevanih pregledov (npr. z najmanj 1 pregleda na najmanj 10).<\/p>\n<p>Upo\u0161tevajte, da smo uporabili samo podatke o pregledih iz Google Maps in ne iz drugih spletnih mest tretjih oseb.<\/p>\n<p>Ve\u010d mest:<\/p>\n<p><a href=\"https:\/\/moverdb.com\/sl\/spediter\/freight-forwarding-uk\/bury-saint-edmunds-freight-forwarder\/\">Bury Saint Edmunds \u0161pediter<\/a><br \/><a href=\"https:\/\/moverdb.com\/sl\/spediter\/freight-forwarding-uk\/denny-freight-forwarder\/\">Denny Freight Forwarder<\/a><br \/><a href=\"https:\/\/moverdb.com\/sl\/spediter\/freight-forwarding-uk\/bordon-freight-forwarder\/\">Bordon \u0161pediter<\/a><br \/><a href=\"https:\/\/moverdb.com\/sl\/spediter\/freight-forwarding-uk\/pudsey-freight-forwarder\/\">\u0160pediter Pudsey<\/a><br \/><a href=\"https:\/\/moverdb.com\/sl\/spediter\/freight-forwarding-uk\/horley-freight-forwarder\/\">\u0160pediter Horley<\/a><\/p>","protected":false},"excerpt":{"rendered":"<p>Below we look at the 2 &#8220;best&#8221; Freight Forwarding companies in Prescot out of 3. To learn more about how we chose the best please consult our FAQ section at the end. Please not the following listings are in no particular order and we are not making any recommendations for any particular company. Seacon UK [&hellip;]<\/p>\n","protected":false},"author":1,"featured_media":0,"parent":13427,"menu_order":0,"comment_status":"open","ping_status":"open","template":"","meta":{"_genesis_hide_title":false,"_genesis_hide_breadcrumbs":false,"_genesis_hide_singular_image":false,"_genesis_hide_footer_widgets":false,"_genesis_custom_body_class":"","_genesis_custom_post_class":"","_genesis_layout":"","footnotes":""},"class_list":{"0":"post-14109","1":"page","2":"type-page","3":"status-publish","5":"entry"},"_links":{"self":[{"href":"https:\/\/moverdb.com\/sl\/wp-json\/wp\/v2\/pages\/14109","targetHints":{"allow":["GET"]}}],"collection":[{"href":"https:\/\/moverdb.com\/sl\/wp-json\/wp\/v2\/pages"}],"about":[{"href":"https:\/\/moverdb.com\/sl\/wp-json\/wp\/v2\/types\/page"}],"author":[{"embeddable":true,"href":"https:\/\/moverdb.com\/sl\/wp-json\/wp\/v2\/users\/1"}],"replies":[{"embeddable":true,"href":"https:\/\/moverdb.com\/sl\/wp-json\/wp\/v2\/comments?post=14109"}],"version-history":[{"count":1,"href":"https:\/\/moverdb.com\/sl\/wp-json\/wp\/v2\/pages\/14109\/revisions"}],"predecessor-version":[{"id":15736,"href":"https:\/\/moverdb.com\/sl\/wp-json\/wp\/v2\/pages\/14109\/revisions\/15736"}],"up":[{"embeddable":true,"href":"https:\/\/moverdb.com\/sl\/wp-json\/wp\/v2\/pages\/13427"}],"wp:attachment":[{"href":"https:\/\/moverdb.com\/sl\/wp-json\/wp\/v2\/media?parent=14109"}],"curies":[{"name":"wp","href":"https:\/\/api.w.org\/{rel}","templated":true}]}}