{"id":14055,"date":"2023-11-08T15:54:18","date_gmt":"2023-11-08T15:54:18","guid":{"rendered":"https:\/\/moverdb.com\/freight-forwarder\/freight-forwarding-uk\/solihull-freight-forwarder\/"},"modified":"2026-01-08T14:58:33","modified_gmt":"2026-01-08T14:58:33","slug":"solihull-freight-forwarder","status":"publish","type":"page","link":"https:\/\/moverdb.com\/sl\/freight-forwarder\/freight-forwarding-uk\/solihull-freight-forwarder\/","title":{"rendered":"2 najbolj\u0161i Solihull \u0161pedicijski podjetji (2024)"},"content":{"rendered":"<p>V nadaljevanju si bomo ogledali 2 <em>\"najbolj\u0161e\"<\/em> \u0160pedicijska podjetja v mestu Solihull od 5.<\/p>\n<p>\u010ce \u017eelite izvedeti ve\u010d o tem, kako smo izbrali najbolj\u0161e, si na koncu oglejte razdelek Pogosta vpra\u0161anja.<\/p>\n<p><em>Prosimo, upo\u0161tevajte, da naslednji seznami niso razvr\u0161\u010deni po dolo\u010denem vrstnem redu in da ne priporo\u010damo nobenega podjetja.<\/em><\/p>\n<h2>Harborside Logistics Ltd<\/h2>\n<p><img decoding=\"async\" src=\"https:\/\/moverdb.com\/wp-content\/uploads\/thumbnailpanoidAcNIxxa0qEAJmXaL-kbXiAcb_clientsearch.gws-prod.gpsw408h240yaw80.jpg\" alt='Harborside Logistics Ltd' class=\"aligncenter\"><\/p>\n<p><strong>Opis iz podjetja: <\/strong>Ni na voljo<\/p>\n<p><strong>Dodatne storitve:<\/strong><\/p>\n<p>Ni na seznamu<\/p>\n<p><strong>Naslov:<\/strong> Hockley Court, 2401 Stratford Road 2, Hockley Heath, Solihull B94 6NW<\/p>\n<p><a href=\"https:\/\/harborsidelogistics.com\/\" target=\"_new\" rel=\"noopener\">Spletna stran podjetja Harborside Logistics Ltd<\/a><\/p>\n<p><strong>Ocena pregleda: <\/strong>5<br \/> <strong>\u0160tevilo pregledov:<\/strong> 1<br \/><a href=\"https:\/\/www.google.co.uk\/maps?cid=10590563758056225346&#038;hl=en&#038;gl=GB\" target=\"_new\" rel=\"noopener\">Preberi mnenja<\/a><\/p>\n<h2>Rohlig UK Ltd<\/h2>\n<p><img decoding=\"async\" src=\"https:\/\/moverdb.com\/wp-content\/uploads\/AF1QipPta5tI0CEGVo2HkHXS6EtGyY58nQSjP148cKS4w408-h272-k-no.jpg\" alt='Rohlig UK Ltd' class=\"aligncenter\"><\/p>\n<p><strong>Opis iz podjetja: <\/strong>Ni na voljo<\/p>\n<p><strong>Dodatne storitve:<\/strong><\/p>\n<p>Skladi\u0161\u010de<\/p>\n<p><strong>Naslov:<\/strong> Enota 620 Solar Park, Highlands Road, Solihull B90 4SH<\/p>\n<p><a href=\"https:\/\/www.rohlig.com\/\" target=\"_new\" rel=\"noopener\">Spletna stran Rohlig UK Ltd<\/a><\/p>\n<p><strong>Ocena pregleda: <\/strong>4.1<br \/> <strong>\u0160tevilo pregledov:<\/strong> 17<br \/><a href=\"https:\/\/www.google.co.uk\/maps?cid=15861657556003890055&#038;hl=en&#038;gl=GB\" target=\"_new\" rel=\"noopener\">Preberi mnenja<\/a><\/p>\n<h2>Kako smo izbrali najbolj\u0161a \u0161pediterska podjetja v Solihullu<\/h2>\n<p>Za\u010deli smo z naborom podatkov 5 \u0161pediterskih podjetij Solihull, ki smo jih lahko na\u0161li prek Googlovih zemljevidov, in ga zo\u017eili na 2 najbolj\u0161a.<\/p>\n<p>Pri tem smo odstranili vsa podjetja, ki:<\/p>\n<ul>\n<li> ni imel spletne strani<\/li>\n<li> Ni bilo pregledov<\/li>\n<li> Povpre\u010dna ocena pregleda je bila ni\u017eja od 2,0<\/li>\n<\/ul>\n<p>\u010ce smo imeli 17 ali manj \u0161pediterjev, smo jih navedli vse.<\/p>\n<p>Za mesta, kjer je ostalo ve\u010d kot 17 posrednikov, smo opravili nadaljnje popravke, tako da smo zvi\u0161ali zahtevano oceno pregleda (npr. z najmanj 2,0 na 4,0) in\/ali pove\u010dali najmanj\u0161e \u0161tevilo zahtevanih pregledov (npr. z najmanj 1 pregleda na najmanj 10).<\/p>\n<p>Upo\u0161tevajte, da smo uporabili samo podatke o pregledih iz Google Maps in ne iz drugih spletnih mest tretjih oseb.<\/p>\n<p>Ve\u010d mest:<\/p>\n<p><a href=\"https:\/\/moverdb.com\/sl\/spediter\/freight-forwarding-uk\/cleckheaton-freight-forwarder\/\">\u0160pediter Cleckheaton<\/a><br \/><a href=\"https:\/\/moverdb.com\/sl\/spediter\/freight-forwarding-uk\/stanford-le-hope-freight-forwarder\/\">\u0160pediter Stanford-le-Hope<\/a><br \/><a href=\"https:\/\/moverdb.com\/sl\/spediter\/freight-forwarding-uk\/norwich-freight-forwarder\/\">Norwich \u0161pediter<\/a><br \/><a href=\"https:\/\/moverdb.com\/sl\/spediter\/freight-forwarding-uk\/sunderland-freight-forwarder\/\">Sunderland \u0161pediter<\/a><br \/><a href=\"https:\/\/moverdb.com\/sl\/spediter\/freight-forwarding-uk\/berkshire-freight-forwarder\/\">\u0160pediter Berkshire<\/a><\/p>","protected":false},"excerpt":{"rendered":"<p>Below we look at the 2 &#8220;best&#8221; Freight Forwarding companies in Solihull out of 5. To learn more about how we chose the best please consult our FAQ section at the end. Please not the following listings are in no particular order and we are not making any recommendations for any particular company. Harborside Logistics [&hellip;]<\/p>\n","protected":false},"author":1,"featured_media":0,"parent":13427,"menu_order":0,"comment_status":"open","ping_status":"open","template":"","meta":{"_genesis_hide_title":false,"_genesis_hide_breadcrumbs":false,"_genesis_hide_singular_image":false,"_genesis_hide_footer_widgets":false,"_genesis_custom_body_class":"","_genesis_custom_post_class":"","_genesis_layout":"","footnotes":""},"class_list":{"0":"post-14055","1":"page","2":"type-page","3":"status-publish","5":"entry"},"_links":{"self":[{"href":"https:\/\/moverdb.com\/sl\/wp-json\/wp\/v2\/pages\/14055","targetHints":{"allow":["GET"]}}],"collection":[{"href":"https:\/\/moverdb.com\/sl\/wp-json\/wp\/v2\/pages"}],"about":[{"href":"https:\/\/moverdb.com\/sl\/wp-json\/wp\/v2\/types\/page"}],"author":[{"embeddable":true,"href":"https:\/\/moverdb.com\/sl\/wp-json\/wp\/v2\/users\/1"}],"replies":[{"embeddable":true,"href":"https:\/\/moverdb.com\/sl\/wp-json\/wp\/v2\/comments?post=14055"}],"version-history":[{"count":1,"href":"https:\/\/moverdb.com\/sl\/wp-json\/wp\/v2\/pages\/14055\/revisions"}],"predecessor-version":[{"id":15747,"href":"https:\/\/moverdb.com\/sl\/wp-json\/wp\/v2\/pages\/14055\/revisions\/15747"}],"up":[{"embeddable":true,"href":"https:\/\/moverdb.com\/sl\/wp-json\/wp\/v2\/pages\/13427"}],"wp:attachment":[{"href":"https:\/\/moverdb.com\/sl\/wp-json\/wp\/v2\/media?parent=14055"}],"curies":[{"name":"wp","href":"https:\/\/api.w.org\/{rel}","templated":true}]}}