{"id":14052,"date":"2023-11-08T15:54:18","date_gmt":"2023-11-08T15:54:18","guid":{"rendered":"https:\/\/moverdb.com\/freight-forwarder\/freight-forwarding-uk\/normanton-freight-forwarder\/"},"modified":"2026-01-08T14:58:13","modified_gmt":"2026-01-08T14:58:13","slug":"normanton-freight-forwarder","status":"publish","type":"page","link":"https:\/\/moverdb.com\/sl\/freight-forwarder\/freight-forwarding-uk\/normanton-freight-forwarder\/","title":{"rendered":"2 najbolj\u0161i \u0161pedicijski podjetji Normanton (2024)"},"content":{"rendered":"<p>V nadaljevanju si bomo ogledali 2 <em>\"najbolj\u0161e\"<\/em> \u0160pedicijska podjetja v Normantonu od 2.<\/p>\n<p>\u010ce \u017eelite izvedeti ve\u010d o tem, kako smo izbrali najbolj\u0161e, si na koncu oglejte razdelek Pogosta vpra\u0161anja.<\/p>\n<p><em>Prosimo, upo\u0161tevajte, da naslednji seznami niso razvr\u0161\u010deni po dolo\u010denem vrstnem redu in da ne priporo\u010damo nobenega podjetja.<\/em><\/p>\n<h2>Mednarodni tovorni promet Hexagon<\/h2>\n<p><img decoding=\"async\" src=\"https:\/\/moverdb.com\/wp-content\/uploads\/AF1QipOOrxWL4kSKjCIdG3H8YNHa1Myjm97W6RSqMu52w408-h306-k-no.jpg\" alt='Mednarodni tovorni promet Hexagon' class=\"aligncenter\"><\/p>\n<p><strong>Opis iz podjetja: <\/strong>Ni na voljo<\/p>\n<p><strong>Dodatne storitve:<\/strong><\/p>\n<p>Distribucijska storitev<\/p>\n<p><strong>Naslov:<\/strong> Enota 36 Mildred Sylvester Way, Normanton Industrial Estate, Normanton WF6 1TA<\/p>\n<p><a href=\"http:\/\/www.hexagonfreight.co.uk\/\" target=\"_new\" rel=\"noopener\">Spletna stran Hexagon International Freight<\/a><\/p>\n<p><strong>Ocena pregleda: <\/strong>4.1<br \/> <strong>\u0160tevilo pregledov:<\/strong> 38<br \/><a href=\"https:\/\/www.google.co.uk\/maps?cid=6617792173981352404&#038;hl=en&#038;gl=GB\" target=\"_new\" rel=\"noopener\">Preberi mnenja<\/a><\/p>\n<h2>Geoff Ricketts Tovorni promet<\/h2>\n<p><img decoding=\"async\" src=\"https:\/\/moverdb.com\/wp-content\/uploads\/AF1QipOilutYGUehfn5tIDTWPDLjhtTvuKl8xABieo0Zw481-h240-k-no.jpg\" alt='Geoff Ricketts Tovorni promet' class=\"aligncenter\"><\/p>\n<p><strong>Opis iz podjetja: <\/strong>Ni na voljo<\/p>\n<p><strong>Dodatne storitve:<\/strong><\/p>\n<p>Ni na seznamu<\/p>\n<p><strong>Naslov:<\/strong> Enota A2, Foxbridge Way, Normanton WF6 1TN<\/p>\n<p><a href=\"http:\/\/www.rickettsfreight.com\/\" target=\"_new\" rel=\"noopener\">Spletna stran Geoffa Rickettsa Freight<\/a><\/p>\n<p><strong>Ocena pregleda: <\/strong>4.6<br \/> <strong>\u0160tevilo pregledov:<\/strong> 5<br \/><a href=\"https:\/\/www.google.co.uk\/maps?cid=1274256523888482213&#038;hl=en&#038;gl=GB\" target=\"_new\" rel=\"noopener\">Preberi mnenja<\/a><\/p>\n<h2>Kako smo izbrali najbolj\u0161a \u0161pediterska podjetja Normanton<\/h2>\n<p>Za\u010deli smo z naborom podatkov 2 \u0161pediterskih podjetij Normanton, ki smo jih lahko na\u0161li prek Googlovih zemljevidov, in ga zo\u017eili na 2 najbolj\u0161a.<\/p>\n<p>Pri tem smo odstranili vsa podjetja, ki:<\/p>\n<ul>\n<li> ni imel spletne strani<\/li>\n<li> Ni bilo pregledov<\/li>\n<li> Povpre\u010dna ocena pregleda je bila ni\u017eja od 2,0<\/li>\n<\/ul>\n<p>\u010ce smo imeli 17 ali manj \u0161pediterjev, smo jih navedli vse.<\/p>\n<p>Za mesta, kjer je ostalo ve\u010d kot 17 posrednikov, smo opravili nadaljnje popravke, tako da smo zvi\u0161ali zahtevano oceno pregleda (npr. z najmanj 2,0 na 4,0) in\/ali pove\u010dali najmanj\u0161e \u0161tevilo zahtevanih pregledov (npr. z najmanj 1 pregleda na najmanj 10).<\/p>\n<p>Upo\u0161tevajte, da smo uporabili samo podatke o pregledih iz Google Maps in ne iz drugih spletnih mest tretjih oseb.<\/p>\n<p>Ve\u010d mest:<\/p>\n<p><a href=\"https:\/\/moverdb.com\/sl\/spediter\/freight-forwarding-uk\/solihull-freight-forwarder\/\">Solihull \u0161pediter<\/a><br \/><a href=\"https:\/\/moverdb.com\/sl\/spediter\/freight-forwarding-uk\/cleckheaton-freight-forwarder\/\">\u0160pediter Cleckheaton<\/a><br \/><a href=\"https:\/\/moverdb.com\/sl\/spediter\/freight-forwarding-uk\/stanford-le-hope-freight-forwarder\/\">\u0160pediter Stanford-le-Hope<\/a><br \/><a href=\"https:\/\/moverdb.com\/sl\/spediter\/freight-forwarding-uk\/norwich-freight-forwarder\/\">Norwich \u0161pediter<\/a><br \/><a href=\"https:\/\/moverdb.com\/sl\/spediter\/freight-forwarding-uk\/sunderland-freight-forwarder\/\">Sunderland \u0161pediter<\/a><\/p>","protected":false},"excerpt":{"rendered":"<p>Below we look at the 2 &#8220;best&#8221; Freight Forwarding companies in Normanton out of 2. To learn more about how we chose the best please consult our FAQ section at the end. Please not the following listings are in no particular order and we are not making any recommendations for any particular company. Hexagon International [&hellip;]<\/p>\n","protected":false},"author":1,"featured_media":0,"parent":13427,"menu_order":0,"comment_status":"open","ping_status":"open","template":"","meta":{"_genesis_hide_title":false,"_genesis_hide_breadcrumbs":false,"_genesis_hide_singular_image":false,"_genesis_hide_footer_widgets":false,"_genesis_custom_body_class":"","_genesis_custom_post_class":"","_genesis_layout":"","footnotes":""},"class_list":{"0":"post-14052","1":"page","2":"type-page","3":"status-publish","5":"entry"},"_links":{"self":[{"href":"https:\/\/moverdb.com\/sl\/wp-json\/wp\/v2\/pages\/14052","targetHints":{"allow":["GET"]}}],"collection":[{"href":"https:\/\/moverdb.com\/sl\/wp-json\/wp\/v2\/pages"}],"about":[{"href":"https:\/\/moverdb.com\/sl\/wp-json\/wp\/v2\/types\/page"}],"author":[{"embeddable":true,"href":"https:\/\/moverdb.com\/sl\/wp-json\/wp\/v2\/users\/1"}],"replies":[{"embeddable":true,"href":"https:\/\/moverdb.com\/sl\/wp-json\/wp\/v2\/comments?post=14052"}],"version-history":[{"count":1,"href":"https:\/\/moverdb.com\/sl\/wp-json\/wp\/v2\/pages\/14052\/revisions"}],"predecessor-version":[{"id":15731,"href":"https:\/\/moverdb.com\/sl\/wp-json\/wp\/v2\/pages\/14052\/revisions\/15731"}],"up":[{"embeddable":true,"href":"https:\/\/moverdb.com\/sl\/wp-json\/wp\/v2\/pages\/13427"}],"wp:attachment":[{"href":"https:\/\/moverdb.com\/sl\/wp-json\/wp\/v2\/media?parent=14052"}],"curies":[{"name":"wp","href":"https:\/\/api.w.org\/{rel}","templated":true}]}}