{"id":14016,"date":"2023-11-08T15:53:54","date_gmt":"2023-11-08T15:53:54","guid":{"rendered":"https:\/\/moverdb.com\/freight-forwarder\/freight-forwarding-uk\/skelmersdale-freight-forwarder\/"},"modified":"2026-01-08T14:58:32","modified_gmt":"2026-01-08T14:58:32","slug":"skelmersdale-freight-forwarder","status":"publish","type":"page","link":"https:\/\/moverdb.com\/sl\/freight-forwarder\/freight-forwarding-uk\/skelmersdale-freight-forwarder\/","title":{"rendered":"2 najbolj\u0161i \u0161pedicijski podjetji Skelmersdale (2024)"},"content":{"rendered":"<p>V nadaljevanju si bomo ogledali 2 <em>\"najbolj\u0161e\"<\/em> \u0160pedicijska podjetja v Skelmersdale od 2.<\/p>\n<p>\u010ce \u017eelite izvedeti ve\u010d o tem, kako smo izbrali najbolj\u0161e, si na koncu oglejte razdelek Pogosta vpra\u0161anja.<\/p>\n<p><em>Prosimo, upo\u0161tevajte, da naslednji seznami niso razvr\u0161\u010deni po dolo\u010denem vrstnem redu in da ne priporo\u010damo nobenega podjetja.<\/em><\/p>\n<h2>UKI EXPRESS TRANSPORT LTD<\/h2>\n<p><img decoding=\"async\" src=\"https:\/\/moverdb.com\/wp-content\/uploads\/AF1QipPWY8t8P2kBnqz5wmB_CQ201bXI5ljNxIIJM6Rzw408-h271-k-no.jpg\" alt='UKI EXPRESS TRANSPORT LTD' class=\"aligncenter\"><\/p>\n<p><strong>Opis iz podjetja: <\/strong>Ni na voljo<\/p>\n<p><strong>Dodatne storitve:<\/strong><\/p>\n<p>Ni na seznamu<\/p>\n<p><strong>Naslov:<\/strong> Distribucijski center M58, Gillibrands Rd, Skelmersdale WN8 9TB<\/p>\n<p><a href=\"http:\/\/www.ukiexpress.com\/\" target=\"_new\" rel=\"noopener\">Spletna stran UKI EXPRESS TRANSPORT LTD<\/a><\/p>\n<p><strong>Ocena pregleda: <\/strong>3.4<br \/> <strong>\u0160tevilo pregledov:<\/strong> 54<br \/><a href=\"https:\/\/www.google.co.uk\/maps?cid=10877584415216437073&#038;hl=en&#038;gl=GB\" target=\"_new\" rel=\"noopener\">Preberi mnenja<\/a><\/p>\n<h2>Podjetje Hemisphere Freight Services Ltd (HFS), podru\u017enica Liverpool<\/h2>\n<p><img decoding=\"async\" src=\"https:\/\/moverdb.com\/wp-content\/uploads\/AF1QipOVPbkeq702JVZ-rp57aKAxSfl-hS4M8n8tnYNXw408-h272-k-no.jpg\" alt='Podjetje Hemisphere Freight Services Ltd (HFS), podru\u017enica Liverpool' class=\"aligncenter\"><\/p>\n<p><strong>Opis iz podjetja: <\/strong>Na\u0161e skladi\u0161\u010de v Skelmersdalu ima strate\u0161ko lokacijo za kontejnerski in nekontejnerski tovor, ki odhaja ali prihaja v <a href=\"\" data-internallinksmanager029f6b8e52c=\"49\" title=\"Liverpool\">Liverpool<\/a> <a href=\"https:\/\/moverdb.com\/sl\/top-49-container-ports\/\" data-internallinksmanager029f6b8e52c=\"80\" title=\"Top 49 najve\u010djih in najbolj obremenjenih pristani\u0161\u010d za kontejnerje v letu 2025\">Pristani\u0161\u010de<\/a> in globokomorski kontejnerski terminal Liverpool2 (L2).<\/p>\n<p> Poleg navzkri\u017enega skladi\u0161\u010denja, skladi\u0161\u010denja palet in distribucije lahko na lokaciji Skelmersdale ponujamo tudi storitve zbiranja in pakiranja ter storitve z dodano vrednostjo (VAS).<\/p>\n<p>Ponujamo \u0161iroko paleto logisti\u010dnih in tovornih storitev, med drugim cestni prevoz, letalski prevoz, pomorski prevoz in logistiko, projektno logistiko, carinjenje, prevoz zabojnikov, celovito upravljanje logistike, avtomobilsko logistiko, prevoz nevarnega blaga, logistiko e-trgovine, prevoz energije, prevoz farmacevtskih izdelkov, logistiko recikliranih materialov, nenormalne tovore in drugo.<\/p>\n<p><strong>Dodatne storitve:<\/strong><\/p>\n<p>Carinsko skladi\u0161\u010de<\/p>\n<p>Logisti\u010dne storitve<\/p>\n<p>Skladi\u0161\u010de<\/p>\n<p><strong>Naslov:<\/strong> 5 Paxton Pl, Skelmersdale WN8 9QH<\/p>\n<p><a href=\"https:\/\/www.hemisphere-freight.com\/contact\/liverpool\/?utm_source=Google&#038;utm_medium=Organic&#038;utm_campaign=Google%20My%20Business\" target=\"_new\" rel=\"noopener\">Spletna stran podru\u017enice Hemisphere Freight Services Ltd (HFS) Liverpool<\/a><\/p>\n<p><strong>Ocena pregleda: <\/strong>4.8<br \/> <strong>\u0160tevilo pregledov:<\/strong> 9<br \/><a href=\"https:\/\/www.google.co.uk\/maps?cid=14914104947181205588&#038;hl=en&#038;gl=GB\" target=\"_new\" rel=\"noopener\">Preberi mnenja<\/a><\/p>\n<h2>Kako smo izbrali najbolj\u0161a \u0161pediterska podjetja iz Skelmersdala<\/h2>\n<p>Za\u010deli smo z naborom podatkov 2 \u0161pediterskih podjetij Skelmersdale, ki smo jih lahko na\u0161li prek Googlovih zemljevidov, in ga zo\u017eili na 2 najbolj\u0161a.<\/p>\n<p>Pri tem smo odstranili vsa podjetja, ki:<\/p>\n<ul>\n<li> ni imel spletne strani<\/li>\n<li> Ni bilo pregledov<\/li>\n<li> Povpre\u010dna ocena pregleda je bila ni\u017eja od 2,0<\/li>\n<\/ul>\n<p>\u010ce smo imeli 17 ali manj \u0161pediterjev, smo jih navedli vse.<\/p>\n<p>Za mesta, kjer je ostalo ve\u010d kot 17 posrednikov, smo opravili nadaljnje popravke, tako da smo zvi\u0161ali zahtevano oceno pregleda (npr. z najmanj 2,0 na 4,0) in\/ali pove\u010dali najmanj\u0161e \u0161tevilo zahtevanih pregledov (npr. z najmanj 1 pregleda na najmanj 10).<\/p>\n<p>Upo\u0161tevajte, da smo uporabili samo podatke o pregledih iz Google Maps in ne iz drugih spletnih mest tretjih oseb.<\/p>\n<p>Ve\u010d mest:<\/p>\n<p><a href=\"https:\/\/moverdb.com\/sl\/spediter\/freight-forwarding-uk\/walsall-freight-forwarder\/\">\u0160pediter Walsall<\/a><br \/><a href=\"https:\/\/moverdb.com\/sl\/spediter\/freight-forwarding-uk\/stockton-on-tees-freight-forwarder\/\">\u0160pediter Stockton-on-Tees<\/a><br \/><a href=\"https:\/\/moverdb.com\/sl\/spediter\/freight-forwarding-uk\/middlesex-freight-forwarder\/\">\u0160pediter Middlesex<\/a><br \/><a href=\"https:\/\/moverdb.com\/sl\/spediter\/freight-forwarding-uk\/wisbech-freight-forwarder\/\">\u0160pediter Wisbech<\/a><br \/><a href=\"https:\/\/moverdb.com\/sl\/spediter\/freight-forwarding-uk\/east-cowes-freight-forwarder\/\">East Cowes \u0161pediter<\/a><\/p>","protected":false},"excerpt":{"rendered":"<p>Below we look at the 2 &#8220;best&#8221; Freight Forwarding companies in Skelmersdale out of 2. To learn more about how we chose the best please consult our FAQ section at the end. Please not the following listings are in no particular order and we are not making any recommendations for any particular company. UKI EXPRESS [&hellip;]<\/p>\n","protected":false},"author":1,"featured_media":0,"parent":13427,"menu_order":0,"comment_status":"open","ping_status":"open","template":"","meta":{"_genesis_hide_title":false,"_genesis_hide_breadcrumbs":false,"_genesis_hide_singular_image":false,"_genesis_hide_footer_widgets":false,"_genesis_custom_body_class":"","_genesis_custom_post_class":"","_genesis_layout":"","footnotes":""},"class_list":{"0":"post-14016","1":"page","2":"type-page","3":"status-publish","5":"entry"},"_links":{"self":[{"href":"https:\/\/moverdb.com\/sl\/wp-json\/wp\/v2\/pages\/14016","targetHints":{"allow":["GET"]}}],"collection":[{"href":"https:\/\/moverdb.com\/sl\/wp-json\/wp\/v2\/pages"}],"about":[{"href":"https:\/\/moverdb.com\/sl\/wp-json\/wp\/v2\/types\/page"}],"author":[{"embeddable":true,"href":"https:\/\/moverdb.com\/sl\/wp-json\/wp\/v2\/users\/1"}],"replies":[{"embeddable":true,"href":"https:\/\/moverdb.com\/sl\/wp-json\/wp\/v2\/comments?post=14016"}],"version-history":[{"count":1,"href":"https:\/\/moverdb.com\/sl\/wp-json\/wp\/v2\/pages\/14016\/revisions"}],"predecessor-version":[{"id":15746,"href":"https:\/\/moverdb.com\/sl\/wp-json\/wp\/v2\/pages\/14016\/revisions\/15746"}],"up":[{"embeddable":true,"href":"https:\/\/moverdb.com\/sl\/wp-json\/wp\/v2\/pages\/13427"}],"wp:attachment":[{"href":"https:\/\/moverdb.com\/sl\/wp-json\/wp\/v2\/media?parent=14016"}],"curies":[{"name":"wp","href":"https:\/\/api.w.org\/{rel}","templated":true}]}}