{"id":13985,"date":"2023-11-08T15:53:54","date_gmt":"2023-11-08T15:53:54","guid":{"rendered":"https:\/\/moverdb.com\/freight-forwarder\/freight-forwarding-uk\/dagenham-freight-forwarder\/"},"modified":"2026-01-08T13:17:28","modified_gmt":"2026-01-08T13:17:28","slug":"dagenham-freight-forwarder","status":"publish","type":"page","link":"https:\/\/moverdb.com\/sl\/freight-forwarder\/freight-forwarding-uk\/dagenham-freight-forwarder\/","title":{"rendered":"3 najbolj\u0161a \u0161pedicijska podjetja v Dagenhamu (2024)"},"content":{"rendered":"<p>V nadaljevanju si bomo ogledali 3 <em>\"najbolj\u0161e\"<\/em> \u0160pedicijska podjetja v Dagenhamu od 9.<\/p>\n<p>\u010ce \u017eelite izvedeti ve\u010d o tem, kako smo izbrali najbolj\u0161e, si na koncu oglejte razdelek Pogosta vpra\u0161anja.<\/p>\n<p><em>Prosimo, upo\u0161tevajte, da naslednji seznami niso razvr\u0161\u010deni po dolo\u010denem vrstnem redu in da ne priporo\u010damo nobenega podjetja.<\/em><\/p>\n<div id=\"ez-toc-container\" class=\"ez-toc-v2_0_82_2 ez-toc-wrap-left counter-hierarchy ez-toc-counter ez-toc-transparent ez-toc-container-direction\">\n<div class=\"ez-toc-title-container\">\n<p class=\"ez-toc-title\" style=\"cursor:inherit\">Oddelki<\/p>\n<span class=\"ez-toc-title-toggle\"><a href=\"#\" class=\"ez-toc-pull-right ez-toc-btn ez-toc-btn-xs ez-toc-btn-default ez-toc-toggle\" aria-label=\"Toggle Tabela vsebine\"><span class=\"ez-toc-js-icon-con\"><span class=\"\"><span class=\"eztoc-hide\" style=\"display:none;\">Toggle<\/span><span class=\"ez-toc-icon-toggle-span\"><svg style=\"fill: #999;color:#999\" xmlns=\"http:\/\/www.w3.org\/2000\/svg\" class=\"list-377408\" width=\"20px\" height=\"20px\" viewbox=\"0 0 24 24\" fill=\"none\"><path d=\"M6 6H4v2h2V6zm14 0H8v2h12V6zM4 11h2v2H4v-2zm16 0H8v2h12v-2zM4 16h2v2H4v-2zm16 0H8v2h12v-2z\" fill=\"currentColor\"><\/path><\/svg><svg style=\"fill: #999;color:#999\" class=\"arrow-unsorted-368013\" xmlns=\"http:\/\/www.w3.org\/2000\/svg\" width=\"10px\" height=\"10px\" viewbox=\"0 0 24 24\" version=\"1.2\" baseprofile=\"tiny\"><path d=\"M18.2 9.3l-6.2-6.3-6.2 6.3c-.2.2-.3.4-.3.7s.1.5.3.7c.2.2.4.3.7.3h11c.3 0 .5-.1.7-.3.2-.2.3-.5.3-.7s-.1-.5-.3-.7zM5.8 14.7l6.2 6.3 6.2-6.3c.2-.2.3-.5.3-.7s-.1-.5-.3-.7c-.2-.2-.4-.3-.7-.3h-11c-.3 0-.5.1-.7.3-.2.2-.3.5-.3.7s.1.5.3.7z\"\/><\/svg><\/span><\/span><\/span><\/a><\/span><\/div>\n<nav><ul class='ez-toc-list ez-toc-list-level-1 eztoc-toggle-hide-by-default' ><li class='ez-toc-page-1 ez-toc-heading-level-2'><a class=\"ez-toc-link ez-toc-heading-1\" href=\"https:\/\/moverdb.com\/sl\/freight-forwarder\/freight-forwarding-uk\/dagenham-freight-forwarder\/#APA_AIRLINES_MANAGEMENT\" >UPRAVLJANJE LETALSKIH DRU\u017dB APA<\/a><\/li><li class='ez-toc-page-1 ez-toc-heading-level-2'><a class=\"ez-toc-link ez-toc-heading-2\" href=\"https:\/\/moverdb.com\/sl\/freight-forwarder\/freight-forwarding-uk\/dagenham-freight-forwarder\/#H_A_Mandate_Cargo_Services\" >H&amp;A Mandate Cargo Services<\/a><\/li><li class='ez-toc-page-1 ez-toc-heading-level-2'><a class=\"ez-toc-link ez-toc-heading-3\" href=\"https:\/\/moverdb.com\/sl\/freight-forwarder\/freight-forwarding-uk\/dagenham-freight-forwarder\/#Worldwide_Logistics_Group_UK\" >Worldwide Logistics Group Velika Britanija<\/a><\/li><li class='ez-toc-page-1 ez-toc-heading-level-2'><a class=\"ez-toc-link ez-toc-heading-4\" href=\"https:\/\/moverdb.com\/sl\/freight-forwarder\/freight-forwarding-uk\/dagenham-freight-forwarder\/#How_we_picked_the_best_Dagenham_Freight_Forwarding_Companies\" >Kako smo izbrali najbolj\u0161a \u0161pediterska podjetja v Dagenhamu<\/a><\/li><\/ul><\/nav><\/div>\n<h2><span class=\"ez-toc-section\" id=\"APA_AIRLINES_MANAGEMENT\"><\/span>UPRAVLJANJE LETALSKIH DRU\u017dB APA<span class=\"ez-toc-section-end\"><\/span><\/h2>\n<p><img decoding=\"async\" src=\"https:\/\/moverdb.com\/wp-content\/uploads\/AF1QipOQX1SN_oPFzNhG06Qj-UB4JGrjdQ3_So8PvueKw408-h306-k-no.jpg\" alt='UPRAVLJANJE LETALSKIH DRU\u017dB APA' class=\"aligncenter\"><\/p>\n<p><strong>Opis iz podjetja: <\/strong>Veletrgovci z letalskimi prevozniki in specializirani \u0161pediterji iz <a href=\"https:\/\/moverdb.com\/sl\/moving-to-the-uk\/\" data-internallinksmanager029f6b8e52c=\"93\" title=\"Selitev v Zdru\u017eeno kraljestvo? 2022 \u017divljenjski stro\u0161ki in nasveti za selitev\">ZDRU\u017dENO KRALJESTVO<\/a> v Lagos, <a href=\"https:\/\/moverdb.com\/sl\/moving-companies\/moving-companies-nigeria\/\" data-internallinksmanager029f6b8e52c=\"280\" title=\"10 Best International Moving Companies v Nigeriji\">Nigerija<\/a>.<\/p>\n<p>Po vsem svetu <a href=\"https:\/\/moverdb.com\/sl\/freight-forwarder\/\" data-internallinksmanager029f6b8e52c=\"17\" title=\"\u0160pediter in NVOCC Mednarodni vodnik po stro\u0161kih in podjetjih\">\u0160pediter<\/a>.<\/p>\n<p><strong>Dodatne storitve:<\/strong><\/p>\n<p>Pisarna podjetja<\/p>\n<p><strong>Naslov:<\/strong> Enota 13A, Heathway Industrial Park, Off <a href=\"\" data-internallinksmanager029f6b8e52c=\"52\" title=\"Manchester\">Manchester<\/a> Way, Wantz Rd, Dagenham RM10 8PN<\/p>\n<p><a href=\"https:\/\/apaairlines.com\/\" target=\"_new\" rel=\"noopener\">Spletna stran APA AIRLINES MANAGEMENT<\/a><\/p>\n<p><strong>Ocena pregleda: <\/strong>4.1<br \/> <strong>\u0160tevilo pregledov:<\/strong> 12<br \/><a href=\"https:\/\/www.google.co.uk\/maps?cid=2369266708385342453&#038;hl=en&#038;gl=GB\" target=\"_new\" rel=\"noopener\">Preberi mnenja<\/a><\/p>\n<h2><span class=\"ez-toc-section\" id=\"H_A_Mandate_Cargo_Services\"><\/span>H&amp;A Mandate Cargo Services<span class=\"ez-toc-section-end\"><\/span><\/h2>\n<p><img decoding=\"async\" src=\"https:\/\/moverdb.com\/wp-content\/uploads\/AF1QipPAy1YZT2KrcJQTwK-PeL-UFl1Tn352wevkpv7Pw408-h306-k-no.jpg\" alt='H&amp;A Mandate Cargo Services' class=\"aligncenter\"><\/p>\n<p><strong>Opis iz podjetja: <\/strong>Tovor v Nigerijo.<\/p>\n<p> Smo nizkocenovni letalski in pomorski prevoznik ter <a href=\"https:\/\/moverdb.com\/sl\/international-money-transfer-services\/\" data-internallinksmanager029f6b8e52c=\"239\" title=\"11 najbolj\u0161ih mednarodnih storitev prenosa denarja v letu 2026\">prenos denarja<\/a> podjetje.<\/p>\n<p> Delujemo med Zdru\u017eenim kraljestvom in Nigerijo.<\/p>\n<p> Na\u0161e cene so neprimerljivo vi\u0161je, dobava pa je zagotovljena v nekaj dneh.<\/p>\n<p><strong>Dodatne storitve:<\/strong><\/p>\n<p>Ni na seznamu<\/p>\n<p><strong>Naslov:<\/strong> 221 Reede Rd, Dagenham RM10 8EH<\/p>\n<p><a href=\"http:\/\/www.handamandate.co.uk\/\" target=\"_new\" rel=\"noopener\">Spletna stran podjetja H&amp;A Mandate Cargo Services<\/a><\/p>\n<p><strong>Ocena pregleda: <\/strong>3.8<br \/> <strong>\u0160tevilo pregledov:<\/strong> 8<br \/><a href=\"https:\/\/www.google.co.uk\/maps?cid=918139188002691525&#038;hl=en&#038;gl=GB\" target=\"_new\" rel=\"noopener\">Preberi mnenja<\/a><\/p>\n<h2><span class=\"ez-toc-section\" id=\"Worldwide_Logistics_Group_UK\"><\/span>Worldwide Logistics Group Velika Britanija<span class=\"ez-toc-section-end\"><\/span><\/h2>\n<p><img decoding=\"async\" src=\"https:\/\/moverdb.com\/wp-content\/uploads\/AF1QipN_skR5BP8K0vnt5CzjAtyxsduBWjdlGfz_qNRqw408-h544-k-no.jpg\" alt='Worldwide Logistics Group Velika Britanija' class=\"aligncenter\"><\/p>\n<p><strong>Opis iz podjetja: <\/strong>Worldwide Logistics UK je podjetje iz U.<\/p>\n<p>K.<\/p>\n<p> tovorno podjetje, ki ponuja uvozne in izvozne storitve po vsem svetu.<\/p>\n<p> Specializirano za FBA in trgovinski tovor.<\/p>\n<p> S skladi\u0161\u010dnimi prostori po vsej ZDA.<\/p>\n<p>K.<\/p>\n<p><strong>Dodatne storitve:<\/strong><\/p>\n<p>Logisti\u010dne storitve<\/p>\n<p>Skladi\u0161\u010de<\/p>\n<p><strong>Naslov:<\/strong> Enota 16 Thames Gateway Park, Chequers Ln, Dagenham RM9 6FB<\/p>\n<p><a href=\"https:\/\/worldwidelogisticsltd.com\/uk\/\" target=\"_new\" rel=\"noopener\">Spletna stran Worldwide Logistics Group v Zdru\u017eenem kraljestvu<\/a><\/p>\n<p><strong>Ocena pregleda: <\/strong>4.3<br \/> <strong>\u0160tevilo pregledov:<\/strong> 34<br \/><a href=\"https:\/\/www.google.co.uk\/maps?cid=13452110533918890274&#038;hl=en&#038;gl=GB\" target=\"_new\" rel=\"noopener\">Preberi mnenja<\/a><\/p>\n<h2><span class=\"ez-toc-section\" id=\"How_we_picked_the_best_Dagenham_Freight_Forwarding_Companies\"><\/span>Kako smo izbrali najbolj\u0161a \u0161pediterska podjetja v Dagenhamu<span class=\"ez-toc-section-end\"><\/span><\/h2>\n<p>Za\u010deli smo z naborom podatkov 9 \u0161pediterskih podjetij Dagenham, ki smo jih na\u0161li prek Googlovih zemljevidov, in ga zo\u017eili na 3 najbolj\u0161a.<\/p>\n<p>Pri tem smo odstranili vsa podjetja, ki:<\/p>\n<ul>\n<li> ni imel spletne strani<\/li>\n<li> Ni bilo pregledov<\/li>\n<li> Povpre\u010dna ocena pregleda je bila ni\u017eja od 2,0<\/li>\n<\/ul>\n<p>\u010ce smo imeli 17 ali manj \u0161pediterjev, smo jih navedli vse.<\/p>\n<p>Za mesta, kjer je ostalo ve\u010d kot 17 posrednikov, smo opravili nadaljnje popravke, tako da smo zvi\u0161ali zahtevano oceno pregleda (npr. z najmanj 2,0 na 4,0) in\/ali pove\u010dali najmanj\u0161e \u0161tevilo zahtevanih pregledov (npr. z najmanj 1 pregleda na najmanj 10).<\/p>\n<p>Upo\u0161tevajte, da smo uporabili samo podatke o pregledih iz Google Maps in ne iz drugih spletnih mest tretjih oseb.<\/p>\n<p>Ve\u010d mest:<\/p>\n<p><a href=\"https:\/\/moverdb.com\/sl\/spediter\/freight-forwarding-uk\/renfrew-freight-forwarder\/\">\u0160pediter Renfrew<\/a><br \/><a href=\"https:\/\/moverdb.com\/sl\/spediter\/freight-forwarding-uk\/maldon-freight-forwarder\/\">\u0160pediter Maldon<\/a><br \/><a href=\"https:\/\/moverdb.com\/sl\/spediter\/freight-forwarding-uk\/bellshill-freight-forwarder\/\">Bellshill \u0161pediter<\/a><br \/><a href=\"https:\/\/moverdb.com\/sl\/spediter\/freight-forwarding-uk\/middlesbrough-freight-forwarder\/\">Middlesbrough \u0161pediter<\/a><br \/><a href=\"https:\/\/moverdb.com\/sl\/spediter\/freight-forwarding-uk\/hessle-freight-forwarder\/\">\u0160pediter Hessle<\/a><\/p>","protected":false},"excerpt":{"rendered":"<p>Below we look at the 3 &#8220;best&#8221; Freight Forwarding companies in Dagenham out of 9. To learn more about how we chose the best please consult our FAQ section at the end. Please not the following listings are in no particular order and we are not making any recommendations for any particular company. APA AIRLINES [&hellip;]<\/p>\n","protected":false},"author":1,"featured_media":0,"parent":13427,"menu_order":0,"comment_status":"open","ping_status":"open","template":"","meta":{"_genesis_hide_title":false,"_genesis_hide_breadcrumbs":false,"_genesis_hide_singular_image":false,"_genesis_hide_footer_widgets":false,"_genesis_custom_body_class":"","_genesis_custom_post_class":"","_genesis_layout":"","footnotes":""},"class_list":{"0":"post-13985","1":"page","2":"type-page","3":"status-publish","5":"entry"},"_links":{"self":[{"href":"https:\/\/moverdb.com\/sl\/wp-json\/wp\/v2\/pages\/13985","targetHints":{"allow":["GET"]}}],"collection":[{"href":"https:\/\/moverdb.com\/sl\/wp-json\/wp\/v2\/pages"}],"about":[{"href":"https:\/\/moverdb.com\/sl\/wp-json\/wp\/v2\/types\/page"}],"author":[{"embeddable":true,"href":"https:\/\/moverdb.com\/sl\/wp-json\/wp\/v2\/users\/1"}],"replies":[{"embeddable":true,"href":"https:\/\/moverdb.com\/sl\/wp-json\/wp\/v2\/comments?post=13985"}],"version-history":[{"count":1,"href":"https:\/\/moverdb.com\/sl\/wp-json\/wp\/v2\/pages\/13985\/revisions"}],"predecessor-version":[{"id":15764,"href":"https:\/\/moverdb.com\/sl\/wp-json\/wp\/v2\/pages\/13985\/revisions\/15764"}],"up":[{"embeddable":true,"href":"https:\/\/moverdb.com\/sl\/wp-json\/wp\/v2\/pages\/13427"}],"wp:attachment":[{"href":"https:\/\/moverdb.com\/sl\/wp-json\/wp\/v2\/media?parent=13985"}],"curies":[{"name":"wp","href":"https:\/\/api.w.org\/{rel}","templated":true}]}}