{"id":13934,"date":"2023-11-08T15:53:26","date_gmt":"2023-11-08T15:53:26","guid":{"rendered":"https:\/\/moverdb.com\/freight-forwarder\/freight-forwarding-uk\/heywood-freight-forwarder\/"},"modified":"2026-01-08T13:17:31","modified_gmt":"2026-01-08T13:17:31","slug":"heywood-freight-forwarder","status":"publish","type":"page","link":"https:\/\/moverdb.com\/sl\/freight-forwarder\/freight-forwarding-uk\/heywood-freight-forwarder\/","title":{"rendered":"3 najbolj\u0161e \u0161pediterske dru\u017ebe Heywood (2024)"},"content":{"rendered":"<p>V nadaljevanju si bomo ogledali 3 <em>\"najbolj\u0161e\"<\/em> \u0160pedicijska podjetja v Heywoodu od 3.<\/p>\n<p>\u010ce \u017eelite izvedeti ve\u010d o tem, kako smo izbrali najbolj\u0161e, si na koncu oglejte razdelek Pogosta vpra\u0161anja.<\/p>\n<p><em>Prosimo, upo\u0161tevajte, da naslednji seznami niso razvr\u0161\u010deni po dolo\u010denem vrstnem redu in da ne priporo\u010damo nobenega podjetja.<\/em><\/p>\n<div id=\"ez-toc-container\" class=\"ez-toc-v2_0_82_2 ez-toc-wrap-left counter-hierarchy ez-toc-counter ez-toc-transparent ez-toc-container-direction\">\n<div class=\"ez-toc-title-container\">\n<p class=\"ez-toc-title\" style=\"cursor:inherit\">Oddelki<\/p>\n<span class=\"ez-toc-title-toggle\"><a href=\"#\" class=\"ez-toc-pull-right ez-toc-btn ez-toc-btn-xs ez-toc-btn-default ez-toc-toggle\" aria-label=\"Toggle Tabela vsebine\"><span class=\"ez-toc-js-icon-con\"><span class=\"\"><span class=\"eztoc-hide\" style=\"display:none;\">Toggle<\/span><span class=\"ez-toc-icon-toggle-span\"><svg style=\"fill: #999;color:#999\" xmlns=\"http:\/\/www.w3.org\/2000\/svg\" class=\"list-377408\" width=\"20px\" height=\"20px\" viewbox=\"0 0 24 24\" fill=\"none\"><path d=\"M6 6H4v2h2V6zm14 0H8v2h12V6zM4 11h2v2H4v-2zm16 0H8v2h12v-2zM4 16h2v2H4v-2zm16 0H8v2h12v-2z\" fill=\"currentColor\"><\/path><\/svg><svg style=\"fill: #999;color:#999\" class=\"arrow-unsorted-368013\" xmlns=\"http:\/\/www.w3.org\/2000\/svg\" width=\"10px\" height=\"10px\" viewbox=\"0 0 24 24\" version=\"1.2\" baseprofile=\"tiny\"><path d=\"M18.2 9.3l-6.2-6.3-6.2 6.3c-.2.2-.3.4-.3.7s.1.5.3.7c.2.2.4.3.7.3h11c.3 0 .5-.1.7-.3.2-.2.3-.5.3-.7s-.1-.5-.3-.7zM5.8 14.7l6.2 6.3 6.2-6.3c.2-.2.3-.5.3-.7s-.1-.5-.3-.7c-.2-.2-.4-.3-.7-.3h-11c-.3 0-.5.1-.7.3-.2.2-.3.5-.3.7s.1.5.3.7z\"\/><\/svg><\/span><\/span><\/span><\/a><\/span><\/div>\n<nav><ul class='ez-toc-list ez-toc-list-level-1 eztoc-toggle-hide-by-default' ><li class='ez-toc-page-1 ez-toc-heading-level-2'><a class=\"ez-toc-link ez-toc-heading-1\" href=\"https:\/\/moverdb.com\/sl\/freight-forwarder\/freight-forwarding-uk\/heywood-freight-forwarder\/#ITD_Global_Head_Office\" >Globalni sede\u017e ITD<\/a><\/li><li class='ez-toc-page-1 ez-toc-heading-level-2'><a class=\"ez-toc-link ez-toc-heading-2\" href=\"https:\/\/moverdb.com\/sl\/freight-forwarder\/freight-forwarding-uk\/heywood-freight-forwarder\/#Ital_Logistics_Limited\" >Ital Logistics Limited<\/a><\/li><li class='ez-toc-page-1 ez-toc-heading-level-2'><a class=\"ez-toc-link ez-toc-heading-3\" href=\"https:\/\/moverdb.com\/sl\/freight-forwarder\/freight-forwarding-uk\/heywood-freight-forwarder\/#Uniexpress_Ltd\" >Uniexpress Ltd<\/a><\/li><li class='ez-toc-page-1 ez-toc-heading-level-2'><a class=\"ez-toc-link ez-toc-heading-4\" href=\"https:\/\/moverdb.com\/sl\/freight-forwarder\/freight-forwarding-uk\/heywood-freight-forwarder\/#How_we_picked_the_best_Heywood_Freight_Forwarding_Companies\" >Kako smo izbrali najbolj\u0161a \u0161pediterska podjetja Heywood<\/a><\/li><\/ul><\/nav><\/div>\n<h2><span class=\"ez-toc-section\" id=\"ITD_Global_Head_Office\"><\/span>Globalni sede\u017e ITD<span class=\"ez-toc-section-end\"><\/span><\/h2>\n<p><img decoding=\"async\" src=\"https:\/\/moverdb.com\/wp-content\/uploads\/AF1QipNrIAOK1pecyCJuhvNkN5Kl6uFxDNLuH-T9Ee2qw470-h240-k-no.jpg\" alt='Globalni sede\u017e ITD' class=\"aligncenter\"><\/p>\n<p><strong>Opis iz podjetja: <\/strong>ITD Global ponuja mednarodne kurirske storitve, zanesljive storitve hitrega ali ekonomskega zra\u010dnega prevoza, ki vam omogo\u010dajo u\u010dinkovitej\u0161i in stro\u0161kovno u\u010dinkovitej\u0161i uvoz ali izvoz blaga ter dostavo po\u0161iljk kjer koli na svetu, kadar in kjer jih potrebujete.<\/p>\n<p> ITD ponuja tudi re\u0161itve za dostavo paketov za e-trgovino, ki zagotavljajo integrirano platformo za e-trgovino z zmogljivostmi, ki jih potrebujete za nemoteno dostavo, bolj\u0161e povratne informacije strank in ve\u010djo u\u010dinkovitost.<\/p>\n<p><strong>Dodatne storitve:<\/strong><\/p>\n<p>kurirska slu\u017eba<\/p>\n<p>Agencija za elektronsko poslovanje<\/p>\n<p>Podjetje za dostavo<\/p>\n<p><strong>Naslov:<\/strong> Enota A, industrijski park Birch, Whittle Ln, Heywood OL10 2SX<\/p>\n<p><a href=\"http:\/\/www.itdglobal.com\/\" target=\"_new\" rel=\"noopener\">Spletna stran glavnega urada ITD<\/a><\/p>\n<p><strong>Ocena pregleda: <\/strong>3.9<br \/> <strong>\u0160tevilo pregledov:<\/strong> 34<br \/><a href=\"https:\/\/www.google.co.uk\/maps?cid=6159889693986751776&#038;hl=en&#038;gl=GB\" target=\"_new\" rel=\"noopener\">Preberi mnenja<\/a><\/p>\n<h2><span class=\"ez-toc-section\" id=\"Ital_Logistics_Limited\"><\/span>Ital Logistics Limited<span class=\"ez-toc-section-end\"><\/span><\/h2>\n<p><img decoding=\"async\" src=\"https:\/\/moverdb.com\/wp-content\/uploads\/AF1QipMCZ7lxoxZMg4LNZI1lLbAimTIjJq0mm-y4Ko2fw408-h306-k-no.jpg\" alt='Ital Logistics Limited' class=\"aligncenter\"><\/p>\n<p><strong>Opis iz podjetja: <\/strong><br \/>\nITAL Logistics je britansko podjetje za prevoz tovora z italijanskim pridihom.<\/p>\n<p> Podjetje se je najprej specializiralo za prevoz tovora med <a href=\"https:\/\/moverdb.com\/sl\/moving-to-the-uk\/\" data-internallinksmanager029f6b8e52c=\"93\" title=\"Selitev v Zdru\u017eeno kraljestvo? 2022 \u017divljenjski stro\u0161ki in nasveti za selitev\">ZDRU\u017dENO KRALJESTVO<\/a> in . <a href=\"https:\/\/moverdb.com\/sl\/moving-to-italy\/\" data-internallinksmanager029f6b8e52c=\"346\" title=\"Selitev v Italijo? 2023 \u017divljenjski stro\u0161ki in nasveti za selitev\">Italija<\/a>, vendar je od takrat svoje storitve raz\u0161irila na <a href=\"https:\/\/moverdb.com\/sl\/moving-to-spain\/\" data-internallinksmanager029f6b8e52c=\"266\" title=\"Selitev v \u0160panijo? 2023 \u017divljenjski stro\u0161ki in nasveti za selitev\">\u0160panija<\/a>, <a href=\"https:\/\/moverdb.com\/sl\/moving-to-greece\/\" data-internallinksmanager029f6b8e52c=\"353\" title=\"Selitev v Gr\u010dijo? 2023 \u017divljenjski stro\u0161ki in nasveti za selitev\">Gr\u010dija<\/a>, <a href=\"https:\/\/moverdb.com\/sl\/moving-to-portugal\/\" data-internallinksmanager029f6b8e52c=\"316\" title=\"Selitev na Portugalsko? 2023 \u017divljenjski stro\u0161ki in nasveti za selitev\">Portugalska<\/a>ter ve\u010d srednjeevropskih, zahodnoevropskih in vzhodnoevropskih dr\u017eav.<\/p>\n<p> ITAL Logistics zagotavlja tedenski redni in hitri (v 48 urah) prevoz tovora.<\/p>\n<p> Ima tudi strokovno znanje na podro\u010dju prevoza nevarnega blaga, kot so kemikalije.<\/p>\n<p><strong>Dodatne storitve:<\/strong><\/p>\n<p>Podjetje za dostavo<\/p>\n<p><strong>Naslov:<\/strong> Enota 1, Birch Business Park, Whittle Ln, Heywood OL10 2SX<\/p>\n<p><a href=\"http:\/\/www.ital-logistics.com\/\" target=\"_new\" rel=\"noopener\">Spletna stran podjetja Ital Logistics Limited<\/a><\/p>\n<p><strong>Ocena pregleda: <\/strong>4<br \/> <strong>\u0160tevilo pregledov:<\/strong> 92<br \/><a href=\"https:\/\/www.google.co.uk\/maps?cid=3298825447208770271&#038;hl=en&#038;gl=GB\" target=\"_new\" rel=\"noopener\">Preberi mnenja<\/a><\/p>\n<h2><span class=\"ez-toc-section\" id=\"Uniexpress_Ltd\"><\/span>Uniexpress Ltd<span class=\"ez-toc-section-end\"><\/span><\/h2>\n<p><img decoding=\"async\" src=\"\" alt=\"Uniexpress Ltd\" class=\"aligncenter\"><\/p>\n<p><strong>Opis iz podjetja: <\/strong>Ni na voljo<\/p>\n<p><strong>Dodatne storitve:<\/strong><\/p>\n<p>Ni na seznamu<\/p>\n<p><strong>Naslov:<\/strong> heywood distribucijski park, enota B4 3&amp;4, Heywood OL10 2TT<\/p>\n<p><a href=\"https:\/\/uniexpress.co.uk\/\" target=\"_new\" rel=\"noopener\">Spletna stran podjetja Uniexpress Ltd<\/a><\/p>\n<p><strong>Ocena pregleda: <\/strong>5<br \/> <strong>\u0160tevilo pregledov:<\/strong> 1<br \/><a href=\"https:\/\/www.google.co.uk\/maps?cid=12989075388009781764&#038;hl=en&#038;gl=GB\" target=\"_new\" rel=\"noopener\">Preberi mnenja<\/a><\/p>\n<h2><span class=\"ez-toc-section\" id=\"How_we_picked_the_best_Heywood_Freight_Forwarding_Companies\"><\/span>Kako smo izbrali najbolj\u0161a \u0161pediterska podjetja Heywood<span class=\"ez-toc-section-end\"><\/span><\/h2>\n<p>Za\u010deli smo z naborom podatkov 3 \u0161pediterskih podjetij Heywood, ki smo jih lahko na\u0161li prek Googlovih zemljevidov, in ga zo\u017eili na najbolj\u0161e 3.<\/p>\n<p>Pri tem smo odstranili vsa podjetja, ki:<\/p>\n<ul>\n<li> ni imel spletne strani<\/li>\n<li> Ni bilo pregledov<\/li>\n<li> Povpre\u010dna ocena pregleda je bila ni\u017eja od 2,0<\/li>\n<\/ul>\n<p>\u010ce smo imeli 17 ali manj \u0161pediterjev, smo jih navedli vse.<\/p>\n<p>Za mesta, kjer je ostalo ve\u010d kot 17 posrednikov, smo opravili nadaljnje popravke, tako da smo zvi\u0161ali zahtevano oceno pregleda (npr. z najmanj 2,0 na 4,0) in\/ali pove\u010dali najmanj\u0161e \u0161tevilo zahtevanih pregledov (npr. z najmanj 1 pregleda na najmanj 10).<\/p>\n<p>Upo\u0161tevajte, da smo uporabili samo podatke o pregledih iz Google Maps in ne iz drugih spletnih mest tretjih oseb.<\/p>\n<p>Ve\u010d mest:<\/p>\n<p><a href=\"https:\/\/moverdb.com\/sl\/spediter\/freight-forwarding-uk\/edinburgh-freight-forwarder\/\">Edinburgh \u0161pediter<\/a><br \/><a href=\"https:\/\/moverdb.com\/sl\/spediter\/freight-forwarding-uk\/wakefield-freight-forwarder\/\">\u0160pediter Wakefield<\/a><br \/><a href=\"https:\/\/moverdb.com\/sl\/spediter\/freight-forwarding-uk\/christchurch-freight-forwarder\/\">\u0160pediter Christchurch<\/a><br \/><a href=\"https:\/\/moverdb.com\/sl\/spediter\/freight-forwarding-uk\/braintree-freight-forwarder\/\">\u0160pediter Braintree<\/a><br \/><a href=\"https:\/\/moverdb.com\/sl\/spediter\/freight-forwarding-uk\/ilford-freight-forwarder\/\">\u0160pediter Ilford<\/a><\/p>","protected":false},"excerpt":{"rendered":"<p>Below we look at the 3 &#8220;best&#8221; Freight Forwarding companies in Heywood out of 3. To learn more about how we chose the best please consult our FAQ section at the end. Please not the following listings are in no particular order and we are not making any recommendations for any particular company. ITD Global [&hellip;]<\/p>\n","protected":false},"author":1,"featured_media":0,"parent":13427,"menu_order":0,"comment_status":"open","ping_status":"open","template":"","meta":{"_genesis_hide_title":false,"_genesis_hide_breadcrumbs":false,"_genesis_hide_singular_image":false,"_genesis_hide_footer_widgets":false,"_genesis_custom_body_class":"","_genesis_custom_post_class":"","_genesis_layout":"","footnotes":""},"class_list":{"0":"post-13934","1":"page","2":"type-page","3":"status-publish","5":"entry"},"_links":{"self":[{"href":"https:\/\/moverdb.com\/sl\/wp-json\/wp\/v2\/pages\/13934","targetHints":{"allow":["GET"]}}],"collection":[{"href":"https:\/\/moverdb.com\/sl\/wp-json\/wp\/v2\/pages"}],"about":[{"href":"https:\/\/moverdb.com\/sl\/wp-json\/wp\/v2\/types\/page"}],"author":[{"embeddable":true,"href":"https:\/\/moverdb.com\/sl\/wp-json\/wp\/v2\/users\/1"}],"replies":[{"embeddable":true,"href":"https:\/\/moverdb.com\/sl\/wp-json\/wp\/v2\/comments?post=13934"}],"version-history":[{"count":1,"href":"https:\/\/moverdb.com\/sl\/wp-json\/wp\/v2\/pages\/13934\/revisions"}],"predecessor-version":[{"id":15767,"href":"https:\/\/moverdb.com\/sl\/wp-json\/wp\/v2\/pages\/13934\/revisions\/15767"}],"up":[{"embeddable":true,"href":"https:\/\/moverdb.com\/sl\/wp-json\/wp\/v2\/pages\/13427"}],"wp:attachment":[{"href":"https:\/\/moverdb.com\/sl\/wp-json\/wp\/v2\/media?parent=13934"}],"curies":[{"name":"wp","href":"https:\/\/api.w.org\/{rel}","templated":true}]}}