{"id":13931,"date":"2023-11-08T15:53:26","date_gmt":"2023-11-08T15:53:26","guid":{"rendered":"https:\/\/moverdb.com\/freight-forwarder\/freight-forwarding-uk\/aberdeen-freight-forwarder\/"},"modified":"2026-01-08T13:17:47","modified_gmt":"2026-01-08T13:17:47","slug":"aberdeen-freight-forwarder","status":"publish","type":"page","link":"https:\/\/moverdb.com\/sl\/freight-forwarder\/freight-forwarding-uk\/aberdeen-freight-forwarder\/","title":{"rendered":"4 najbolj\u0161a \u0161pediterska podjetja v Aberdeenu (2024)"},"content":{"rendered":"<p>V nadaljevanju si bomo ogledali 4 <em>\"najbolj\u0161e\"<\/em> \u0160pedicijska podjetja v Aberdeenu od 21.<\/p>\n<p>\u010ce \u017eelite izvedeti ve\u010d o tem, kako smo izbrali najbolj\u0161e, si na koncu oglejte razdelek Pogosta vpra\u0161anja.<\/p>\n<p><em>Prosimo, upo\u0161tevajte, da naslednji seznami niso razvr\u0161\u010deni po dolo\u010denem vrstnem redu in da ne priporo\u010damo nobenega podjetja.<\/em><\/p>\n<div id=\"ez-toc-container\" class=\"ez-toc-v2_0_82_2 ez-toc-wrap-left counter-hierarchy ez-toc-counter ez-toc-transparent ez-toc-container-direction\">\n<div class=\"ez-toc-title-container\">\n<p class=\"ez-toc-title\" style=\"cursor:inherit\">Oddelki<\/p>\n<span class=\"ez-toc-title-toggle\"><a href=\"#\" class=\"ez-toc-pull-right ez-toc-btn ez-toc-btn-xs ez-toc-btn-default ez-toc-toggle\" aria-label=\"Toggle Tabela vsebine\"><span class=\"ez-toc-js-icon-con\"><span class=\"\"><span class=\"eztoc-hide\" style=\"display:none;\">Toggle<\/span><span class=\"ez-toc-icon-toggle-span\"><svg style=\"fill: #999;color:#999\" xmlns=\"http:\/\/www.w3.org\/2000\/svg\" class=\"list-377408\" width=\"20px\" height=\"20px\" viewbox=\"0 0 24 24\" fill=\"none\"><path d=\"M6 6H4v2h2V6zm14 0H8v2h12V6zM4 11h2v2H4v-2zm16 0H8v2h12v-2zM4 16h2v2H4v-2zm16 0H8v2h12v-2z\" fill=\"currentColor\"><\/path><\/svg><svg style=\"fill: #999;color:#999\" class=\"arrow-unsorted-368013\" xmlns=\"http:\/\/www.w3.org\/2000\/svg\" width=\"10px\" height=\"10px\" viewbox=\"0 0 24 24\" version=\"1.2\" baseprofile=\"tiny\"><path d=\"M18.2 9.3l-6.2-6.3-6.2 6.3c-.2.2-.3.4-.3.7s.1.5.3.7c.2.2.4.3.7.3h11c.3 0 .5-.1.7-.3.2-.2.3-.5.3-.7s-.1-.5-.3-.7zM5.8 14.7l6.2 6.3 6.2-6.3c.2-.2.3-.5.3-.7s-.1-.5-.3-.7c-.2-.2-.4-.3-.7-.3h-11c-.3 0-.5.1-.7.3-.2.2-.3.5-.3.7s.1.5.3.7z\"\/><\/svg><\/span><\/span><\/span><\/a><\/span><\/div>\n<nav><ul class='ez-toc-list ez-toc-list-level-1 eztoc-toggle-hide-by-default' ><li class='ez-toc-page-1 ez-toc-heading-level-2'><a class=\"ez-toc-link ez-toc-heading-1\" href=\"https:\/\/moverdb.com\/sl\/freight-forwarder\/freight-forwarding-uk\/aberdeen-freight-forwarder\/#Bollore_Logistics\" >Logistika Bollore<\/a><\/li><li class='ez-toc-page-1 ez-toc-heading-level-2'><a class=\"ez-toc-link ez-toc-heading-2\" href=\"https:\/\/moverdb.com\/sl\/freight-forwarder\/freight-forwarding-uk\/aberdeen-freight-forwarder\/#LV_Shipping_Ltd\" >LV Shipping Ltd<\/a><\/li><li class='ez-toc-page-1 ez-toc-heading-level-2'><a class=\"ez-toc-link ez-toc-heading-3\" href=\"https:\/\/moverdb.com\/sl\/freight-forwarder\/freight-forwarding-uk\/aberdeen-freight-forwarder\/#William_Walker_Transport\" >William Walker Transport<\/a><\/li><li class='ez-toc-page-1 ez-toc-heading-level-2'><a class=\"ez-toc-link ez-toc-heading-4\" href=\"https:\/\/moverdb.com\/sl\/freight-forwarder\/freight-forwarding-uk\/aberdeen-freight-forwarder\/#Asco_Freight_Management\" >Asco Freight Management<\/a><\/li><li class='ez-toc-page-1 ez-toc-heading-level-2'><a class=\"ez-toc-link ez-toc-heading-5\" href=\"https:\/\/moverdb.com\/sl\/freight-forwarder\/freight-forwarding-uk\/aberdeen-freight-forwarder\/#How_we_picked_the_best_Aberdeen_Freight_Forwarding_Companies\" >Kako smo izbrali najbolj\u0161a \u0161pediterska podjetja v Aberdeenu<\/a><\/li><\/ul><\/nav><\/div>\n<h2><span class=\"ez-toc-section\" id=\"Bollore_Logistics\"><\/span>Logistika Bollore<span class=\"ez-toc-section-end\"><\/span><\/h2>\n<p><img decoding=\"async\" src=\"https:\/\/moverdb.com\/wp-content\/uploads\/AF1QipM8BlEPdJcwXeRwvoYTAah5cnQSvf0uyaZ0_R24w408-h306-k-no.jpg\" alt='Logistika Bollore' class=\"aligncenter\"><\/p>\n<p><strong>Opis iz podjetja: <\/strong>Ni na voljo<\/p>\n<p><strong>Dodatne storitve:<\/strong><\/p>\n<p>Logisti\u010dne storitve<\/p>\n<p><strong>Naslov:<\/strong> Objekt 91, Howe Moss Ave, Dyce, Aberdeen AB21 0GP<\/p>\n<p><a href=\"https:\/\/www.bollore-logistics.com\/en\/country\/united-kingdom\/\" target=\"_new\" rel=\"noopener\">Spletna stran Bollore Logistics<\/a><\/p>\n<p><strong>Ocena pregleda: <\/strong>4.8<br \/> <strong>\u0160tevilo pregledov:<\/strong> 6<br \/><a href=\"https:\/\/www.google.co.uk\/maps?cid=12615645278884117215&#038;hl=en&#038;gl=GB\" target=\"_new\" rel=\"noopener\">Preberi mnenja<\/a><\/p>\n<h2><span class=\"ez-toc-section\" id=\"LV_Shipping_Ltd\"><\/span>LV Shipping Ltd<span class=\"ez-toc-section-end\"><\/span><\/h2>\n<p><img decoding=\"async\" src=\"https:\/\/moverdb.com\/wp-content\/uploads\/thumbnailpanoid31nHIWpnmcJnExnK9c8ksAcb_clientsearch.gws-prod.gpsw408h240yaw106.jpg\" alt='LV Shipping Ltd' class=\"aligncenter\"><\/p>\n<p><strong>Opis iz podjetja: <\/strong>Ni na voljo<\/p>\n<p><strong>Dodatne storitve:<\/strong><\/p>\n<p>Ni na seznamu<\/p>\n<p><strong>Naslov:<\/strong> Enota 12, Wellheads Industrial Estate, Wellheads Place, Aberdeen AB21 7GB<\/p>\n<p><a href=\"http:\/\/www.lvshipping.com\/\" target=\"_new\" rel=\"noopener\">Spletna stran LV Shipping Ltd<\/a><\/p>\n<p><strong>Ocena pregleda: <\/strong>4.1<br \/> <strong>\u0160tevilo pregledov:<\/strong> 14<br \/><a href=\"https:\/\/www.google.co.uk\/maps?cid=2615256422031747930&#038;hl=en&#038;gl=GB\" target=\"_new\" rel=\"noopener\">Preberi mnenja<\/a><\/p>\n<h2><span class=\"ez-toc-section\" id=\"William_Walker_Transport\"><\/span>William Walker Transport<span class=\"ez-toc-section-end\"><\/span><\/h2>\n<p><img decoding=\"async\" src=\"https:\/\/moverdb.com\/wp-content\/uploads\/AF1QipP0NFI-xvON9ogpj9epjSVdj-V3jye7Ml7sulpfw408-h306-k-no.jpg\" alt='William Walker Transport' class=\"aligncenter\"><\/p>\n<p><strong>Opis iz podjetja: <\/strong>Ni na voljo<\/p>\n<p><strong>Dodatne storitve:<\/strong><\/p>\n<p>Prevozne storitve<\/p>\n<p><strong>Naslov:<\/strong> Shielhill Dr, Bridge of Don, Aberdeen AB23 8NN<\/p>\n<p><a href=\"http:\/\/www.williamwalkertransport.co.uk\/\" target=\"_new\" rel=\"noopener\">Spletna stran William Walker Transport<\/a><\/p>\n<p><strong>Ocena pregleda: <\/strong>5<br \/> <strong>\u0160tevilo pregledov:<\/strong> 9<br \/><a href=\"https:\/\/www.google.co.uk\/maps?cid=5414864280198963313&#038;hl=en&#038;gl=GB\" target=\"_new\" rel=\"noopener\">Preberi mnenja<\/a><\/p>\n<h2><span class=\"ez-toc-section\" id=\"Asco_Freight_Management\"><\/span>Asco Freight Management<span class=\"ez-toc-section-end\"><\/span><\/h2>\n<p><img decoding=\"async\" src=\"https:\/\/moverdb.com\/wp-content\/uploads\/thumbnailpanoidrowbLshWXycIWdSp2puW6gcb_clientsearch.gws-prod.gpsw408h240yaw193.jpg\" alt='Asco Freight Management' class=\"aligncenter\"><\/p>\n<p><strong>Opis iz podjetja: <\/strong>Ni na voljo<\/p>\n<p><strong>Dodatne storitve:<\/strong><\/p>\n<p>Ni na seznamu<\/p>\n<p><strong>Naslov:<\/strong> Howe Moss Cres, Aberdeen AB21 0GN<\/p>\n<p><a href=\"https:\/\/ascoworld.com\/locations\/aberdeen\" target=\"_new\" rel=\"noopener\">Spletna stran dru\u017ebe Asco Freight Management<\/a><\/p>\n<p><strong>Ocena pregleda: <\/strong>4.3<br \/> <strong>\u0160tevilo pregledov:<\/strong> 4<br \/><a href=\"https:\/\/www.google.co.uk\/maps?cid=9372439422157789894&#038;hl=en&#038;gl=GB\" target=\"_new\" rel=\"noopener\">Preberi mnenja<\/a><\/p>\n<h2><span class=\"ez-toc-section\" id=\"How_we_picked_the_best_Aberdeen_Freight_Forwarding_Companies\"><\/span>Kako smo izbrali najbolj\u0161a \u0161pediterska podjetja v Aberdeenu<span class=\"ez-toc-section-end\"><\/span><\/h2>\n<p>Za\u010deli smo z naborom podatkov 21 \u0161pediterskih podjetij iz Aberdeena, ki smo jih na\u0161li prek Googlovih zemljevidov, in ga zo\u017eili na \u0161tiri najbolj\u0161a.<\/p>\n<p>Pri tem smo odstranili vsa podjetja, ki:<\/p>\n<ul>\n<li> ni imel spletne strani<\/li>\n<li> Ni bilo pregledov<\/li>\n<li> Povpre\u010dna ocena pregleda je bila ni\u017eja od 2,0<\/li>\n<\/ul>\n<p>\u010ce smo imeli 17 ali manj \u0161pediterjev, smo jih navedli vse.<\/p>\n<p>Za mesta, kjer je ostalo ve\u010d kot 17 posrednikov, smo opravili nadaljnje popravke, tako da smo zvi\u0161ali zahtevano oceno pregleda (npr. z najmanj 2,0 na 4,0) in\/ali pove\u010dali najmanj\u0161e \u0161tevilo zahtevanih pregledov (npr. z najmanj 1 pregleda na najmanj 10).<\/p>\n<p>Upo\u0161tevajte, da smo uporabili samo podatke o pregledih iz Google Maps in ne iz drugih spletnih mest tretjih oseb.<\/p>\n<p>Ve\u010d mest:<\/p>\n<p><a href=\"https:\/\/moverdb.com\/sl\/spediter\/freight-forwarding-uk\/heywood-freight-forwarder\/\">\u0160pediter Heywood<\/a><br \/><a href=\"https:\/\/moverdb.com\/sl\/spediter\/freight-forwarding-uk\/edinburgh-freight-forwarder\/\">Edinburgh \u0161pediter<\/a><br \/><a href=\"https:\/\/moverdb.com\/sl\/spediter\/freight-forwarding-uk\/wakefield-freight-forwarder\/\">\u0160pediter Wakefield<\/a><br \/><a href=\"https:\/\/moverdb.com\/sl\/spediter\/freight-forwarding-uk\/christchurch-freight-forwarder\/\">\u0160pediter Christchurch<\/a><br \/><a href=\"https:\/\/moverdb.com\/sl\/spediter\/freight-forwarding-uk\/braintree-freight-forwarder\/\">\u0160pediter Braintree<\/a><\/p>","protected":false},"excerpt":{"rendered":"<p>Below we look at the 4 &#8220;best&#8221; Freight Forwarding companies in Aberdeen out of 21. To learn more about how we chose the best please consult our FAQ section at the end. Please not the following listings are in no particular order and we are not making any recommendations for any particular company. Bollore Logistics [&hellip;]<\/p>\n","protected":false},"author":1,"featured_media":0,"parent":13427,"menu_order":0,"comment_status":"open","ping_status":"open","template":"","meta":{"_genesis_hide_title":false,"_genesis_hide_breadcrumbs":false,"_genesis_hide_singular_image":false,"_genesis_hide_footer_widgets":false,"_genesis_custom_body_class":"","_genesis_custom_post_class":"","_genesis_layout":"","footnotes":""},"class_list":{"0":"post-13931","1":"page","2":"type-page","3":"status-publish","5":"entry"},"_links":{"self":[{"href":"https:\/\/moverdb.com\/sl\/wp-json\/wp\/v2\/pages\/13931","targetHints":{"allow":["GET"]}}],"collection":[{"href":"https:\/\/moverdb.com\/sl\/wp-json\/wp\/v2\/pages"}],"about":[{"href":"https:\/\/moverdb.com\/sl\/wp-json\/wp\/v2\/types\/page"}],"author":[{"embeddable":true,"href":"https:\/\/moverdb.com\/sl\/wp-json\/wp\/v2\/users\/1"}],"replies":[{"embeddable":true,"href":"https:\/\/moverdb.com\/sl\/wp-json\/wp\/v2\/comments?post=13931"}],"version-history":[{"count":1,"href":"https:\/\/moverdb.com\/sl\/wp-json\/wp\/v2\/pages\/13931\/revisions"}],"predecessor-version":[{"id":15780,"href":"https:\/\/moverdb.com\/sl\/wp-json\/wp\/v2\/pages\/13931\/revisions\/15780"}],"up":[{"embeddable":true,"href":"https:\/\/moverdb.com\/sl\/wp-json\/wp\/v2\/pages\/13427"}],"wp:attachment":[{"href":"https:\/\/moverdb.com\/sl\/wp-json\/wp\/v2\/media?parent=13931"}],"curies":[{"name":"wp","href":"https:\/\/api.w.org\/{rel}","templated":true}]}}